{"id":6237,"date":"2025-12-20T18:34:37","date_gmt":"2025-12-20T15:34:37","guid":{"rendered":"https:\/\/wristbandfactory.eu\/?post_type=product&#038;p=6237"},"modified":"2026-04-01T21:52:03","modified_gmt":"2026-04-01T18:52:03","slug":"velvet-presentation-boxes-for-badges-jewelry-custom-printable","status":"publish","type":"product","link":"https:\/\/displayproducts.eu\/pt\/p\/velvet-presentation-boxes-for-badges-jewelry-custom-printable\/","title":{"rendered":"Caixas de veludo para pins e joias"},"content":{"rendered":"<p data-path-to-node=\"10\">Transforme um sem impress\u00e3o brinde promocional em uma lembran\u00e7a preciosa com o nosso <b data-path-to-node=\"10\" data-index-in-node=\"96\">Caixas de apresenta\u00e7\u00e3o em veludo<\/b>. Projetadas para varejistas, joalherias e organizadores de eventos corporativos, essas caixas oferecem a m\u00e1xima prote\u00e7\u00e3o e apresenta\u00e7\u00e3o para crach\u00e1s, pins de lapela e pequenos acess\u00f3rios.<\/p>\n<p data-path-to-node=\"11\">Ao contr\u00e1rio das embalagens comuns de pl\u00e1stico ou papel, a textura rica do veludo transmite luxo e prest\u00edgio imediatamente. Seja para entregar um pr\u00eamio por tempo de servi\u00e7o, vender abotoaduras de alta qualidade ou distribuir pins comemorativos, nossa variedade de tamanhos e cores garante a op\u00e7\u00e3o perfeita para o seu item espec\u00edfico.<\/p>\n<h2 data-path-to-node=\"12\">Principais caracter\u00edsticas<\/h2>\n<ul data-path-to-node=\"13\">\n<li>\n<p data-path-to-node=\"13,0,0\"><b data-path-to-node=\"13,0,0\" data-index-in-node=\"0\">Est\u00e9tica de luxo:<\/b> O exterior cl\u00e1ssico em veludo (dispon\u00edvel em vermelho, azul, verde, preto e bord\u00f4) substitui a embalagem descart\u00e1vel por um estojo reutiliz\u00e1vel e elegante.<\/p>\n<\/li>\n<li>\n<p data-path-to-node=\"13,1,0\"><b data-path-to-node=\"13,1,0\" data-index-in-node=\"0\">Prote\u00e7\u00e3o personalizada:<\/b> Cada tipo de caixa inclui um compartimento interno projetado para itens espec\u00edficos \u2014 de <b data-path-to-node=\"13,1,0\" data-index-in-node=\"87\">almofadas de perfura\u00e7\u00e3o<\/b> para brincos de pino e alfinetes para <b data-path-to-node=\"13,1,0\" data-index-in-node=\"131\">anz\u00f3is dourados<\/b> para pendurar medalhas.<\/p>\n<\/li>\n<li>\n<p data-path-to-node=\"13,2,0\"><b data-path-to-node=\"13,2,0\" data-index-in-node=\"0\">Pronto para varejo e eventos:<\/b> Ideal para exposi\u00e7\u00e3o de joias ou para entrega de pr\u00eamios formais em cerim\u00f4nias.<\/p>\n<\/li>\n<li>\n<p data-path-to-node=\"13,3,0\"><b data-path-to-node=\"13,3,0\" data-index-in-node=\"0\">Personaliza\u00e7\u00e3o:<\/b> Podemos aplicar impress\u00e3o personalizada na tampa de modelos selecionados, transformando a embalagem em uma ferramenta de marketing com a marca.<\/p>\n<\/li>\n<\/ul>\n<h2 data-path-to-node=\"14\">Especifica\u00e7\u00f5es<\/h2>\n<table data-path-to-node=\"15\">\n<thead>\n<tr>\n<td><strong>Tipo de modelo<\/strong><\/td>\n<td><strong>Dimens\u00f5es<\/strong><\/td>\n<td><strong>Cores dispon\u00edveis<\/strong><\/td>\n<td><strong>Forro interior<\/strong><\/td>\n<\/tr>\n<\/thead>\n<tbody>\n<tr>\n<td><span data-path-to-node=\"15,1,0,0\"><b data-path-to-node=\"15,1,0,0\" data-index-in-node=\"0\">Caixa de crach\u00e1 padr\u00e3o<\/b><\/span><\/td>\n<td><span data-path-to-node=\"15,1,1,0\">54 \u00d7 57 \u00d7 34 mm<\/span><\/td>\n<td><span data-path-to-node=\"15,1,2,0\">Vermelho, azul-marinho, verde, preto<\/span><\/td>\n<td><span data-path-to-node=\"15,1,3,0\">Almofada de veludo + gancho dourado<\/span><\/td>\n<\/tr>\n<tr>\n<td><span data-path-to-node=\"15,2,0,0\"><b data-path-to-node=\"15,2,0,0\" data-index-in-node=\"0\">Caixa para crach\u00e1 pequeno<\/b><\/span><\/td>\n<td><span data-path-to-node=\"15,2,1,0\">45 \u00d7 51 \u00d7 24 mm<\/span><\/td>\n<td><span data-path-to-node=\"15,2,2,0\">Vermelho, Azul Marinho<\/span><\/td>\n<td><span data-path-to-node=\"15,2,3,0\">Almofada de perfura\u00e7\u00e3o de papel\u00e3o<\/span><\/td>\n<\/tr>\n<tr>\n<td><span data-path-to-node=\"15,3,0,0\"><b data-path-to-node=\"15,3,0,0\" data-index-in-node=\"0\">Caixa de crach\u00e1 m\u00e9dia<\/b><\/span><\/td>\n<td><span data-path-to-node=\"15,3,1,0\">60 \u00d7 75 \u00d7 31 mm<\/span><\/td>\n<td><span data-path-to-node=\"15,3,2,0\">Vermelho, Verde, Azul-marinho, Bord\u00f4<\/span><\/td>\n<td><span data-path-to-node=\"15,3,3,0\">Almofada de veludo para piercing<\/span><\/td>\n<\/tr>\n<tr>\n<td><span data-path-to-node=\"15,4,0,0\"><b data-path-to-node=\"15,4,0,0\" data-index-in-node=\"0\">Caixa de joias redonda<\/b><\/span><\/td>\n<td><span data-path-to-node=\"15,4,1,0\">57 \u00d7 51 \u00d7 39 mm<\/span><\/td>\n<td><span data-path-to-node=\"15,4,2,0\">Vermelho, azul-marinho, verde, preto<\/span><\/td>\n<td><span data-path-to-node=\"15,4,3,0\">Almofada de veludo com fenda<\/span><\/td>\n<\/tr>\n<tr>\n<td><span data-path-to-node=\"15,5,0,0\"><b data-path-to-node=\"15,5,0,0\" data-index-in-node=\"0\">Caixa de prendedores de gravata<\/b><\/span><\/td>\n<td><span data-path-to-node=\"15,5,1,0\">89 \u00d7 41 \u00d7 29 mm<\/span><\/td>\n<td><span data-path-to-node=\"15,5,2,0\">Vermelho, Verde, Azul Marinho<\/span><\/td>\n<td><span data-path-to-node=\"15,5,3,0\">Almofada de veludo com fenda<\/span><\/td>\n<\/tr>\n<tr>\n<td><span data-path-to-node=\"15,6,0,0\"><b data-path-to-node=\"15,6,0,0\" data-index-in-node=\"0\">Caixa com tampa transparente<\/b><\/span><\/td>\n<td><span data-path-to-node=\"15,6,1,0\">74 \u00d7 50 \u00d7 38 mm<\/span><\/td>\n<td><span data-path-to-node=\"15,6,2,0\">Vermelho<\/span><\/td>\n<td><span data-path-to-node=\"15,6,3,0\">Almofada de veludo com fenda<\/span><\/td>\n<\/tr>\n<\/tbody>\n<\/table>\n<h2 data-path-to-node=\"16\">Casos de uso<\/h2>\n<ul data-path-to-node=\"17\">\n<li>\n<p data-path-to-node=\"17,0,0\"><b data-path-to-node=\"17,0,0\" data-index-in-node=\"0\">Pr\u00eamios Corporativos:<\/b> Padr\u00e3o para a entrega de distintivos ou medalhas de m\u00e9rito por &quot;Anos de Servi\u00e7o&quot; aos funcion\u00e1rios.<\/p>\n<\/li>\n<li>\n<p data-path-to-node=\"17,1,0\"><b data-path-to-node=\"17,1,0\" data-index-in-node=\"0\">Venda a varejo de joias:<\/b> Melhore a experi\u00eancia de desembalar an\u00e9is, brincos e prendedores de gravata.<\/p>\n<\/li>\n<li>\n<p data-path-to-node=\"17,2,0\"><b data-path-to-node=\"17,2,0\" data-index-in-node=\"0\">Militares e Governo:<\/b> Estojos formais para apresenta\u00e7\u00e3o de ins\u00edgnias e medalhas oficiais.<\/p>\n<\/li>\n<\/ul>","protected":false},"excerpt":{"rendered":"<ul>\n<li>\n<p data-path-to-node=\"9,0,0\"><b data-path-to-node=\"9,0,0\" data-index-in-node=\"0\">Acabamento aveludado premium:<\/b> Acabamento externo macio ao toque que valoriza a percep\u00e7\u00e3o de qualquer pr\u00eamio, broche ou joia.<\/p>\n<\/li>\n<li>\n<p data-path-to-node=\"9,1,0\"><b data-path-to-node=\"9,1,0\" data-index-in-node=\"0\">Inser\u00e7\u00f5es seguras:<\/b> Apresenta revestimentos especiais, incluindo almofadas perfurantes para alfinetes e ganchos dourados para medalhas.<\/p>\n<\/li>\n<li>\n<p data-path-to-node=\"9,2,0\"><b data-path-to-node=\"9,2,0\" data-index-in-node=\"0\">Gama vers\u00e1til:<\/b> Modelos espec\u00edficos dispon\u00edveis para pins de lapela, prendedores de gravata, abotoaduras e an\u00e9is.<\/p>\n<\/li>\n<li>\n<p data-path-to-node=\"9,3,0\"><b data-path-to-node=\"9,3,0\" data-index-in-node=\"0\">Identidade Visual Personalizada:<\/b> Alguns modelos oferecem a op\u00e7\u00e3o de imprimir seu logotipo diretamente na tampa, para uma identidade corporativa completa.<\/p>\n<\/li>\n<\/ul>","protected":false},"featured_media":6238,"comment_status":"closed","ping_status":"closed","template":"","meta":[],"product_brand":[],"product_cat":[79,121],"product_tag":[],"class_list":{"0":"post-6237","1":"product","2":"type-product","3":"status-publish","4":"has-post-thumbnail","6":"product_cat-awards","7":"product_cat-promotional-merchandise","9":"first","10":"instock","11":"shipping-taxable","12":"purchasable","13":"product-type-simple"},"_links":{"self":[{"href":"https:\/\/displayproducts.eu\/pt\/wp-json\/wp\/v2\/product\/6237","targetHints":{"allow":["GET"]}}],"collection":[{"href":"https:\/\/displayproducts.eu\/pt\/wp-json\/wp\/v2\/product"}],"about":[{"href":"https:\/\/displayproducts.eu\/pt\/wp-json\/wp\/v2\/types\/product"}],"replies":[{"embeddable":true,"href":"https:\/\/displayproducts.eu\/pt\/wp-json\/wp\/v2\/comments?post=6237"}],"wp:featuredmedia":[{"embeddable":true,"href":"https:\/\/displayproducts.eu\/pt\/wp-json\/wp\/v2\/media\/6238"}],"wp:attachment":[{"href":"https:\/\/displayproducts.eu\/pt\/wp-json\/wp\/v2\/media?parent=6237"}],"wp:term":[{"taxonomy":"product_brand","embeddable":true,"href":"https:\/\/displayproducts.eu\/pt\/wp-json\/wp\/v2\/product_brand?post=6237"},{"taxonomy":"product_cat","embeddable":true,"href":"https:\/\/displayproducts.eu\/pt\/wp-json\/wp\/v2\/product_cat?post=6237"},{"taxonomy":"product_tag","embeddable":true,"href":"https:\/\/displayproducts.eu\/pt\/wp-json\/wp\/v2\/product_tag?post=6237"}],"curies":[{"name":"wp","href":"https:\/\/api.w.org\/{rel}","templated":true}]}}