{"id":6234,"date":"2025-12-20T18:28:29","date_gmt":"2025-12-20T15:28:29","guid":{"rendered":"https:\/\/wristbandfactory.eu\/?post_type=product&#038;p=6234"},"modified":"2026-04-01T21:52:34","modified_gmt":"2026-04-01T18:52:34","slug":"custom-3d-printed-cookie-cutters-gingerbread-molds-logo-shape","status":"publish","type":"product","link":"https:\/\/displayproducts.eu\/pt\/p\/custom-3d-printed-cookie-cutters-gingerbread-molds-logo-shape\/","title":{"rendered":"Cortadores de biscoitos personalizados (Impress\u00e3o 3D)"},"content":{"rendered":"<p data-path-to-node=\"10\">Leve um toque da sua marca para a cozinha de cada cliente com o nosso <b data-path-to-node=\"10\" data-index-in-node=\"88\">Cortadores de biscoito personalizados impressos em 3D<\/b>. Seja para biscoitos de gengibre natalinos, biscoitos amanteigados ou biscoitos de a\u00e7\u00facar, esses moldes personalizados transformam uma sess\u00e3o de confeitaria em uma experi\u00eancia \u00fanica. Ao contr\u00e1rio dos cortadores de metal comuns, nossa tecnologia de impress\u00e3o 3D nos permite criar... <b data-path-to-node=\"10\" data-index-in-node=\"332\">qualquer forma imagin\u00e1vel<\/b>\u2014desde o logotipo exato da sua empresa at\u00e9 a silhueta espec\u00edfica de um produto.<\/p>\n<p data-path-to-node=\"11\">Produzidos com tecnologia de impress\u00e3o 3D de alta defini\u00e7\u00e3o, esses cortadores s\u00e3o robustos e precisos. Dedicamos aten\u00e7\u00e3o especial \u00e0 l\u00e2mina de corte, garantindo que ela seja afiada o suficiente para cortar a massa com perfei\u00e7\u00e3o, mantendo ao mesmo tempo uma pegada segura e confort\u00e1vel na borda superior. Dispon\u00edveis em cores festivas como vermelho, verde e azul para combinar com o esp\u00edrito natalino ou com a identidade visual da sua empresa.<\/p>\n<h2 data-path-to-node=\"12\">Principais caracter\u00edsticas<\/h2>\n<ul data-path-to-node=\"13\">\n<li>\n<p data-path-to-node=\"13,0,0\"><b data-path-to-node=\"13,0,0\" data-index-in-node=\"0\">Design fiel \u00e0 marca:<\/b> Aqui n\u00e3o existem &quot;formatos padr\u00e3o&quot;. Cada cortador \u00e9 modelado especificamente para voc\u00ea, para combinar com seu logotipo ou tema de campanha.<\/p>\n<\/li>\n<li>\n<p data-path-to-node=\"13,1,0\"><b data-path-to-node=\"13,1,0\" data-index-in-node=\"0\">Material de base biol\u00f3gica:<\/b> Feito de <b data-path-to-node=\"13,1,0\" data-index-in-node=\"30\">PLA seguro para contato com alimentos<\/b> (\u00c1cido polil\u00e1tico), um biopl\u00e1stico derivado do amido de milho ou da cana-de-a\u00e7\u00facar, tornando-se uma escolha ambientalmente respons\u00e1vel.<\/p>\n<\/li>\n<li>\n<p data-path-to-node=\"13,2,0\"><b data-path-to-node=\"13,2,0\" data-index-in-node=\"0\">Geometria otimizada:<\/b> Possui borda refor\u00e7ada para maior durabilidade e l\u00e2mina de corte afunilada para facilitar a remo\u00e7\u00e3o da massa.<\/p>\n<\/li>\n<li>\n<p data-path-to-node=\"13,3,0\"><b data-path-to-node=\"13,3,0\" data-index-in-node=\"0\">Cores vibrantes:<\/b> Dispon\u00edvel em diversas cores para tornar a ferramenta visualmente atraente como presente.<\/p>\n<\/li>\n<\/ul>\n<h2 data-path-to-node=\"14\">Especifica\u00e7\u00f5es<\/h2>\n<ul data-path-to-node=\"15\">\n<li>\n<p data-path-to-node=\"15,0,0\"><b data-path-to-node=\"15,0,0\" data-index-in-node=\"0\">Material:<\/b> Pl\u00e1stico PLA seguro para contato com alimentos (biodegrad\u00e1vel).<\/p>\n<\/li>\n<li>\n<p data-path-to-node=\"15,1,0\"><b data-path-to-node=\"15,1,0\" data-index-in-node=\"0\">M\u00e9todo de produ\u00e7\u00e3o:<\/b> Impress\u00e3o 3D FDM de alta resolu\u00e7\u00e3o (70\u2013200 m\u00edcrons).<\/p>\n<\/li>\n<li>\n<p data-path-to-node=\"15,2,0\"><b data-path-to-node=\"15,2,0\" data-index-in-node=\"0\">Profundidade padr\u00e3o:<\/b> 1,27 cm (0,5 polegadas) \u2013 Ideal para massa laminada padr\u00e3o. <i data-path-to-node=\"15,2,0\" data-index-in-node=\"72\">Profundidades personalizadas dispon\u00edveis.<\/i><\/p>\n<\/li>\n<li>\n<p data-path-to-node=\"15,3,0\"><b data-path-to-node=\"15,3,0\" data-index-in-node=\"0\">Tamanho:<\/b> Personalizado (Dimensionado de acordo com o design). <i data-path-to-node=\"15,3,0\" data-index-in-node=\"33\">As fotos de refer\u00eancia utilizam uma grade de 2,54 cm.<\/i><\/p>\n<\/li>\n<li>\n<p data-path-to-node=\"15,4,0\"><b data-path-to-node=\"15,4,0\" data-index-in-node=\"0\">Instru\u00e7\u00f5es de cuidado:<\/b> <b data-path-to-node=\"15,4,0\" data-index-in-node=\"19\">S\u00f3 lavar as m\u00e3os<\/b> Com \u00e1gua morna. N\u00e3o pode ser lavado na m\u00e1quina de lavar lou\u00e7a (o calor intenso pode deformar o PLA). Evite exposi\u00e7\u00e3o prolongada \u00e0 luz solar direta.<\/p>\n<\/li>\n<\/ul>\n<h2 data-path-to-node=\"16\">Casos de uso<\/h2>\n<ul data-path-to-node=\"17\">\n<li>\n<p data-path-to-node=\"17,0,0\"><b data-path-to-node=\"17,0,0\" data-index-in-node=\"0\">Presentes de Natal corporativos:<\/b> Inclua um cortador de biscoitos personalizado nas cestas de presentes de fim de ano para parceiros e funcion\u00e1rios.<\/p>\n<\/li>\n<li>\n<p data-path-to-node=\"17,1,0\"><b data-path-to-node=\"17,1,0\" data-index-in-node=\"0\">Servi\u00e7o de catering para eventos:<\/b> Sirva biscoitos com o formato do seu novo produto em festas de lan\u00e7amento ou feiras comerciais.<\/p>\n<\/li>\n<li>\n<p data-path-to-node=\"17,2,0\"><b data-path-to-node=\"17,2,0\" data-index-in-node=\"0\">Merchandising:<\/b> Um item exclusivo e de baixo custo para escolas de culin\u00e1ria, padarias ou marcas voltadas para a fam\u00edlia venderem ou distribu\u00edrem gratuitamente.<\/p>\n<\/li>\n<\/ul>","protected":false},"excerpt":{"rendered":"<ul>\n<li>\n<p data-path-to-node=\"9,0,0\"><b data-path-to-node=\"9,0,0\" data-index-in-node=\"0\">Modelagem de Formas Personalizadas:<\/b> Transformamos seu logotipo ou mascote 2D em um cortador de biscoitos 3D totalmente funcional.<\/p>\n<\/li>\n<li>\n<p data-path-to-node=\"9,1,0\"><b data-path-to-node=\"9,1,0\" data-index-in-node=\"0\">Seguro para alimentos e ecol\u00f3gico:<\/b> Fabricado com pl\u00e1stico PLA, um material biodegrad\u00e1vel derivado de recursos renov\u00e1veis.<\/p>\n<\/li>\n<li>\n<p data-path-to-node=\"9,2,0\"><b data-path-to-node=\"9,2,0\" data-index-in-node=\"0\">Corte de precis\u00e3o:<\/b> A impress\u00e3o 3D de alta resolu\u00e7\u00e3o (70\u2013200 m\u00edcrons) cria bordas n\u00edtidas para cortes precisos, mesmo em designs complexos.<\/p>\n<\/li>\n<li>\n<p data-path-to-node=\"9,3,0\"><b data-path-to-node=\"9,3,0\" data-index-in-node=\"0\">Identidade visual sazonal:<\/b> O presente corporativo interativo definitivo que leva sua marca para a mesa de jantar de fim de ano.<\/p>\n<\/li>\n<\/ul>","protected":false},"featured_media":6235,"comment_status":"closed","ping_status":"closed","template":"","meta":[],"product_brand":[],"product_cat":[122],"product_tag":[],"class_list":{"0":"post-6234","1":"product","2":"type-product","3":"status-publish","4":"has-post-thumbnail","6":"product_cat-promotional-accessories","8":"first","9":"instock","10":"shipping-taxable","11":"purchasable","12":"product-type-simple"},"_links":{"self":[{"href":"https:\/\/displayproducts.eu\/pt\/wp-json\/wp\/v2\/product\/6234","targetHints":{"allow":["GET"]}}],"collection":[{"href":"https:\/\/displayproducts.eu\/pt\/wp-json\/wp\/v2\/product"}],"about":[{"href":"https:\/\/displayproducts.eu\/pt\/wp-json\/wp\/v2\/types\/product"}],"replies":[{"embeddable":true,"href":"https:\/\/displayproducts.eu\/pt\/wp-json\/wp\/v2\/comments?post=6234"}],"wp:featuredmedia":[{"embeddable":true,"href":"https:\/\/displayproducts.eu\/pt\/wp-json\/wp\/v2\/media\/6235"}],"wp:attachment":[{"href":"https:\/\/displayproducts.eu\/pt\/wp-json\/wp\/v2\/media?parent=6234"}],"wp:term":[{"taxonomy":"product_brand","embeddable":true,"href":"https:\/\/displayproducts.eu\/pt\/wp-json\/wp\/v2\/product_brand?post=6234"},{"taxonomy":"product_cat","embeddable":true,"href":"https:\/\/displayproducts.eu\/pt\/wp-json\/wp\/v2\/product_cat?post=6234"},{"taxonomy":"product_tag","embeddable":true,"href":"https:\/\/displayproducts.eu\/pt\/wp-json\/wp\/v2\/product_tag?post=6234"}],"curies":[{"name":"wp","href":"https:\/\/api.w.org\/{rel}","templated":true}]}}