{"id":6232,"date":"2025-12-20T18:21:12","date_gmt":"2025-12-20T15:21:12","guid":{"rendered":"https:\/\/wristbandfactory.eu\/?post_type=product&#038;p=6232"},"modified":"2026-04-01T21:52:03","modified_gmt":"2026-04-01T18:52:03","slug":"custom-printed-beer-coasters-drink-mats-absorbent-pulpboard","status":"publish","type":"product","link":"https:\/\/displayproducts.eu\/pt\/p\/custom-printed-beer-coasters-drink-mats-absorbent-pulpboard\/","title":{"rendered":"Bolachas de chopp personalizadas"},"content":{"rendered":"<p data-path-to-node=\"10\">Transforme cada mesa em um outdoor com o nosso <b data-path-to-node=\"10\" data-index-in-node=\"68\">Porta-copos de cerveja personalizados<\/b>. Mais do que uma ferramenta pr\u00e1tica para proteger m\u00f3veis de derramamentos e condensa\u00e7\u00e3o, esses porta-copos s\u00e3o uma poderosa ferramenta de marketing de alta frequ\u00eancia. Seja voc\u00ea dono de uma cervejaria, um bar ou esteja organizando um grande evento corporativo, os porta-copos personalizados colocam sua marca literalmente nas m\u00e3os do seu p\u00fablico.<\/p>\n<p data-path-to-node=\"11\">N\u00f3s encorajamos voc\u00ea a <b data-path-to-node=\"11\" data-index-in-node=\"20\">Use sua imagina\u00e7\u00e3o.<\/b>. Como esses porta-copos s\u00e3o impressos em cores vibrantes, voc\u00ea n\u00e3o est\u00e1 limitado a um sem impress\u00e3o logotipo. Use a impress\u00e3o frente e verso para promover concursos, compartilhar receitas de coquet\u00e9is ou exibir c\u00f3digos QR que estimulam o engajamento digital.<\/p>\n<h2 data-path-to-node=\"12\">Principais caracter\u00edsticas<\/h2>\n<ul data-path-to-node=\"13\">\n<li>\n<p data-path-to-node=\"13,0,0\"><b data-path-to-node=\"13,0,0\" data-index-in-node=\"0\">Absor\u00e7\u00e3o superior:<\/b> Fabricado com papel\u00e3o especial para porta-copos (papel\u00e3o para celulose) projetado para reter a umidade sem se desintegrar, mantendo as superf\u00edcies secas.<\/p>\n<\/li>\n<li>\n<p data-path-to-node=\"13,1,0\"><b data-path-to-node=\"13,1,0\" data-index-in-node=\"0\">Identidade visual em ambos os lados:<\/b> Maximize sua mensagem imprimindo designs diferentes na frente e no verso \u2014 ideal para promo\u00e7\u00f5es cruzadas ou mensagens &quot;surpresa&quot;.<\/p>\n<\/li>\n<li>\n<p data-path-to-node=\"13,2,0\"><b data-path-to-node=\"13,2,0\" data-index-in-node=\"0\">Variedade de formatos:<\/b> Dispon\u00edvel na vers\u00e3o cl\u00e1ssica. <b data-path-to-node=\"13,2,0\" data-index-in-node=\"36\">Redondo<\/b> ou <b data-path-to-node=\"13,2,0\" data-index-in-node=\"45\">Quadrado<\/b> Formatos com cantos arredondados para combinar com sua est\u00e9tica.<\/p>\n<\/li>\n<li>\n<p data-path-to-node=\"13,3,0\"><b data-path-to-node=\"13,3,0\" data-index-in-node=\"0\">Impress\u00e3o com qualidade fotogr\u00e1fica:<\/b> Nosso processo de impress\u00e3o offset garante cores vibrantes e detalhes n\u00edtidos, fazendo com que seu design se destaque.<\/p>\n<\/li>\n<\/ul>\n<h2 data-path-to-node=\"14\">Especifica\u00e7\u00f5es<\/h2>\n<ul data-path-to-node=\"15\">\n<li>\n<p data-path-to-node=\"15,0,0\"><b data-path-to-node=\"15,0,0\" data-index-in-node=\"0\">Material:<\/b> Papel\u00e3o de celulose absorvente de alta densidade (papel\u00e3o para porta-copos).<\/p>\n<\/li>\n<li>\n<p data-path-to-node=\"15,1,0\"><b data-path-to-node=\"15,1,0\" data-index-in-node=\"0\">Formas padr\u00e3o:<\/b><\/p>\n<ul data-path-to-node=\"15,1,1\">\n<li>\n<p data-path-to-node=\"15,1,1,0,0\">Redondo (\u00d8 107 mm ou \u00d8 93 mm).<\/p>\n<\/li>\n<li>\n<p data-path-to-node=\"15,1,1,1,0\">Quadrado (93 \u00d7 93 mm ou 107 \u00d7 107 mm) com cantos arredondados.<\/p>\n<\/li>\n<\/ul>\n<\/li>\n<li>\n<p data-path-to-node=\"15,2,0\"><b data-path-to-node=\"15,2,0\" data-index-in-node=\"0\">Op\u00e7\u00f5es de espessura:<\/b> Padr\u00e3o 1,2 mm, Premium 1,6 mm ou Refor\u00e7ado 2,0 mm.<\/p>\n<\/li>\n<li>\n<p data-path-to-node=\"15,3,0\"><b data-path-to-node=\"15,3,0\" data-index-in-node=\"0\">Impress\u00e3o:<\/b> Impress\u00e3o offset em cores (CMYK) em ambos os lados.<\/p>\n<\/li>\n<\/ul>\n<h2 data-path-to-node=\"16\">Casos de uso<\/h2>\n<ul data-path-to-node=\"17\">\n<li>\n<p data-path-to-node=\"17,0,0\"><b data-path-to-node=\"17,0,0\" data-index-in-node=\"0\">Cervejarias e bares:<\/b> Essencial para servir chope e, ao mesmo tempo, refor\u00e7ar a identidade da marca.<\/p>\n<\/li>\n<li>\n<p data-path-to-node=\"17,1,0\"><b data-path-to-node=\"17,1,0\" data-index-in-node=\"0\">Casamentos e festas:<\/b> Os porta-copos personalizados d\u00e3o um toque \u00fanico \u00e0 decora\u00e7\u00e3o da mesa e servem como lembran\u00e7as.<\/p>\n<\/li>\n<li>\n<p data-path-to-node=\"17,2,0\"><b data-path-to-node=\"17,2,0\" data-index-in-node=\"0\">Marketing de guerrilha:<\/b> Distribua-os em locais parceiros para promover o lan\u00e7amento de um aplicativo, festival ou servi\u00e7o de t\u00e1xi.<\/p>\n<\/li>\n<\/ul>","protected":false},"excerpt":{"rendered":"<ul>\n<li>\n<p data-path-to-node=\"9,0,0\"><b data-path-to-node=\"9,0,0\" data-index-in-node=\"0\">Altamente absorvente:<\/b> Fabricado com papel\u00e3o de alta qualidade que absorve eficazmente a condensa\u00e7\u00e3o, protegendo mesas e m\u00f3veis.<\/p>\n<\/li>\n<li>\n<p data-path-to-node=\"9,1,0\"><b data-path-to-node=\"9,1,0\" data-index-in-node=\"0\">Exposi\u00e7\u00e3o m\u00e1xima:<\/b> Posicionada diretamente em frente ao cliente, garantindo que sua marca seja vista a cada gole.<\/p>\n<\/li>\n<li>\n<p data-path-to-node=\"9,2,0\"><b data-path-to-node=\"9,2,0\" data-index-in-node=\"0\">Marketing criativo:<\/b> Ideal para c\u00f3digos QR, jogos de perguntas e respostas ou s\u00e9ries colecion\u00e1veis, permitindo uma intera\u00e7\u00e3o envolvente com os clientes.<\/p>\n<\/li>\n<li>\n<p data-path-to-node=\"9,3,0\"><b data-path-to-node=\"9,3,0\" data-index-in-node=\"0\">Custo-benef\u00edcio:<\/b> Uma ferramenta promocional acess\u00edvel e de alto volume que proporciona um elevado retorno do investimento.<\/p>\n<\/li>\n<\/ul>","protected":false},"featured_media":6233,"comment_status":"closed","ping_status":"closed","template":"","meta":[],"product_brand":[],"product_cat":[119],"product_tag":[],"class_list":{"0":"post-6232","1":"product","2":"type-product","3":"status-publish","4":"has-post-thumbnail","6":"product_cat-drinkware-accessories","8":"first","9":"instock","10":"shipping-taxable","11":"purchasable","12":"product-type-simple"},"_links":{"self":[{"href":"https:\/\/displayproducts.eu\/pt\/wp-json\/wp\/v2\/product\/6232","targetHints":{"allow":["GET"]}}],"collection":[{"href":"https:\/\/displayproducts.eu\/pt\/wp-json\/wp\/v2\/product"}],"about":[{"href":"https:\/\/displayproducts.eu\/pt\/wp-json\/wp\/v2\/types\/product"}],"replies":[{"embeddable":true,"href":"https:\/\/displayproducts.eu\/pt\/wp-json\/wp\/v2\/comments?post=6232"}],"wp:featuredmedia":[{"embeddable":true,"href":"https:\/\/displayproducts.eu\/pt\/wp-json\/wp\/v2\/media\/6233"}],"wp:attachment":[{"href":"https:\/\/displayproducts.eu\/pt\/wp-json\/wp\/v2\/media?parent=6232"}],"wp:term":[{"taxonomy":"product_brand","embeddable":true,"href":"https:\/\/displayproducts.eu\/pt\/wp-json\/wp\/v2\/product_brand?post=6232"},{"taxonomy":"product_cat","embeddable":true,"href":"https:\/\/displayproducts.eu\/pt\/wp-json\/wp\/v2\/product_cat?post=6232"},{"taxonomy":"product_tag","embeddable":true,"href":"https:\/\/displayproducts.eu\/pt\/wp-json\/wp\/v2\/product_tag?post=6232"}],"curies":[{"name":"wp","href":"https:\/\/api.w.org\/{rel}","templated":true}]}}