{"id":6230,"date":"2025-12-20T18:14:23","date_gmt":"2025-12-20T15:14:23","guid":{"rendered":"https:\/\/wristbandfactory.eu\/?post_type=product&#038;p=6230"},"modified":"2026-04-01T21:52:34","modified_gmt":"2026-04-01T18:52:34","slug":"custom-printed-door-hangers-do-not-disturb-signs-pvc-pp-cardboard","status":"publish","type":"product","link":"https:\/\/displayproducts.eu\/pt\/p\/custom-printed-door-hangers-do-not-disturb-signs-pvc-pp-cardboard\/","title":{"rendered":"Avisos de porta personalizados"},"content":{"rendered":"<p data-path-to-node=\"10\">Simplifique a comunica\u00e7\u00e3o e fortale\u00e7a a sua marca com o nosso <b data-path-to-node=\"10\" data-index-in-node=\"80\">Placas de porta personalizadas impressas<\/b>. Seja para placas funcionais de &quot;N\u00e3o Perturbe&quot; para uma rede hoteleira ou ferramentas de marketing impactantes para uma campanha de publicidade de guerrilha, nossos folhetos para portas s\u00e3o projetados para transmitir sua mensagem de forma clara e profissional.<\/p>\n<p data-path-to-node=\"11\">Oferecemos uma gama de materiais para atender \u00e0s suas necessidades espec\u00edficas de durabilidade. <b data-path-to-node=\"11\" data-index-in-node=\"74\">PVC e polipropileno (PP)<\/b> As op\u00e7\u00f5es s\u00e3o resistentes a rasgos e \u00e0 prova d&#039;\u00e1gua, tornando-as ideais para uso di\u00e1rio e repetido em ambientes de hotelaria. Para promo\u00e7\u00f5es de curto prazo ou campanhas de mala direta, nossas op\u00e7\u00f5es de alta qualidade s\u00e3o a solu\u00e7\u00e3o ideal. <b data-path-to-node=\"11\" data-index-in-node=\"283\">Cart\u00e3o<\/b> As op\u00e7\u00f5es oferecem um visual sofisticado a um pre\u00e7o acess\u00edvel.<\/p>\n<h2 data-path-to-node=\"12\">Principais caracter\u00edsticas<\/h2>\n<ul data-path-to-node=\"13\">\n<li>\n<p data-path-to-node=\"13,0,0\"><b data-path-to-node=\"13,0,0\" data-index-in-node=\"0\">Flexibilidade do material:<\/b><\/p>\n<ul data-path-to-node=\"13,0,1\">\n<li>\n<p data-path-to-node=\"13,0,1,0,0\"><b data-path-to-node=\"13,0,1,0,0\" data-index-in-node=\"0\">PVC\/PP:<\/b> Imperme\u00e1vel, resistente e f\u00e1cil de limpar. Perfeito para uso prolongado em ambientes internos e externos.<\/p>\n<\/li>\n<li>\n<p data-path-to-node=\"13,0,1,1,0\"><b data-path-to-node=\"13,0,1,1,0\" data-index-in-node=\"0\">Cart\u00e3o:<\/b> Sustent\u00e1vel e leve. Ideal para eventos pontuais ou distribui\u00e7\u00e3o em massa.<\/p>\n<\/li>\n<\/ul>\n<\/li>\n<li>\n<p data-path-to-node=\"13,1,0\"><b data-path-to-node=\"13,1,0\" data-index-in-node=\"0\">Excel\u00eancia visual:<\/b> Usamos alta defini\u00e7\u00e3o <b data-path-to-node=\"13,1,0\" data-index-in-node=\"42\">Desvio<\/b> ou <b data-path-to-node=\"13,1,0\" data-index-in-node=\"52\">Serigrafia<\/b> Para garantir que seu logotipo e texto sejam n\u00edtidos, coloridos e resistentes ao desbotamento.<\/p>\n<\/li>\n<li>\n<p data-path-to-node=\"13,2,0\"><b data-path-to-node=\"13,2,0\" data-index-in-node=\"0\">Formas personalizadas:<\/b> Embora ofere\u00e7amos formatos retangulares padr\u00e3o com gancho, tamb\u00e9m podemos cortar os cabides em formatos personalizados para combinar com a sua marca.<\/p>\n<\/li>\n<li>\n<p data-path-to-node=\"13,3,0\"><b data-path-to-node=\"13,3,0\" data-index-in-node=\"0\">Mensagens duplas:<\/b> Utilize ambos os lados da etiqueta para transmitir mais informa\u00e7\u00f5es ou oferecer dupla funcionalidade.<\/p>\n<\/li>\n<\/ul>\n<h2 data-path-to-node=\"14\">Especifica\u00e7\u00f5es<\/h2>\n<ul data-path-to-node=\"15\">\n<li>\n<p data-path-to-node=\"15,0,0\"><b data-path-to-node=\"15,0,0\" data-index-in-node=\"0\">Materiais:<\/b> PVC r\u00edgido, PP flex\u00edvel (polipropileno) ou cart\u00e3o revestido.<\/p>\n<\/li>\n<li>\n<p data-path-to-node=\"15,1,0\"><b data-path-to-node=\"15,1,0\" data-index-in-node=\"0\">T\u00e9cnica de impress\u00e3o:<\/b> Impress\u00e3o offset em cores (CMYK) ou serigrafia (cores especiais).<\/p>\n<\/li>\n<li>\n<p data-path-to-node=\"15,2,0\"><b data-path-to-node=\"15,2,0\" data-index-in-node=\"0\">Cobertura impressa:<\/b> De um lado ou de dois lados.<\/p>\n<\/li>\n<li>\n<p data-path-to-node=\"15,3,0\"><b data-path-to-node=\"15,3,0\" data-index-in-node=\"0\">Grossura:<\/b> Personaliz\u00e1vel de acordo com a escolha do material (ex.: cart\u00e3o de 300g, PVC de 500 m\u00edcrons).<\/p>\n<\/li>\n<li>\n<p data-path-to-node=\"15,4,0\"><b data-path-to-node=\"15,4,0\" data-index-in-node=\"0\">Anexo:<\/b> Gancho padr\u00e3o recortado para ma\u00e7anetas de portas.<\/p>\n<\/li>\n<\/ul>\n<h2 data-path-to-node=\"16\">Casos de uso<\/h2>\n<ul data-path-to-node=\"17\">\n<li>\n<p data-path-to-node=\"17,0,0\"><b data-path-to-node=\"17,0,0\" data-index-in-node=\"0\">Ind\u00fastria da hotelaria:<\/b> Essencial para hot\u00e9is, resorts e navios de cruzeiro (\u201cN\u00e3o perturbe\u201d, \u201cCard\u00e1pio de caf\u00e9 da manh\u00e3\u201d, \u201cServi\u00e7o de quarto\u201d).<\/p>\n<\/li>\n<li>\n<p data-path-to-node=\"17,1,0\"><b data-path-to-node=\"17,1,0\" data-index-in-node=\"0\">Escrit\u00f3rios corporativos:<\/b> \u00datil para salas de reuni\u00e3o (\u201cReuni\u00e3o em Andamento\u201d) ou para agendar a limpeza.<\/p>\n<\/li>\n<li>\n<p data-path-to-node=\"17,2,0\"><b data-path-to-node=\"17,2,0\" data-index-in-node=\"0\">Im\u00f3veis e Marketing:<\/b> \u201cAvisos de \u201dVendido\u201c ou \u201dCasa Aberta\u201d deixados nas ma\u00e7anetas das portas da vizinhan\u00e7a.<\/p>\n<\/li>\n<\/ul>\n<p data-path-to-node=\"18\">","protected":false},"excerpt":{"rendered":"<ul>\n<li>\n<p data-path-to-node=\"9,0,0\"><b data-path-to-node=\"9,0,0\" data-index-in-node=\"0\">Escolha vers\u00e1til de materiais:<\/b> Escolha PVC ou polipropileno (PP) resistentes para reutiliza\u00e7\u00e3o a longo prazo em hot\u00e9is, ou papel\u00e3o econ\u00f4mico para campanhas de marketing.<\/p>\n<\/li>\n<li>\n<p data-path-to-node=\"9,1,0\"><b data-path-to-node=\"9,1,0\" data-index-in-node=\"0\">Impress\u00e3o de Alto Impacto:<\/b> Dispon\u00edvel com impress\u00e3o offset ou serigrafia em cores vibrantes para garantir que sua mensagem seja vis\u00edvel \u00e0 dist\u00e2ncia.<\/p>\n<\/li>\n<li>\n<p data-path-to-node=\"9,2,0\"><b data-path-to-node=\"9,2,0\" data-index-in-node=\"0\">Comunica\u00e7\u00e3o bilateral:<\/b> Maximize a utilidade imprimindo mensagens diferentes em cada lado (por exemplo, \u201cN\u00e3o perturbe\u201d \/ \u201cPor favor, limpe o quarto\u201d).<\/p>\n<\/li>\n<li>\n<p data-path-to-node=\"9,3,0\"><b data-path-to-node=\"9,3,0\" data-index-in-node=\"0\">Ajuste universal:<\/b> Projetado para se adaptar a ma\u00e7anetas de portas padr\u00e3o em hot\u00e9is, centros de confer\u00eancias e escrit\u00f3rios corporativos.<\/p>\n<\/li>\n<\/ul>","protected":false},"featured_media":6280,"comment_status":"closed","ping_status":"closed","template":"","meta":[],"product_brand":[],"product_cat":[132],"product_tag":[],"class_list":{"0":"post-6230","1":"product","2":"type-product","3":"status-publish","4":"has-post-thumbnail","6":"product_cat-hotel-spa-amenities","8":"first","9":"instock","10":"shipping-taxable","11":"product-type-simple"},"_links":{"self":[{"href":"https:\/\/displayproducts.eu\/pt\/wp-json\/wp\/v2\/product\/6230","targetHints":{"allow":["GET"]}}],"collection":[{"href":"https:\/\/displayproducts.eu\/pt\/wp-json\/wp\/v2\/product"}],"about":[{"href":"https:\/\/displayproducts.eu\/pt\/wp-json\/wp\/v2\/types\/product"}],"replies":[{"embeddable":true,"href":"https:\/\/displayproducts.eu\/pt\/wp-json\/wp\/v2\/comments?post=6230"}],"wp:featuredmedia":[{"embeddable":true,"href":"https:\/\/displayproducts.eu\/pt\/wp-json\/wp\/v2\/media\/6280"}],"wp:attachment":[{"href":"https:\/\/displayproducts.eu\/pt\/wp-json\/wp\/v2\/media?parent=6230"}],"wp:term":[{"taxonomy":"product_brand","embeddable":true,"href":"https:\/\/displayproducts.eu\/pt\/wp-json\/wp\/v2\/product_brand?post=6230"},{"taxonomy":"product_cat","embeddable":true,"href":"https:\/\/displayproducts.eu\/pt\/wp-json\/wp\/v2\/product_cat?post=6230"},{"taxonomy":"product_tag","embeddable":true,"href":"https:\/\/displayproducts.eu\/pt\/wp-json\/wp\/v2\/product_tag?post=6230"}],"curies":[{"name":"wp","href":"https:\/\/api.w.org\/{rel}","templated":true}]}}