{"id":6228,"date":"2025-12-20T18:09:00","date_gmt":"2025-12-20T15:09:00","guid":{"rendered":"https:\/\/wristbandfactory.eu\/?post_type=product&#038;p=6228"},"modified":"2026-04-01T21:52:34","modified_gmt":"2026-04-01T18:52:34","slug":"custom-printed-rulers-3d-lenticular-rulers-pvc-pp-pet","status":"publish","type":"product","link":"https:\/\/displayproducts.eu\/pt\/p\/custom-printed-rulers-3d-lenticular-rulers-pvc-pp-pet\/","title":{"rendered":"R\u00e9guas personalizadas com logo"},"content":{"rendered":"<p data-path-to-node=\"10\">Garanta um lugar permanente na mesa do seu cliente com o nosso <b data-path-to-node=\"10\" data-index-in-node=\"80\">R\u00e9guas personalizadas impressas<\/b>. Ao contr\u00e1rio dos folhetos descart\u00e1veis, uma r\u00e9gua personalizada \u00e9 uma ferramenta pr\u00e1tica que oferece valor a longo prazo e visibilidade di\u00e1ria em escrit\u00f3rios, escolas e ambientes industriais.<\/p>\n<p data-path-to-node=\"11\">Oferecemos uma ampla gama de materiais para atender aos objetivos da sua campanha. Escolha o nosso <b data-path-to-node=\"11\" data-index-in-node=\"75\">PVC padr\u00e3o<\/b> Para um visual cl\u00e1ssico, <b data-path-to-node=\"11\" data-index-in-node=\"108\">Polipropileno ecol\u00f3gico (PP)<\/b> para uma marca sustent\u00e1vel, ou para a nossa vanguarda <b data-path-to-node=\"11\" data-index-in-node=\"186\">R\u00e9guas lenticulares 3D<\/b> Para um impacto m\u00e1ximo. A tecnologia lenticular cria efeitos visuais envolventes, como anima\u00e7\u00e3o, profundidade ou invers\u00e3o de imagens, tornando-a ideal para campanhas nas ind\u00fastrias farmac\u00eautica e aliment\u00edcia.<\/p>\n<h2 data-path-to-node=\"12\">Principais caracter\u00edsticas<\/h2>\n<ul data-path-to-node=\"13\">\n<li>\n<p data-path-to-node=\"13,0,0\"><b data-path-to-node=\"13,0,0\" data-index-in-node=\"0\">Identidade visual em alta defini\u00e7\u00e3o:<\/b> Quer voc\u00ea opte pela impress\u00e3o digital para imagens complexas ou pela serigrafia para cores s\u00f3lidas, garantimos resultados n\u00edtidos e vibrantes.<\/p>\n<\/li>\n<li>\n<p data-path-to-node=\"13,1,0\"><b data-path-to-node=\"13,1,0\" data-index-in-node=\"0\">Dimens\u00f5es personalizadas:<\/b> N\u00e3o oferecemos apenas tamanhos padr\u00e3o; podemos produzir r\u00e9guas que variam de vers\u00f5es compactas de 15 cm at\u00e9 formatos grandes de 68 cm.<\/p>\n<\/li>\n<li>\n<p data-path-to-node=\"13,2,0\"><b data-path-to-node=\"13,2,0\" data-index-in-node=\"0\">Op\u00e7\u00f5es ecol\u00f3gicas:<\/b> Para campanhas ecol\u00f3gicas, oferecemos materiais de polipropileno (PP) biodegrad\u00e1veis e recicl\u00e1veis.<\/p>\n<\/li>\n<li>\n<p data-path-to-node=\"13,3,0\"><b data-path-to-node=\"13,3,0\" data-index-in-node=\"0\">Efeitos 3D avan\u00e7ados:<\/b> A impress\u00e3o lenticular permite efeitos como &quot;Flip&quot; (mudan\u00e7a de imagens), &quot;Movimento&quot; (movimento semelhante a um v\u00eddeo) ou &quot;Profundidade 3D&quot;, transformando uma sem impress\u00e3o r\u00e9gua em uma experi\u00eancia interativa.<\/p>\n<\/li>\n<\/ul>\n<h2 data-path-to-node=\"14\">Especifica\u00e7\u00f5es<\/h2>\n<table data-path-to-node=\"15\">\n<thead>\n<tr>\n<td><strong>Recurso<\/strong><\/td>\n<td><strong>R\u00e9guas de PVC<\/strong><\/td>\n<td><strong>R\u00e9guas de PP (Polipropileno)<\/strong><\/td>\n<td><strong>R\u00e9guas lenticulares 3D<\/strong><\/td>\n<\/tr>\n<\/thead>\n<tbody>\n<tr>\n<td><span data-path-to-node=\"15,1,0,0\"><b data-path-to-node=\"15,1,0,0\" data-index-in-node=\"0\">Material<\/b><\/span><\/td>\n<td><span data-path-to-node=\"15,1,1,0\">PVC branco semirr\u00edgido<\/span><\/td>\n<td><span data-path-to-node=\"15,1,2,0\">PP flex\u00edvel e ecol\u00f3gico<\/span><\/td>\n<td><span data-path-to-node=\"15,1,3,0\">PET lenticular<\/span><\/td>\n<\/tr>\n<tr>\n<td><span data-path-to-node=\"15,2,0,0\"><b data-path-to-node=\"15,2,0,0\" data-index-in-node=\"0\">Grossura<\/b><\/span><\/td>\n<td><span data-path-to-node=\"15,2,1,0\">300, 500 ou 700 m\u00edcrons<\/span><\/td>\n<td><span data-path-to-node=\"15,2,2,0\">500 ou 800 m\u00edcrons<\/span><\/td>\n<td><span data-path-to-node=\"15,2,3,0\">500 m\u00edcrons<\/span><\/td>\n<\/tr>\n<tr>\n<td><span data-path-to-node=\"15,3,0,0\"><b data-path-to-node=\"15,3,0,0\" data-index-in-node=\"0\">M\u00e9todo de impress\u00e3o<\/b><\/span><\/td>\n<td><span data-path-to-node=\"15,3,1,0\">Impress\u00e3o digital ou serigr\u00e1fica<\/span><\/td>\n<td><span data-path-to-node=\"15,3,2,0\">Impress\u00e3o digital ou serigr\u00e1fica<\/span><\/td>\n<td><span data-path-to-node=\"15,3,3,0\">Deslocamento\/Tela (efeitos 3D)<\/span><\/td>\n<\/tr>\n<tr>\n<td><span data-path-to-node=\"15,4,0,0\"><b data-path-to-node=\"15,4,0,0\" data-index-in-node=\"0\">Lados<\/b><\/span><\/td>\n<td><span data-path-to-node=\"15,4,1,0\">1 ou 2 lados<\/span><\/td>\n<td><span data-path-to-node=\"15,4,2,0\">1 ou 2 lados<\/span><\/td>\n<td><span data-path-to-node=\"15,4,3,0\">Frente (3D) + Verso (Est\u00e1tico)<\/span><\/td>\n<\/tr>\n<tr>\n<td><span data-path-to-node=\"15,5,0,0\"><b data-path-to-node=\"15,5,0,0\" data-index-in-node=\"0\">Faixa de comprimento<\/b><\/span><\/td>\n<td><span data-path-to-node=\"15,5,1,0\">15 cm \u2013 68 cm<\/span><\/td>\n<td><span data-path-to-node=\"15,5,2,0\">15 cm \u2013 68 cm<\/span><\/td>\n<td><span data-path-to-node=\"15,5,3,0\">Tamanhos padr\u00e3o<\/span><\/td>\n<\/tr>\n<\/tbody>\n<\/table>\n<h2 data-path-to-node=\"16\">Casos de uso<\/h2>\n<ul data-path-to-node=\"17\">\n<li>\n<p data-path-to-node=\"17,0,0\"><b data-path-to-node=\"17,0,0\" data-index-in-node=\"0\">Campanhas educativas:<\/b> Materiais essenciais para escolas, universidades e centros de treinamento.<\/p>\n<\/li>\n<li>\n<p data-path-to-node=\"17,1,0\"><b data-path-to-node=\"17,1,0\" data-index-in-node=\"0\">Marketing farmac\u00eautico:<\/b> Utilize efeitos lenticulares 3D para mostrar resultados de &quot;Antes e Depois&quot; ou anima\u00e7\u00f5es do mecanismo de a\u00e7\u00e3o.<\/p>\n<\/li>\n<li>\n<p data-path-to-node=\"17,2,0\"><b data-path-to-node=\"17,2,0\" data-index-in-node=\"0\">Constru\u00e7\u00e3o e Engenharia:<\/b> Uma ferramenta indispens\u00e1vel para arquitetos e engenheiros que tamb\u00e9m funciona como um cart\u00e3o de visitas de alta qualidade.<\/p>\n<\/li>\n<\/ul>","protected":false},"excerpt":{"rendered":"<ul>\n<li>\n<p data-path-to-node=\"9,0,0\"><b data-path-to-node=\"9,0,0\" data-index-in-node=\"0\">Op\u00e7\u00f5es de materiais vers\u00e1teis:<\/b> Escolha entre PVC semirr\u00edgido, polipropileno (PP) ecol\u00f3gico ou PET lenticular especializado.<\/p>\n<\/li>\n<li>\n<p data-path-to-node=\"9,1,0\"><b data-path-to-node=\"9,1,0\" data-index-in-node=\"0\">Efeitos visuais 3D:<\/b> Nossas r\u00e9guas lenticulares em PET oferecem efeitos impressionantes de movimento, zoom e transforma\u00e7\u00e3o para chamar a aten\u00e7\u00e3o.<\/p>\n<\/li>\n<li>\n<p data-path-to-node=\"9,2,0\"><b data-path-to-node=\"9,2,0\" data-index-in-node=\"0\">Personaliza\u00e7\u00e3o completa:<\/b> Dispon\u00edvel com impress\u00e3o digital de alta defini\u00e7\u00e3o ou serigrafia em toda a superf\u00edcie (1 ou 2 lados).<\/p>\n<\/li>\n<li>\n<p data-path-to-node=\"9,3,0\"><b data-path-to-node=\"9,3,0\" data-index-in-node=\"0\">Visibilidade pr\u00e1tica da marca:<\/b> Uma ferramenta de mesa funcional que garante que sua marca permane\u00e7a em evid\u00eancia para o cliente diariamente.<\/p>\n<\/li>\n<\/ul>","protected":false},"featured_media":6229,"comment_status":"closed","ping_status":"closed","template":"","meta":[],"product_brand":[],"product_cat":[122],"product_tag":[],"class_list":{"0":"post-6228","1":"product","2":"type-product","3":"status-publish","4":"has-post-thumbnail","6":"product_cat-promotional-accessories","8":"first","9":"instock","10":"shipping-taxable","11":"product-type-simple"},"_links":{"self":[{"href":"https:\/\/displayproducts.eu\/pt\/wp-json\/wp\/v2\/product\/6228","targetHints":{"allow":["GET"]}}],"collection":[{"href":"https:\/\/displayproducts.eu\/pt\/wp-json\/wp\/v2\/product"}],"about":[{"href":"https:\/\/displayproducts.eu\/pt\/wp-json\/wp\/v2\/types\/product"}],"replies":[{"embeddable":true,"href":"https:\/\/displayproducts.eu\/pt\/wp-json\/wp\/v2\/comments?post=6228"}],"wp:featuredmedia":[{"embeddable":true,"href":"https:\/\/displayproducts.eu\/pt\/wp-json\/wp\/v2\/media\/6229"}],"wp:attachment":[{"href":"https:\/\/displayproducts.eu\/pt\/wp-json\/wp\/v2\/media?parent=6228"}],"wp:term":[{"taxonomy":"product_brand","embeddable":true,"href":"https:\/\/displayproducts.eu\/pt\/wp-json\/wp\/v2\/product_brand?post=6228"},{"taxonomy":"product_cat","embeddable":true,"href":"https:\/\/displayproducts.eu\/pt\/wp-json\/wp\/v2\/product_cat?post=6228"},{"taxonomy":"product_tag","embeddable":true,"href":"https:\/\/displayproducts.eu\/pt\/wp-json\/wp\/v2\/product_tag?post=6228"}],"curies":[{"name":"wp","href":"https:\/\/api.w.org\/{rel}","templated":true}]}}