{"id":6226,"date":"2025-12-20T18:04:19","date_gmt":"2025-12-20T15:04:19","guid":{"rendered":"https:\/\/wristbandfactory.eu\/?post_type=product&#038;p=6226"},"modified":"2026-04-01T21:52:03","modified_gmt":"2026-04-01T18:52:03","slug":"custom-fsc-certified-pencils-with-eraser-360-full-color-print","status":"publish","type":"product","link":"https:\/\/displayproducts.eu\/pt\/p\/custom-fsc-certified-pencils-with-eraser-360-full-color-print\/","title":{"rendered":"L\u00e1pis personalizados (Certificado FSC\u00ae)"},"content":{"rendered":"<p data-path-to-node=\"10\">Demonstre seu compromisso com o meio ambiente sem abrir m\u00e3o do design com nossos produtos. <b data-path-to-node=\"10\" data-index-in-node=\"109\">L\u00e1pis personalizados com certifica\u00e7\u00e3o FSC\u00ae<\/b>. Esses produtos n\u00e3o s\u00e3o apenas instrumentos de escrita; s\u00e3o uma declara\u00e7\u00e3o de valores de marca sustent\u00e1veis. Ao escolher madeira com certifica\u00e7\u00e3o FSC\u00ae, voc\u00ea apoia o manejo florestal respons\u00e1vel em todo o mundo.<\/p>\n<p data-path-to-node=\"11\">O que diferencia este l\u00e1pis \u00e9 o <b data-path-to-node=\"11\" data-index-in-node=\"35\">Personaliza\u00e7\u00e3o em cores de 360\u00b0<\/b>. N\u00e3o nos limitamos a imprimir um pequeno logotipo na lateral; revestimos todo o corpo do l\u00e1pis com o seu design exclusivo. Seja um padr\u00e3o complexo, uma imagem fotogr\u00e1fica ou as cores da sua empresa, o resultado \u00e9 uma ferramenta promocional impec\u00e1vel e atraente.<\/p>\n<h2 data-path-to-node=\"12\">Principais caracter\u00edsticas<\/h2>\n<ul data-path-to-node=\"13\">\n<li>\n<p data-path-to-node=\"13,0,0\"><b data-path-to-node=\"13,0,0\" data-index-in-node=\"0\">Op\u00e7\u00e3o ecol\u00f3gica:<\/b> Fabricado com madeira natural proveniente de fontes certificadas e sustent\u00e1veis, tornando-o um item promocional livre de culpa.<\/p>\n<\/li>\n<li>\n<p data-path-to-node=\"13,1,0\"><b data-path-to-node=\"13,1,0\" data-index-in-node=\"0\">Design sem limites:<\/b> A t\u00e9cnica de impress\u00e3o 360\u00b0 permite a personaliza\u00e7\u00e3o de ponta a ponta em CMYK, perfeita para gr\u00e1ficos complexos e mensagens impactantes.<\/p>\n<\/li>\n<li>\n<p data-path-to-node=\"13,2,0\"><b data-path-to-node=\"13,2,0\" data-index-in-node=\"0\">Funcional e elegante:<\/b> Equipado com uma borracha pr\u00e1tica que se mant\u00e9m no lugar por meio de um design elegante. <b data-path-to-node=\"13,2,0\" data-index-in-node=\"80\">ponteira de metal<\/b>, combinando funcionalidade com um visual sofisticado.<\/p>\n<\/li>\n<li>\n<p data-path-to-node=\"13,3,0\"><b data-path-to-node=\"13,3,0\" data-index-in-node=\"0\">Alta utilidade:<\/b> Os l\u00e1pis s\u00e3o um dos itens promocionais mais guardados, garantindo que sua marca permane\u00e7a nas m\u00e3os do seu cliente por meses.<\/p>\n<\/li>\n<\/ul>\n<h2 data-path-to-node=\"14\">Especifica\u00e7\u00f5es<\/h2>\n<ul data-path-to-node=\"15\">\n<li>\n<p data-path-to-node=\"15,0,0\"><b data-path-to-node=\"15,0,0\" data-index-in-node=\"0\">Material:<\/b> Madeira natural (certificada pelo FSC\u00ae).<\/p>\n<\/li>\n<li>\n<p data-path-to-node=\"15,1,0\"><b data-path-to-node=\"15,1,0\" data-index-in-node=\"0\">M\u00e9todo de impress\u00e3o:<\/b> Envelopamento digital colorido em 360\u00b0.<\/p>\n<\/li>\n<li>\n<p data-path-to-node=\"15,2,0\"><b data-path-to-node=\"15,2,0\" data-index-in-node=\"0\">Componentes:<\/b> Grafite, borracha, ponteira met\u00e1lica.<\/p>\n<\/li>\n<li>\n<p data-path-to-node=\"15,3,0\"><b data-path-to-node=\"15,3,0\" data-index-in-node=\"0\">Forma:<\/b> Formato padr\u00e3o redondo ou hexagonal (dependendo do estoque).<\/p>\n<\/li>\n<li>\n<p data-path-to-node=\"15,4,0\"><b data-path-to-node=\"15,4,0\" data-index-in-node=\"0\">Certifica\u00e7\u00f5es:<\/b> FSC\u00ae (Forest Stewardship Council).<\/p>\n<\/li>\n<\/ul>\n<h2 data-path-to-node=\"16\">Casos de uso<\/h2>\n<ul data-path-to-node=\"17\">\n<li>\n<p data-path-to-node=\"17,0,0\"><b data-path-to-node=\"17,0,0\" data-index-in-node=\"0\">Eventos Educacionais:<\/b> Ideal para escolas, universidades e centros de treinamento.<\/p>\n<\/li>\n<li>\n<p data-path-to-node=\"17,1,0\"><b data-path-to-node=\"17,1,0\" data-index-in-node=\"0\">Feiras comerciais:<\/b> Um brinde leve e ecol\u00f3gico que os participantes realmente usam.<\/p>\n<\/li>\n<li>\n<p data-path-to-node=\"17,2,0\"><b data-path-to-node=\"17,2,0\" data-index-in-node=\"0\">Materiais de escrit\u00f3rio:<\/b> Personalize o material de escrit\u00f3rio com a sua marca para refor\u00e7ar a identidade corporativa internamente e em reuni\u00f5es com clientes.<\/p>\n<\/li>\n<\/ul>","protected":false},"excerpt":{"rendered":"<ul>\n<li>\n<p data-path-to-node=\"9,0,0\"><b data-path-to-node=\"9,0,0\" data-index-in-node=\"0\">Certificado como sustent\u00e1vel:<\/b> Fabricado com madeira natural 100% proveniente de florestas geridas de forma respons\u00e1vel (Certifica\u00e7\u00e3o FSC\u00ae).<\/p>\n<\/li>\n<li>\n<p data-path-to-node=\"9,1,0\"><b data-path-to-node=\"9,1,0\" data-index-in-node=\"0\">Identidade visual completa em 360\u00b0:<\/b> Diferentemente da impress\u00e3o tampogr\u00e1fica padr\u00e3o, seu design cobre toda a superf\u00edcie do cilindro com uma impress\u00e3o digital vibrante e colorida.<\/p>\n<\/li>\n<li>\n<p data-path-to-node=\"9,2,0\"><b data-path-to-node=\"9,2,0\" data-index-in-node=\"0\">Acabamento Premium:<\/b> Possui uma borracha de alta qualidade fixada com uma ponteira de metal dur\u00e1vel (detalhe).<\/p>\n<\/li>\n<li>\n<p data-path-to-node=\"9,3,0\"><b data-path-to-node=\"9,3,0\" data-index-in-node=\"0\">Promo\u00e7\u00e3o vers\u00e1til:<\/b> O brinde ideal, de baixo custo e alta visibilidade, para feiras comerciais, escolas e escrit\u00f3rios.<\/p>\n<\/li>\n<\/ul>","protected":false},"featured_media":6227,"comment_status":"closed","ping_status":"closed","template":"","meta":[],"product_brand":[],"product_cat":[122],"product_tag":[],"class_list":{"0":"post-6226","1":"product","2":"type-product","3":"status-publish","4":"has-post-thumbnail","6":"product_cat-promotional-accessories","8":"first","9":"instock","10":"shipping-taxable","11":"product-type-simple"},"_links":{"self":[{"href":"https:\/\/displayproducts.eu\/pt\/wp-json\/wp\/v2\/product\/6226","targetHints":{"allow":["GET"]}}],"collection":[{"href":"https:\/\/displayproducts.eu\/pt\/wp-json\/wp\/v2\/product"}],"about":[{"href":"https:\/\/displayproducts.eu\/pt\/wp-json\/wp\/v2\/types\/product"}],"replies":[{"embeddable":true,"href":"https:\/\/displayproducts.eu\/pt\/wp-json\/wp\/v2\/comments?post=6226"}],"wp:featuredmedia":[{"embeddable":true,"href":"https:\/\/displayproducts.eu\/pt\/wp-json\/wp\/v2\/media\/6227"}],"wp:attachment":[{"href":"https:\/\/displayproducts.eu\/pt\/wp-json\/wp\/v2\/media?parent=6226"}],"wp:term":[{"taxonomy":"product_brand","embeddable":true,"href":"https:\/\/displayproducts.eu\/pt\/wp-json\/wp\/v2\/product_brand?post=6226"},{"taxonomy":"product_cat","embeddable":true,"href":"https:\/\/displayproducts.eu\/pt\/wp-json\/wp\/v2\/product_cat?post=6226"},{"taxonomy":"product_tag","embeddable":true,"href":"https:\/\/displayproducts.eu\/pt\/wp-json\/wp\/v2\/product_tag?post=6226"}],"curies":[{"name":"wp","href":"https:\/\/api.w.org\/{rel}","templated":true}]}}