{"id":6222,"date":"2025-12-20T17:56:31","date_gmt":"2025-12-20T14:56:31","guid":{"rendered":"https:\/\/wristbandfactory.eu\/?post_type=product&#038;p=6222"},"modified":"2026-04-01T21:52:03","modified_gmt":"2026-04-01T18:52:03","slug":"custom-3d-snow-globes-with-bespoke-interior-logo","status":"publish","type":"product","link":"https:\/\/displayproducts.eu\/pt\/p\/custom-3d-snow-globes-with-bespoke-interior-logo\/","title":{"rendered":"Globos de neve personalizados (3D)"},"content":{"rendered":"<p data-path-to-node=\"10\">Capture a magia das festas ou congele um momento no tempo com nossos produtos. <b data-path-to-node=\"10\" data-index-in-node=\"95\">Globos de neve 3D personalizados<\/b>. Diferentemente dos brindes promocionais comuns, esses globos apresentam uma escultura 3D totalmente personalizada em seu interior \u2014 seja uma r\u00e9plica em miniatura do seu produto, o mascote da sua empresa ou uma cena arquitet\u00f4nica espec\u00edfica.<\/p>\n<p data-path-to-node=\"11\">Fabricados em resina de poli\u00e9ster dur\u00e1vel e livre de solventes, estes globos s\u00e3o pe\u00e7as de colecionador de alta qualidade. O brilho flutuante adiciona um efeito hipnotizante que destaca a sua marca. Com op\u00e7\u00f5es de personaliza\u00e7\u00e3o tanto para a escultura interna quanto para a base externa, este \u00e9 o presente premium perfeito para parceiros corporativos e campanhas sazonais.<\/p>\n<h2 data-path-to-node=\"12\">Principais caracter\u00edsticas<\/h2>\n<ul data-path-to-node=\"13\">\n<li>\n<p data-path-to-node=\"13,0,0\"><b data-path-to-node=\"13,0,0\" data-index-in-node=\"0\">Modelagem 3D totalmente personalizada:<\/b> O interior n\u00e3o \u00e9 uma pe\u00e7a plana, mas sim uma figura de resina fundida criada especificamente para o seu projeto.<\/p>\n<\/li>\n<li>\n<p data-path-to-node=\"13,1,0\"><b data-path-to-node=\"13,1,0\" data-index-in-node=\"0\">Acabamento art\u00edstico:<\/b> Os elementos 3D podem ser deixados em um elegante branco s\u00f3lido ou meticulosamente pintados \u00e0 m\u00e3o para combinar com as cores da sua marca.<\/p>\n<\/li>\n<li>\n<p data-path-to-node=\"13,2,0\"><b data-path-to-node=\"13,2,0\" data-index-in-node=\"0\">Base de marca:<\/b> A base (dispon\u00edvel em branco ou preto) apresenta <b data-path-to-node=\"13,2,0\" data-index-in-node=\"62\">impress\u00e3o em relevo<\/b>, adicionando uma textura 3D ao seu logotipo ou texto na parte externa.<\/p>\n<\/li>\n<li>\n<p data-path-to-node=\"13,3,0\"><b data-path-to-node=\"13,3,0\" data-index-in-node=\"0\">Embalagem pronta para varejo:<\/b> N\u00e3o h\u00e1 necessidade de embalagem adicional. Cada globo vem em uma caixa de papel\u00e3o impressa em cores com acolchoamento seguro, pronto para distribui\u00e7\u00e3o.<\/p>\n<\/li>\n<\/ul>\n<h2 data-path-to-node=\"14\">Especifica\u00e7\u00f5es<\/h2>\n<ul data-path-to-node=\"15\">\n<li>\n<p data-path-to-node=\"15,0,0\"><b data-path-to-node=\"15,0,0\" data-index-in-node=\"0\">Material do globo:<\/b> Figuras em vidro\/pl\u00e1stico transparente com resina de poli\u00e9ster (sem solventes).<\/p>\n<\/li>\n<li>\n<p data-path-to-node=\"15,1,0\"><b data-path-to-node=\"15,1,0\" data-index-in-node=\"0\">Material base:<\/b> Comp\u00f3sito dur\u00e1vel.<\/p>\n<\/li>\n<li>\n<p data-path-to-node=\"15,2,0\"><b data-path-to-node=\"15,2,0\" data-index-in-node=\"0\">Enchimento:<\/b> L\u00edquido com glitter\/lantejoulas brilhantes.<\/p>\n<\/li>\n<li>\n<p data-path-to-node=\"15,3,0\"><b data-path-to-node=\"15,3,0\" data-index-in-node=\"0\">Tamanhos dispon\u00edveis:<\/b><\/p>\n<ul data-path-to-node=\"15,3,1\">\n<li>\n<p data-path-to-node=\"15,3,1,0,0\"><b data-path-to-node=\"15,3,1,0,0\" data-index-in-node=\"0\">Globo de \u00d8 8 cm:<\/b> Base: 7,5 \u00d7 7,5 \u00d7 2,5 cm | Caixa: 11 \u00d7 13 \u00d7 11 cm.<\/p>\n<\/li>\n<li>\n<p data-path-to-node=\"15,3,1,1,0\"><b data-path-to-node=\"15,3,1,1,0\" data-index-in-node=\"0\">Globo de \u00d8 10 cm:<\/b> Base 9 \u00d7 9 \u00d7 3 cm | Caixa 13,7 \u00d7 15,7 \u00d7 13,7 cm.<\/p>\n<\/li>\n<\/ul>\n<\/li>\n<li>\n<p data-path-to-node=\"15,4,0\"><b data-path-to-node=\"15,4,0\" data-index-in-node=\"0\">Personaliza\u00e7\u00e3o:<\/b> Interior moldado em 3D + Impress\u00e3o em relevo na base + Caixa personalizada.<\/p>\n<\/li>\n<\/ul>\n<h2 data-path-to-node=\"16\">Casos de uso<\/h2>\n<ul data-path-to-node=\"17\">\n<li>\n<p data-path-to-node=\"17,0,0\"><b data-path-to-node=\"17,0,0\" data-index-in-node=\"0\">Presentes de Natal:<\/b> O presente de Natal perfeito para clientes e funcion\u00e1rios.<\/p>\n<\/li>\n<li>\n<p data-path-to-node=\"17,1,0\"><b data-path-to-node=\"17,1,0\" data-index-in-node=\"0\">Turismo e Lembran\u00e7as:<\/b> Cen\u00e1rios personalizados de pontos tur\u00edsticos para museus, hot\u00e9is e prefeituras.<\/p>\n<\/li>\n<li>\n<p data-path-to-node=\"17,2,0\"><b data-path-to-node=\"17,2,0\" data-index-in-node=\"0\">Lan\u00e7amentos de produtos:<\/b> Crie uma vers\u00e3o em miniatura de um carro, edif\u00edcio ou produto novo flutuando na &quot;neve&quot;.\u201c<\/p>\n<\/li>\n<\/ul>","protected":false},"excerpt":{"rendered":"<ul>\n<li>\n<p data-path-to-node=\"9,0,0\"><b data-path-to-node=\"9,0,0\" data-index-in-node=\"0\">Interiores 3D personalizados:<\/b> Transformamos seu logotipo, produto ou mascote em uma escultura 3D detalhada dentro do globo.<\/p>\n<\/li>\n<li>\n<p data-path-to-node=\"9,1,0\"><b data-path-to-node=\"9,1,0\" data-index-in-node=\"0\">Pintado \u00e0 m\u00e3o ou monocrom\u00e1tico:<\/b> Escolha entre uma escultura cl\u00e1ssica totalmente branca ou detalhes vibrantes pintados \u00e0 m\u00e3o.<\/p>\n<\/li>\n<li>\n<p data-path-to-node=\"9,2,0\"><b data-path-to-node=\"9,2,0\" data-index-in-node=\"0\">Base Premium:<\/b> Base robusta dispon\u00edvel em preto ou branco, personaliz\u00e1vel com impress\u00e3o em relevo t\u00e1til.<\/p>\n<\/li>\n<li>\n<p data-path-to-node=\"9,3,0\"><b data-path-to-node=\"9,3,0\" data-index-in-node=\"0\">Solu\u00e7\u00e3o completa para presentes:<\/b> Entregue em caixa personalizada impressa a cores com inser\u00e7\u00f5es protetoras de poliestireno.<\/p>\n<\/li>\n<\/ul>","protected":false},"featured_media":6223,"comment_status":"closed","ping_status":"closed","template":"","meta":[],"product_brand":[],"product_cat":[121],"product_tag":[],"class_list":{"0":"post-6222","1":"product","2":"type-product","3":"status-publish","4":"has-post-thumbnail","6":"product_cat-promotional-merchandise","8":"first","9":"instock","10":"shipping-taxable","11":"product-type-simple"},"_links":{"self":[{"href":"https:\/\/displayproducts.eu\/pt\/wp-json\/wp\/v2\/product\/6222","targetHints":{"allow":["GET"]}}],"collection":[{"href":"https:\/\/displayproducts.eu\/pt\/wp-json\/wp\/v2\/product"}],"about":[{"href":"https:\/\/displayproducts.eu\/pt\/wp-json\/wp\/v2\/types\/product"}],"replies":[{"embeddable":true,"href":"https:\/\/displayproducts.eu\/pt\/wp-json\/wp\/v2\/comments?post=6222"}],"wp:featuredmedia":[{"embeddable":true,"href":"https:\/\/displayproducts.eu\/pt\/wp-json\/wp\/v2\/media\/6223"}],"wp:attachment":[{"href":"https:\/\/displayproducts.eu\/pt\/wp-json\/wp\/v2\/media?parent=6222"}],"wp:term":[{"taxonomy":"product_brand","embeddable":true,"href":"https:\/\/displayproducts.eu\/pt\/wp-json\/wp\/v2\/product_brand?post=6222"},{"taxonomy":"product_cat","embeddable":true,"href":"https:\/\/displayproducts.eu\/pt\/wp-json\/wp\/v2\/product_cat?post=6222"},{"taxonomy":"product_tag","embeddable":true,"href":"https:\/\/displayproducts.eu\/pt\/wp-json\/wp\/v2\/product_tag?post=6222"}],"curies":[{"name":"wp","href":"https:\/\/api.w.org\/{rel}","templated":true}]}}