{"id":6217,"date":"2025-12-20T17:51:24","date_gmt":"2025-12-20T14:51:24","guid":{"rendered":"https:\/\/wristbandfactory.eu\/?post_type=product&#038;p=6217"},"modified":"2026-04-01T21:52:03","modified_gmt":"2026-04-01T18:52:03","slug":"custom-printed-bottle-openers-with-3d-domed-logo","status":"publish","type":"product","link":"https:\/\/displayproducts.eu\/pt\/p\/custom-printed-bottle-openers-with-3d-domed-logo\/","title":{"rendered":"Abridores de garrafa com resina"},"content":{"rendered":"<p data-path-to-node=\"10\">Garanta que sua marca fa\u00e7a parte da celebra\u00e7\u00e3o com o nosso <b data-path-to-node=\"10\" data-index-in-node=\"79\">Abridor de garrafas personalizado<\/b>. Pr\u00e1ticos, dur\u00e1veis e atraentes, estes abridores foram concebidos para serem reutilizados, garantindo visibilidade prolongada do seu logotipo. Ao contr\u00e1rio das impress\u00f5es planas padr\u00e3o, os nossos abridores apresentam um design diferenciado. <b data-path-to-node=\"10\" data-index-in-node=\"288\">Adesivo 3D com efeito de c\u00fapula (ep\u00f3xi)<\/b>, que adiciona um efeito de alto brilho e amplia\u00e7\u00e3o ao seu design, ao mesmo tempo que o protege contra arranh\u00f5es e desbotamento.<\/p>\n<p data-path-to-node=\"11\">Oferecemos tr\u00eas modelos espec\u00edficos para atender a diferentes necessidades promocionais, desde chaveiros compactos at\u00e9 utens\u00edlios profissionais para bares.<\/p>\n<h2 data-path-to-node=\"12\">Principais caracter\u00edsticas<\/h2>\n<ul data-path-to-node=\"13\">\n<li>\n<p data-path-to-node=\"13,0,0\"><b data-path-to-node=\"13,0,0\" data-index-in-node=\"0\">Personaliza\u00e7\u00e3o vibrante:<\/b> Utilizamos impress\u00e3o digital CMYK para reproduzir seu logotipo, fotos ou gradientes com precis\u00e3o perfeita antes de sel\u00e1-los sob uma c\u00fapula protetora de resina.<\/p>\n<\/li>\n<li>\n<p data-path-to-node=\"13,1,0\"><b data-path-to-node=\"13,1,0\" data-index-in-node=\"0\">Acabamento Premium:<\/b> O revestimento ep\u00f3xi confere ao produto uma qualidade &quot;semelhante a uma joia&quot;, com um toque suave que eleva o seu valor percebido.<\/p>\n<\/li>\n<li>\n<p data-path-to-node=\"13,2,0\"><b data-path-to-node=\"13,2,0\" data-index-in-node=\"0\">Materiais de alta resist\u00eancia:<\/b> Fabricadas em a\u00e7o niquelado e ligas met\u00e1licas robustas para garantir a abertura f\u00e1cil de garrafas, sem necessidade de dobrar.<\/p>\n<\/li>\n<li>\n<p data-path-to-node=\"13,3,0\"><b data-path-to-node=\"13,3,0\" data-index-in-node=\"0\">Versatilidade e utilidade:<\/b> Perfeito para merchandising de cervejarias, brindes em festivais ou como uma ferramenta pr\u00e1tica anexada a um molho de chaves.<\/p>\n<\/li>\n<\/ul>\n<h2 data-path-to-node=\"14\">Especifica\u00e7\u00f5es<\/h2>\n<table data-path-to-node=\"15\">\n<thead>\n<tr>\n<td><strong>Tipo de modelo<\/strong><\/td>\n<td><strong>Dimens\u00f5es<\/strong><\/td>\n<td><strong>Material<\/strong><\/td>\n<td><strong>\u00c1rea de Marca<\/strong><\/td>\n<\/tr>\n<\/thead>\n<tbody>\n<tr>\n<td><span data-path-to-node=\"15,1,0,0\"><b data-path-to-node=\"15,1,0,0\" data-index-in-node=\"0\">Abridor de crach\u00e1s<\/b><\/span><\/td>\n<td><span data-path-to-node=\"15,1,1,0\">\u00d8 56 mm<\/span><\/td>\n<td><span data-path-to-node=\"15,1,2,0\">Metal + Base de Pl\u00e1stico<\/span><\/td>\n<td><span data-path-to-node=\"15,1,3,0\">Rosto inteiro (redondo)<\/span><\/td>\n<\/tr>\n<tr>\n<td><span data-path-to-node=\"15,2,0,0\"><b data-path-to-node=\"15,2,0,0\" data-index-in-node=\"0\">Formato de garrafa<\/b><\/span><\/td>\n<td><span data-path-to-node=\"15,2,1,0\">35 \u00d7 137 mm<\/span><\/td>\n<td><span data-path-to-node=\"15,2,2,0\">A\u00e7o niquelado<\/span><\/td>\n<td><span data-path-to-node=\"15,2,3,0\">C\u00fapula com formato personalizado<\/span><\/td>\n<\/tr>\n<tr>\n<td><span data-path-to-node=\"15,3,0,0\"><b data-path-to-node=\"15,3,0,0\" data-index-in-node=\"0\">Chaveiro de Pera<\/b><\/span><\/td>\n<td><span data-path-to-node=\"15,3,1,0\">Tamanho padr\u00e3o de chaveiro<\/span><\/td>\n<td><span data-path-to-node=\"15,3,2,0\">Metal (Acabamento em n\u00edquel)<\/span><\/td>\n<td><span data-path-to-node=\"15,3,3,0\">C\u00fapula de \u00d8 20 mm<\/span><\/td>\n<\/tr>\n<\/tbody>\n<\/table>\n<h2 data-path-to-node=\"16\">Casos de uso<\/h2>\n<ul data-path-to-node=\"17\">\n<li>\n<p data-path-to-node=\"17,0,0\"><b data-path-to-node=\"17,0,0\" data-index-in-node=\"0\">Ind\u00fastria de bebidas:<\/b> Produtos essenciais para cervejarias artesanais, cidrarias e distribuidores de bebidas.<\/p>\n<\/li>\n<li>\n<p data-path-to-node=\"17,1,0\"><b data-path-to-node=\"17,1,0\" data-index-in-node=\"0\">Festivais e eventos:<\/b> Uma lembran\u00e7a popular em festivais de m\u00fasica e feiras gastron\u00f4micas, que os participantes guardam com carinho.<\/p>\n<\/li>\n<li>\n<p data-path-to-node=\"17,2,0\"><b data-path-to-node=\"17,2,0\" data-index-in-node=\"0\">Hospitalidade:<\/b> Ferramentas personalizadas para bartenders e gar\u00e7ons em bares, clubes e restaurantes.<\/p>\n<\/li>\n<\/ul>","protected":false},"excerpt":{"rendered":"<ul>\n<li>\n<p data-path-to-node=\"9,0,0\"><b data-path-to-node=\"9,0,0\" data-index-in-node=\"0\">Tr\u00eas estilos distintos:<\/b> Escolha entre o estilo cl\u00e1ssico de broche de bot\u00e3o, o resistente formato de garrafa ou o port\u00e1til chaveiro em formato de pera.<\/p>\n<\/li>\n<li>\n<p data-path-to-node=\"9,1,0\"><b data-path-to-node=\"9,1,0\" data-index-in-node=\"0\">Acabamento em resina 3D:<\/b> Seu logotipo \u00e9 impresso em cores CMYK e protegido por uma c\u00fapula de ep\u00f3xi cristalina, proporcionando um acabamento brilhante e de alta qualidade.<\/p>\n<\/li>\n<li>\n<p data-path-to-node=\"9,2,0\"><b data-path-to-node=\"9,2,0\" data-index-in-node=\"0\">Constru\u00e7\u00e3o dur\u00e1vel:<\/b> Fabricado em a\u00e7o niquelado ou metal maci\u00e7o para um desempenho duradouro.<\/p>\n<\/li>\n<li>\n<p data-path-to-node=\"9,3,0\"><b data-path-to-node=\"9,3,0\" data-index-in-node=\"0\">Marketing Pr\u00e1tico:<\/b> Um item de grande utilidade que garante a presen\u00e7a da sua marca em festas, eventos e resid\u00eancias.<\/p>\n<\/li>\n<\/ul>","protected":false},"featured_media":6218,"comment_status":"closed","ping_status":"closed","template":"","meta":[],"product_brand":[],"product_cat":[119,121],"product_tag":[],"class_list":{"0":"post-6217","1":"product","2":"type-product","3":"status-publish","4":"has-post-thumbnail","6":"product_cat-drinkware-accessories","7":"product_cat-promotional-merchandise","9":"first","10":"instock","11":"shipping-taxable","12":"product-type-simple"},"_links":{"self":[{"href":"https:\/\/displayproducts.eu\/pt\/wp-json\/wp\/v2\/product\/6217","targetHints":{"allow":["GET"]}}],"collection":[{"href":"https:\/\/displayproducts.eu\/pt\/wp-json\/wp\/v2\/product"}],"about":[{"href":"https:\/\/displayproducts.eu\/pt\/wp-json\/wp\/v2\/types\/product"}],"replies":[{"embeddable":true,"href":"https:\/\/displayproducts.eu\/pt\/wp-json\/wp\/v2\/comments?post=6217"}],"wp:featuredmedia":[{"embeddable":true,"href":"https:\/\/displayproducts.eu\/pt\/wp-json\/wp\/v2\/media\/6218"}],"wp:attachment":[{"href":"https:\/\/displayproducts.eu\/pt\/wp-json\/wp\/v2\/media?parent=6217"}],"wp:term":[{"taxonomy":"product_brand","embeddable":true,"href":"https:\/\/displayproducts.eu\/pt\/wp-json\/wp\/v2\/product_brand?post=6217"},{"taxonomy":"product_cat","embeddable":true,"href":"https:\/\/displayproducts.eu\/pt\/wp-json\/wp\/v2\/product_cat?post=6217"},{"taxonomy":"product_tag","embeddable":true,"href":"https:\/\/displayproducts.eu\/pt\/wp-json\/wp\/v2\/product_tag?post=6217"}],"curies":[{"name":"wp","href":"https:\/\/api.w.org\/{rel}","templated":true}]}}