{"id":6212,"date":"2025-12-20T17:41:19","date_gmt":"2025-12-20T14:41:19","guid":{"rendered":"https:\/\/wristbandfactory.eu\/?post_type=product&#038;p=6212"},"modified":"2026-04-01T21:52:03","modified_gmt":"2026-04-01T18:52:03","slug":"custom-metal-lapel-pins-with-3d-domed-logo-epoxy","status":"publish","type":"product","link":"https:\/\/displayproducts.eu\/pt\/p\/custom-metal-lapel-pins-with-3d-domed-logo-epoxy\/","title":{"rendered":"Pins de metal com resina"},"content":{"rendered":"<p data-path-to-node=\"10\">Cause uma impress\u00e3o duradoura com o nosso <b data-path-to-node=\"10\" data-index-in-node=\"62\">Pins de lapela personalizados em metal com adesivos em 3D com efeito de c\u00fapula.<\/b>. Esses pins oferecem o equil\u00edbrio perfeito entre o peso premium de uma base de metal e a versatilidade moderna da impress\u00e3o digital. S\u00e3o a solu\u00e7\u00e3o ideal para marcas com logotipos complexos, gradientes ou elementos fotogr\u00e1ficos que os pins de esmalte padr\u00e3o n\u00e3o conseguem reproduzir.<\/p>\n<p data-path-to-node=\"11\">Cada broche consiste em uma base met\u00e1lica com formato personalizado, revestida com uma impress\u00e3o adesiva de alta resolu\u00e7\u00e3o. Essa base \u00e9 ent\u00e3o encapsulada em uma resina de poliuretano transparente e dur\u00e1vel (revestimento), criando um sofisticado efeito de lente 3D que real\u00e7a as cores e protege o design contra desgaste e desbotamento.<\/p>\n<h2 data-path-to-node=\"12\">Principais caracter\u00edsticas<\/h2>\n<ul data-path-to-node=\"13\">\n<li>\n<p data-path-to-node=\"13,0,0\"><b data-path-to-node=\"13,0,0\" data-index-in-node=\"0\">Potencial de design ilimitado:<\/b> Diferentemente dos pinos cunhados, nosso processo de doming suporta impress\u00e3o CMYK em cores plenas, o que significa que n\u00e3o h\u00e1 restri\u00e7\u00f5es quanto a gradientes ou detalhes finos.<\/p>\n<\/li>\n<li>\n<p data-path-to-node=\"13,1,0\"><b data-path-to-node=\"13,1,0\" data-index-in-node=\"0\">Acabamento protetor:<\/b> A c\u00fapula de resina torna o pino resistente a arranh\u00f5es, est\u00e1vel aos raios UV e dur\u00e1vel o suficiente para uso di\u00e1rio.<\/p>\n<\/li>\n<li>\n<p data-path-to-node=\"13,2,0\"><b data-path-to-node=\"13,2,0\" data-index-in-node=\"0\">Apresenta\u00e7\u00e3o profissional:<\/b> A combina\u00e7\u00e3o de metal polido e resina brilhante cria um alto valor percebido, adequado para trajes corporativos.<\/p>\n<\/li>\n<li>\n<p data-path-to-node=\"13,3,0\"><b data-path-to-node=\"13,3,0\" data-index-in-node=\"0\">Fixa\u00e7\u00e3o segura:<\/b> Vem de s\u00e9rie com uma embreagem borboleta f\u00e1cil de usar para evitar rota\u00e7\u00e3o e perda acidental.<\/p>\n<\/li>\n<\/ul>\n<h2 data-path-to-node=\"14\">Especifica\u00e7\u00f5es<\/h2>\n<ul data-path-to-node=\"15\">\n<li>\n<p data-path-to-node=\"15,0,0\"><b data-path-to-node=\"15,0,0\" data-index-in-node=\"0\">Material:<\/b> Base em liga met\u00e1lica + c\u00fapula em resina de poliuretano.<\/p>\n<\/li>\n<li>\n<p data-path-to-node=\"15,1,0\"><b data-path-to-node=\"15,1,0\" data-index-in-node=\"0\">Impress\u00e3o:<\/b> Impress\u00e3o digital em cores (CMYK).<\/p>\n<\/li>\n<li>\n<p data-path-to-node=\"15,2,0\"><b data-path-to-node=\"15,2,0\" data-index-in-node=\"0\">Forma:<\/b> Totalmente personaliz\u00e1vel (cortado no formato desejado).<\/p>\n<\/li>\n<li>\n<p data-path-to-node=\"15,3,0\"><b data-path-to-node=\"15,3,0\" data-index-in-node=\"0\">Anexo padr\u00e3o:<\/b> Broche Borboleta (Alfinete Borboleta).<\/p>\n<\/li>\n<li>\n<p data-path-to-node=\"15,4,0\"><b data-path-to-node=\"15,4,0\" data-index-in-node=\"0\">Anexo opcional:<\/b> \u00cdm\u00e3 de neod\u00edmio (seguro para roupas, n\u00e3o perfura a pele).<\/p>\n<\/li>\n<li>\n<p data-path-to-node=\"15,5,0\"><b data-path-to-node=\"15,5,0\" data-index-in-node=\"0\">Op\u00e7\u00f5es de embalagem:<\/b><\/p>\n<ul data-path-to-node=\"15,5,1\">\n<li>\n<p data-path-to-node=\"15,5,1,0,0\">A granel (padr\u00e3o).<\/p>\n<\/li>\n<li>\n<p data-path-to-node=\"15,5,1,1,0\">Embalagem individual em saco pl\u00e1stico com cart\u00e3o de suporte impresso.<\/p>\n<\/li>\n<li>\n<p data-path-to-node=\"15,5,1,2,0\">Caixa de joias premium (para pr\u00eamios\/presentes).<\/p>\n<\/li>\n<\/ul>\n<\/li>\n<\/ul>\n<h2 data-path-to-node=\"16\">Casos de uso<\/h2>\n<ul data-path-to-node=\"17\">\n<li>\n<p data-path-to-node=\"17,0,0\"><b data-path-to-node=\"17,0,0\" data-index-in-node=\"0\">Identidade corporativa:<\/b> Parte do uniforme di\u00e1rio de caixas de banco, funcion\u00e1rios de hotel e tripulantes de companhias a\u00e9reas.<\/p>\n<\/li>\n<li>\n<p data-path-to-node=\"17,1,0\"><b data-path-to-node=\"17,1,0\" data-index-in-node=\"0\">Campanhas promocionais:<\/b> Brindes de alta qualidade para lan\u00e7amentos de produtos e feiras comerciais.<\/p>\n<\/li>\n<li>\n<p data-path-to-node=\"17,2,0\"><b data-path-to-node=\"17,2,0\" data-index-in-node=\"0\">Reconhecimento e Pr\u00eamios:<\/b> Pins ou distintivos de reconhecimento por tempo de servi\u00e7o para funcion\u00e1rios e volunt\u00e1rios.<\/p>\n<\/li>\n<\/ul>","protected":false},"excerpt":{"rendered":"<ul>\n<li>\n<p data-path-to-node=\"9,0,0\"><b data-path-to-node=\"9,0,0\" data-index-in-node=\"0\">Formato personalizado:<\/b> A base met\u00e1lica \u00e9 fabricada para se ajustar ao contorno espec\u00edfico do seu logotipo ou design.<\/p>\n<\/li>\n<li>\n<p data-path-to-node=\"9,1,0\"><b data-path-to-node=\"9,1,0\" data-index-in-node=\"0\">Impress\u00e3o com qualidade fotogr\u00e1fica:<\/b> A impress\u00e3o digital CMYK permite gradientes, fotos e detalhes complexos imposs\u00edveis com pins de esmalte.<\/p>\n<\/li>\n<li>\n<p data-path-to-node=\"9,2,0\"><b data-path-to-node=\"9,2,0\" data-index-in-node=\"0\">Domo de resina 3D:<\/b> Um revestimento ep\u00f3xi cristalino adiciona um efeito &quot;bolha&quot; de alta qualidade e protege contra arranh\u00f5es.<\/p>\n<\/li>\n<li>\n<p data-path-to-node=\"9,3,0\"><b data-path-to-node=\"9,3,0\" data-index-in-node=\"0\">Acess\u00f3rios vers\u00e1teis:<\/b> Dispon\u00edvel com fecho borboleta padr\u00e3o ou com fecho magn\u00e9tico discreto para roupas.<\/p>\n<\/li>\n<\/ul>","protected":false},"featured_media":6216,"comment_status":"closed","ping_status":"closed","template":"","meta":[],"product_brand":[],"product_cat":[121],"product_tag":[],"class_list":{"0":"post-6212","1":"product","2":"type-product","3":"status-publish","4":"has-post-thumbnail","6":"product_cat-promotional-merchandise","8":"first","9":"instock","10":"shipping-taxable","11":"product-type-simple"},"_links":{"self":[{"href":"https:\/\/displayproducts.eu\/pt\/wp-json\/wp\/v2\/product\/6212","targetHints":{"allow":["GET"]}}],"collection":[{"href":"https:\/\/displayproducts.eu\/pt\/wp-json\/wp\/v2\/product"}],"about":[{"href":"https:\/\/displayproducts.eu\/pt\/wp-json\/wp\/v2\/types\/product"}],"replies":[{"embeddable":true,"href":"https:\/\/displayproducts.eu\/pt\/wp-json\/wp\/v2\/comments?post=6212"}],"wp:featuredmedia":[{"embeddable":true,"href":"https:\/\/displayproducts.eu\/pt\/wp-json\/wp\/v2\/media\/6216"}],"wp:attachment":[{"href":"https:\/\/displayproducts.eu\/pt\/wp-json\/wp\/v2\/media?parent=6212"}],"wp:term":[{"taxonomy":"product_brand","embeddable":true,"href":"https:\/\/displayproducts.eu\/pt\/wp-json\/wp\/v2\/product_brand?post=6212"},{"taxonomy":"product_cat","embeddable":true,"href":"https:\/\/displayproducts.eu\/pt\/wp-json\/wp\/v2\/product_cat?post=6212"},{"taxonomy":"product_tag","embeddable":true,"href":"https:\/\/displayproducts.eu\/pt\/wp-json\/wp\/v2\/product_tag?post=6212"}],"curies":[{"name":"wp","href":"https:\/\/api.w.org\/{rel}","templated":true}]}}