{"id":6207,"date":"2025-12-20T17:34:30","date_gmt":"2025-12-20T14:34:30","guid":{"rendered":"https:\/\/wristbandfactory.eu\/?post_type=product&#038;p=6207"},"modified":"2026-04-01T21:52:03","modified_gmt":"2026-04-01T18:52:03","slug":"custom-faux-leather-keychains-with-3d-domed-logo","status":"publish","type":"product","link":"https:\/\/displayproducts.eu\/pt\/p\/custom-faux-leather-keychains-with-3d-domed-logo\/","title":{"rendered":"Chaveiros de couro sint\u00e9tico com resina"},"content":{"rendered":"<p data-path-to-node=\"10\">D\u00ea um impulso \u00e0 sua marca com o nosso <b data-path-to-node=\"10\" data-index-in-node=\"53\">Chaveiros personalizados em couro sint\u00e9tico<\/b>, Com um acabamento premium em relevo 3D, estes chaveiros oferecem a eleg\u00e2ncia do couro aliada \u00e0 moderna tecnologia de impress\u00e3o digital, tornando-os a escolha ideal para empresas que buscam um brinde promocional sofisticado sem o alto custo da grava\u00e7\u00e3o em couro genu\u00edno.<\/p>\n<p data-path-to-node=\"11\">A pe\u00e7a central deste chaveiro \u00e9 o <b data-path-to-node=\"11\" data-index-in-node=\"40\">Adesivo 3D com efeito de c\u00fapula<\/b> (tamb\u00e9m conhecido como etiqueta de resina). Imprimimos seu logotipo em cores CMYK vibrantes e o cobrimos com uma camada cristalina de resina de poliuretano. Isso n\u00e3o apenas adiciona um efeito &quot;3D&quot; de amplia\u00e7\u00e3o ao seu design, mas tamb\u00e9m fornece uma prote\u00e7\u00e3o dur\u00e1vel contra arranh\u00f5es e desbotamento por raios UV.<\/p>\n<h2 data-path-to-node=\"12\">Principais caracter\u00edsticas<\/h2>\n<ul data-path-to-node=\"13\">\n<li>\n<p data-path-to-node=\"13,0,0\"><b data-path-to-node=\"13,0,0\" data-index-in-node=\"0\">Sem impress\u00e3o ou dupla face:<\/b> Escolha a nossa op\u00e7\u00e3o de face \u00fanica para um visual elegante e minimalista, ou maximize a visibilidade com o modelo de dupla face, que apresenta um logotipo tanto na frente quanto no verso.<\/p>\n<\/li>\n<li>\n<p data-path-to-node=\"13,1,0\"><b data-path-to-node=\"13,1,0\" data-index-in-node=\"0\">Precis\u00e3o em cores plenas:<\/b> Diferentemente da estampagem em relevo, nosso processo de impress\u00e3o digital captura perfeitamente gradientes e cores complexas de logotipos.<\/p>\n<\/li>\n<li>\n<p data-path-to-node=\"13,2,0\"><b data-path-to-node=\"13,2,0\" data-index-in-node=\"0\">Experi\u00eancia t\u00e1til:<\/b> A combina\u00e7\u00e3o do couro sint\u00e9tico macio com a c\u00fapula de resina lisa e elevada proporciona uma sensa\u00e7\u00e3o de alta qualidade ao toque.<\/p>\n<\/li>\n<li>\n<p data-path-to-node=\"13,3,0\"><b data-path-to-node=\"13,3,0\" data-index-in-node=\"0\">Duradouro:<\/b> O revestimento de resina garante que a mensagem da sua marca permane\u00e7a clara e intacta, mesmo com o uso di\u00e1rio em um chaveiro.<\/p>\n<\/li>\n<\/ul>\n<h2 data-path-to-node=\"14\">Especifica\u00e7\u00f5es<\/h2>\n<ul data-path-to-node=\"15\">\n<li>\n<p data-path-to-node=\"15,0,0\"><b data-path-to-node=\"15,0,0\" data-index-in-node=\"0\">Material:<\/b> Corpo em couro sint\u00e9tico (PU) com etiqueta em resina de poliuretano.<\/p>\n<\/li>\n<li>\n<p data-path-to-node=\"15,1,0\"><b data-path-to-node=\"15,1,0\" data-index-in-node=\"0\">M\u00e9todo de impress\u00e3o:<\/b> Impress\u00e3o digital CMYK sob c\u00fapula de resina<\/p>\n<\/li>\n<li>\n<p data-path-to-node=\"15,2,0\"><b data-path-to-node=\"15,2,0\" data-index-in-node=\"0\">Dimens\u00f5es do modelo de dupla face:<\/b><\/p>\n<ul data-path-to-node=\"15,2,1\">\n<li>\n<p data-path-to-node=\"15,2,1,0,0\">Tamanho do adesivo: 19 \u00d7 21 mm<\/p>\n<\/li>\n<\/ul>\n<\/li>\n<li>\n<p data-path-to-node=\"15,3,0\"><b data-path-to-node=\"15,3,0\" data-index-in-node=\"0\">Formas padr\u00e3o de modelos de um s\u00f3 lado:<\/b><\/p>\n<ul data-path-to-node=\"15,3,1\">\n<li>\n<p data-path-to-node=\"15,3,1,0,0\">Redondo (Di\u00e2metro): 20 mm, 27 mm<\/p>\n<\/li>\n<li>\n<p data-path-to-node=\"15,3,1,1,0\">Quadrado\/Retangular: 27 \u00d7 27 mm, 16 \u00d7 45 mm<\/p>\n<\/li>\n<\/ul>\n<\/li>\n<\/ul>\n<h2 data-path-to-node=\"16\">Casos de uso<\/h2>\n<ul data-path-to-node=\"17\">\n<li>\n<p data-path-to-node=\"17,0,0\"><b data-path-to-node=\"17,0,0\" data-index-in-node=\"0\">Ind\u00fastria Automotiva:<\/b> Brindes ideais para concession\u00e1rias de ve\u00edculos, lava-r\u00e1pidos e locadoras de ve\u00edculos.<\/p>\n<\/li>\n<li>\n<p data-path-to-node=\"17,1,0\"><b data-path-to-node=\"17,1,0\" data-index-in-node=\"0\">Imobili\u00e1ria:<\/b> Um presente cl\u00e1ssico e duradouro para novos propriet\u00e1rios ao entregarem as chaves.<\/p>\n<\/li>\n<li>\n<p data-path-to-node=\"17,2,0\"><b data-path-to-node=\"17,2,0\" data-index-in-node=\"0\">Identidade Visual Corporativa:<\/b> Produtos profissionais para seguradoras, bancos e empresas de fornecimento de material de escrit\u00f3rio.<\/p>\n<\/li>\n<\/ul>\n<p data-path-to-node=\"18\">","protected":false},"excerpt":{"rendered":"<ul data-path-to-node=\"9\">\n<li>\n<p data-path-to-node=\"9,0,0\"><b data-path-to-node=\"9,0,0\" data-index-in-node=\"0\">Visual Premium:<\/b> O couro sint\u00e9tico de alta qualidade, combinado com uma etiqueta de resina 3D brilhante, cria uma apar\u00eancia sofisticada.<\/p>\n<\/li>\n<li>\n<p data-path-to-node=\"9,1,0\"><b data-path-to-node=\"9,1,0\" data-index-in-node=\"0\">Branding vibrante:<\/b> A impress\u00e3o digital CMYK permite a exibi\u00e7\u00e3o de logotipos coloridos, protegidos por uma c\u00fapula de resina resistente a riscos.<\/p>\n<\/li>\n<li>\n<p data-path-to-node=\"9,2,0\"><b data-path-to-node=\"9,2,0\" data-index-in-node=\"0\">Op\u00e7\u00f5es vers\u00e1teis:<\/b> Escolha entre personaliza\u00e7\u00e3o em um ou dois lados para atender \u00e0s suas necessidades de marketing.<\/p>\n<\/li>\n<li>\n<p data-path-to-node=\"9,3,0\"><b data-path-to-node=\"9,3,0\" data-index-in-node=\"0\">Acabamento dur\u00e1vel:<\/b> A camada de resina ep\u00f3xi protege o logotipo contra desgaste, desbotamento e danos causados pela \u00e1gua.<\/p>\n<\/li>\n<\/ul>","protected":false},"featured_media":6209,"comment_status":"closed","ping_status":"closed","template":"","meta":[],"product_brand":[],"product_cat":[94],"product_tag":[],"class_list":{"0":"post-6207","1":"product","2":"type-product","3":"status-publish","4":"has-post-thumbnail","6":"product_cat-keychains","8":"first","9":"instock","10":"shipping-taxable","11":"product-type-simple"},"_links":{"self":[{"href":"https:\/\/displayproducts.eu\/pt\/wp-json\/wp\/v2\/product\/6207","targetHints":{"allow":["GET"]}}],"collection":[{"href":"https:\/\/displayproducts.eu\/pt\/wp-json\/wp\/v2\/product"}],"about":[{"href":"https:\/\/displayproducts.eu\/pt\/wp-json\/wp\/v2\/types\/product"}],"replies":[{"embeddable":true,"href":"https:\/\/displayproducts.eu\/pt\/wp-json\/wp\/v2\/comments?post=6207"}],"wp:featuredmedia":[{"embeddable":true,"href":"https:\/\/displayproducts.eu\/pt\/wp-json\/wp\/v2\/media\/6209"}],"wp:attachment":[{"href":"https:\/\/displayproducts.eu\/pt\/wp-json\/wp\/v2\/media?parent=6207"}],"wp:term":[{"taxonomy":"product_brand","embeddable":true,"href":"https:\/\/displayproducts.eu\/pt\/wp-json\/wp\/v2\/product_brand?post=6207"},{"taxonomy":"product_cat","embeddable":true,"href":"https:\/\/displayproducts.eu\/pt\/wp-json\/wp\/v2\/product_cat?post=6207"},{"taxonomy":"product_tag","embeddable":true,"href":"https:\/\/displayproducts.eu\/pt\/wp-json\/wp\/v2\/product_tag?post=6207"}],"curies":[{"name":"wp","href":"https:\/\/api.w.org\/{rel}","templated":true}]}}