{"id":6204,"date":"2025-12-20T17:26:54","date_gmt":"2025-12-20T14:26:54","guid":{"rendered":"https:\/\/wristbandfactory.eu\/?post_type=product&#038;p=6204"},"modified":"2026-04-01T21:52:34","modified_gmt":"2026-04-01T18:52:34","slug":"custom-printed-decorative-pillows-microfiber","status":"publish","type":"product","link":"https:\/\/displayproducts.eu\/pt\/p\/custom-printed-decorative-pillows-microfiber\/","title":{"rendered":"Almofadas personalizadas com logo"},"content":{"rendered":"<p data-path-to-node=\"10\">Transforme qualquer espa\u00e7o em uma oportunidade de branding com nossos produtos. <b data-path-to-node=\"10\" data-index-in-node=\"82\">Almofadas decorativas personalizadas com estampas<\/b>. Seja para atingir entusiastas de viagens, aumentar o conforto em eventos ao ar livre ou adicionar um toque de marca a lobbies de hot\u00e9is e restaurantes, essas almofadas garantem que sua mensagem seja vista e sentida.<\/p>\n<p data-path-to-node=\"11\">Confeccionadas em microfibra macia de alta qualidade, estas almofadas oferecem uma sensa\u00e7\u00e3o luxuosa que os clientes apreciam. A superf\u00edcie lisa \u00e9 perfeita para <b data-path-to-node=\"11\" data-index-in-node=\"142\">impress\u00e3o por sublima\u00e7\u00e3o fotorrealista<\/b>, permitindo designs complexos, fotos de produtos e logotipos vibrantes que abrangem toda a almofada.<\/p>\n<h2 data-path-to-node=\"12\">Principais caracter\u00edsticas<\/h2>\n<ul data-path-to-node=\"13\">\n<li>\n<p data-path-to-node=\"13,0,0\"><b data-path-to-node=\"13,0,0\" data-index-in-node=\"0\">M\u00e1xima visibilidade da marca:<\/b> Ao contr\u00e1rio de itens pequenos, as almofadas oferecem uma tela grande. Utilizar ambos os lados permite um marketing criativo \u2014 por exemplo, uma imagem de estilo de vida na frente e o logotipo da sua empresa no verso.<\/p>\n<\/li>\n<li>\n<p data-path-to-node=\"13,1,0\"><b data-path-to-node=\"13,1,0\" data-index-in-node=\"0\">Conforto superior:<\/b> O tecido de microfibra de 200 g\/m\u00b2 \u00e9 macio ao toque, tornando-o um item funcional que os destinat\u00e1rios realmente desejam usar em suas casas ou escrit\u00f3rios.<\/p>\n<\/li>\n<li>\n<p data-path-to-node=\"13,2,0\"><b data-path-to-node=\"13,2,0\" data-index-in-node=\"0\">Dur\u00e1vel e vibrante:<\/b> A constru\u00e7\u00e3o em poli\u00e9ster 100% garante que a almofada mantenha sua forma e que a estampa permane\u00e7a vibrante mesmo ap\u00f3s o uso.<\/p>\n<\/li>\n<li>\n<p data-path-to-node=\"13,3,0\"><b data-path-to-node=\"13,3,0\" data-index-in-node=\"0\">Evento pronto:<\/b> Uma excelente forma de marcar \u00e1reas de descanso em feiras comerciais, festivais ou espa\u00e7os VIP em bares e clubes.<\/p>\n<\/li>\n<\/ul>\n<h2 data-path-to-node=\"14\">Especifica\u00e7\u00f5es<\/h2>\n<ul data-path-to-node=\"15\">\n<li>\n<p data-path-to-node=\"15,0,0\"><b data-path-to-node=\"15,0,0\" data-index-in-node=\"0\">Material:<\/b> Microfibra de poli\u00e9ster 100%<\/p>\n<\/li>\n<li>\n<p data-path-to-node=\"15,1,0\"><b data-path-to-node=\"15,1,0\" data-index-in-node=\"0\">Peso do tecido:<\/b> 200 g\/m\u00b2<\/p>\n<\/li>\n<li>\n<p data-path-to-node=\"15,2,0\"><b data-path-to-node=\"15,2,0\" data-index-in-node=\"0\">T\u00e9cnica de impress\u00e3o:<\/b> Sublima\u00e7\u00e3o em cores plenas (fotorrealista)<\/p>\n<\/li>\n<li>\n<p data-path-to-node=\"15,3,0\"><b data-path-to-node=\"15,3,0\" data-index-in-node=\"0\">Tamanhos dispon\u00edveis:<\/b><\/p>\n<ul data-path-to-node=\"15,3,1\">\n<li>\n<p data-path-to-node=\"15,3,1,0,0\"><b data-path-to-node=\"15,3,1,0,0\" data-index-in-node=\"0\">30 \u00d7 30 cm<\/b><\/p>\n<\/li>\n<li>\n<p data-path-to-node=\"15,3,1,1,0\"><b data-path-to-node=\"15,3,1,1,0\" data-index-in-node=\"0\">40 \u00d7 40 cm<\/b><\/p>\n<\/li>\n<\/ul>\n<\/li>\n<\/ul>\n<h2 data-path-to-node=\"16\">Casos de uso<\/h2>\n<ul>\n<li>\n<p data-path-to-node=\"6,0,0\"><b data-path-to-node=\"6,0,0\" data-index-in-node=\"0\">Eventos e promo\u00e7\u00f5es:<\/b> Ideal para personalizar \u00e1reas de estar ao ar livre, lounges VIP em festivais e zonas de descanso em feiras comerciais.<\/p>\n<\/li>\n<li>\n<p data-path-to-node=\"6,1,0\"><b data-path-to-node=\"6,1,0\" data-index-in-node=\"0\">Hospitalidade e Decora\u00e7\u00e3o:<\/b> Adiciona um toque personalizado a lobbies de hot\u00e9is, salas de espera de spas, restaurantes e bares.<\/p>\n<\/li>\n<li>\n<p data-path-to-node=\"6,2,0\"><b data-path-to-node=\"6,2,0\" data-index-in-node=\"0\">Brindes corporativos:<\/b> Um presente sofisticado e delicado para parceiros e funcion\u00e1rios, perfeito para um ambiente de escrit\u00f3rio em casa.<\/p>\n<\/li>\n<\/ul>","protected":false},"excerpt":{"rendered":"<ul>\n<li>\n<p data-path-to-node=\"9,0,0\"><b data-path-to-node=\"9,0,0\" data-index-in-node=\"0\">Identidade visual fotorrealista:<\/b> Impress\u00e3o de alta defini\u00e7\u00e3o em toda a superf\u00edcie para logotipos n\u00edtidos e imagens vibrantes.<\/p>\n<\/li>\n<li>\n<p data-path-to-node=\"9,1,0\"><b data-path-to-node=\"9,1,0\" data-index-in-node=\"0\">Material Premium:<\/b> Confeccionado em microfibra de poli\u00e9ster 100% (200 g\/m\u00b2) com uma textura luxuosa e macia.<\/p>\n<\/li>\n<li>\n<p data-path-to-node=\"9,2,0\"><b data-path-to-node=\"9,2,0\" data-index-in-node=\"0\">Design de dupla face:<\/b> Imprima a imagem do produto de um lado e o seu logotipo do outro para obter o m\u00e1ximo impacto.<\/p>\n<\/li>\n<li>\n<p data-path-to-node=\"9,3,0\"><b data-path-to-node=\"9,3,0\" data-index-in-node=\"0\">Uso vers\u00e1til:<\/b> Ideal para campanhas de viagens, hot\u00e9is, restaurantes e eventos ao ar livre.<\/p>\n<\/li>\n<\/ul>","protected":false},"featured_media":6206,"comment_status":"closed","ping_status":"closed","template":"","meta":[],"product_brand":[],"product_cat":[129,68],"product_tag":[],"class_list":{"0":"post-6204","1":"product","2":"type-product","3":"status-publish","4":"has-post-thumbnail","6":"product_cat-leisure-lifestyle","7":"product_cat-event-supplies","9":"first","10":"instock","11":"shipping-taxable","12":"product-type-simple"},"_links":{"self":[{"href":"https:\/\/displayproducts.eu\/pt\/wp-json\/wp\/v2\/product\/6204","targetHints":{"allow":["GET"]}}],"collection":[{"href":"https:\/\/displayproducts.eu\/pt\/wp-json\/wp\/v2\/product"}],"about":[{"href":"https:\/\/displayproducts.eu\/pt\/wp-json\/wp\/v2\/types\/product"}],"replies":[{"embeddable":true,"href":"https:\/\/displayproducts.eu\/pt\/wp-json\/wp\/v2\/comments?post=6204"}],"wp:featuredmedia":[{"embeddable":true,"href":"https:\/\/displayproducts.eu\/pt\/wp-json\/wp\/v2\/media\/6206"}],"wp:attachment":[{"href":"https:\/\/displayproducts.eu\/pt\/wp-json\/wp\/v2\/media?parent=6204"}],"wp:term":[{"taxonomy":"product_brand","embeddable":true,"href":"https:\/\/displayproducts.eu\/pt\/wp-json\/wp\/v2\/product_brand?post=6204"},{"taxonomy":"product_cat","embeddable":true,"href":"https:\/\/displayproducts.eu\/pt\/wp-json\/wp\/v2\/product_cat?post=6204"},{"taxonomy":"product_tag","embeddable":true,"href":"https:\/\/displayproducts.eu\/pt\/wp-json\/wp\/v2\/product_tag?post=6204"}],"curies":[{"name":"wp","href":"https:\/\/api.w.org\/{rel}","templated":true}]}}