{"id":6196,"date":"2025-12-20T17:11:39","date_gmt":"2025-12-20T14:11:39","guid":{"rendered":"https:\/\/wristbandfactory.eu\/?post_type=product&#038;p=6196"},"modified":"2026-04-01T21:52:03","modified_gmt":"2026-04-01T18:52:03","slug":"custom-printed-beeswax-food-wraps-bags-gots-certified-cotton","status":"publish","type":"product","link":"https:\/\/displayproducts.eu\/pt\/p\/custom-printed-beeswax-food-wraps-bags-gots-certified-cotton\/","title":{"rendered":"Tecidos de cera de abelha personalizados"},"content":{"rendered":"<p data-path-to-node=\"12\">Aumente a responsabilidade social da sua empresa com o nosso <b data-path-to-node=\"12\" data-index-in-node=\"79\">Envolt\u00f3rios de cera de abelha personalizados para alimentos<\/b>. Como uma alternativa sustent\u00e1vel aos pl\u00e1sticos descart\u00e1veis, essas embalagens oferecem uma maneira inovadora e ecol\u00f3gica de manter os alimentos frescos. Perfeitas para marcas ecologicamente conscientes, essas embalagens transformam utens\u00edlios de cozinha essenciais do dia a dia em poderosas ferramentas de marketing.<\/p>\n<p data-path-to-node=\"13\">Feitos com materiais naturais de alta qualidade (100%), nossos inv\u00f3lucros utilizam o calor das suas m\u00e3os para se moldarem em torno de frutas, legumes, sandu\u00edches ou tigelas, criando uma veda\u00e7\u00e3o respir\u00e1vel que mant\u00e9m os alimentos frescos por mais tempo.<\/p>\n<h2 data-path-to-node=\"14\">Principais caracter\u00edsticas<\/h2>\n<ul data-path-to-node=\"15\">\n<li>\n<p data-path-to-node=\"15,0,0\"><b data-path-to-node=\"15,0,0\" data-index-in-node=\"0\">Solu\u00e7\u00e3o de desperd\u00edcio zero:<\/b> Totalmente biodegrad\u00e1vel e compost\u00e1vel, substituindo o pl\u00e1stico filme e o papel alum\u00ednio descart\u00e1veis.<\/p>\n<\/li>\n<li>\n<p data-path-to-node=\"15,1,0\"><b data-path-to-node=\"15,1,0\" data-index-in-node=\"0\">Qualidade Certificada:<\/b> Utilizamos apenas algod\u00e3o imprim\u00edvel com certifica\u00e7\u00e3o GOTS, garantindo que o tecido seja org\u00e2nico e de origem \u00e9tica.<\/p>\n<\/li>\n<li>\n<p data-path-to-node=\"15,2,0\"><b data-path-to-node=\"15,2,0\" data-index-in-node=\"0\">Preserva\u00e7\u00e3o Natural:<\/b> A combina\u00e7\u00e3o exclusiva de cera de abelha, \u00f3leo de jojoba e resina de pinheiro proporciona propriedades antibacterianas naturais.<\/p>\n<\/li>\n<li>\n<p data-path-to-node=\"15,3,0\"><b data-path-to-node=\"15,3,0\" data-index-in-node=\"0\">Identidade visual vers\u00e1til:<\/b> Seu logotipo ou estampa personalizada podem ser impressos diretamente no tecido, oferecendo visibilidade di\u00e1ria da marca em resid\u00eancias e escrit\u00f3rios.<\/p>\n<\/li>\n<li>\n<p data-path-to-node=\"15,4,0\"><b data-path-to-node=\"15,4,0\" data-index-in-node=\"0\">Duradouro:<\/b> Com cuidados sem impress\u00e3o (lavagem em \u00e1gua morna), esses inv\u00f3lucros s\u00e3o projetados para uso repetido, oferecendo alto retorno sobre o investimento em or\u00e7amentos promocionais.<\/p>\n<\/li>\n<\/ul>\n<h2 data-path-to-node=\"16\">Especifica\u00e7\u00f5es<\/h2>\n<ul data-path-to-node=\"17\">\n<li>\n<p data-path-to-node=\"17,0,0\"><b data-path-to-node=\"17,0,0\" data-index-in-node=\"0\">Composi\u00e7\u00e3o do material:<\/b> Algod\u00e3o GOTS, cera de abelha (grau aliment\u00edcio), \u00f3leo de jojoba, resina de pinheiro.<\/p>\n<\/li>\n<li>\n<p data-path-to-node=\"17,1,0\"><b data-path-to-node=\"17,1,0\" data-index-in-node=\"0\">Tamanhos padr\u00e3o de folhas:<\/b><\/p>\n<ul data-path-to-node=\"17,1,1\">\n<li>\n<p data-path-to-node=\"17,1,1,0,0\"><b data-path-to-node=\"17,1,1,0,0\" data-index-in-node=\"0\">Pequeno (18\u00d718 cm):<\/b> Para servir como aperitivo, para frutas cortadas ou para cobrir pequenos potes.<\/p>\n<\/li>\n<li>\n<p data-path-to-node=\"17,1,1,1,0\"><b data-path-to-node=\"17,1,1,1,0\" data-index-in-node=\"0\">M\u00e9dio (25\u00d725 cm):<\/b> Ideal para queijos, sandu\u00edches ou por\u00e7\u00f5es m\u00e9dias.<\/p>\n<\/li>\n<li>\n<p data-path-to-node=\"17,1,1,2,0\"><b data-path-to-node=\"17,1,1,2,0\" data-index-in-node=\"0\">Grande (36\u00d736 cm):<\/b> Serve para cobrir tigelas grandes, p\u00e3o ou mel\u00f5es.<\/p>\n<\/li>\n<\/ul>\n<\/li>\n<li>\n<p data-path-to-node=\"17,2,0\"><b data-path-to-node=\"17,2,0\" data-index-in-node=\"0\">Tamanhos das bolsas:<\/b><\/p>\n<ul data-path-to-node=\"17,2,1\">\n<li>\n<p data-path-to-node=\"17,2,1,0,0\"><b data-path-to-node=\"17,2,1,0,0\" data-index-in-node=\"0\">Bolsa m\u00e9dia (16\u00d723 cm):<\/b> Ideal para lanches r\u00e1pidos e sandu\u00edches para viagem.<\/p>\n<\/li>\n<li>\n<p data-path-to-node=\"17,2,1,1,0\"><b data-path-to-node=\"17,2,1,1,0\" data-index-in-node=\"0\">Bolsa grande (23\u00d732 cm):<\/b> Ideal para produtos de padaria, verduras frescas ou frutas e legumes de maior tamanho.<\/p>\n<\/li>\n<\/ul>\n<\/li>\n<li>\n<p data-path-to-node=\"17,3,0\"><b data-path-to-node=\"17,3,0\" data-index-in-node=\"0\">Personaliza\u00e7\u00e3o:<\/b> Impress\u00e3o em toda a superf\u00edcie ou aplica\u00e7\u00e3o de logotipo dispon\u00edveis.<\/p>\n<\/li>\n<\/ul>\n<h2 data-path-to-node=\"18\">Casos de uso<\/h2>\n<ul data-path-to-node=\"19\">\n<li>\n<p data-path-to-node=\"19,0,0\"><b data-path-to-node=\"19,0,0\" data-index-in-node=\"0\">Brindes corporativos:<\/b> Um presente atencioso e sustent\u00e1vel para funcion\u00e1rios e clientes, alinhado com iniciativas ecol\u00f3gicas.<\/p>\n<\/li>\n<li>\n<p data-path-to-node=\"19,1,0\"><b data-path-to-node=\"19,1,0\" data-index-in-node=\"0\">Produtos do evento:<\/b> Brindes de alto valor para festivais gastron\u00f4micos, confer\u00eancias sobre sustentabilidade e feiras comerciais.<\/p>\n<\/li>\n<li>\n<p data-path-to-node=\"19,2,0\"><b data-path-to-node=\"19,2,0\" data-index-in-node=\"0\">Varejo e revenda:<\/b> Ideal para lojas de alimentos org\u00e2nicos, lojas de produtos a granel e lojas de presentes de museus.<\/p>\n<\/li>\n<\/ul>","protected":false},"excerpt":{"rendered":"<ul>\n<li>\n<p data-path-to-node=\"11,0,0\"><b data-path-to-node=\"11,0,0\" data-index-in-node=\"0\">100% Materiais Naturais:<\/b> Feito com algod\u00e3o certificado pela GOTS, cera de abelha pura, \u00f3leo de jojoba e resina de pinheiro.<\/p>\n<\/li>\n<li>\n<p data-path-to-node=\"11,1,0\"><b data-path-to-node=\"11,1,0\" data-index-in-node=\"0\">Identidade visual ecol\u00f3gica:<\/b> Uma alternativa sustent\u00e1vel e biodegrad\u00e1vel ao filme pl\u00e1stico e ao papel alum\u00ednio.<\/p>\n<\/li>\n<li>\n<p data-path-to-node=\"11,2,0\"><b data-path-to-node=\"11,2,0\" data-index-in-node=\"0\">Personaliz\u00e1vel:<\/b> Dispon\u00edvel em diversos tamanhos de folhas e formatos de sacos, com op\u00e7\u00f5es de impress\u00e3o de logotipo em cores.<\/p>\n<\/li>\n<li>\n<p data-path-to-node=\"11,3,0\"><b data-path-to-node=\"11,3,0\" data-index-in-node=\"0\">Reutiliz\u00e1vel e lav\u00e1vel:<\/b> Design dur\u00e1vel que se molda com o calor das m\u00e3os e resiste ao uso repetido.<\/p>\n<\/li>\n<\/ul>","protected":false},"featured_media":6198,"comment_status":"closed","ping_status":"closed","template":"","meta":[],"product_brand":[],"product_cat":[121],"product_tag":[],"class_list":{"0":"post-6196","1":"product","2":"type-product","3":"status-publish","4":"has-post-thumbnail","6":"product_cat-promotional-merchandise","8":"first","9":"instock","10":"shipping-taxable","11":"purchasable","12":"product-type-simple"},"_links":{"self":[{"href":"https:\/\/displayproducts.eu\/pt\/wp-json\/wp\/v2\/product\/6196","targetHints":{"allow":["GET"]}}],"collection":[{"href":"https:\/\/displayproducts.eu\/pt\/wp-json\/wp\/v2\/product"}],"about":[{"href":"https:\/\/displayproducts.eu\/pt\/wp-json\/wp\/v2\/types\/product"}],"replies":[{"embeddable":true,"href":"https:\/\/displayproducts.eu\/pt\/wp-json\/wp\/v2\/comments?post=6196"}],"wp:featuredmedia":[{"embeddable":true,"href":"https:\/\/displayproducts.eu\/pt\/wp-json\/wp\/v2\/media\/6198"}],"wp:attachment":[{"href":"https:\/\/displayproducts.eu\/pt\/wp-json\/wp\/v2\/media?parent=6196"}],"wp:term":[{"taxonomy":"product_brand","embeddable":true,"href":"https:\/\/displayproducts.eu\/pt\/wp-json\/wp\/v2\/product_brand?post=6196"},{"taxonomy":"product_cat","embeddable":true,"href":"https:\/\/displayproducts.eu\/pt\/wp-json\/wp\/v2\/product_cat?post=6196"},{"taxonomy":"product_tag","embeddable":true,"href":"https:\/\/displayproducts.eu\/pt\/wp-json\/wp\/v2\/product_tag?post=6196"}],"curies":[{"name":"wp","href":"https:\/\/api.w.org\/{rel}","templated":true}]}}