{"id":6193,"date":"2025-12-20T16:56:00","date_gmt":"2025-12-20T13:56:00","guid":{"rendered":"https:\/\/wristbandfactory.eu\/?post_type=product&#038;p=6193"},"modified":"2026-04-01T21:52:34","modified_gmt":"2026-04-01T18:52:34","slug":"plantable-id-cards-with-linden-seeds-personalized","status":"publish","type":"product","link":"https:\/\/displayproducts.eu\/pt\/p\/plantable-id-cards-with-linden-seeds-personalized\/","title":{"rendered":"Crach\u00e1s plant\u00e1veis"},"content":{"rendered":"<p data-path-to-node=\"12\">Transforme a credencial do seu evento em uma declara\u00e7\u00e3o de sustentabilidade com o nosso servi\u00e7o. <b data-path-to-node=\"12\" data-index-in-node=\"92\">Cart\u00f5es de identifica\u00e7\u00e3o plant\u00e1veis com sementes de t\u00edlia<\/b>. Ao contr\u00e1rio dos crach\u00e1s comuns de pl\u00e1stico ou papel, estes cart\u00f5es inovadores apresentam um toque ecol\u00f3gico \u00fanico: um pequeno recipiente biodegrad\u00e1vel de MDF preso na frente, contendo uma \u00e1rvore de t\u00edlia de verdade (<i data-path-to-node=\"12\" data-index-in-node=\"310\">Tilia<\/i>) sementes.<\/p>\n<p data-path-to-node=\"13\">Fabricados com papel impregnado de alta qualidade, estes cart\u00f5es s\u00e3o projetados para resistir ao desgaste de confer\u00eancias ou festivais de v\u00e1rios dias, mantendo-se totalmente biodegrad\u00e1veis. Ap\u00f3s o evento, os participantes podem plantar o cart\u00e3o inteiro em um jardim ou parque, onde as sementes germinar\u00e3o e se transformar\u00e3o em \u00e1rvores \u2014 deixando um legado ecol\u00f3gico positivo e duradouro muito depois do t\u00e9rmino do evento.<\/p>\n<h2 data-path-to-node=\"14\">Principais caracter\u00edsticas<\/h2>\n<ul data-path-to-node=\"15\">\n<li>\n<p data-path-to-node=\"15,0,0\"><b data-path-to-node=\"15,0,0\" data-index-in-node=\"0\">Impress\u00e3o de Dados Vari\u00e1veis (VDP):<\/b> Podemos imprimir os nomes individuais dos participantes, c\u00f3digos QR ou n\u00fameros de assento diretamente em cada cart\u00e3o, tornando cada crach\u00e1 \u00fanico e pronto para distribui\u00e7\u00e3o.<\/p>\n<\/li>\n<li>\n<p data-path-to-node=\"15,1,0\"><b data-path-to-node=\"15,1,0\" data-index-in-node=\"0\">Recipiente inovador para sementes:<\/b> As sementes s\u00e3o armazenadas em uma c\u00e1psula decorativa de MDF na frente do cart\u00e3o, criando um ponto de discuss\u00e3o visual imediato sobre sustentabilidade.<\/p>\n<\/li>\n<li>\n<p data-path-to-node=\"15,2,0\"><b data-path-to-node=\"15,2,0\" data-index-in-node=\"0\">Identidade visual em cores:<\/b> A impress\u00e3o CMYK de alta resolu\u00e7\u00e3o est\u00e1 dispon\u00edvel tanto na frente (4+0) quanto no verso (4+4) para exibir a identidade visual do seu evento de forma vibrante.<\/p>\n<\/li>\n<li>\n<p data-path-to-node=\"15,3,0\"><b data-path-to-node=\"15,3,0\" data-index-in-node=\"0\">Valor educativo:<\/b> Instru\u00e7\u00f5es claras de plantio est\u00e3o impressas no verso, orientando o usu\u00e1rio sobre como transformar seu cart\u00e3o de identifica\u00e7\u00e3o em uma \u00e1rvore.<\/p>\n<\/li>\n<\/ul>\n<h2 data-path-to-node=\"16\">Especifica\u00e7\u00f5es<\/h2>\n<ul data-path-to-node=\"17\">\n<li>\n<p data-path-to-node=\"17,0,0\"><b data-path-to-node=\"17,0,0\" data-index-in-node=\"0\">Dimens\u00f5es:<\/b> 60 mm x 90 mm.<\/p>\n<\/li>\n<li>\n<p data-path-to-node=\"17,1,0\"><b data-path-to-node=\"17,1,0\" data-index-in-node=\"0\">Material:<\/b> Papel impregnado (biodegrad\u00e1vel) + recipiente para sementes em MDF.<\/p>\n<\/li>\n<li>\n<p data-path-to-node=\"17,2,0\"><b data-path-to-node=\"17,2,0\" data-index-in-node=\"0\">Tipo de semente:<\/b> T\u00edlia (<i data-path-to-node=\"17,2,0\" data-index-in-node=\"24\">Tilia<\/i>).<\/p>\n<\/li>\n<li>\n<p data-path-to-node=\"17,3,0\"><b data-path-to-node=\"17,3,0\" data-index-in-node=\"0\">Orienta\u00e7\u00e3o:<\/b> Op\u00e7\u00f5es dispon\u00edveis na vertical ou na horizontal.<\/p>\n<\/li>\n<li>\n<p data-path-to-node=\"17,4,0\"><b data-path-to-node=\"17,4,0\" data-index-in-node=\"0\">Impress\u00e3o:<\/b> CMYK digital (compat\u00edvel com dados vari\u00e1veis).<\/p>\n<\/li>\n<li>\n<p data-path-to-node=\"17,5,0\"><b data-path-to-node=\"17,5,0\" data-index-in-node=\"0\">Tempo de produ\u00e7\u00e3o:<\/b> Aproximadamente 2 semanas ap\u00f3s a aprova\u00e7\u00e3o.<\/p>\n<\/li>\n<li>\n<p data-path-to-node=\"17,6,0\"><b data-path-to-node=\"17,6,0\" data-index-in-node=\"0\">Quantidade m\u00ednima de encomenda:<\/b> 100 unidades.<\/p>\n<\/li>\n<\/ul>\n<h2 data-path-to-node=\"18\">Casos de uso<\/h2>\n<ul data-path-to-node=\"19\">\n<li>\n<p data-path-to-node=\"19,0,0\"><b data-path-to-node=\"19,0,0\" data-index-in-node=\"0\">Confer\u00eancias Sustent\u00e1veis:<\/b> O selo \u201cverde\u201d definitivo para c\u00fapulas ambientais e f\u00f3runs clim\u00e1ticos.<\/p>\n<\/li>\n<li>\n<p data-path-to-node=\"19,1,0\"><b data-path-to-node=\"19,1,0\" data-index-in-node=\"0\">Eventos de Responsabilidade Social Corporativa:<\/b> Demonstre o compromisso da sua empresa com o meio ambiente com emblemas que contribuem para a preserva\u00e7\u00e3o da natureza.<\/p>\n<\/li>\n<li>\n<p data-path-to-node=\"19,2,0\"><b data-path-to-node=\"19,2,0\" data-index-in-node=\"0\">Festivais da Natureza:<\/b> Ideal para eventos ao ar livre onde o desperd\u00edcio de pl\u00e1stico \u00e9 estritamente minimizado.<\/p>\n<\/li>\n<li>\n<p data-path-to-node=\"19,3,0\"><b data-path-to-node=\"19,3,0\" data-index-in-node=\"0\">Convites VIP:<\/b> Tamb\u00e9m podem ser usados como convites sofisticados e plant\u00e1veis para eventos de gala exclusivos.<\/p>\n<\/li>\n<\/ul>","protected":false},"excerpt":{"rendered":"<ul data-path-to-node=\"11\">\n<li>\n<p data-path-to-node=\"11,0,0\"><b data-path-to-node=\"11,0,0\" data-index-in-node=\"0\">Recurso ecol\u00f3gico:<\/b> Cart\u00e3o de papel impregnado com um recipiente vis\u00edvel em MDF contendo sementes verdadeiras de t\u00edlia.<\/p>\n<\/li>\n<li>\n<p data-path-to-node=\"11,1,0\"><b data-path-to-node=\"11,1,0\" data-index-in-node=\"0\">Personaliza\u00e7\u00e3o:<\/b> Suporta Impress\u00e3o de Dados Vari\u00e1veis (VDP) \u2013 imprima nomes, c\u00f3digos ou t\u00edtulos individuais dos participantes em cada cart\u00e3o.<\/p>\n<\/li>\n<li>\n<p data-path-to-node=\"11,2,0\"><b data-path-to-node=\"11,2,0\" data-index-in-node=\"0\">Projeto:<\/b> Impress\u00e3o colorida CMYK (frente e verso ou apenas um lado) com instru\u00e7\u00f5es de plantio no verso.<\/p>\n<\/li>\n<li>\n<p data-path-to-node=\"11,3,0\"><b data-path-to-node=\"11,3,0\" data-index-in-node=\"0\">Formatar:<\/b> Tamanho padr\u00e3o de 60 x 90 mm, dispon\u00edvel na orienta\u00e7\u00e3o vertical ou horizontal.<\/p>\n<\/li>\n<\/ul>","protected":false},"featured_media":6293,"comment_status":"closed","ping_status":"closed","template":"","meta":[],"product_brand":[],"product_cat":[90,91],"product_tag":[],"class_list":{"0":"post-6193","1":"product","2":"type-product","3":"status-publish","4":"has-post-thumbnail","6":"product_cat-laminated-cards","7":"product_cat-badge-holders","9":"first","10":"instock","11":"shipping-taxable","12":"purchasable","13":"product-type-simple"},"_links":{"self":[{"href":"https:\/\/displayproducts.eu\/pt\/wp-json\/wp\/v2\/product\/6193","targetHints":{"allow":["GET"]}}],"collection":[{"href":"https:\/\/displayproducts.eu\/pt\/wp-json\/wp\/v2\/product"}],"about":[{"href":"https:\/\/displayproducts.eu\/pt\/wp-json\/wp\/v2\/types\/product"}],"replies":[{"embeddable":true,"href":"https:\/\/displayproducts.eu\/pt\/wp-json\/wp\/v2\/comments?post=6193"}],"wp:featuredmedia":[{"embeddable":true,"href":"https:\/\/displayproducts.eu\/pt\/wp-json\/wp\/v2\/media\/6293"}],"wp:attachment":[{"href":"https:\/\/displayproducts.eu\/pt\/wp-json\/wp\/v2\/media?parent=6193"}],"wp:term":[{"taxonomy":"product_brand","embeddable":true,"href":"https:\/\/displayproducts.eu\/pt\/wp-json\/wp\/v2\/product_brand?post=6193"},{"taxonomy":"product_cat","embeddable":true,"href":"https:\/\/displayproducts.eu\/pt\/wp-json\/wp\/v2\/product_cat?post=6193"},{"taxonomy":"product_tag","embeddable":true,"href":"https:\/\/displayproducts.eu\/pt\/wp-json\/wp\/v2\/product_tag?post=6193"}],"curies":[{"name":"wp","href":"https:\/\/api.w.org\/{rel}","templated":true}]}}