{"id":6191,"date":"2025-12-20T16:49:13","date_gmt":"2025-12-20T13:49:13","guid":{"rendered":"https:\/\/wristbandfactory.eu\/?post_type=product&#038;p=6191"},"modified":"2026-04-01T21:52:34","modified_gmt":"2026-04-01T18:52:34","slug":"custom-wooden-id-cards-event-badges-eco-plywood","status":"publish","type":"product","link":"https:\/\/displayproducts.eu\/pt\/p\/custom-wooden-id-cards-event-badges-eco-plywood\/","title":{"rendered":"Crach\u00e1s de madeira"},"content":{"rendered":"<p data-path-to-node=\"12\">Destaque-se com o nosso <b data-path-to-node=\"12\" data-index-in-node=\"44\">Cart\u00f5es de identifica\u00e7\u00e3o de madeira personalizados<\/b>, Uma alternativa sofisticada e sustent\u00e1vel aos crach\u00e1s tradicionais de PVC. Fabricados em madeira compensada de alta qualidade com 3 mm de espessura, esses cart\u00f5es oferecem uma est\u00e9tica natural e profissional que se alinha perfeitamente aos valores ecol\u00f3gicos da marca.<\/p>\n<p data-path-to-node=\"13\">Ideais para confer\u00eancias, eventos VIP e identifica\u00e7\u00e3o corporativa, cada cart\u00e3o apresenta um padr\u00e3o de madeira distinto, tornando cada pe\u00e7a \u00fanica. Os cart\u00f5es s\u00e3o leves, por\u00e9m resistentes o suficiente para eventos com dura\u00e7\u00e3o de v\u00e1rios dias.<\/p>\n<p data-path-to-node=\"14\"><b data-path-to-node=\"14\" data-index-in-node=\"0\">Impress\u00e3o e Acabamento:<\/b> Oferecemos impress\u00e3o colorida vibrante para exibir seu logotipo, nomes dos participantes ou c\u00f3digos QR.<\/p>\n<ul data-path-to-node=\"15\">\n<li>\n<p data-path-to-node=\"15,0,0\"><b data-path-to-node=\"15,0,0\" data-index-in-node=\"0\">Acabamento padr\u00e3o:<\/b> Os cart\u00f5es v\u00eam envernizados em um dos lados como padr\u00e3o para proteger a superf\u00edcie e a impress\u00e3o.<\/p>\n<\/li>\n<li>\n<p data-path-to-node=\"15,1,0\"><b data-path-to-node=\"15,1,0\" data-index-in-node=\"0\">Op\u00e7\u00e3o de dupla face:<\/b> Para impress\u00e3o frente e verso, recomendamos fortemente a aplica\u00e7\u00e3o de verniz no segundo lado para evitar o desbotamento e o desgaste das cores (dispon\u00edvel como um opcional).<\/p>\n<\/li>\n<\/ul>\n<h2 data-path-to-node=\"16\">Principais caracter\u00edsticas<\/h2>\n<ul data-path-to-node=\"17\">\n<li>\n<p data-path-to-node=\"17,0,0\"><b data-path-to-node=\"17,0,0\" data-index-in-node=\"0\">Est\u00e9tica Natural:<\/b> A textura amadeirada e aconchegante proporciona uma apar\u00eancia e um toque sofisticados que o pl\u00e1stico n\u00e3o consegue igualar.<\/p>\n<\/li>\n<li>\n<p data-path-to-node=\"17,1,0\"><b data-path-to-node=\"17,1,0\" data-index-in-node=\"0\">Personaliza\u00e7\u00e3o completa:<\/b> Suporta impress\u00e3o digital a cores em um ou ambos os lados.<\/p>\n<\/li>\n<li>\n<p data-path-to-node=\"17,2,0\"><b data-path-to-node=\"17,2,0\" data-index-in-node=\"0\">Durabilidade:<\/b> Tratado com um verniz protetor para resistir \u00e0 umidade e ao desgaste di\u00e1rio.<\/p>\n<\/li>\n<li>\n<p data-path-to-node=\"17,3,0\"><b data-path-to-node=\"17,3,0\" data-index-in-node=\"0\">Ajuste universal:<\/b> Inclui um furo pr\u00e9-perfurado (tamanho padr\u00e3o) para f\u00e1cil fixa\u00e7\u00e3o a qualquer cord\u00e3o ou clipe.<\/p>\n<\/li>\n<li>\n<p data-path-to-node=\"17,4,0\"><b data-path-to-node=\"17,4,0\" data-index-in-node=\"0\">Escolha Sustent\u00e1vel:<\/b> Fabricado a partir de fontes de madeira renov\u00e1veis, reduzindo a pegada de pl\u00e1stico do seu evento.<\/p>\n<\/li>\n<\/ul>\n<h2 data-path-to-node=\"18\">Especifica\u00e7\u00f5es<\/h2>\n<ul data-path-to-node=\"19\">\n<li>\n<p data-path-to-node=\"19,0,0\"><b data-path-to-node=\"19,0,0\" data-index-in-node=\"0\">Dimens\u00f5es:<\/b> 100 mm x 50 mm x 3 mm.<\/p>\n<\/li>\n<li>\n<p data-path-to-node=\"19,1,0\"><b data-path-to-node=\"19,1,0\" data-index-in-node=\"0\">Material:<\/b> Compensado natural.<\/p>\n<\/li>\n<li>\n<p data-path-to-node=\"19,2,0\"><b data-path-to-node=\"19,2,0\" data-index-in-node=\"0\">Peso:<\/b> Ultraleve para um uso confort\u00e1vel.<\/p>\n<\/li>\n<li>\n<p data-path-to-node=\"19,3,0\"><b data-path-to-node=\"19,3,0\" data-index-in-node=\"0\">Perfurador de papel:<\/b> Orif\u00edcio superior centralizado (geralmente redondo ou oblongo, padr\u00e3o).<\/p>\n<\/li>\n<li>\n<p data-path-to-node=\"19,4,0\"><b data-path-to-node=\"19,4,0\" data-index-in-node=\"0\">Quantidade m\u00ednima de encomenda:<\/b> 100 unidades.<\/p>\n<\/li>\n<\/ul>\n<h2 data-path-to-node=\"20\">Casos de uso<\/h2>\n<ul data-path-to-node=\"21\">\n<li>\n<p data-path-to-node=\"21,0,0\"><b data-path-to-node=\"21,0,0\" data-index-in-node=\"0\">Confer\u00eancias Verdes:<\/b> O acess\u00f3rio perfeito para c\u00fapulas focadas em sustentabilidade.<\/p>\n<\/li>\n<li>\n<p data-path-to-node=\"21,1,0\"><b data-path-to-node=\"21,1,0\" data-index-in-node=\"0\">Passes VIP:<\/b> Acesso exclusivo aos bastidores ou passes especiais para convidados, com um toque de alto valor.<\/p>\n<\/li>\n<li>\n<p data-path-to-node=\"21,2,0\"><b data-path-to-node=\"21,2,0\" data-index-in-node=\"0\">ID do funcion\u00e1rio:<\/b> Identifica\u00e7\u00e3o di\u00e1ria dur\u00e1vel e elegante para empresas ecologicamente respons\u00e1veis.<\/p>\n<\/li>\n<li>\n<p data-path-to-node=\"21,3,0\"><b data-path-to-node=\"21,3,0\" data-index-in-node=\"0\">Brindes corporativos:<\/b> Podem ser usadas como etiquetas de bagagem ou lembrancinhas.<\/p>\n<\/li>\n<\/ul>","protected":false},"excerpt":{"rendered":"<ul>\n<li>\n<p data-path-to-node=\"11,0,0\"><b data-path-to-node=\"11,0,0\" data-index-in-node=\"0\">Material:<\/b> Compensado de alta qualidade de 3 mm (acabamento natural).<\/p>\n<\/li>\n<li>\n<p data-path-to-node=\"11,1,0\"><b data-path-to-node=\"11,1,0\" data-index-in-node=\"0\">Dimens\u00f5es:<\/b> 10 cm x 5 cm (Leve e dur\u00e1vel).<\/p>\n<\/li>\n<li>\n<p data-path-to-node=\"11,2,0\"><b data-path-to-node=\"11,2,0\" data-index-in-node=\"0\">Prote\u00e7\u00e3o:<\/b> Verniz padr\u00e3o em um dos lados para maior durabilidade (opcional: dupla face).<\/p>\n<\/li>\n<li>\n<p data-path-to-node=\"11,3,0\"><b data-path-to-node=\"11,3,0\" data-index-in-node=\"0\">Anexo:<\/b> Orif\u00edcio pr\u00e9-perfurado compat\u00edvel com todos os cord\u00f5es de seguran\u00e7a padr\u00e3o.<\/p>\n<\/li>\n<li>\n<p data-path-to-node=\"11,4,0\"><b data-path-to-node=\"11,4,0\" data-index-in-node=\"0\">Ecol\u00f3gico:<\/b> Uma alternativa biodegrad\u00e1vel e livre de pl\u00e1stico para eventos ecol\u00f3gicos.<\/p>\n<\/li>\n<\/ul>","protected":false},"featured_media":6192,"comment_status":"closed","ping_status":"closed","template":"","meta":[],"product_brand":[],"product_cat":[91],"product_tag":[],"class_list":{"0":"post-6191","1":"product","2":"type-product","3":"status-publish","4":"has-post-thumbnail","6":"product_cat-badge-holders","8":"first","9":"instock","10":"shipping-taxable","11":"purchasable","12":"product-type-simple"},"_links":{"self":[{"href":"https:\/\/displayproducts.eu\/pt\/wp-json\/wp\/v2\/product\/6191","targetHints":{"allow":["GET"]}}],"collection":[{"href":"https:\/\/displayproducts.eu\/pt\/wp-json\/wp\/v2\/product"}],"about":[{"href":"https:\/\/displayproducts.eu\/pt\/wp-json\/wp\/v2\/types\/product"}],"replies":[{"embeddable":true,"href":"https:\/\/displayproducts.eu\/pt\/wp-json\/wp\/v2\/comments?post=6191"}],"wp:featuredmedia":[{"embeddable":true,"href":"https:\/\/displayproducts.eu\/pt\/wp-json\/wp\/v2\/media\/6192"}],"wp:attachment":[{"href":"https:\/\/displayproducts.eu\/pt\/wp-json\/wp\/v2\/media?parent=6191"}],"wp:term":[{"taxonomy":"product_brand","embeddable":true,"href":"https:\/\/displayproducts.eu\/pt\/wp-json\/wp\/v2\/product_brand?post=6191"},{"taxonomy":"product_cat","embeddable":true,"href":"https:\/\/displayproducts.eu\/pt\/wp-json\/wp\/v2\/product_cat?post=6191"},{"taxonomy":"product_tag","embeddable":true,"href":"https:\/\/displayproducts.eu\/pt\/wp-json\/wp\/v2\/product_tag?post=6191"}],"curies":[{"name":"wp","href":"https:\/\/api.w.org\/{rel}","templated":true}]}}