{"id":6189,"date":"2025-12-20T16:39:31","date_gmt":"2025-12-20T13:39:31","guid":{"rendered":"https:\/\/wristbandfactory.eu\/?post_type=product&#038;p=6189"},"modified":"2026-04-01T21:52:03","modified_gmt":"2026-04-01T18:52:03","slug":"custom-antibacterial-hand-surface-spray-20ml","status":"publish","type":"product","link":"https:\/\/displayproducts.eu\/pt\/p\/custom-antibacterial-hand-surface-spray-20ml\/","title":{"rendered":"Spray antibacteriano para m\u00e3os e superf\u00edcies"},"content":{"rendered":"<p data-path-to-node=\"12\">Proteja sua equipe e seus clientes com nosso servi\u00e7o premium. <b data-path-to-node=\"12\" data-index-in-node=\"66\">Spray antibacteriano personalizado para m\u00e3os e superf\u00edcies<\/b>. Ao contr\u00e1rio dos desinfetantes agressivos \u00e0 base de \u00e1lcool, esta f\u00f3rmula avan\u00e7ada \u00e0 base de \u00e1gua foi desenvolvida para proteger sem ressecar a pele. Ela oferece dupla fun\u00e7\u00e3o: higieniza\u00e7\u00e3o eficaz das m\u00e3os e limpeza segura de objetos pessoais de uso frequente, como smartphones, teclados e tablets.<\/p>\n<p data-path-to-node=\"13\">O design compacto de 20 ml torna este produto o item promocional perfeito para o dia a dia. Seja no bolso, na bolsa ou na mesa, ele oferece prote\u00e7\u00e3o duradoura com at\u00e9 225 aplica\u00e7\u00f5es por unidade. Personalizar este item essencial de higiene associa sua empresa a cuidado, bem-estar e praticidade.<\/p>\n<h2 data-path-to-node=\"14\">Principais caracter\u00edsticas<\/h2>\n<ul data-path-to-node=\"15\">\n<li>\n<p data-path-to-node=\"15,0,0\"><b data-path-to-node=\"15,0,0\" data-index-in-node=\"0\">Prote\u00e7\u00e3o que respeita a pele:<\/b> Enriquecido com <b data-path-to-node=\"15,0,0\" data-index-in-node=\"40\">Aloe Vera<\/b> e <b data-path-to-node=\"15,0,0\" data-index-in-node=\"54\">Vitamina B5<\/b>, mantendo as m\u00e3os macias e hidratadas mesmo com uso frequente.<\/p>\n<\/li>\n<li>\n<p data-path-to-node=\"15,1,0\"><b data-path-to-node=\"15,1,0\" data-index-in-node=\"0\">Limpeza segura para dispositivos eletr\u00f4nicos:<\/b> A f\u00f3rmula antiest\u00e1tica \u00e9 segura para eletr\u00f4nicos, removendo eficazmente impress\u00f5es digitais e bact\u00e9rias das telas sem danific\u00e1-las.<\/p>\n<\/li>\n<li>\n<p data-path-to-node=\"15,2,0\"><b data-path-to-node=\"15,2,0\" data-index-in-node=\"0\">Alta efici\u00eancia:<\/b> Elimina 99,99% de bact\u00e9rias gra\u00e7as a ingredientes ativos como o \u00e1cido l\u00e1tico e o DDAC (cloreto de didecildimetilam\u00f4nio).<\/p>\n<\/li>\n<li>\n<p data-path-to-node=\"15,3,0\"><b data-path-to-node=\"15,3,0\" data-index-in-node=\"0\">Sensa\u00e7\u00e3o n\u00e3o pegajosa:<\/b> Absorve rapidamente e n\u00e3o deixa res\u00edduos pegajosos, ao contr\u00e1rio das alternativas em gel.<\/p>\n<\/li>\n<li>\n<p data-path-to-node=\"15,4,0\"><b data-path-to-node=\"15,4,0\" data-index-in-node=\"0\">Ecoconsciente:<\/b> A f\u00f3rmula \u00e0 base de \u00e1gua com biopol\u00edmeros reduz as emiss\u00f5es de subst\u00e2ncias qu\u00edmicas vol\u00e1teis em compara\u00e7\u00e3o com os sprays com alto teor de \u00e1lcool.<\/p>\n<\/li>\n<\/ul>\n<h2 data-path-to-node=\"16\">Especifica\u00e7\u00f5es<\/h2>\n<ul data-path-to-node=\"17\">\n<li>\n<p data-path-to-node=\"17,0,0\"><b data-path-to-node=\"17,0,0\" data-index-in-node=\"0\">Volume:<\/b> 20 ml (aproximadamente 225 borrifadas).<\/p>\n<\/li>\n<li>\n<p data-path-to-node=\"17,1,0\"><b data-path-to-node=\"17,1,0\" data-index-in-node=\"0\">Ingredientes ativos:<\/b> \u00c1cido l\u00e1tico, cloreto de didecildimetilam\u00f4nio (DDAC).<\/p>\n<\/li>\n<li>\n<p data-path-to-node=\"17,2,0\"><b data-path-to-node=\"17,2,0\" data-index-in-node=\"0\">Aditivos para cuidados:<\/b> Aloe vera, vitamina B5, biopol\u00edmeros.<\/p>\n<\/li>\n<li>\n<p data-path-to-node=\"17,3,0\"><b data-path-to-node=\"17,3,0\" data-index-in-node=\"0\">Base:<\/b> \u00c1gua purificada (\u00e0 base de \u00e1gua).<\/p>\n<\/li>\n<li>\n<p data-path-to-node=\"17,4,0\"><b data-path-to-node=\"17,4,0\" data-index-in-node=\"0\">Aplicativo:<\/b> M\u00e3os, superf\u00edcies duras, eletr\u00f4nicos (telas).<\/p>\n<\/li>\n<li>\n<p data-path-to-node=\"17,5,0\"><b data-path-to-node=\"17,5,0\" data-index-in-node=\"0\">Personaliza\u00e7\u00e3o:<\/b> Impress\u00e3o digital colorida na etiqueta ou tampografia na embalagem.<\/p>\n<\/li>\n<li>\n<p data-path-to-node=\"17,6,0\"><b data-path-to-node=\"17,6,0\" data-index-in-node=\"0\">Quantidade m\u00ednima de encomenda:<\/b> 100 unidades.<\/p>\n<\/li>\n<\/ul>\n<h2 data-path-to-node=\"18\">Casos de uso<\/h2>\n<ul data-path-to-node=\"19\">\n<li>\n<p data-path-to-node=\"19,0,0\"><b data-path-to-node=\"19,0,0\" data-index-in-node=\"0\">Kits de boas-vindas corporativos:<\/b> Um complemento atencioso aos pacotes de integra\u00e7\u00e3o de funcion\u00e1rios, voltado para a higiene do escrit\u00f3rio.<\/p>\n<\/li>\n<li>\n<p data-path-to-node=\"19,1,0\"><b data-path-to-node=\"19,1,0\" data-index-in-node=\"0\">Confer\u00eancias de Tecnologia:<\/b> O brinde perfeito para eventos de TI, destacando a fun\u00e7\u00e3o de &quot;limpador de tela&quot;.<\/p>\n<\/li>\n<li>\n<p data-path-to-node=\"19,2,0\"><b data-path-to-node=\"19,2,0\" data-index-in-node=\"0\">Viagens e hotelaria:<\/b> Uma cortesia \u00fatil para ag\u00eancias de viagens ou hot\u00e9is oferecerem aos h\u00f3spedes.<\/p>\n<\/li>\n<li>\n<p data-path-to-node=\"19,3,0\"><b data-path-to-node=\"19,3,0\" data-index-in-node=\"0\">Campanhas de bem-estar:<\/b> Promove a sa\u00fade e a seguran\u00e7a durante as \u00e9pocas de gripe.<\/p>\n<\/li>\n<\/ul>","protected":false},"excerpt":{"rendered":"<ul>\n<li>\n<p data-path-to-node=\"11,0,0\"><b data-path-to-node=\"11,0,0\" data-index-in-node=\"0\">F\u00f3rmula:<\/b> \u00c0 base de \u00e1gua, enriquecida com vitamina B5, aloe vera e biopol\u00edmeros.<\/p>\n<\/li>\n<li>\n<p data-path-to-node=\"11,1,0\"><b data-path-to-node=\"11,1,0\" data-index-in-node=\"0\">A\u00e7\u00e3o dupla:<\/b> Elimina 99,991 TP4T de bact\u00e9rias nas m\u00e3os e limpa superf\u00edcies (telefones, telas).<\/p>\n<\/li>\n<li>\n<p data-path-to-node=\"11,2,0\"><b data-path-to-node=\"11,2,0\" data-index-in-node=\"0\">Cofre para eletr\u00f4nicos:<\/b> As propriedades antiest\u00e1ticas tornam-no ideal para a limpeza de telas sens\u00edveis ao toque.<\/p>\n<\/li>\n<li>\n<p data-path-to-node=\"11,3,0\"><b data-path-to-node=\"11,3,0\" data-index-in-node=\"0\">Efici\u00eancia:<\/b> O frasco de bolso de 20ml rende aproximadamente 225 borrifadas.<\/p>\n<\/li>\n<\/ul>","protected":false},"featured_media":6190,"comment_status":"closed","ping_status":"closed","template":"","meta":[],"product_brand":[],"product_cat":[68,121],"product_tag":[],"class_list":{"0":"post-6189","1":"product","2":"type-product","3":"status-publish","4":"has-post-thumbnail","6":"product_cat-event-supplies","7":"product_cat-promotional-merchandise","9":"first","10":"instock","11":"shipping-taxable","12":"purchasable","13":"product-type-simple"},"_links":{"self":[{"href":"https:\/\/displayproducts.eu\/pt\/wp-json\/wp\/v2\/product\/6189","targetHints":{"allow":["GET"]}}],"collection":[{"href":"https:\/\/displayproducts.eu\/pt\/wp-json\/wp\/v2\/product"}],"about":[{"href":"https:\/\/displayproducts.eu\/pt\/wp-json\/wp\/v2\/types\/product"}],"replies":[{"embeddable":true,"href":"https:\/\/displayproducts.eu\/pt\/wp-json\/wp\/v2\/comments?post=6189"}],"wp:featuredmedia":[{"embeddable":true,"href":"https:\/\/displayproducts.eu\/pt\/wp-json\/wp\/v2\/media\/6190"}],"wp:attachment":[{"href":"https:\/\/displayproducts.eu\/pt\/wp-json\/wp\/v2\/media?parent=6189"}],"wp:term":[{"taxonomy":"product_brand","embeddable":true,"href":"https:\/\/displayproducts.eu\/pt\/wp-json\/wp\/v2\/product_brand?post=6189"},{"taxonomy":"product_cat","embeddable":true,"href":"https:\/\/displayproducts.eu\/pt\/wp-json\/wp\/v2\/product_cat?post=6189"},{"taxonomy":"product_tag","embeddable":true,"href":"https:\/\/displayproducts.eu\/pt\/wp-json\/wp\/v2\/product_tag?post=6189"}],"curies":[{"name":"wp","href":"https:\/\/api.w.org\/{rel}","templated":true}]}}