{"id":6179,"date":"2025-12-20T16:26:50","date_gmt":"2025-12-20T13:26:50","guid":{"rendered":"https:\/\/wristbandfactory.eu\/?post_type=product&#038;p=6179"},"modified":"2026-04-01T21:52:03","modified_gmt":"2026-04-01T18:52:03","slug":"custom-branded-plant-growing-kits-green-gifts","status":"publish","type":"product","link":"https:\/\/displayproducts.eu\/pt\/p\/custom-branded-plant-growing-kits-green-gifts\/","title":{"rendered":"Kits de cultivo personalizados"},"content":{"rendered":"<p data-path-to-node=\"12\">Traga a natureza para o escrit\u00f3rio ou para casa com a nossa gama vers\u00e1til de produtos. <b data-path-to-node=\"12\" data-index-in-node=\"90\">Kits de cultivo de plantas personalizados com a sua marca<\/b>. Esses &quot;Brindes Ecol\u00f3gicos&quot; s\u00e3o os produtos promocionais perfeitos para empresas que desejam enfatizar a sustentabilidade, o bem-estar e o crescimento. Seja para campanhas do Dia da Terra, presentes de reconhecimento de funcion\u00e1rios ou brindes em eventos ecologicamente conscientes, uma planta viva deixa uma impress\u00e3o duradoura.<\/p>\n<p data-path-to-node=\"13\">Oferecemos uma ampla variedade de formatos para atender a qualquer or\u00e7amento ou estilo. Desde conjuntos de cer\u00e2mica premium que ficam \u00f3timos em um parapeito de janela at\u00e9 kits compactos de Bio-PET para distribui\u00e7\u00e3o em massa, todos os conjuntos v\u00eam prontos para o cultivo, com terra e sementes inclusas.<\/p>\n<h2 data-path-to-node=\"14\">Configura\u00e7\u00f5es dispon\u00edveis<\/h2>\n<p data-path-to-node=\"15\">Voc\u00ea pode combinar diferentes estilos ou selecionar modelos espec\u00edficos da nossa cole\u00e7\u00e3o:<\/p>\n<ul data-path-to-node=\"16\">\n<li>\n<p data-path-to-node=\"16,0,0\"><b data-path-to-node=\"16,0,0\" data-index-in-node=\"0\">Conjuntos de vasos de cer\u00e2mica:<\/b> Dispon\u00edvel em um conjunto padr\u00e3o de 3 pe\u00e7as ou em um impressionante conjunto &quot;XXL&quot;. Com um visual sofisticado, \u00e9 ideal para presentes executivos.<\/p>\n<\/li>\n<li>\n<p data-path-to-node=\"16,1,0\"><b data-path-to-node=\"16,1,0\" data-index-in-node=\"0\">Kits EcoCup e Bio-PET:<\/b> Recipientes leves e sustent\u00e1veis, feitos de materiais reciclados ou biopl\u00e1sticos. Perfeitos para envios postais e eventos.<\/p>\n<\/li>\n<li>\n<p data-path-to-node=\"16,2,0\"><b data-path-to-node=\"16,2,0\" data-index-in-node=\"0\">Mistura de sementes antipolui\u00e7\u00e3o:<\/b> Misturas especiais de sementes desenvolvidas para purificar o ar, embaladas em recipientes ecol\u00f3gicos.<\/p>\n<\/li>\n<li>\n<p data-path-to-node=\"16,3,0\"><b data-path-to-node=\"16,3,0\" data-index-in-node=\"0\">Buqu\u00eas de frascos:<\/b> Um conceito \u00fanico de &quot;Flor em um Frasco&quot; (individual ou em pacote com 3 unidades) \u2013 uma abordagem minimalista e moderna para presentear com flores.<\/p>\n<\/li>\n<li>\n<p data-path-to-node=\"16,4,0\"><b data-path-to-node=\"16,4,0\" data-index-in-node=\"0\">Kits Mini e Duplos:<\/b> Kits individuais compactos ou caixas &quot;Dois em Um&quot; para maior variedade.<\/p>\n<\/li>\n<\/ul>\n<h2 data-path-to-node=\"17\">Principais caracter\u00edsticas<\/h2>\n<ul data-path-to-node=\"18\">\n<li>\n<p data-path-to-node=\"18,0,0\"><b data-path-to-node=\"18,0,0\" data-index-in-node=\"0\">Pronto para cultivar:<\/b> Todos os kits incluem pastilhas de solo compactado e sementes de alta qualidade (ervas, flores ou \u00e1rvores).<\/p>\n<\/li>\n<li>\n<p data-path-to-node=\"18,1,0\"><b data-path-to-node=\"18,1,0\" data-index-in-node=\"0\">\u00c1rea de Branding:<\/b> Ampla \u00e1rea de superf\u00edcie em panelas, x\u00edcaras ou embalagens para seu logotipo e mensagem.<\/p>\n<\/li>\n<li>\n<p data-path-to-node=\"18,2,0\"><b data-path-to-node=\"18,2,0\" data-index-in-node=\"0\">Mensagem sobre sustentabilidade:<\/b> Associe sua marca ao cuidado com o meio ambiente e ao crescimento positivo.<\/p>\n<\/li>\n<li>\n<p data-path-to-node=\"18,3,0\"><b data-path-to-node=\"18,3,0\" data-index-in-node=\"0\">Exposi\u00e7\u00e3o prolongada:<\/b> Ao contr\u00e1rio de um folheto, uma planta permanece em uma mesa por meses ou anos, mantendo sua marca vis\u00edvel.<\/p>\n<\/li>\n<\/ul>\n<h2 data-path-to-node=\"19\">Especifica\u00e7\u00f5es<\/h2>\n<ul data-path-to-node=\"20\">\n<li>\n<p data-path-to-node=\"20,0,0\"><b data-path-to-node=\"20,0,0\" data-index-in-node=\"0\">Op\u00e7\u00f5es de materiais:<\/b> Cer\u00e2mica, pl\u00e1stico Bio-PET, papel\/cart\u00e3o reciclado, vidro (frascos).<\/p>\n<\/li>\n<li>\n<p data-path-to-node=\"20,1,0\"><b data-path-to-node=\"20,1,0\" data-index-in-node=\"0\">Op\u00e7\u00f5es de sementes:<\/b> Manjeric\u00e3o, hortel\u00e3, salsa, girassol, mios\u00f3tis, mistura antipolui\u00e7\u00e3o e muito mais.<\/p>\n<\/li>\n<li>\n<p data-path-to-node=\"20,2,0\"><b data-path-to-node=\"20,2,0\" data-index-in-node=\"0\">Impress\u00e3o:<\/b> Impress\u00e3o por tampografia (em superf\u00edcies r\u00edgidas) ou etiqueta\/capa digital (em embalagens).<\/p>\n<\/li>\n<li>\n<p data-path-to-node=\"20,3,0\"><b data-path-to-node=\"20,3,0\" data-index-in-node=\"0\">Quantidade m\u00ednima de encomenda:<\/b> 50 unidades (varia conforme o modelo espec\u00edfico).<\/p>\n<\/li>\n<\/ul>","protected":false},"excerpt":{"rendered":"<ul data-path-to-node=\"11\">\n<li>\n<p data-path-to-node=\"11,0,0\"><b data-path-to-node=\"11,0,0\" data-index-in-node=\"0\">Variedade:<\/b> Dispon\u00edvel em cer\u00e2mica (conjunto de 3\/XXL), bio-PET, EcoCup ou frasco de vidro.<\/p>\n<\/li>\n<li>\n<p data-path-to-node=\"11,1,0\"><b data-path-to-node=\"11,1,0\" data-index-in-node=\"0\">Kit completo:<\/b> Inclui tudo o que \u00e9 necess\u00e1rio para o cultivo: vaso\/recipiente, pastilhas de substrato e sementes.<\/p>\n<\/li>\n<li>\n<p data-path-to-node=\"11,2,0\"><b data-path-to-node=\"11,2,0\" data-index-in-node=\"0\">Ecol\u00f3gico:<\/b> Materiais sustent\u00e1veis como pl\u00e1stico reciclado, cer\u00e2mica e misturas de plantas antipolui\u00e7\u00e3o.<\/p>\n<\/li>\n<li>\n<p data-path-to-node=\"11,3,0\"><b data-path-to-node=\"11,3,0\" data-index-in-node=\"0\">Personaliza\u00e7\u00e3o:<\/b> Impress\u00e3o por tampografia ou rotulagem a cores no recipiente ou na embalagem.<\/p>\n<\/li>\n<\/ul>","protected":false},"featured_media":6295,"comment_status":"closed","ping_status":"closed","template":"","meta":[],"product_brand":[],"product_cat":[121],"product_tag":[],"class_list":{"0":"post-6179","1":"product","2":"type-product","3":"status-publish","4":"has-post-thumbnail","6":"product_cat-promotional-merchandise","8":"first","9":"instock","10":"shipping-taxable","11":"purchasable","12":"product-type-simple"},"_links":{"self":[{"href":"https:\/\/displayproducts.eu\/pt\/wp-json\/wp\/v2\/product\/6179","targetHints":{"allow":["GET"]}}],"collection":[{"href":"https:\/\/displayproducts.eu\/pt\/wp-json\/wp\/v2\/product"}],"about":[{"href":"https:\/\/displayproducts.eu\/pt\/wp-json\/wp\/v2\/types\/product"}],"replies":[{"embeddable":true,"href":"https:\/\/displayproducts.eu\/pt\/wp-json\/wp\/v2\/comments?post=6179"}],"wp:featuredmedia":[{"embeddable":true,"href":"https:\/\/displayproducts.eu\/pt\/wp-json\/wp\/v2\/media\/6295"}],"wp:attachment":[{"href":"https:\/\/displayproducts.eu\/pt\/wp-json\/wp\/v2\/media?parent=6179"}],"wp:term":[{"taxonomy":"product_brand","embeddable":true,"href":"https:\/\/displayproducts.eu\/pt\/wp-json\/wp\/v2\/product_brand?post=6179"},{"taxonomy":"product_cat","embeddable":true,"href":"https:\/\/displayproducts.eu\/pt\/wp-json\/wp\/v2\/product_cat?post=6179"},{"taxonomy":"product_tag","embeddable":true,"href":"https:\/\/displayproducts.eu\/pt\/wp-json\/wp\/v2\/product_tag?post=6179"}],"curies":[{"name":"wp","href":"https:\/\/api.w.org\/{rel}","templated":true}]}}