{"id":6171,"date":"2025-12-19T22:38:05","date_gmt":"2025-12-19T19:38:05","guid":{"rendered":"https:\/\/wristbandfactory.eu\/?post_type=product&#038;p=6171"},"modified":"2026-04-01T21:52:34","modified_gmt":"2026-04-01T18:52:34","slug":"custom-handheld-led-mini-fans-battery-operated","status":"publish","type":"product","link":"https:\/\/displayproducts.eu\/pt\/p\/custom-handheld-led-mini-fans-battery-operated\/","title":{"rendered":"Mini ventiladores de m\u00e3o LED"},"content":{"rendered":"<div style=\"width: 480px;\" class=\"wp-video\"><video class=\"wp-video-shortcode\" id=\"video-6171-1\" width=\"480\" height=\"834\" preload=\"metadata\" controls=\"controls\"><source type=\"video\/mp4\" src=\"https:\/\/displayproducts.eu\/wp-content\/uploads\/2025\/12\/wedding-fan.mp4?_=1\" \/><a href=\"https:\/\/displayproducts.eu\/wp-content\/uploads\/2025\/12\/wedding-fan.mp4\">https:\/\/displayproducts.eu\/wp-content\/uploads\/2025\/12\/wedding-fan.mp4<\/a><\/video><\/div>\n<p data-path-to-node=\"10\">Transforme qualquer pista de dan\u00e7a ou evento noturno em um espet\u00e1culo luminoso com nossos leques de LED port\u00e1teis personalizados. Eles n\u00e3o s\u00e3o apenas acess\u00f3rios refrescantes; s\u00e3o adere\u00e7os visuais de alto impacto que os convidados adoram usar para fotos e redes sociais. Particularmente populares em festas p\u00f3s-casamento e festivais de m\u00fasica, esses leques combinam a eleg\u00e2ncia tradicional de um leque dobr\u00e1vel com a moderna tecnologia LED.<\/p>\n<p data-path-to-node=\"11\">Dispon\u00edveis em diversas cores de tecido (incluindo o cl\u00e1ssico branco para casamentos) e cores de LED, podem ser personalizados para combinar perfeitamente com o tema do seu evento. Seja para uma grande festa rave ou uma recep\u00e7\u00e3o de casamento intimista, esses ventiladores garantem que sua marca ou mensagem brilhe intensamente no escuro.<\/p>\n<h2 data-path-to-node=\"12\">Principais caracter\u00edsticas<\/h2>\n<ul data-path-to-node=\"13\">\n<li>\n<p data-path-to-node=\"13,0,0\"><b data-path-to-node=\"13,0,0\" data-index-in-node=\"0\">Criador de atmosfera:<\/b> Cria um efeito &quot;uau&quot; instant\u00e2neo quando as luzes se apagam.<\/p>\n<\/li>\n<li>\n<p data-path-to-node=\"13,1,0\"><b data-path-to-node=\"13,1,0\" data-index-in-node=\"0\">Grande \u00e1rea para personaliza\u00e7\u00e3o da marca:<\/b> A superf\u00edcie do tecido oferece amplo espa\u00e7o para impress\u00e3o de logotipos, hashtags ou datas de casamento.<\/p>\n<\/li>\n<li>\n<p data-path-to-node=\"13,2,0\"><b data-path-to-node=\"13,2,0\" data-index-in-node=\"0\">Amigo do usu\u00e1rio:<\/b> Opera\u00e7\u00e3o sem impress\u00e3o com um \u00fanico bot\u00e3o para alternar entre os modos de ilumina\u00e7\u00e3o.<\/p>\n<\/li>\n<li>\n<p data-path-to-node=\"13,3,0\"><b data-path-to-node=\"13,3,0\" data-index-in-node=\"0\">Constru\u00e7\u00e3o dur\u00e1vel:<\/b> Fabricado com hastes de pl\u00e1stico resistentes e tecido difusor de luz para suportar uso intenso.<\/p>\n<\/li>\n<\/ul>\n<h2 data-path-to-node=\"14\">Especifica\u00e7\u00f5es<\/h2>\n<ul data-path-to-node=\"15\">\n<li>\n<p data-path-to-node=\"15,0,0\"><b data-path-to-node=\"15,0,0\" data-index-in-node=\"0\">Material:<\/b> Hastes de pl\u00e1stico + tecido de nylon\/poli\u00e9ster com difus\u00e3o de luz.<\/p>\n<\/li>\n<li>\n<p data-path-to-node=\"15,1,0\"><b data-path-to-node=\"15,1,0\" data-index-in-node=\"0\">Tamanho:<\/b> Aproximadamente 27 cm (dobrado) \/ 48-50 cm (largura aberta).<\/p>\n<\/li>\n<li>\n<p data-path-to-node=\"15,2,0\"><b data-path-to-node=\"15,2,0\" data-index-in-node=\"0\">Cores do LED:<\/b> Branco, Azul, Vermelho, Verde, Rosa, RGB (Multicolorido).<\/p>\n<\/li>\n<li>\n<p data-path-to-node=\"15,3,0\"><b data-path-to-node=\"15,3,0\" data-index-in-node=\"0\">Baterias:<\/b> Bateria inclu\u00edda e substitu\u00edvel (normalmente CR2032 ou similar).<\/p>\n<\/li>\n<li>\n<p data-path-to-node=\"15,4,0\"><b data-path-to-node=\"15,4,0\" data-index-in-node=\"0\">M\u00e9todo de impress\u00e3o:<\/b> Serigrafia em tecido ou cabo.<\/p>\n<\/li>\n<\/ul>\n<h2 data-path-to-node=\"16\">Casos de uso<\/h2>\n<ul data-path-to-node=\"17\">\n<li>\n<p data-path-to-node=\"17,0,0\"><b data-path-to-node=\"17,0,0\" data-index-in-node=\"0\">Casamentos:<\/b> O brinde perfeito para a pista de dan\u00e7a na madrugada (especialmente para os f\u00e3s brancos).<\/p>\n<\/li>\n<li>\n<p data-path-to-node=\"17,1,0\"><b data-path-to-node=\"17,1,0\" data-index-in-node=\"0\">Festivais de M\u00fasica e Raves:<\/b> Produto muito procurado pelos participantes.<\/p>\n<\/li>\n<li>\n<p data-path-to-node=\"17,2,0\"><b data-path-to-node=\"17,2,0\" data-index-in-node=\"0\">Casas noturnas:<\/b> Adere\u00e7os personalizados para mesas VIP ou noites tem\u00e1ticas.<\/p>\n<\/li>\n<li>\n<p data-path-to-node=\"17,3,0\"><b data-path-to-node=\"17,3,0\" data-index-in-node=\"0\">Festas Corporativas:<\/b> Presentes divertidos para quebrar o gelo e animar o ambiente.<\/p>\n<\/li>\n<\/ul>","protected":false},"excerpt":{"rendered":"<ul>\n<li>\n<p data-path-to-node=\"9,0,0\"><b data-path-to-node=\"9,0,0\" data-index-in-node=\"0\">Fun\u00e7\u00e3o dupla:<\/b> Mant\u00e9m os convidados frescos enquanto cria um espet\u00e1culo de luzes deslumbrante.<\/p>\n<\/li>\n<li>\n<p data-path-to-node=\"9,1,0\"><b data-path-to-node=\"9,1,0\" data-index-in-node=\"0\">Personaliz\u00e1vel:<\/b> Imprima seu logotipo ou a data do evento no tecido ou na al\u00e7a.<\/p>\n<\/li>\n<li>\n<p data-path-to-node=\"9,2,0\"><b data-path-to-node=\"9,2,0\" data-index-in-node=\"0\">Modos de ilumina\u00e7\u00e3o:<\/b> M\u00faltiplas configura\u00e7\u00f5es (flash r\u00e1pido, flash lento, luz constante).<\/p>\n<\/li>\n<li>\n<p data-path-to-node=\"9,3,0\"><b data-path-to-node=\"9,3,0\" data-index-in-node=\"0\">Funciona com bateria:<\/b> Baterias de longa dura\u00e7\u00e3o e substitu\u00edveis inclu\u00eddas.<\/p>\n<\/li>\n<\/ul>","protected":false},"featured_media":6172,"comment_status":"closed","ping_status":"closed","template":"","meta":[],"product_brand":[],"product_cat":[76,123],"product_tag":[],"class_list":{"0":"post-6171","1":"product","2":"type-product","3":"status-publish","4":"has-post-thumbnail","6":"product_cat-glow-led-products","7":"product_cat-fan-cheering-items","9":"first","10":"instock","11":"shipping-taxable","12":"purchasable","13":"product-type-simple"},"_links":{"self":[{"href":"https:\/\/displayproducts.eu\/pt\/wp-json\/wp\/v2\/product\/6171","targetHints":{"allow":["GET"]}}],"collection":[{"href":"https:\/\/displayproducts.eu\/pt\/wp-json\/wp\/v2\/product"}],"about":[{"href":"https:\/\/displayproducts.eu\/pt\/wp-json\/wp\/v2\/types\/product"}],"replies":[{"embeddable":true,"href":"https:\/\/displayproducts.eu\/pt\/wp-json\/wp\/v2\/comments?post=6171"}],"wp:featuredmedia":[{"embeddable":true,"href":"https:\/\/displayproducts.eu\/pt\/wp-json\/wp\/v2\/media\/6172"}],"wp:attachment":[{"href":"https:\/\/displayproducts.eu\/pt\/wp-json\/wp\/v2\/media?parent=6171"}],"wp:term":[{"taxonomy":"product_brand","embeddable":true,"href":"https:\/\/displayproducts.eu\/pt\/wp-json\/wp\/v2\/product_brand?post=6171"},{"taxonomy":"product_cat","embeddable":true,"href":"https:\/\/displayproducts.eu\/pt\/wp-json\/wp\/v2\/product_cat?post=6171"},{"taxonomy":"product_tag","embeddable":true,"href":"https:\/\/displayproducts.eu\/pt\/wp-json\/wp\/v2\/product_tag?post=6171"}],"curies":[{"name":"wp","href":"https:\/\/api.w.org\/{rel}","templated":true}]}}