{"id":6165,"date":"2025-12-19T22:29:34","date_gmt":"2025-12-19T19:29:34","guid":{"rendered":"https:\/\/wristbandfactory.eu\/?post_type=product&#038;p=6165"},"modified":"2026-04-01T21:52:34","modified_gmt":"2026-04-01T18:52:34","slug":"custom-luggage-tags-bamboo-waterproof-paper-shaped","status":"publish","type":"product","link":"https:\/\/displayproducts.eu\/pt\/p\/custom-luggage-tags-bamboo-waterproof-paper-shaped\/","title":{"rendered":"Identificadores de bagagem personalizados"},"content":{"rendered":"<p data-path-to-node=\"9\">Viajar cria impress\u00f5es, e nossa linha de etiquetas de bagagem personalizadas garante que sua marca acompanhe seus clientes aonde quer que eles v\u00e3o. Projetada para durabilidade e visibilidade, esta linha de produtos oferece flexibilidade para se adequar ao seu or\u00e7amento e estilo de marketing \u2014 seja para uma distribui\u00e7\u00e3o em massa com \u00f3timo custo-benef\u00edcio ou um presente ecol\u00f3gico de alta qualidade.<\/p>\n<p data-path-to-node=\"10\"><b data-path-to-node=\"10\" data-index-in-node=\"0\">Escolha o seu estilo:<\/b><\/p>\n<ol start=\"1\" data-path-to-node=\"11\">\n<li>\n<p data-path-to-node=\"11,0,0\"><b data-path-to-node=\"11,0,0\" data-index-in-node=\"0\">Etiquetas de papel sint\u00e9tico (resistentes \u00e0 \u00e1gua e a rasgos):<\/b> N\u00e3o se deixe enganar pela palavra &quot;papel&quot;. Este material sint\u00e9tico avan\u00e7ado \u00e9 completamente imperme\u00e1vel e resistente a rasgos, tornando-o perfeito para viagens em terrenos acidentados.<\/p>\n<ul data-path-to-node=\"11,0,1\">\n<li>\n<p data-path-to-node=\"11,0,1,0,0\"><b data-path-to-node=\"11,0,1,0,0\" data-index-in-node=\"0\">Formato padr\u00e3o:<\/b> \u00c1rea m\u00e1xima para a inclus\u00e3o de logotipos e informa\u00e7\u00f5es de contato.<\/p>\n<\/li>\n<li>\n<p data-path-to-node=\"11,0,1,1,0\"><b data-path-to-node=\"11,0,1,1,0\" data-index-in-node=\"0\">Formato de avi\u00e3o:<\/b> Um divertido design de avia\u00e7\u00e3o recortado, ideal para \u00f3rg\u00e3os de turismo e companhias a\u00e9reas.<\/p>\n<\/li>\n<li>\n<p data-path-to-node=\"11,0,1,2,0\"><i data-path-to-node=\"11,0,1,2,0\" data-index-in-node=\"0\">Inclui impress\u00e3o colorida na frente.<\/i><\/p>\n<\/li>\n<\/ul>\n<\/li>\n<li>\n<p data-path-to-node=\"11,1,0\"><b data-path-to-node=\"11,1,0\" data-index-in-node=\"0\">Etiquetas de bambu (Eco-Premium):<\/b> Para um visual sustent\u00e1vel e sofisticado, escolha nossas etiquetas de bambu natural. R\u00edgidas e distintas, elas se destacam no carrossel.<\/p>\n<ul data-path-to-node=\"11,1,1\">\n<li>\n<p data-path-to-node=\"11,1,1,0,0\"><i data-path-to-node=\"11,1,1,0,0\" data-index-in-node=\"0\">Inclui tira e fivela de pl\u00e1stico para fixa\u00e7\u00e3o segura.<\/i><\/p>\n<\/li>\n<\/ul>\n<\/li>\n<\/ol>\n<h2 data-path-to-node=\"12\">Principais caracter\u00edsticas<\/h2>\n<ul data-path-to-node=\"13\">\n<li>\n<p data-path-to-node=\"13,0,0\"><b data-path-to-node=\"13,0,0\" data-index-in-node=\"0\">Versatilidade:<\/b> Um \u00fanico produto, m\u00faltiplas solu\u00e7\u00f5es. Combine e personalize para diferentes segmentos de clientes (ex.: papel para passageiros da classe econ\u00f4mica, bambu para passageiros VIP).<\/p>\n<\/li>\n<li>\n<p data-path-to-node=\"13,1,0\"><b data-path-to-node=\"13,1,0\" data-index-in-node=\"0\">Durabilidade extrema:<\/b> O papel sint\u00e9tico resiste \u00e0 chuva, \u00e0 umidade e ao manuseio brusco de bagagens sem rasgar.<\/p>\n<\/li>\n<li>\n<p data-path-to-node=\"13,2,0\"><b data-path-to-node=\"13,2,0\" data-index-in-node=\"0\">Ecoconsciente:<\/b> O bambu oferece uma op\u00e7\u00e3o de material renov\u00e1vel para campanhas de marketing ecol\u00f3gico.<\/p>\n<\/li>\n<li>\n<p data-path-to-node=\"13,3,0\"><b data-path-to-node=\"13,3,0\" data-index-in-node=\"0\">Alta visibilidade:<\/b> Grandes \u00e1reas de impress\u00e3o garantem que seu logotipo seja visto em aeroportos do mundo todo.<\/p>\n<\/li>\n<\/ul>\n<h2 data-path-to-node=\"14\">Especifica\u00e7\u00f5es<\/h2>\n<ul data-path-to-node=\"15\">\n<li>\n<p data-path-to-node=\"15,0,0\"><b data-path-to-node=\"15,0,0\" data-index-in-node=\"0\">Materiais:<\/b> Papel sint\u00e9tico (mistura de polipropileno) OU bambu natural.<\/p>\n<\/li>\n<li>\n<p data-path-to-node=\"15,1,0\"><b data-path-to-node=\"15,1,0\" data-index-in-node=\"0\">Propriedades da etiqueta de papel:<\/b> Resistente \u00e0 \u00e1gua, \u00e0 prova de rasgos e flex\u00edvel.<\/p>\n<\/li>\n<li>\n<p data-path-to-node=\"15,2,0\"><b data-path-to-node=\"15,2,0\" data-index-in-node=\"0\">Propriedades da etiqueta de bambu:<\/b> Acabamento r\u00edgido com gr\u00e3o natural.<\/p>\n<\/li>\n<li>\n<p data-path-to-node=\"15,3,0\"><b data-path-to-node=\"15,3,0\" data-index-in-node=\"0\">Formas:<\/b> Recorte retangular (aproximadamente 85x54mm) ou em formato de avi\u00e3o.<\/p>\n<\/li>\n<li>\n<p data-path-to-node=\"15,4,0\"><b data-path-to-node=\"15,4,0\" data-index-in-node=\"0\">Anexo:<\/b> Al\u00e7a de pl\u00e1stico com fivela (bambu) ou mecanismo de la\u00e7o.<\/p>\n<\/li>\n<li>\n<p data-path-to-node=\"15,5,0\"><b data-path-to-node=\"15,5,0\" data-index-in-node=\"0\">Quantidade m\u00ednima de encomenda:<\/b> 250 unidades (para modelos de papel).<\/p>\n<\/li>\n<\/ul>\n<h2 data-path-to-node=\"16\">Casos de uso<\/h2>\n<ul data-path-to-node=\"17\">\n<li>\n<p data-path-to-node=\"17,0,0\"><b data-path-to-node=\"17,0,0\" data-index-in-node=\"0\">Operadoras de turismo:<\/b> Inclua uma etiqueta personalizada com a marca nas carteiras para documentos de viagem.<\/p>\n<\/li>\n<li>\n<p data-path-to-node=\"17,1,0\"><b data-path-to-node=\"17,1,0\" data-index-in-node=\"0\">Retiros corporativos:<\/b> Identifique facilmente a bagagem da equipe durante viagens em grupo.<\/p>\n<\/li>\n<li>\n<p data-path-to-node=\"17,2,0\"><b data-path-to-node=\"17,2,0\" data-index-in-node=\"0\">Hot\u00e9is:<\/b> Uma lembran\u00e7a memor\u00e1vel para os h\u00f3spedes na hora de passar o caixa.<\/p>\n<\/li>\n<li>\n<p data-path-to-node=\"17,3,0\"><b data-path-to-node=\"17,3,0\" data-index-in-node=\"0\">Log\u00edstica:<\/b> Etiquetagem dur\u00e1vel para cargas e fretes n\u00e3o padronizados.<\/p>\n<\/li>\n<\/ul>","protected":false},"excerpt":{"rendered":"<ul>\n<li>\n<p data-path-to-node=\"8,0,0\"><b data-path-to-node=\"8,0,0\" data-index-in-node=\"0\">Escolha do material:<\/b> Escolha entre bambu r\u00edgido ou papel flex\u00edvel resistente a rasgos.<\/p>\n<\/li>\n<li>\n<p data-path-to-node=\"8,1,0\"><b data-path-to-node=\"8,1,0\" data-index-in-node=\"0\">Formas:<\/b> Dispon\u00edvel em formatos retangulares padr\u00e3o ou em formatos tem\u00e1ticos de avi\u00f5es.<\/p>\n<\/li>\n<li>\n<p data-path-to-node=\"8,2,0\"><b data-path-to-node=\"8,2,0\" data-index-in-node=\"0\">Durabilidade:<\/b> Resistente \u00e0 \u00e1gua e projetado para suportar viagens internacionais.<\/p>\n<\/li>\n<li>\n<p data-path-to-node=\"8,3,0\"><b data-path-to-node=\"8,3,0\" data-index-in-node=\"0\">Marca:<\/b> Impress\u00e3o a cores (papel) ou grava\u00e7\u00e3o\/impress\u00e3o a laser (bambu).<\/p>\n<\/li>\n<\/ul>","protected":false},"featured_media":6304,"comment_status":"closed","ping_status":"closed","template":"","meta":[],"product_brand":[],"product_cat":[129,122],"product_tag":[],"class_list":{"0":"post-6165","1":"product","2":"type-product","3":"status-publish","4":"has-post-thumbnail","6":"product_cat-leisure-lifestyle","7":"product_cat-promotional-accessories","9":"first","10":"instock","11":"shipping-taxable","12":"purchasable","13":"product-type-simple"},"_links":{"self":[{"href":"https:\/\/displayproducts.eu\/pt\/wp-json\/wp\/v2\/product\/6165","targetHints":{"allow":["GET"]}}],"collection":[{"href":"https:\/\/displayproducts.eu\/pt\/wp-json\/wp\/v2\/product"}],"about":[{"href":"https:\/\/displayproducts.eu\/pt\/wp-json\/wp\/v2\/types\/product"}],"replies":[{"embeddable":true,"href":"https:\/\/displayproducts.eu\/pt\/wp-json\/wp\/v2\/comments?post=6165"}],"wp:featuredmedia":[{"embeddable":true,"href":"https:\/\/displayproducts.eu\/pt\/wp-json\/wp\/v2\/media\/6304"}],"wp:attachment":[{"href":"https:\/\/displayproducts.eu\/pt\/wp-json\/wp\/v2\/media?parent=6165"}],"wp:term":[{"taxonomy":"product_brand","embeddable":true,"href":"https:\/\/displayproducts.eu\/pt\/wp-json\/wp\/v2\/product_brand?post=6165"},{"taxonomy":"product_cat","embeddable":true,"href":"https:\/\/displayproducts.eu\/pt\/wp-json\/wp\/v2\/product_cat?post=6165"},{"taxonomy":"product_tag","embeddable":true,"href":"https:\/\/displayproducts.eu\/pt\/wp-json\/wp\/v2\/product_tag?post=6165"}],"curies":[{"name":"wp","href":"https:\/\/api.w.org\/{rel}","templated":true}]}}