{"id":6159,"date":"2025-12-19T16:35:18","date_gmt":"2025-12-19T13:35:18","guid":{"rendered":"https:\/\/wristbandfactory.eu\/?post_type=product&#038;p=6159"},"modified":"2026-04-01T21:52:34","modified_gmt":"2026-04-01T18:52:34","slug":"custom-printed-seamless-arm-sleeves-uv-protection","status":"publish","type":"product","link":"https:\/\/displayproducts.eu\/pt\/p\/custom-printed-seamless-arm-sleeves-uv-protection\/","title":{"rendered":"Manguitos personalizados com prote\u00e7\u00e3o UV"},"content":{"rendered":"<p data-path-to-node=\"11\">Maximize a visibilidade da sua marca em eventos ao ar livre e competi\u00e7\u00f5es esportivas com nossas mangas de bra\u00e7o personalizadas e sem costura. Esses acess\u00f3rios vers\u00e1teis s\u00e3o essenciais para corredores, ciclistas e profissionais que atuam em atividades ao ar livre, oferecendo uma tela ampla e din\u00e2mica para seu logotipo ou arte.<\/p>\n<p data-path-to-node=\"12\">Diferentemente das mangas estampadas com serigrafia padr\u00e3o, nossas mangas utilizam a tecnologia de sublima\u00e7\u00e3o de tinta. Isso significa que a estampa \u00e9 incorporada \u00e0s fibras do tecido, garantindo que ela nunca rache, descasque ou desbote, mantendo a respirabilidade e a elasticidade do tecido.<\/p>\n<h2 data-path-to-node=\"13\">Principais caracter\u00edsticas<\/h2>\n<ul data-path-to-node=\"14\">\n<li>\n<p data-path-to-node=\"14,0,0\"><b data-path-to-node=\"14,0,0\" data-index-in-node=\"0\">Constru\u00e7\u00e3o sem emendas:<\/b> O design em malha tubular elimina as costuras laterais, evitando atrito e irrita\u00e7\u00e3o durante o uso prolongado.<\/p>\n<\/li>\n<li>\n<p data-path-to-node=\"14,1,0\"><b data-path-to-node=\"14,1,0\" data-index-in-node=\"0\"><span class=\"citation-32\">Prote\u00e7\u00e3o solar e da pele:<\/span><\/b><span class=\"citation-32 citation-end-32\"> Proporciona uma barreira eficaz contra os raios UV prejudiciais e protege a pele contra queimaduras ou arranh\u00f5es causados pela grama sint\u00e9tica.<\/span><\/p>\n<div class=\"source-inline-chip-container ng-star-inserted\"><\/div>\n<\/li>\n<li>\n<p data-path-to-node=\"14,2,0\"><b data-path-to-node=\"14,2,0\" data-index-in-node=\"0\">Ajuste el\u00e1stico:<\/b> A mistura de poli\u00e9ster e elastano garante que as mangas permane\u00e7am firmemente no lugar sem restringir os movimentos.<\/p>\n<\/li>\n<li>\n<p data-path-to-node=\"14,3,0\"><b data-path-to-node=\"14,3,0\" data-index-in-node=\"0\">Personaliza\u00e7\u00e3o vibrante:<\/b> A impress\u00e3o em toda a superf\u00edcie permite a reprodu\u00e7\u00e3o perfeita de gradientes complexos, fotos e cores da marca.<\/p>\n<\/li>\n<\/ul>\n<h2 data-path-to-node=\"15\">Especifica\u00e7\u00f5es<\/h2>\n<ul data-path-to-node=\"16\">\n<li>\n<p data-path-to-node=\"16,0,0\"><b data-path-to-node=\"16,0,0\" data-index-in-node=\"0\">Material:<\/b> Tecido t\u00e9cnico de 160 g\/m\u00b2 (951 TP4T poli\u00e9ster \/ 51 TP4T elastano).<\/p>\n<\/li>\n<li>\n<p data-path-to-node=\"16,1,0\"><b data-path-to-node=\"16,1,0\" data-index-in-node=\"0\">T\u00e9cnica de impress\u00e3o:<\/b> Impress\u00e3o por sublima\u00e7\u00e3o de tinta em cores plenas.<\/p>\n<\/li>\n<li>\n<p data-path-to-node=\"16,2,0\"><b data-path-to-node=\"16,2,0\" data-index-in-node=\"0\">Embalagem:<\/b> Vendido em pares (1 pe\u00e7a = 2 mangas).<\/p>\n<\/li>\n<li>\n<p data-path-to-node=\"16,3,0\"><b data-path-to-node=\"16,3,0\" data-index-in-node=\"0\">Dimens\u00f5es (M\u00e9dio):<\/b> 7 cm (pulso) x 8 cm (parte superior do bra\u00e7o) x 37 cm (comprimento).<\/p>\n<\/li>\n<li>\n<p data-path-to-node=\"16,4,0\"><b data-path-to-node=\"16,4,0\" data-index-in-node=\"0\">Dimens\u00f5es (Grande):<\/b> 9 cm (pulso) x 11 cm (parte superior do bra\u00e7o) x 44 cm (comprimento).<\/p>\n<\/li>\n<\/ul>\n<h2 data-path-to-node=\"17\">Casos de uso<\/h2>\n<ul data-path-to-node=\"18\">\n<li>\n<p data-path-to-node=\"18,0,0\"><b data-path-to-node=\"18,0,0\" data-index-in-node=\"0\">Maratonas e eventos de ciclismo:<\/b> Equipamentos essenciais para os participantes, inclu\u00eddos nos kits de brindes.<\/p>\n<\/li>\n<li>\n<p data-path-to-node=\"18,1,0\"><b data-path-to-node=\"18,1,0\" data-index-in-node=\"0\">Uniformes da equipe:<\/b> Identidade visual unificada para equipes de basquete, v\u00f4lei ou e-sports.<\/p>\n<\/li>\n<li>\n<p data-path-to-node=\"18,2,0\"><b data-path-to-node=\"18,2,0\" data-index-in-node=\"0\">For\u00e7a de trabalho ao ar livre:<\/b> Prote\u00e7\u00e3o para funcion\u00e1rios que trabalham sob luz solar direta (paisagismo, seguran\u00e7a de eventos).<\/p>\n<\/li>\n<li>\n<p data-path-to-node=\"18,3,0\"><b data-path-to-node=\"18,3,0\" data-index-in-node=\"0\">Vendas de mercadorias:<\/b> Produto com alta margem de lucro para lojas de academias ou clubes.<\/p>\n<\/li>\n<\/ul>","protected":false},"excerpt":{"rendered":"<ul>\n<li>\n<p data-path-to-node=\"10,0,0\"><b data-path-to-node=\"10,0,0\" data-index-in-node=\"0\">Conforto sem emendas:<\/b> Sem costuras irritantes, garantindo o m\u00e1ximo conforto durante atividades f\u00edsicas.<\/p>\n<\/li>\n<li>\n<p data-path-to-node=\"10,1,0\"><b data-path-to-node=\"10,1,0\" data-index-in-node=\"0\">Identidade visual completa em cores:<\/b> A impress\u00e3o por sublima\u00e7\u00e3o de ponta a ponta permite possibilidades de design ilimitadas.<\/p>\n<\/li>\n<li>\n<p data-path-to-node=\"10,2,0\"><b data-path-to-node=\"10,2,0\" data-index-in-node=\"0\"><span class=\"citation-33\">Prote\u00e7\u00e3o contra raios UV e arranh\u00f5es:<\/span><\/b><span class=\"citation-33 citation-end-33\"> Protege os bra\u00e7os da exposi\u00e7\u00e3o solar e de pequenos arranh\u00f5es.<\/span><\/p>\n<\/li>\n<li>\n<p data-path-to-node=\"10,3,0\"><b data-path-to-node=\"10,3,0\" data-index-in-node=\"0\">Vendido em pares:<\/b> Cada unidade inclui uma manga para o bra\u00e7o esquerdo e outra para o bra\u00e7o direito.<\/p>\n<\/li>\n<\/ul>","protected":false},"featured_media":6160,"comment_status":"closed","ping_status":"closed","template":"","meta":[],"product_brand":[],"product_cat":[118],"product_tag":[],"class_list":{"0":"post-6159","1":"product","2":"type-product","3":"status-publish","4":"has-post-thumbnail","6":"product_cat-sports-fitness","8":"first","9":"instock","10":"shipping-taxable","11":"purchasable","12":"product-type-simple"},"_links":{"self":[{"href":"https:\/\/displayproducts.eu\/pt\/wp-json\/wp\/v2\/product\/6159","targetHints":{"allow":["GET"]}}],"collection":[{"href":"https:\/\/displayproducts.eu\/pt\/wp-json\/wp\/v2\/product"}],"about":[{"href":"https:\/\/displayproducts.eu\/pt\/wp-json\/wp\/v2\/types\/product"}],"replies":[{"embeddable":true,"href":"https:\/\/displayproducts.eu\/pt\/wp-json\/wp\/v2\/comments?post=6159"}],"wp:featuredmedia":[{"embeddable":true,"href":"https:\/\/displayproducts.eu\/pt\/wp-json\/wp\/v2\/media\/6160"}],"wp:attachment":[{"href":"https:\/\/displayproducts.eu\/pt\/wp-json\/wp\/v2\/media?parent=6159"}],"wp:term":[{"taxonomy":"product_brand","embeddable":true,"href":"https:\/\/displayproducts.eu\/pt\/wp-json\/wp\/v2\/product_brand?post=6159"},{"taxonomy":"product_cat","embeddable":true,"href":"https:\/\/displayproducts.eu\/pt\/wp-json\/wp\/v2\/product_cat?post=6159"},{"taxonomy":"product_tag","embeddable":true,"href":"https:\/\/displayproducts.eu\/pt\/wp-json\/wp\/v2\/product_tag?post=6159"}],"curies":[{"name":"wp","href":"https:\/\/api.w.org\/{rel}","templated":true}]}}