{"id":6155,"date":"2025-12-19T16:20:46","date_gmt":"2025-12-19T13:20:46","guid":{"rendered":"https:\/\/wristbandfactory.eu\/?post_type=product&#038;p=6155"},"modified":"2026-04-01T21:52:03","modified_gmt":"2026-04-01T18:52:03","slug":"custom-beach-slippers-with-logo-sand-imprint-sole","status":"publish","type":"product","link":"https:\/\/displayproducts.eu\/pt\/p\/custom-beach-slippers-with-logo-sand-imprint-sole\/","title":{"rendered":"Chinelos de praia personalizados com pegada na areia"},"content":{"rendered":"<p data-path-to-node=\"12\">D\u00ea um toque especial \u00e0s suas campanhas de marketing de ver\u00e3o ou \u00e0s comodidades do seu hotel com nossos chinelos de praia totalmente personaliz\u00e1veis. Projetados para m\u00e1xima visibilidade da marca, esses chinelos oferecem um efeito \u00fanico de outdoor ambulante. Seja para um retiro corporativo, um presente de spa ou uma lembrancinha em um festival de ver\u00e3o, oferecemos correspond\u00eancia completa de cores para se alinhar estritamente \u00e0 identidade da sua marca.<\/p>\n<p data-path-to-node=\"13\">Diferentemente dos cal\u00e7ados promocionais comuns, nossos chinelos oferecem t\u00e9cnicas inovadoras de personaliza\u00e7\u00e3o da sola que transformam cada passo em uma experi\u00eancia memor\u00e1vel.<\/p>\n<h2 data-path-to-node=\"14\">Principais caracter\u00edsticas<\/h2>\n<ul data-path-to-node=\"15\">\n<li>\n<p data-path-to-node=\"15,0,0\"><b data-path-to-node=\"15,0,0\" data-index-in-node=\"0\">Correspond\u00eancia de cores Pantone:<\/b> Podemos combinar as cores da sola e da tira com os c\u00f3digos PMS espec\u00edficos da sua marca, sem taxas de configura\u00e7\u00e3o adicionais.<\/p>\n<\/li>\n<li>\n<p data-path-to-node=\"15,1,0\"><b data-path-to-node=\"15,1,0\" data-index-in-node=\"0\">Estampa de areia recortada:<\/b> A sola possui um recorte de aproximadamente 5 mm de profundidade. Ao caminhar sobre areia fofa, o chinelo deixa uma marca n\u00edtida do seu logotipo ou mensagem.<\/p>\n<\/li>\n<li>\n<p data-path-to-node=\"15,2,0\"><b data-path-to-node=\"15,2,0\" data-index-in-node=\"0\">Relevo na sola:<\/b> Para detalhes mais precisos, podemos estampar seu logotipo a aproximadamente 2 mm na sola inferior (ideal para designs complexos).<\/p>\n<\/li>\n<li>\n<p data-path-to-node=\"15,3,0\"><b data-path-to-node=\"15,3,0\" data-index-in-node=\"0\">Personaliza\u00e7\u00e3o de toda a superf\u00edcie:<\/b> A serigrafia tradicional est\u00e1 dispon\u00edvel tanto no calcanhar da sola quanto nas tiras, para posicionamento de logotipos de alta visibilidade.<\/p>\n<\/li>\n<\/ul>\n<h2 data-path-to-node=\"16\">Especifica\u00e7\u00f5es<\/h2>\n<ul data-path-to-node=\"17\">\n<li>\n<p data-path-to-node=\"17,0,0\"><b data-path-to-node=\"17,0,0\" data-index-in-node=\"0\">Material:<\/b> Mistura de borracha PE\/PVC dur\u00e1vel e confort\u00e1vel (materiais personalizados dispon\u00edveis mediante solicita\u00e7\u00e3o).<\/p>\n<\/li>\n<li>\n<p data-path-to-node=\"17,1,0\"><b data-path-to-node=\"17,1,0\" data-index-in-node=\"0\">Espessura da sola:<\/b> Espessura padr\u00e3o otimizada para conforto e corte e vinco eficiente.<\/p>\n<\/li>\n<li>\n<p data-path-to-node=\"17,2,0\"><b data-path-to-node=\"17,2,0\" data-index-in-node=\"0\">Tamanhos:<\/b> Dispon\u00edvel em uma variedade de tamanhos padr\u00e3o da UE (unissex, masculino, feminino, infantil).<\/p>\n<\/li>\n<li>\n<p data-path-to-node=\"17,3,0\"><b data-path-to-node=\"17,3,0\" data-index-in-node=\"0\">M\u00e9todos de personaliza\u00e7\u00e3o:<\/b> Serigrafia, Relevo (Parte inferior), Corte e vinco (Parte inferior).<\/p>\n<\/li>\n<li>\n<p data-path-to-node=\"17,4,0\"><b data-path-to-node=\"17,4,0\" data-index-in-node=\"0\">Pedido m\u00ednimo:<\/b> Por favor, verifique a quantidade m\u00ednima de encomenda (MOQ) atual com nossa equipe de vendas.<\/p>\n<\/li>\n<\/ul>\n<h2 data-path-to-node=\"18\">Casos de uso<\/h2>\n<ul data-path-to-node=\"19\">\n<li>\n<p data-path-to-node=\"19,0,0\"><b data-path-to-node=\"19,0,0\" data-index-in-node=\"0\">Festivais e eventos de ver\u00e3o:<\/b> Produtos de alto valor que os participantes usar\u00e3o durante toda a temporada.<\/p>\n<\/li>\n<li>\n<p data-path-to-node=\"19,1,0\"><b data-path-to-node=\"19,1,0\" data-index-in-node=\"0\">Hot\u00e9is e Spas:<\/b> Comodidades premium de marca para h\u00f3spedes em piscinas e centros de bem-estar.<\/p>\n<\/li>\n<li>\n<p data-path-to-node=\"19,2,0\"><b data-path-to-node=\"19,2,0\" data-index-in-node=\"0\">Brindes corporativos:<\/b> Perfeito para retiros de forma\u00e7\u00e3o de equipes ou kits de &quot;in\u00edcio de ver\u00e3o&quot;.<\/p>\n<\/li>\n<li>\n<p data-path-to-node=\"19,3,0\"><b data-path-to-node=\"19,3,0\" data-index-in-node=\"0\">Ag\u00eancias de viagens:<\/b> Excelente brinde promocional para pacotes de f\u00e9rias na praia.<\/p>\n<\/li>\n<\/ul>","protected":false},"excerpt":{"rendered":"<ul>\n<li>\n<p data-path-to-node=\"11,0,0\"><b data-path-to-node=\"11,0,0\" data-index-in-node=\"0\">Correspond\u00eancia Pantone:<\/b> Cores personalizadas para a sola e a tira, sem custos adicionais.<\/p>\n<\/li>\n<li>\n<p data-path-to-node=\"11,1,0\"><b data-path-to-node=\"11,1,0\" data-index-in-node=\"0\">Diversos pontos de divulga\u00e7\u00e3o da marca:<\/b> Estampa na tira, na parte superior da sola ou na parte inferior da sola.<\/p>\n<\/li>\n<li>\n<p data-path-to-node=\"11,2,0\"><b data-path-to-node=\"11,2,0\" data-index-in-node=\"0\">Efeito de Impress\u00e3o na Areia:<\/b> A sola opcional com recorte especial deixa a impress\u00e3o do seu logotipo na areia.<\/p>\n<\/li>\n<li>\n<p data-path-to-node=\"11,3,0\"><b data-path-to-node=\"11,3,0\" data-index-in-node=\"0\">Personaliza\u00e7\u00e3o Premium:<\/b> Escolha entre relevo detalhado ou solados recortados de alto impacto.<\/p>\n<\/li>\n<\/ul>","protected":false},"featured_media":6158,"comment_status":"closed","ping_status":"closed","template":"","meta":[],"product_brand":[],"product_cat":[129],"product_tag":[],"class_list":{"0":"post-6155","1":"product","2":"type-product","3":"status-publish","4":"has-post-thumbnail","6":"product_cat-leisure-lifestyle","8":"first","9":"instock","10":"shipping-taxable","11":"purchasable","12":"product-type-simple"},"_links":{"self":[{"href":"https:\/\/displayproducts.eu\/pt\/wp-json\/wp\/v2\/product\/6155","targetHints":{"allow":["GET"]}}],"collection":[{"href":"https:\/\/displayproducts.eu\/pt\/wp-json\/wp\/v2\/product"}],"about":[{"href":"https:\/\/displayproducts.eu\/pt\/wp-json\/wp\/v2\/types\/product"}],"replies":[{"embeddable":true,"href":"https:\/\/displayproducts.eu\/pt\/wp-json\/wp\/v2\/comments?post=6155"}],"wp:featuredmedia":[{"embeddable":true,"href":"https:\/\/displayproducts.eu\/pt\/wp-json\/wp\/v2\/media\/6158"}],"wp:attachment":[{"href":"https:\/\/displayproducts.eu\/pt\/wp-json\/wp\/v2\/media?parent=6155"}],"wp:term":[{"taxonomy":"product_brand","embeddable":true,"href":"https:\/\/displayproducts.eu\/pt\/wp-json\/wp\/v2\/product_brand?post=6155"},{"taxonomy":"product_cat","embeddable":true,"href":"https:\/\/displayproducts.eu\/pt\/wp-json\/wp\/v2\/product_cat?post=6155"},{"taxonomy":"product_tag","embeddable":true,"href":"https:\/\/displayproducts.eu\/pt\/wp-json\/wp\/v2\/product_tag?post=6155"}],"curies":[{"name":"wp","href":"https:\/\/api.w.org\/{rel}","templated":true}]}}