{"id":6150,"date":"2025-12-19T16:10:08","date_gmt":"2025-12-19T13:10:08","guid":{"rendered":"https:\/\/wristbandfactory.eu\/?post_type=product&#038;p=6150"},"modified":"2026-04-01T21:52:34","modified_gmt":"2026-04-01T18:52:34","slug":"custom-printed-hand-fans-bamboo-wood-plastic","status":"publish","type":"product","link":"https:\/\/displayproducts.eu\/pt\/p\/custom-printed-hand-fans-bamboo-wood-plastic\/","title":{"rendered":"Leques personalizados (Bambu, Madeira e Pl\u00e1stico)"},"content":{"rendered":"<p data-path-to-node=\"10\">Combata o calor e exiba sua marca com nossa linha vers\u00e1til de produtos. <b data-path-to-node=\"10\" data-index-in-node=\"90\">Leques de m\u00e3o personalizados com impress\u00e3o<\/b>. Uma &quot;brisa fresca&quot; \u00e9 o melhor presente que voc\u00ea pode oferecer ao seu p\u00fablico-alvo durante festivais de ver\u00e3o, confer\u00eancias ao ar livre ou casamentos. Ao contr\u00e1rio de um folheto que \u00e9 descartado, um leque \u00e9 um acess\u00f3rio funcional que os participantes ir\u00e3o segurar e usar repetidamente, mantendo seu logotipo sempre \u00e0 vista.<\/p>\n<p data-path-to-node=\"11\">Oferecemos quatro estilos distintos para combinar com a est\u00e9tica da sua marca \u2014 desde bambu e madeira ecol\u00f3gicos para um visual natural sofisticado, at\u00e9 op\u00e7\u00f5es coloridas de pl\u00e1stico para promo\u00e7\u00f5es de grande volume.<\/p>\n<h3 data-path-to-node=\"12\">Modelos dispon\u00edveis<\/h3>\n<p><strong>1. O Cl\u00e1ssico (Pl\u00e1stico e Tecido)<\/strong><\/p>\n<p>Dur\u00e1vel e colorido.<\/p>\n<ul data-path-to-node=\"14\">\n<li>\n<p data-path-to-node=\"14,0,0\"><b data-path-to-node=\"14,0,0\" data-index-in-node=\"0\">Costelas:<\/b> Pl\u00e1stico (12 hastes + 2 pe\u00e7as de extremidade). Pe\u00e7as de extremidade dispon\u00edveis em v\u00e1rias cores e podem ser impressas.<\/p>\n<\/li>\n<li>\n<p data-path-to-node=\"14,1,0\"><b data-path-to-node=\"14,1,0\" data-index-in-node=\"0\">Folha:<\/b> Tecido de poli\u00e9ster branco 210T.<\/p>\n<\/li>\n<li>\n<p data-path-to-node=\"14,2,0\"><b data-path-to-node=\"14,2,0\" data-index-in-node=\"0\">Imprimir:<\/b> Impress\u00e3o colorida em apenas um lado.<\/p>\n<\/li>\n<\/ul>\n<p><strong>2. O Premium Natural (Madeira e Tecido)<\/strong><\/p>\n<p>Elegante e robusto.<\/p>\n<ul data-path-to-node=\"16\">\n<li>\n<p data-path-to-node=\"16,0,0\"><b data-path-to-node=\"16,0,0\" data-index-in-node=\"0\">Costelas:<\/b> Madeira natural (14 ripas + 2 pe\u00e7as de extremidade). As pe\u00e7as de extremidade podem ser impressas com o seu logotipo.<\/p>\n<\/li>\n<li>\n<p data-path-to-node=\"16,1,0\"><b data-path-to-node=\"16,1,0\" data-index-in-node=\"0\">Folha:<\/b> Tecido de poli\u00e9ster branco 210T.<\/p>\n<\/li>\n<li>\n<p data-path-to-node=\"16,2,0\"><b data-path-to-node=\"16,2,0\" data-index-in-node=\"0\">Imprimir:<\/b> Impress\u00e3o colorida em apenas um lado.<\/p>\n<\/li>\n<\/ul>\n<p><strong>3. O Eco Tradicional (Bambu e Papel)<\/strong><\/p>\n<p>Leve e com a textura cl\u00e1ssica do papel.<\/p>\n<ul data-path-to-node=\"18\">\n<li>\n<p data-path-to-node=\"18,0,0\"><b data-path-to-node=\"18,0,0\" data-index-in-node=\"0\">Costelas:<\/b> Bambu (18 varetas + 2 pe\u00e7as de extremidade). As pe\u00e7as de extremidade podem ser impressas.<\/p>\n<\/li>\n<li>\n<p data-path-to-node=\"18,1,0\"><b data-path-to-node=\"18,1,0\" data-index-in-node=\"0\">Folha:<\/b> Papel branco de 80 g\/m\u00b2.<\/p>\n<\/li>\n<li>\n<p data-path-to-node=\"18,2,0\"><b data-path-to-node=\"18,2,0\" data-index-in-node=\"0\">Imprimir:<\/b> Impress\u00e3o colorida em um ou dois lados.<\/p>\n<\/li>\n<\/ul>\n<p><strong>4. Or\u00e7amento promocional (pl\u00e1stico e papel)<\/strong><\/p>\n<p>Custo-benef\u00edcio vantajoso para grandes multid\u00f5es.<\/p>\n<ul data-path-to-node=\"20\">\n<li>\n<p data-path-to-node=\"20,0,0\"><b data-path-to-node=\"20,0,0\" data-index-in-node=\"0\">Costelas:<\/b> Pl\u00e1stico branco. (As pe\u00e7as de acabamento n\u00e3o podem ser impressas; correspond\u00eancia de cores personalizada dispon\u00edvel para quantidades m\u00ednimas de encomenda elevadas).<\/p>\n<\/li>\n<li>\n<p data-path-to-node=\"20,1,0\"><b data-path-to-node=\"20,1,0\" data-index-in-node=\"0\">Folha:<\/b> Papel branco de 80 g\/m\u00b2.<\/p>\n<\/li>\n<li>\n<p data-path-to-node=\"20,2,0\"><b data-path-to-node=\"20,2,0\" data-index-in-node=\"0\">Imprimir:<\/b> Impress\u00e3o colorida em apenas um lado.<\/p>\n<\/li>\n<\/ul>\n<h2 data-path-to-node=\"21\">Principais caracter\u00edsticas<\/h2>\n<ul data-path-to-node=\"22\">\n<li>\n<p data-path-to-node=\"22,0,0\"><b data-path-to-node=\"22,0,0\" data-index-in-node=\"0\">Ampla superf\u00edcie para personaliza\u00e7\u00e3o da marca:<\/b> A folha em formato de leque oferece uma tela ampla e curva para sua arte, slogan ou elementos visuais da campanha.<\/p>\n<\/li>\n<li>\n<p data-path-to-node=\"22,1,0\"><b data-path-to-node=\"22,1,0\" data-index-in-node=\"0\">Costelas personaliz\u00e1veis:<\/b> Dependendo do modelo, adicione logotipos extras \u00e0s pe\u00e7as r\u00edgidas das extremidades (costelas) para uma identifica\u00e7\u00e3o sutil e detalhada da marca.<\/p>\n<\/li>\n<li>\n<p data-path-to-node=\"22,2,0\"><b data-path-to-node=\"22,2,0\" data-index-in-node=\"0\">Compacto e port\u00e1til:<\/b> Dobra-se rapidamente para caber em bolsas ou bolsos.<\/p>\n<\/li>\n<\/ul>\n<h2 data-path-to-node=\"23\">Especifica\u00e7\u00f5es<\/h2>\n<table data-path-to-node=\"24\">\n<thead>\n<tr>\n<td><strong>Recurso<\/strong><\/td>\n<td><strong>Pl\u00e1stico + Tecido<\/strong><\/td>\n<td><strong>Madeira + Tecido<\/strong><\/td>\n<td><strong>Bambu + Papel<\/strong><\/td>\n<td><strong>Pl\u00e1stico + Papel<\/strong><\/td>\n<\/tr>\n<\/thead>\n<tbody>\n<tr>\n<td><span data-path-to-node=\"24,1,0,0\"><b data-path-to-node=\"24,1,0,0\" data-index-in-node=\"0\">Material da costela<\/b><\/span><\/td>\n<td><span data-path-to-node=\"24,1,1,0\">Pl\u00e1stico<\/span><\/td>\n<td><span data-path-to-node=\"24,1,2,0\">Madeira<\/span><\/td>\n<td><span data-path-to-node=\"24,1,3,0\">Bambu<\/span><\/td>\n<td><span data-path-to-node=\"24,1,4,0\">Pl\u00e1stico (Branco)<\/span><\/td>\n<\/tr>\n<tr>\n<td><span data-path-to-node=\"24,2,0,0\"><b data-path-to-node=\"24,2,0,0\" data-index-in-node=\"0\">Material em folha<\/b><\/span><\/td>\n<td><span data-path-to-node=\"24,2,1,0\">Poli\u00e9ster 210T<\/span><\/td>\n<td><span data-path-to-node=\"24,2,2,0\">Poli\u00e9ster 210T<\/span><\/td>\n<td><span data-path-to-node=\"24,2,3,0\">Papel de 80 g\/m\u00b2<\/span><\/td>\n<td><span data-path-to-node=\"24,2,4,0\">Papel de 80 g\/m\u00b2<\/span><\/td>\n<\/tr>\n<tr>\n<td><span data-path-to-node=\"24,3,0,0\"><b data-path-to-node=\"24,3,0,0\" data-index-in-node=\"0\">Contagem de costelas<\/b><\/span><\/td>\n<td><span data-path-to-node=\"24,3,1,0\">12 + 2 pe\u00e7as de extremidade<\/span><\/td>\n<td><span data-path-to-node=\"24,3,2,0\">14 + 2 pe\u00e7as de extremidade<\/span><\/td>\n<td><span data-path-to-node=\"24,3,3,0\">18 + 2 pe\u00e7as finais<\/span><\/td>\n<td><span data-path-to-node=\"24,3,4,0\">Padr\u00e3o<\/span><\/td>\n<\/tr>\n<tr>\n<td><span data-path-to-node=\"24,4,0,0\"><b data-path-to-node=\"24,4,0,0\" data-index-in-node=\"0\">Dimens\u00f5es (Aberto)<\/b><\/span><\/td>\n<td><span data-path-to-node=\"24,4,1,0\">23 x 42 cm<\/span><\/td>\n<td><span data-path-to-node=\"24,4,2,0\">23 x 42 cm<\/span><\/td>\n<td><span data-path-to-node=\"24,4,3,0\">21 x 38 cm<\/span><\/td>\n<td><span data-path-to-node=\"24,4,4,0\">23 x 42 cm<\/span><\/td>\n<\/tr>\n<tr>\n<td><span data-path-to-node=\"24,5,0,0\"><b data-path-to-node=\"24,5,0,0\" data-index-in-node=\"0\">\u00c1rea de impress\u00e3o<\/b><\/span><\/td>\n<td><span data-path-to-node=\"24,5,1,0\">1 Lado<\/span><\/td>\n<td><span data-path-to-node=\"24,5,2,0\">1 Lado<\/span><\/td>\n<td><span data-path-to-node=\"24,5,3,0\">1 ou 2 lados<\/span><\/td>\n<td><span data-path-to-node=\"24,5,4,0\">1 Lado<\/span><\/td>\n<\/tr>\n<tr>\n<td><span data-path-to-node=\"24,6,0,0\"><b data-path-to-node=\"24,6,0,0\" data-index-in-node=\"0\">Impress\u00e3o da pe\u00e7a final<\/b><\/span><\/td>\n<td><span data-path-to-node=\"24,6,1,0\">Sim<\/span><\/td>\n<td><span data-path-to-node=\"24,6,2,0\">Sim<\/span><\/td>\n<td><span data-path-to-node=\"24,6,3,0\">Sim<\/span><\/td>\n<td><span data-path-to-node=\"24,6,4,0\">N\u00e3o<\/span><\/td>\n<\/tr>\n<\/tbody>\n<\/table>\n<h2 data-path-to-node=\"25\">Casos de uso<\/h2>\n<ul data-path-to-node=\"26\">\n<li>\n<p data-path-to-node=\"26,0,0\"><b data-path-to-node=\"26,0,0\" data-index-in-node=\"0\">Casamentos de ver\u00e3o:<\/b> Uma linda lembrancinha para os convidados em cerim\u00f4nias ao ar livre.<\/p>\n<\/li>\n<li>\n<p data-path-to-node=\"26,1,0\"><b data-path-to-node=\"26,1,0\" data-index-in-node=\"0\">Festivais de M\u00fasica:<\/b> Equipamento essencial de sobreviv\u00eancia para multid\u00f5es dan\u00e7ando no calor.<\/p>\n<\/li>\n<li>\n<p data-path-to-node=\"26,2,0\"><b data-path-to-node=\"26,2,0\" data-index-in-node=\"0\">Campanhas pol\u00edticas:<\/b> Itens de grande visibilidade que os torcedores agitam no ar.<\/p>\n<\/li>\n<li>\n<p data-path-to-node=\"26,3,0\"><b data-path-to-node=\"26,3,0\" data-index-in-node=\"0\">Turismo e Resorts:<\/b> Excelentes presentes de boas-vindas para hot\u00e9is em climas quentes.<\/p>\n<\/li>\n<\/ul>","protected":false},"excerpt":{"rendered":"<ul>\n<li>\n<p data-path-to-node=\"9,0,0\"><b data-path-to-node=\"9,0,0\" data-index-in-node=\"0\">4 Combina\u00e7\u00f5es de Materiais:<\/b> Escolha entre Pl\u00e1stico\/Tecido, Madeira\/Tecido, Bambu\/Papel ou Pl\u00e1stico\/Papel.<\/p>\n<\/li>\n<li>\n<p data-path-to-node=\"9,1,0\"><b data-path-to-node=\"9,1,0\" data-index-in-node=\"0\">Identidade visual completa:<\/b> Impress\u00e3o colorida de alta qualidade em folha de leque (papel ou poli\u00e9ster).<\/p>\n<\/li>\n<li>\n<p data-path-to-node=\"9,2,0\"><b data-path-to-node=\"9,2,0\" data-index-in-node=\"0\">Op\u00e7\u00f5es de costela:<\/b> Costelas robustas, com n\u00famero de 12 a 18, dependendo do modelo.<\/p>\n<\/li>\n<li>\n<p data-path-to-node=\"9,3,0\"><b data-path-to-node=\"9,3,0\" data-index-in-node=\"0\">Essencial para o ver\u00e3o:<\/b> O brinde perfeito para casamentos ao ar livre, festivais e eventos esportivos.<\/p>\n<\/li>\n<\/ul>","protected":false},"featured_media":6311,"comment_status":"closed","ping_status":"closed","template":"","meta":[],"product_brand":[],"product_cat":[45],"product_tag":[],"class_list":{"0":"post-6150","1":"product","2":"type-product","3":"status-publish","4":"has-post-thumbnail","6":"product_cat-other","8":"first","9":"instock","10":"shipping-taxable","11":"purchasable","12":"product-type-simple"},"_links":{"self":[{"href":"https:\/\/displayproducts.eu\/pt\/wp-json\/wp\/v2\/product\/6150","targetHints":{"allow":["GET"]}}],"collection":[{"href":"https:\/\/displayproducts.eu\/pt\/wp-json\/wp\/v2\/product"}],"about":[{"href":"https:\/\/displayproducts.eu\/pt\/wp-json\/wp\/v2\/types\/product"}],"replies":[{"embeddable":true,"href":"https:\/\/displayproducts.eu\/pt\/wp-json\/wp\/v2\/comments?post=6150"}],"wp:featuredmedia":[{"embeddable":true,"href":"https:\/\/displayproducts.eu\/pt\/wp-json\/wp\/v2\/media\/6311"}],"wp:attachment":[{"href":"https:\/\/displayproducts.eu\/pt\/wp-json\/wp\/v2\/media?parent=6150"}],"wp:term":[{"taxonomy":"product_brand","embeddable":true,"href":"https:\/\/displayproducts.eu\/pt\/wp-json\/wp\/v2\/product_brand?post=6150"},{"taxonomy":"product_cat","embeddable":true,"href":"https:\/\/displayproducts.eu\/pt\/wp-json\/wp\/v2\/product_cat?post=6150"},{"taxonomy":"product_tag","embeddable":true,"href":"https:\/\/displayproducts.eu\/pt\/wp-json\/wp\/v2\/product_tag?post=6150"}],"curies":[{"name":"wp","href":"https:\/\/api.w.org\/{rel}","templated":true}]}}