{"id":6144,"date":"2025-12-19T16:02:37","date_gmt":"2025-12-19T13:02:37","guid":{"rendered":"https:\/\/wristbandfactory.eu\/?post_type=product&#038;p=6144"},"modified":"2026-04-01T21:52:34","modified_gmt":"2026-04-01T18:52:34","slug":"custom-printed-picnic-blankets-fleece-waterproof-models","status":"publish","type":"product","link":"https:\/\/displayproducts.eu\/pt\/p\/custom-printed-picnic-blankets-fleece-waterproof-models\/","title":{"rendered":"Mantas de piquenique personalizadas"},"content":{"rendered":"<p data-path-to-node=\"10\">Transforme qualquer encontro ao ar livre em uma oportunidade de branding com nossos produtos. <b data-path-to-node=\"10\" data-index-in-node=\"89\">Mantas de piquenique personalizadas com estampa<\/b>. Seja para um brinde aconchegante em um show de ver\u00e3o ou um presente corporativo sofisticado para seus funcion\u00e1rios, oferecemos duas op\u00e7\u00f5es de materiais distintos para atender ao seu or\u00e7amento e \u00e0s suas necessidades funcionais.<\/p>\n<p data-path-to-node=\"11\">Ambos os modelos apresentam impress\u00e3o digital de ponta a ponta, permitindo fotos vibrantes, padr\u00f5es complexos ou logotipos arrojados em toda a superf\u00edcie.<\/p>\n<h3 data-path-to-node=\"12\">Escolha o seu modelo<\/h3>\n<p>1. Cobertor de l\u00e3 macia (padr\u00e3o)<\/p>\n<p>Uma escolha cl\u00e1ssica para aconchego e conforto.<\/p>\n<ul data-path-to-node=\"14\">\n<li>\n<p data-path-to-node=\"14,0,0\"><b data-path-to-node=\"14,0,0\" data-index-in-node=\"0\">Principal:<\/b> Tecido de poli\u00e9ster macio 100% (220 g\/m\u00b2) para uma sensa\u00e7\u00e3o aconchegante.<\/p>\n<\/li>\n<li>\n<p data-path-to-node=\"14,1,0\"><b data-path-to-node=\"14,1,0\" data-index-in-node=\"0\">Fundo:<\/b> Base em tecido n\u00e3o tecido preto de 80g.<\/p>\n<\/li>\n<li>\n<p data-path-to-node=\"14,2,0\"><b data-path-to-node=\"14,2,0\" data-index-in-node=\"0\">Embalagem:<\/b> Embalados individualmente em sacos pl\u00e1sticos (capa de papel personalizada dispon\u00edvel mediante solicita\u00e7\u00e3o).<\/p>\n<\/li>\n<\/ul>\n<p>2. Cobertor imperme\u00e1vel premium (acolchoado)<\/p>\n<p>Projetado para durabilidade e condi\u00e7\u00f5es de solo \u00famido.<\/p>\n<ul data-path-to-node=\"16\">\n<li>\n<p data-path-to-node=\"16,0,0\"><b data-path-to-node=\"16,0,0\" data-index-in-node=\"0\">Constru\u00e7\u00e3o:<\/b> Design tipo sandu\u00edche de 3 camadas \u2013 camada superior em poli\u00e9ster 300D, n\u00facleo de espuma de 2 mm para maior conforto ao sentar e camada inferior em poli\u00e9ster 210D.<\/p>\n<\/li>\n<li>\n<p data-path-to-node=\"16,1,0\"><b data-path-to-node=\"16,1,0\" data-index-in-node=\"0\">Imperme\u00e1vel:<\/b> Possui revestimento em PU para evitar a entrada de umidade.<\/p>\n<\/li>\n<li>\n<p data-path-to-node=\"16,2,0\"><b data-path-to-node=\"16,2,0\" data-index-in-node=\"0\">Portabilidade:<\/b> Inclui uma al\u00e7a de fita PP costurada (aprox. 2,5 x 50 cm) com fecho de velcro para facilitar o enrolamento e o transporte.<\/p>\n<\/li>\n<\/ul>\n<h2 data-path-to-node=\"17\">Principais caracter\u00edsticas<\/h2>\n<ul data-path-to-node=\"18\">\n<li>\n<p data-path-to-node=\"18,0,0\"><b data-path-to-node=\"18,0,0\" data-index-in-node=\"0\">Impress\u00e3o digital vibrante:<\/b> Imprimimos seu design digitalmente. <i data-path-to-node=\"18,0,0\" data-index-in-node=\"55\">Nota: Devido \u00e0 textura do tecido, as cores da impress\u00e3o final podem variar em at\u00e9 15% em rela\u00e7\u00e3o \u00e0 arte original.<\/i><\/p>\n<\/li>\n<li>\n<p data-path-to-node=\"18,1,0\"><b data-path-to-node=\"18,1,0\" data-index-in-node=\"0\">Branding pr\u00e1tico:<\/b> Uma \u00e1rea de superf\u00edcie enorme garante que sua marca seja vis\u00edvel \u00e0 dist\u00e2ncia em praias, parques e festivais.<\/p>\n<\/li>\n<li>\n<p data-path-to-node=\"18,2,0\"><b data-path-to-node=\"18,2,0\" data-index-in-node=\"0\">Toler\u00e2ncia de produ\u00e7\u00e3o:<\/b> Conforme os padr\u00f5es da ind\u00fastria, reservamo-nos o direito de entregar e faturar com uma varia\u00e7\u00e3o de +\/- 10% da quantidade encomendada.<\/p>\n<\/li>\n<\/ul>\n<h2 data-path-to-node=\"19\">Especifica\u00e7\u00f5es<\/h2>\n<table data-path-to-node=\"20\">\n<thead>\n<tr>\n<td><strong>Recurso<\/strong><\/td>\n<td><strong>Modelo de l\u00e3<\/strong><\/td>\n<td><strong>Modelo acolchoado \u00e0 prova d&#039;\u00e1gua<\/strong><\/td>\n<\/tr>\n<\/thead>\n<tbody>\n<tr>\n<td><span data-path-to-node=\"20,1,0,0\"><b data-path-to-node=\"20,1,0,0\" data-index-in-node=\"0\">Material de alta qualidade<\/b><\/span><\/td>\n<td><span data-path-to-node=\"20,1,1,0\">Fleece de poli\u00e9ster de 220 g\/m\u00b2<\/span><\/td>\n<td><span data-path-to-node=\"20,1,2,0\">Poli\u00e9ster 300D<\/span><\/td>\n<\/tr>\n<tr>\n<td><span data-path-to-node=\"20,2,0,0\"><b data-path-to-node=\"20,2,0,0\" data-index-in-node=\"0\">Apoio<\/b><\/span><\/td>\n<td><span data-path-to-node=\"20,2,1,0\">Tecido n\u00e3o tecido preto de 80g<\/span><\/td>\n<td><span data-path-to-node=\"20,2,2,0\">PU imperme\u00e1vel + poli\u00e9ster 210D<\/span><\/td>\n<\/tr>\n<tr>\n<td><span data-path-to-node=\"20,3,0,0\"><b data-path-to-node=\"20,3,0,0\" data-index-in-node=\"0\">Acolchoamento<\/b><\/span><\/td>\n<td><span data-path-to-node=\"20,3,1,0\">Nenhum<\/span><\/td>\n<td><span data-path-to-node=\"20,3,2,0\">Espuma de 2 mm<\/span><\/td>\n<\/tr>\n<tr>\n<td><span data-path-to-node=\"20,4,0,0\"><b data-path-to-node=\"20,4,0,0\" data-index-in-node=\"0\">Dimens\u00f5es<\/b><\/span><\/td>\n<td><span data-path-to-node=\"20,4,1,0\">120x150cm OU 130x170cm<\/span><\/td>\n<td><span data-path-to-node=\"20,4,2,0\">120x150cm<\/span><\/td>\n<\/tr>\n<tr>\n<td><span data-path-to-node=\"20,5,0,0\"><b data-path-to-node=\"20,5,0,0\" data-index-in-node=\"0\">Sistema de transporte<\/b><\/span><\/td>\n<td><span data-path-to-node=\"20,5,1,0\">Saco pl\u00e1stico (capa opcional)<\/span><\/td>\n<td><span data-path-to-node=\"20,5,2,0\">Al\u00e7a integrada em fita de polipropileno<\/span><\/td>\n<\/tr>\n<tr>\n<td><span data-path-to-node=\"20,6,0,0\"><b data-path-to-node=\"20,6,0,0\" data-index-in-node=\"0\">T\u00e9cnica de impress\u00e3o<\/b><\/span><\/td>\n<td><span data-path-to-node=\"20,6,1,0\">Digital em cores<\/span><\/td>\n<td><span data-path-to-node=\"20,6,2,0\">Digital em cores<\/span><\/td>\n<\/tr>\n<\/tbody>\n<\/table>\n<p>&nbsp;<\/p>\n<h2 data-path-to-node=\"21\">Casos de uso<\/h2>\n<ul data-path-to-node=\"22\">\n<li>\n<p data-path-to-node=\"22,0,0\"><b data-path-to-node=\"22,0,0\" data-index-in-node=\"0\">Festivais de Ver\u00e3o:<\/b> \u00c1reas com assentos personalizados para eventos musicais.<\/p>\n<\/li>\n<li>\n<p data-path-to-node=\"22,1,0\"><b data-path-to-node=\"22,1,0\" data-index-in-node=\"0\">Piqueniques corporativos:<\/b> Um presente pr\u00e1tico que os funcion\u00e1rios usar\u00e3o repetidamente.<\/p>\n<\/li>\n<li>\n<p data-path-to-node=\"22,2,0\"><b data-path-to-node=\"22,2,0\" data-index-in-node=\"0\">Lojas de produtos:<\/b> Um item de alto valor para bandas ou equipes esportivas.<\/p>\n<\/li>\n<li>\n<p data-path-to-node=\"22,3,0\"><b data-path-to-node=\"22,3,0\" data-index-in-node=\"0\">Promo\u00e7\u00f5es ao ar livre:<\/b> Ideal para marcas de bebidas ou de estilo de vida.<\/p>\n<\/li>\n<\/ul>","protected":false},"excerpt":{"rendered":"<ul>\n<li>\n<p data-path-to-node=\"9,0,0\"><b data-path-to-node=\"9,0,0\" data-index-in-node=\"0\">Duas varia\u00e7\u00f5es:<\/b> Escolha entre o modelo Soft Fleece (leve) ou o Premium Waterproof (acolchoado com al\u00e7a).<\/p>\n<\/li>\n<li>\n<p data-path-to-node=\"9,1,0\"><b data-path-to-node=\"9,1,0\" data-index-in-node=\"0\">Personaliza\u00e7\u00e3o completa:<\/b> A impress\u00e3o digital de alta resolu\u00e7\u00e3o cobre toda a superf\u00edcie superior.<\/p>\n<\/li>\n<li>\n<p data-path-to-node=\"9,2,0\"><b data-path-to-node=\"9,2,0\" data-index-in-node=\"0\">Tamanhos vers\u00e1teis:<\/b> Tamanho padr\u00e3o 120x150cm ou maior 130x170cm (somente tecido n\u00e3o tecido).<\/p>\n<\/li>\n<li>\n<p data-path-to-node=\"9,3,0\"><b data-path-to-node=\"9,3,0\" data-index-in-node=\"0\">Evento pronto:<\/b> Perfeito para festivais ao ar livre, piqueniques corporativos e campanhas de ver\u00e3o.<\/p>\n<\/li>\n<\/ul>","protected":false},"featured_media":6315,"comment_status":"closed","ping_status":"closed","template":"","meta":[],"product_brand":[],"product_cat":[68,121],"product_tag":[],"class_list":{"0":"post-6144","1":"product","2":"type-product","3":"status-publish","4":"has-post-thumbnail","6":"product_cat-event-supplies","7":"product_cat-promotional-merchandise","9":"first","10":"instock","11":"shipping-taxable","12":"purchasable","13":"product-type-simple"},"_links":{"self":[{"href":"https:\/\/displayproducts.eu\/pt\/wp-json\/wp\/v2\/product\/6144","targetHints":{"allow":["GET"]}}],"collection":[{"href":"https:\/\/displayproducts.eu\/pt\/wp-json\/wp\/v2\/product"}],"about":[{"href":"https:\/\/displayproducts.eu\/pt\/wp-json\/wp\/v2\/types\/product"}],"replies":[{"embeddable":true,"href":"https:\/\/displayproducts.eu\/pt\/wp-json\/wp\/v2\/comments?post=6144"}],"wp:featuredmedia":[{"embeddable":true,"href":"https:\/\/displayproducts.eu\/pt\/wp-json\/wp\/v2\/media\/6315"}],"wp:attachment":[{"href":"https:\/\/displayproducts.eu\/pt\/wp-json\/wp\/v2\/media?parent=6144"}],"wp:term":[{"taxonomy":"product_brand","embeddable":true,"href":"https:\/\/displayproducts.eu\/pt\/wp-json\/wp\/v2\/product_brand?post=6144"},{"taxonomy":"product_cat","embeddable":true,"href":"https:\/\/displayproducts.eu\/pt\/wp-json\/wp\/v2\/product_cat?post=6144"},{"taxonomy":"product_tag","embeddable":true,"href":"https:\/\/displayproducts.eu\/pt\/wp-json\/wp\/v2\/product_tag?post=6144"}],"curies":[{"name":"wp","href":"https:\/\/api.w.org\/{rel}","templated":true}]}}