{"id":6135,"date":"2025-12-19T15:54:46","date_gmt":"2025-12-19T12:54:46","guid":{"rendered":"https:\/\/wristbandfactory.eu\/?post_type=product&#038;p=6135"},"modified":"2026-04-01T21:52:34","modified_gmt":"2026-04-01T18:52:34","slug":"custom-printed-wooden-deck-chairs-patio-stools-made-in-eu","status":"publish","type":"product","link":"https:\/\/displayproducts.eu\/pt\/p\/custom-printed-wooden-deck-chairs-patio-stools-made-in-eu\/","title":{"rendered":"Espregui\u00e7adeiras de madeira personalizadas"},"content":{"rendered":"<p data-path-to-node=\"10\">Crie uma experi\u00eancia de marca relaxante com nossa linha premium de produtos. <b data-path-to-node=\"10\" data-index-in-node=\"86\">Cadeiras e bancos de madeira para deck com impress\u00e3o personalizada.<\/b>. Seja para um clube de praia, um festival de m\u00fasica, um terra\u00e7o corporativo de ver\u00e3o ou uma esta\u00e7\u00e3o de esqui de inverno, estas cadeiras oferecem a combina\u00e7\u00e3o perfeita de conforto e visibilidade.<\/p>\n<p data-path-to-node=\"11\">Fabricadas diretamente na UE, nossas estruturas s\u00e3o constru\u00eddas em madeira de faia robusta (acabamento natural), garantindo durabilidade e um toque sofisticado em compara\u00e7\u00e3o com as importa\u00e7\u00f5es leves. O tecido do assento \u00e9 impresso digitalmente em cores vibrantes, permitindo designs fotorrealistas que cobrem toda a superf\u00edcie.<\/p>\n<h3 data-path-to-node=\"12\">Modelos dispon\u00edveis<\/h3>\n<p data-path-to-node=\"13\">Oferecemos quatro configura\u00e7\u00f5es distintas para atender \u00e0s necessidades do seu evento:<\/p>\n<ol start=\"1\" data-path-to-node=\"14\">\n<li>\n<p data-path-to-node=\"14,0,0\"><b data-path-to-node=\"14,0,0\" data-index-in-node=\"0\">Cadeira de praia cl\u00e1ssica:<\/b> Design cl\u00e1ssico sem apoios de bra\u00e7o. Minimalista e port\u00e1til.<\/p>\n<\/li>\n<li>\n<p data-path-to-node=\"14,1,0\"><b data-path-to-node=\"14,1,0\" data-index-in-node=\"0\">Cadeira de conv\u00e9s confort\u00e1vel:<\/b> Possui apoios de bra\u00e7o ergon\u00f4micos para maior relaxamento.<\/p>\n<\/li>\n<li>\n<p data-path-to-node=\"14,2,0\"><b data-path-to-node=\"14,2,0\" data-index-in-node=\"0\">Cadeira de conv\u00e9s premium:<\/b> Inclui apoios de bra\u00e7o e um porta-copos integrado \u2013 a escolha perfeita para festivais.<\/p>\n<\/li>\n<li>\n<p data-path-to-node=\"14,3,0\"><b data-path-to-node=\"14,3,0\" data-index-in-node=\"0\">Banqueta de p\u00e1tio:<\/b> Um apoio para os p\u00e9s compacto e dobr\u00e1vel, ou assento extra, que complementa perfeitamente as cadeiras.<\/p>\n<\/li>\n<\/ol>\n<h2 data-path-to-node=\"15\">Principais caracter\u00edsticas<\/h2>\n<ul data-path-to-node=\"16\">\n<li>\n<p data-path-to-node=\"16,0,0\"><b data-path-to-node=\"16,0,0\" data-index-in-node=\"0\">Conforto ajust\u00e1vel:<\/b> Todos os modelos de cadeiras possuem ajuste de altura do encosto em 3 n\u00edveis para uma posi\u00e7\u00e3o personalizada (Padr\u00e3o: alcance de 28\/60 mm; modelos com apoio de bra\u00e7o: alcance de 28\/57 mm ou 32\/61 mm).<\/p>\n<\/li>\n<li>\n<p data-path-to-node=\"16,1,0\"><b data-path-to-node=\"16,1,0\" data-index-in-node=\"0\">Branding vibrante:<\/b> O tecido de poli\u00e9ster de 215 g\/m\u00b2 suporta impress\u00e3o CMYK de alta resolu\u00e7\u00e3o. <i data-path-to-node=\"16,1,0\" data-index-in-node=\"83\">Nota: Devido \u00e0 absor\u00e7\u00e3o do tecido, as cores finais podem variar em at\u00e9 15% em rela\u00e7\u00e3o ao arquivo digital.<\/i><\/p>\n<\/li>\n<li>\n<p data-path-to-node=\"16,2,0\"><b data-path-to-node=\"16,2,0\" data-index-in-node=\"0\">Design inteligente:<\/b> As capas das cadeiras s\u00e3o remov\u00edveis e intercambi\u00e1veis, permitindo que voc\u00ea atualize suas campanhas sem precisar comprar novas estruturas. (Observa\u00e7\u00e3o: o tecido dos bancos \u00e9 fixo\/n\u00e3o remov\u00edvel).<\/p>\n<\/li>\n<li>\n<p data-path-to-node=\"16,3,0\"><b data-path-to-node=\"16,3,0\" data-index-in-node=\"0\">Seguran\u00e7a e carga:<\/b> A constru\u00e7\u00e3o robusta suporta at\u00e9 110 kg por assento.<\/p>\n<\/li>\n<\/ul>\n<h2 data-path-to-node=\"17\">Especifica\u00e7\u00f5es<\/h2>\n<table data-path-to-node=\"18\">\n<thead>\n<tr>\n<td><strong>Recurso<\/strong><\/td>\n<td><strong>Cadeira cl\u00e1ssica<\/strong><\/td>\n<td><strong>Poltrona com apoio de bra\u00e7o<\/strong><\/td>\n<td><strong>Cadeira com porta-copos<\/strong><\/td>\n<td><strong>Banqueta de p\u00e1tio<\/strong><\/td>\n<\/tr>\n<\/thead>\n<tbody>\n<tr>\n<td><span data-path-to-node=\"18,1,0,0\"><b data-path-to-node=\"18,1,0,0\" data-index-in-node=\"0\">Material da moldura<\/b><\/span><\/td>\n<td><span data-path-to-node=\"18,1,1,0\">Madeira de faia<\/span><\/td>\n<td><span data-path-to-node=\"18,1,2,0\">Madeira de faia<\/span><\/td>\n<td><span data-path-to-node=\"18,1,3,0\">Madeira de faia<\/span><\/td>\n<td><span data-path-to-node=\"18,1,4,0\">Madeira de faia<\/span><\/td>\n<\/tr>\n<tr>\n<td><span data-path-to-node=\"18,2,0,0\"><b data-path-to-node=\"18,2,0,0\" data-index-in-node=\"0\">Dimens\u00f5es (Dobrado)<\/b><\/span><\/td>\n<td><span data-path-to-node=\"18,2,1,0\">1250 x 560 mm<\/span><\/td>\n<td><span data-path-to-node=\"18,2,2,0\">1510 x 580 mm<\/span><\/td>\n<td><span data-path-to-node=\"18,2,3,0\">1510 x 580 mm<\/span><\/td>\n<td><span data-path-to-node=\"18,2,4,0\">500 x 320 mm<\/span><\/td>\n<\/tr>\n<tr>\n<td><span data-path-to-node=\"18,3,0,0\"><b data-path-to-node=\"18,3,0,0\" data-index-in-node=\"0\">N\u00edveis de altura<\/b><\/span><\/td>\n<td><span data-path-to-node=\"18,3,1,0\">3 etapas<\/span><\/td>\n<td><span data-path-to-node=\"18,3,2,0\">3 etapas<\/span><\/td>\n<td><span data-path-to-node=\"18,3,3,0\">3 etapas<\/span><\/td>\n<td><span data-path-to-node=\"18,3,4,0\">Fixo (70mm)<\/span><\/td>\n<\/tr>\n<tr>\n<td><span data-path-to-node=\"18,4,0,0\"><b data-path-to-node=\"18,4,0,0\" data-index-in-node=\"0\">Peso<\/b><\/span><\/td>\n<td><span data-path-to-node=\"18,4,1,0\">3,9 kg (7,8 kg\/caixa)<\/span><\/td>\n<td><span data-path-to-node=\"18,4,2,0\">4,4 kg (8,8 kg\/caixa)<\/span><\/td>\n<td><span data-path-to-node=\"18,4,3,0\">4,7 kg (9,4 kg\/caixa)<\/span><\/td>\n<td><span data-path-to-node=\"18,4,4,0\">1,6 kg (3,2 kg\/caixa)<\/span><\/td>\n<\/tr>\n<tr>\n<td><span data-path-to-node=\"18,5,0,0\"><b data-path-to-node=\"18,5,0,0\" data-index-in-node=\"0\">Tecido<\/b><\/span><\/td>\n<td><span data-path-to-node=\"18,5,1,0\">Poli\u00e9ster 215 g\/m\u00b2<\/span><\/td>\n<td><span data-path-to-node=\"18,5,2,0\">Poli\u00e9ster 215 g\/m\u00b2<\/span><\/td>\n<td><span data-path-to-node=\"18,5,3,0\">Poli\u00e9ster 215 g\/m\u00b2<\/span><\/td>\n<td><span data-path-to-node=\"18,5,4,0\">Poli\u00e9ster 215 g\/m\u00b2<\/span><\/td>\n<\/tr>\n<tr>\n<td><span data-path-to-node=\"18,6,0,0\"><b data-path-to-node=\"18,6,0,0\" data-index-in-node=\"0\">Embalagem<\/b><\/span><\/td>\n<td><span data-path-to-node=\"18,6,1,0\">2 unidades por caixa<\/span><\/td>\n<td><span data-path-to-node=\"18,6,2,0\">2 unidades por caixa<\/span><\/td>\n<td><span data-path-to-node=\"18,6,3,0\">2 unidades por caixa<\/span><\/td>\n<td><span data-path-to-node=\"18,6,4,0\">2 unidades por caixa<\/span><\/td>\n<\/tr>\n<\/tbody>\n<\/table>\n<h2 data-path-to-node=\"19\">Casos de uso<\/h2>\n<ul data-path-to-node=\"20\">\n<li>\n<p data-path-to-node=\"20,0,0\"><b data-path-to-node=\"20,0,0\" data-index-in-node=\"0\">Festivais de ver\u00e3o e bares de praia:<\/b> Criar uma zona de relaxamento com a identidade visual da marca.<\/p>\n<\/li>\n<li>\n<p data-path-to-node=\"20,1,0\"><b data-path-to-node=\"20,1,0\" data-index-in-node=\"0\">Esta\u00e7\u00f5es de esqui:<\/b> Madeira resistente e poli\u00e9ster tamb\u00e9m funcionam bem em terra\u00e7os ensolarados de inverno.<\/p>\n<\/li>\n<li>\n<p data-path-to-node=\"20,2,0\"><b data-path-to-node=\"20,2,0\" data-index-in-node=\"0\">Brindes corporativos:<\/b> Um presente valioso para parceiros usarem em seus jardins ou varandas.<\/p>\n<\/li>\n<li>\n<p data-path-to-node=\"20,3,0\"><b data-path-to-node=\"20,3,0\" data-index-in-node=\"0\">Eventos ao ar livre:<\/b> Assentos port\u00e1teis que tamb\u00e9m funcionam como outdoors.<\/p>\n<\/li>\n<\/ul>","protected":false},"excerpt":{"rendered":"<ul>\n<li>\n<p data-path-to-node=\"9,0,0\"><b data-path-to-node=\"9,0,0\" data-index-in-node=\"0\">Fabricado na UE:<\/b> Feito \u00e0 m\u00e3o com madeira de faia natural de alta qualidade.<\/p>\n<\/li>\n<li>\n<p data-path-to-node=\"9,1,0\"><b data-path-to-node=\"9,1,0\" data-index-in-node=\"0\">Personaliza\u00e7\u00e3o completa:<\/b> Impress\u00e3o CMYK de ponta a ponta em poli\u00e9ster resistente de 215 g\/m\u00b2.<\/p>\n<\/li>\n<li>\n<p data-path-to-node=\"9,2,0\"><b data-path-to-node=\"9,2,0\" data-index-in-node=\"0\">4 modelos dispon\u00edveis:<\/b> Banco padr\u00e3o, com apoio de bra\u00e7os, com apoio de bra\u00e7os e porta-copos, e banco dobr\u00e1vel.<\/p>\n<\/li>\n<li>\n<p data-path-to-node=\"9,3,0\"><b data-path-to-node=\"9,3,0\" data-index-in-node=\"0\">Tecido substitu\u00edvel:<\/b> Altere o design facilmente em todos os modelos de cadeiras (o tecido do banco \u00e9 fixo).<\/p>\n<\/li>\n<\/ul>","protected":false},"featured_media":6320,"comment_status":"closed","ping_status":"closed","template":"","meta":[],"product_brand":[],"product_cat":[68],"product_tag":[],"class_list":{"0":"post-6135","1":"product","2":"type-product","3":"status-publish","4":"has-post-thumbnail","6":"product_cat-event-supplies","8":"first","9":"instock","10":"shipping-taxable","11":"purchasable","12":"product-type-simple"},"_links":{"self":[{"href":"https:\/\/displayproducts.eu\/pt\/wp-json\/wp\/v2\/product\/6135","targetHints":{"allow":["GET"]}}],"collection":[{"href":"https:\/\/displayproducts.eu\/pt\/wp-json\/wp\/v2\/product"}],"about":[{"href":"https:\/\/displayproducts.eu\/pt\/wp-json\/wp\/v2\/types\/product"}],"replies":[{"embeddable":true,"href":"https:\/\/displayproducts.eu\/pt\/wp-json\/wp\/v2\/comments?post=6135"}],"wp:featuredmedia":[{"embeddable":true,"href":"https:\/\/displayproducts.eu\/pt\/wp-json\/wp\/v2\/media\/6320"}],"wp:attachment":[{"href":"https:\/\/displayproducts.eu\/pt\/wp-json\/wp\/v2\/media?parent=6135"}],"wp:term":[{"taxonomy":"product_brand","embeddable":true,"href":"https:\/\/displayproducts.eu\/pt\/wp-json\/wp\/v2\/product_brand?post=6135"},{"taxonomy":"product_cat","embeddable":true,"href":"https:\/\/displayproducts.eu\/pt\/wp-json\/wp\/v2\/product_cat?post=6135"},{"taxonomy":"product_tag","embeddable":true,"href":"https:\/\/displayproducts.eu\/pt\/wp-json\/wp\/v2\/product_tag?post=6135"}],"curies":[{"name":"wp","href":"https:\/\/api.w.org\/{rel}","templated":true}]}}