{"id":6133,"date":"2025-12-19T15:34:23","date_gmt":"2025-12-19T12:34:23","guid":{"rendered":"https:\/\/wristbandfactory.eu\/?post_type=product&#038;p=6133"},"modified":"2026-04-01T21:52:34","modified_gmt":"2026-04-01T18:52:34","slug":"custom-led-acrylic-invitations-business-cards","status":"publish","type":"product","link":"https:\/\/displayproducts.eu\/pt\/p\/custom-led-acrylic-invitations-business-cards\/","title":{"rendered":"Cart\u00f5es de visita luminosos e convites com LED"},"content":{"rendered":"<p data-path-to-node=\"9\">D\u00ea destaque \u00e0 sua marca ou evento com nossos produtos. <b data-path-to-node=\"9\" data-index-in-node=\"65\">Convites e cart\u00f5es de visita personalizados em acr\u00edlico com LED<\/b>. Ao contr\u00e1rio das op\u00e7\u00f5es de papel padr\u00e3o, estes cart\u00f5es futuristas s\u00e3o feitos de acr\u00edlico r\u00edgido e cristalino e possuem tecnologia LED integrada. Quando ativados por um discreto bot\u00e3o de toque, os detalhes gravados a laser do seu design se iluminam, criando um efeito visual impressionante que garante que sua mensagem seja lembrada.<\/p>\n<p data-path-to-node=\"10\">Esses cart\u00f5es n\u00e3o s\u00e3o apenas cart\u00f5es; s\u00e3o lembran\u00e7as. Seja como um cart\u00e3o de visita sofisticado que cria uma conex\u00e3o instant\u00e2nea, um passe VIP luminoso para um evento noturno ou um convite de casamento rom\u00e2ntico, o cart\u00e3o de acr\u00edlico com LED proporciona uma experi\u00eancia \u00fanica ao usu\u00e1rio.<\/p>\n<h2 data-path-to-node=\"11\">Principais caracter\u00edsticas<\/h2>\n<ul data-path-to-node=\"12\">\n<li>\n<p data-path-to-node=\"12,0,0\"><b data-path-to-node=\"12,0,0\" data-index-in-node=\"0\">Tecnologia de grava\u00e7\u00e3o a laser:<\/b> Gravamos seu texto, logotipo ou arte diretamente na superf\u00edcie acr\u00edlica. A luz LED atravessa o material e incide sobre a grava\u00e7\u00e3o, fazendo-a brilhar intensamente contra o fundo transparente.<\/p>\n<\/li>\n<li>\n<p data-path-to-node=\"12,1,0\"><b data-path-to-node=\"12,1,0\" data-index-in-node=\"0\">Ativa\u00e7\u00e3o por toque:<\/b> Os modernos sensores de toque capacitivos permitem que os usu\u00e1rios liguem e desliguem a luz de forma integrada.<\/p>\n<\/li>\n<li>\n<p data-path-to-node=\"12,2,0\"><b data-path-to-node=\"12,2,0\" data-index-in-node=\"0\">Personaliza\u00e7\u00e3o completa:<\/b> Dispon\u00edvel em v\u00e1rios formatos (retangular, quadrado ou com corte personalizado) e tamanhos para combinar com carteiras padr\u00e3o ou envelopes maiores.<\/p>\n<\/li>\n<li>\n<p data-path-to-node=\"12,3,0\"><b data-path-to-node=\"12,3,0\" data-index-in-node=\"0\">Durabilidade:<\/b> Fabricado em acr\u00edlico resistente (PMMA) que oferece maior resist\u00eancia a dobras e arranh\u00f5es do que os cart\u00f5es de pl\u00e1stico tradicionais.<\/p>\n<\/li>\n<\/ul>\n<h2 data-path-to-node=\"13\">Especifica\u00e7\u00f5es<\/h2>\n<ul data-path-to-node=\"14\">\n<li>\n<p data-path-to-node=\"14,0,0\"><b data-path-to-node=\"14,0,0\" data-index-in-node=\"0\">Material:<\/b> Acr\u00edlico transparente (PMMA).<\/p>\n<\/li>\n<li>\n<p data-path-to-node=\"14,1,0\"><b data-path-to-node=\"14,1,0\" data-index-in-node=\"0\">Grossura:<\/b> Op\u00e7\u00f5es de 2 mm a 3 mm.<\/p>\n<\/li>\n<li>\n<p data-path-to-node=\"14,2,0\"><b data-path-to-node=\"14,2,0\" data-index-in-node=\"0\">Fonte de ilumina\u00e7\u00e3o:<\/b> Luzes LED integradas (brancas ou multicoloridas).<\/p>\n<\/li>\n<li>\n<p data-path-to-node=\"14,3,0\"><b data-path-to-node=\"14,3,0\" data-index-in-node=\"0\">Poder:<\/b> Baterias tipo bot\u00e3o (op\u00e7\u00f5es substitu\u00edveis\/n\u00e3o recarreg\u00e1veis) ou recarreg\u00e1veis via USB (em modelos selecionados).<\/p>\n<\/li>\n<li>\n<p data-path-to-node=\"14,4,0\"><b data-path-to-node=\"14,4,0\" data-index-in-node=\"0\">Tipo de interruptor:<\/b> Painel de toque ou interruptor de bot\u00e3o.<\/p>\n<\/li>\n<li>\n<p data-path-to-node=\"14,5,0\"><b data-path-to-node=\"14,5,0\" data-index-in-node=\"0\">Tempo de produ\u00e7\u00e3o:<\/b> 5 a 10 dias \u00fateis.<\/p>\n<\/li>\n<li>\n<p data-path-to-node=\"14,6,0\"><b data-path-to-node=\"14,6,0\" data-index-in-node=\"0\">Impress\u00e3o:<\/b> Grava\u00e7\u00e3o a laser (padr\u00e3o) + op\u00e7\u00f5es de serigrafia ou impress\u00e3o tipogr\u00e1fica.<\/p>\n<\/li>\n<\/ul>\n<h2 data-path-to-node=\"15\">Casos de uso<\/h2>\n<ul data-path-to-node=\"16\">\n<li>\n<p data-path-to-node=\"16,0,0\"><b data-path-to-node=\"16,0,0\" data-index-in-node=\"0\">Cart\u00f5es de visita VIP:<\/b> Destaque-se em eventos de networking com um cart\u00e3o que literalmente ilumina o ambiente.<\/p>\n<\/li>\n<li>\n<p data-path-to-node=\"16,1,0\"><b data-path-to-node=\"16,1,0\" data-index-in-node=\"0\">Convites de casamento de luxo:<\/b> Crie o ambiente perfeito para um casamento noturno exclusivo com convites deslumbrantes.<\/p>\n<\/li>\n<li>\n<p data-path-to-node=\"16,2,0\"><b data-path-to-node=\"16,2,0\" data-index-in-node=\"0\">Lembran\u00e7as do evento:<\/b> Perfeito para produtos de f\u00e3s, ingressos comemorativos ou \u00edm\u00e3s de &quot;Reserve a Data&quot;.<\/p>\n<\/li>\n<li>\n<p data-path-to-node=\"16,3,0\"><b data-path-to-node=\"16,3,0\" data-index-in-node=\"0\">Vida noturna e eventos de gala:<\/b> Utilize como fichas de bebida de alta visibilidade ou passes para \u00e1reas VIP em ambientes com pouca luz.<\/p>\n<\/li>\n<\/ul>","protected":false},"excerpt":{"rendered":"<ul>\n<li>\n<p data-path-to-node=\"8,0,0\"><b data-path-to-node=\"8,0,0\" data-index-in-node=\"0\">Impacto Iluminado:<\/b> Luzes LED embutidas fazem com que seu desenho gravado a laser brilhe intensamente.<\/p>\n<\/li>\n<li>\n<p data-path-to-node=\"8,1,0\"><b data-path-to-node=\"8,1,0\" data-index-in-node=\"0\">Material Premium:<\/b> Acr\u00edlico cristalino de alta qualidade com 2 mm ou 3 mm de espessura.<\/p>\n<\/li>\n<li>\n<p data-path-to-node=\"8,2,0\"><b data-path-to-node=\"8,2,0\" data-index-in-node=\"0\">Tecnologia personalizada:<\/b> Dispon\u00edvel com interruptores de toque e baterias recarreg\u00e1veis ou descart\u00e1veis.<\/p>\n<\/li>\n<li>\n<p data-path-to-node=\"8,3,0\"><b data-path-to-node=\"8,3,0\" data-index-in-node=\"0\">Uso vers\u00e1til:<\/b> Ideal para convites de casamento luxuosos, cart\u00f5es de visita sofisticados ou ingressos de lembran\u00e7a.<\/p>\n<\/li>\n<\/ul>","protected":false},"featured_media":6134,"comment_status":"closed","ping_status":"closed","template":"","meta":[],"product_brand":[],"product_cat":[76],"product_tag":[],"class_list":{"0":"post-6133","1":"product","2":"type-product","3":"status-publish","4":"has-post-thumbnail","6":"product_cat-glow-led-products","8":"first","9":"instock","10":"shipping-taxable","11":"product-type-simple"},"_links":{"self":[{"href":"https:\/\/displayproducts.eu\/pt\/wp-json\/wp\/v2\/product\/6133","targetHints":{"allow":["GET"]}}],"collection":[{"href":"https:\/\/displayproducts.eu\/pt\/wp-json\/wp\/v2\/product"}],"about":[{"href":"https:\/\/displayproducts.eu\/pt\/wp-json\/wp\/v2\/types\/product"}],"replies":[{"embeddable":true,"href":"https:\/\/displayproducts.eu\/pt\/wp-json\/wp\/v2\/comments?post=6133"}],"wp:featuredmedia":[{"embeddable":true,"href":"https:\/\/displayproducts.eu\/pt\/wp-json\/wp\/v2\/media\/6134"}],"wp:attachment":[{"href":"https:\/\/displayproducts.eu\/pt\/wp-json\/wp\/v2\/media?parent=6133"}],"wp:term":[{"taxonomy":"product_brand","embeddable":true,"href":"https:\/\/displayproducts.eu\/pt\/wp-json\/wp\/v2\/product_brand?post=6133"},{"taxonomy":"product_cat","embeddable":true,"href":"https:\/\/displayproducts.eu\/pt\/wp-json\/wp\/v2\/product_cat?post=6133"},{"taxonomy":"product_tag","embeddable":true,"href":"https:\/\/displayproducts.eu\/pt\/wp-json\/wp\/v2\/product_tag?post=6133"}],"curies":[{"name":"wp","href":"https:\/\/api.w.org\/{rel}","templated":true}]}}