{"id":6125,"date":"2025-12-18T23:14:53","date_gmt":"2025-12-18T20:14:53","guid":{"rendered":"https:\/\/wristbandfactory.eu\/?post_type=product&#038;p=6125"},"modified":"2026-04-01T21:52:03","modified_gmt":"2026-04-01T18:52:03","slug":"custom-pvc-playing-cards-100-plastic-waterproof","status":"publish","type":"product","link":"https:\/\/displayproducts.eu\/pt\/p\/custom-pvc-playing-cards-100-plastic-waterproof\/","title":{"rendered":"Baralhos de cartas em PVC personalizados"},"content":{"rendered":"<p data-path-to-node=\"12\">Aumente a visibilidade da sua marca com nossos produtos premium. <b data-path-to-node=\"12\" data-index-in-node=\"72\">Baralhos de cartas personalizados em PVC<\/b>. Ao contr\u00e1rio dos baralhos de papel comuns, estas cartas de pl\u00e1stico 100% oferecem durabilidade superior, um toque profissional de cassino e total resist\u00eancia \u00e0 \u00e1gua. S\u00e3o o brinde promocional ideal para cervejarias, eventos ao ar livre, marcas de viagens e presentes corporativos de alta qualidade.<\/p>\n<p data-path-to-node=\"13\">Por serem lav\u00e1veis e resistentes a dobras, seu baralho personalizado permanece em circula\u00e7\u00e3o por mais tempo, proporcionando exposi\u00e7\u00e3o duradoura para sua marca. Seja para um torneio de p\u00f4quer ou um presente que exala estilo, as cartas de baralho de PVC transmitem qualidade e durabilidade.<\/p>\n<h2 data-path-to-node=\"14\">Principais caracter\u00edsticas<\/h2>\n<ul data-path-to-node=\"15\">\n<li>\n<p data-path-to-node=\"15,0,0\"><b data-path-to-node=\"15,0,0\" data-index-in-node=\"0\">100% \u00c0 prova d&#039;\u00e1gua:<\/b> Ideal para eventos na praia, bares e uso ao ar livre; bebidas derramadas s\u00e3o f\u00e1ceis de limpar.<\/p>\n<\/li>\n<li>\n<p data-path-to-node=\"15,1,0\"><b data-path-to-node=\"15,1,0\" data-index-in-node=\"0\">Durabilidade superior:<\/b> O material de PVC resiste a vincos, rasgos e desgaste nos cantos muito melhor do que o papel.<\/p>\n<\/li>\n<li>\n<p data-path-to-node=\"15,2,0\"><b data-path-to-node=\"15,2,0\" data-index-in-node=\"0\">Impress\u00e3o de alta defini\u00e7\u00e3o:<\/b> Impress\u00e3o CMYK n\u00edtida e vibrante para logotipos complexos e ilustra\u00e7\u00f5es personalizadas no verso dos cart\u00f5es.<\/p>\n<\/li>\n<li>\n<p data-path-to-node=\"15,3,0\"><b data-path-to-node=\"15,3,0\" data-index-in-node=\"0\">Manuseio suave:<\/b> Op\u00e7\u00f5es de acabamento texturizado dispon\u00edveis para embaralhamento e distribui\u00e7\u00e3o de cartas profissionais.<\/p>\n<\/li>\n<\/ul>\n<h2 data-path-to-node=\"16\">Especifica\u00e7\u00f5es<\/h2>\n<ul data-path-to-node=\"17\">\n<li>\n<p data-path-to-node=\"17,0,0\"><b data-path-to-node=\"17,0,0\" data-index-in-node=\"0\">Material:<\/b> 100% Op\u00e7\u00f5es de PVC branco ou PVC transparente.<\/p>\n<\/li>\n<li>\n<p data-path-to-node=\"17,1,0\"><b data-path-to-node=\"17,1,0\" data-index-in-node=\"0\">Dimens\u00f5es:<\/b> Tamanho padr\u00e3o de p\u00f4quer (63 mm x 88 mm) ou tamanho de bridge (57 mm x 87 mm).<\/p>\n<\/li>\n<li>\n<p data-path-to-node=\"17,2,0\"><b data-path-to-node=\"17,2,0\" data-index-in-node=\"0\">Grossura:<\/b> Padr\u00e3o 0,3 mm (aproximadamente 300 m\u00edcrons).<\/p>\n<\/li>\n<li>\n<p data-path-to-node=\"17,3,0\"><b data-path-to-node=\"17,3,0\" data-index-in-node=\"0\">Embalagem:<\/b> Caixa branca padr\u00e3o, caixa personalizada impressa ou estojo de pl\u00e1stico transparente.<\/p>\n<\/li>\n<li>\n<p data-path-to-node=\"17,4,0\"><b data-path-to-node=\"17,4,0\" data-index-in-node=\"0\">Quantidade de baralhos:<\/b> Baralho padr\u00e3o com 54 cartas (52 naipes + 2 curingas).<\/p>\n<\/li>\n<\/ul>\n<h2 data-path-to-node=\"18\">Casos de uso<\/h2>\n<ul data-path-to-node=\"19\">\n<li>\n<p data-path-to-node=\"19,0,0\"><b data-path-to-node=\"19,0,0\" data-index-in-node=\"0\">Marcas de bebidas e \u00e1lcool:<\/b> Cart\u00f5es \u00e0 prova d&#039;\u00e1gua s\u00e3o essenciais para bares e pubs.<\/p>\n<\/li>\n<li>\n<p data-path-to-node=\"19,1,0\"><b data-path-to-node=\"19,1,0\" data-index-in-node=\"0\">Viagens e Turismo:<\/b> Jogos de viagem dur\u00e1veis para hot\u00e9is, resorts e operadores tur\u00edsticos.<\/p>\n<\/li>\n<li>\n<p data-path-to-node=\"19,2,0\"><b data-path-to-node=\"19,2,0\" data-index-in-node=\"0\">Brindes corporativos:<\/b> Um presente interativo e de alto valor que os clientes podem guardar em suas mesas de centro.<\/p>\n<\/li>\n<li>\n<p data-path-to-node=\"19,3,0\"><b data-path-to-node=\"19,3,0\" data-index-in-node=\"0\">Cassinos e Clubes de Jogos:<\/b> Baralhos de qualidade profissional para torneios com identidade visual personalizada.<\/p>\n<\/li>\n<\/ul>","protected":false},"excerpt":{"rendered":"<ul>\n<li>\n<p data-path-to-node=\"11,0,0\">Material: Pl\u00e1stico PVC 100% (espessura de 0,3 mm ou 0,32 mm)<\/p>\n<\/li>\n<li>\n<p data-path-to-node=\"11,1,0\">Caracter\u00edsticas: Completamente imperme\u00e1vel, lav\u00e1vel e resistente a rasgos.<\/p>\n<\/li>\n<li>\n<p data-path-to-node=\"11,2,0\">Personaliza\u00e7\u00e3o: Impress\u00e3o colorida no verso, op\u00e7\u00f5es de frente personalizadas e caixa de embalagem personalizada.<\/p>\n<\/li>\n<li>\n<p data-path-to-node=\"11,3,0\">Durabilidade: Resist\u00eancia e firmeza de n\u00edvel profissional para uso prolongado.<\/p>\n<\/li>\n<\/ul>","protected":false},"featured_media":6126,"comment_status":"closed","ping_status":"closed","template":"","meta":[],"product_brand":[],"product_cat":[121],"product_tag":[],"class_list":{"0":"post-6125","1":"product","2":"type-product","3":"status-publish","4":"has-post-thumbnail","6":"product_cat-promotional-merchandise","8":"first","9":"instock","10":"shipping-taxable","11":"purchasable","12":"product-type-simple"},"_links":{"self":[{"href":"https:\/\/displayproducts.eu\/pt\/wp-json\/wp\/v2\/product\/6125","targetHints":{"allow":["GET"]}}],"collection":[{"href":"https:\/\/displayproducts.eu\/pt\/wp-json\/wp\/v2\/product"}],"about":[{"href":"https:\/\/displayproducts.eu\/pt\/wp-json\/wp\/v2\/types\/product"}],"replies":[{"embeddable":true,"href":"https:\/\/displayproducts.eu\/pt\/wp-json\/wp\/v2\/comments?post=6125"}],"wp:featuredmedia":[{"embeddable":true,"href":"https:\/\/displayproducts.eu\/pt\/wp-json\/wp\/v2\/media\/6126"}],"wp:attachment":[{"href":"https:\/\/displayproducts.eu\/pt\/wp-json\/wp\/v2\/media?parent=6125"}],"wp:term":[{"taxonomy":"product_brand","embeddable":true,"href":"https:\/\/displayproducts.eu\/pt\/wp-json\/wp\/v2\/product_brand?post=6125"},{"taxonomy":"product_cat","embeddable":true,"href":"https:\/\/displayproducts.eu\/pt\/wp-json\/wp\/v2\/product_cat?post=6125"},{"taxonomy":"product_tag","embeddable":true,"href":"https:\/\/displayproducts.eu\/pt\/wp-json\/wp\/v2\/product_tag?post=6125"}],"curies":[{"name":"wp","href":"https:\/\/api.w.org\/{rel}","templated":true}]}}