{"id":6109,"date":"2025-12-18T12:35:53","date_gmt":"2025-12-18T09:35:53","guid":{"rendered":"https:\/\/wristbandfactory.eu\/?post_type=product&#038;p=6109"},"modified":"2026-04-01T21:52:34","modified_gmt":"2026-04-01T18:52:34","slug":"full-color-tyvek-wristbands-cmyk-photo-print","status":"publish","type":"product","link":"https:\/\/displayproducts.eu\/pt\/p\/full-color-tyvek-wristbands-cmyk-photo-print\/","title":{"rendered":"Pulseiras Tyvek com impress\u00e3o colorida"},"content":{"rendered":"<p data-path-to-node=\"12\">D\u00ea um toque especial \u00e0 identidade visual do seu evento com nossos produtos. <b data-path-to-node=\"12\" data-index-in-node=\"62\">Pulseiras Tyvek coloridas<\/b>. Ao contr\u00e1rio das op\u00e7\u00f5es padr\u00e3o de 1 cor, este m\u00e9todo de impress\u00e3o premium elimina todas as limita\u00e7\u00f5es de design, permitindo que voc\u00ea transforme um sem impress\u00e3o crach\u00e1 de seguran\u00e7a em uma poderosa ferramenta de marketing.<\/p>\n<p data-path-to-node=\"13\">Utilizando tecnologia avan\u00e7ada de impress\u00e3o digital CMYK, podemos reproduzir <b data-path-to-node=\"13\" data-index-in-node=\"66\">Fotos de alta resolu\u00e7\u00e3o, gradientes de cores suaves e logotipos de patrocinadores multicoloridos.<\/b> Com excepcional nitidez. A impress\u00e3o \u00e9 aplicada de ponta a ponta, proporcionando uma tela totalmente personalizada para exibir a identidade da sua marca ou o tema do festival.<\/p>\n<h2 data-path-to-node=\"14\">Principais caracter\u00edsticas<\/h2>\n<ul data-path-to-node=\"15\">\n<li>\n<p data-path-to-node=\"15,0,0\"><b data-path-to-node=\"15,0,0\" data-index-in-node=\"0\">Qualidade fotogr\u00e1fica CMYK:<\/b> Imprima milh\u00f5es de cores com precis\u00e3o. Perfeito para trabalhos art\u00edsticos complexos que exigem sombreamento ou detalhes minuciosos.<\/p>\n<\/li>\n<li>\n<p data-path-to-node=\"15,1,0\"><b data-path-to-node=\"15,1,0\" data-index-in-node=\"0\">Exposi\u00e7\u00e3o m\u00e1xima da marca:<\/b> Ideal para festivais e eventos corporativos onde os logotipos dos patrocinadores devem ser exibidos em suas cores originais.<\/p>\n<\/li>\n<li>\n<p data-path-to-node=\"15,2,0\"><b data-path-to-node=\"15,2,0\" data-index-in-node=\"0\">Seguran\u00e7a \u00e0 prova de adultera\u00e7\u00e3o:<\/b> Equipado com um fecho adesivo recortado que se desfaz ao ser removido para evitar a transfer\u00eancia do bilhete.<\/p>\n<\/li>\n<li>\n<p data-path-to-node=\"15,3,0\"><b data-path-to-node=\"15,3,0\" data-index-in-node=\"0\">Numera\u00e7\u00e3o sequencial:<\/b> Cada pulseira inclui um n\u00famero de s\u00e9rie exclusivo para controle de capacidade e auditoria de seguran\u00e7a.<\/p>\n<\/li>\n<li>\n<p data-path-to-node=\"15,4,0\"><b data-path-to-node=\"15,4,0\" data-index-in-node=\"0\">Tyvek\u00ae genu\u00edno da DuPont\u2122:<\/b> Utilizamos material Tyvek\u00ae aut\u00eantico, que \u00e9 imperme\u00e1vel, dur\u00e1vel e confort\u00e1vel para eventos com dura\u00e7\u00e3o de v\u00e1rios dias.<\/p>\n<\/li>\n<li>\n<p data-path-to-node=\"15,5,0\"><b data-path-to-node=\"15,5,0\" data-index-in-node=\"0\">Caneta destac\u00e1vel opcional:<\/b> Pode ser produzido com um canhoto perfurado, perfeito para vales-bebida, etiquetas de guarda-volumes ou rifas.<\/p>\n<\/li>\n<\/ul>\n<h2 data-path-to-node=\"16\">Especifica\u00e7\u00f5es<\/h2>\n<ul data-path-to-node=\"17\">\n<li>\n<p data-path-to-node=\"17,0,0\"><b data-path-to-node=\"17,0,0\" data-index-in-node=\"0\">Material:<\/b> DuPont\u2122 Tyvek\u00ae (Polietileno de alta densidade recicl\u00e1vel).<\/p>\n<\/li>\n<li>\n<p data-path-to-node=\"17,1,0\"><b data-path-to-node=\"17,1,0\" data-index-in-node=\"0\">Tipo de impress\u00e3o:<\/b> Impress\u00e3o digital a cores (CMYK).<\/p>\n<\/li>\n<li>\n<p data-path-to-node=\"17,2,0\"><b data-path-to-node=\"17,2,0\" data-index-in-node=\"0\">\u00c1rea de impress\u00e3o:<\/b> Impress\u00e3o de ponta a ponta (com sangria permitida).<\/p>\n<\/li>\n<li>\n<p data-path-to-node=\"17,3,0\"><b data-path-to-node=\"17,3,0\" data-index-in-node=\"0\">Tamanho:<\/b> Largura padr\u00e3o de 19 mm ou 25 mm.<\/p>\n<\/li>\n<li>\n<p data-path-to-node=\"17,4,0\"><b data-path-to-node=\"17,4,0\" data-index-in-node=\"0\">Encerramento:<\/b> Adesivo inviol\u00e1vel de uso \u00fanico.<\/p>\n<\/li>\n<li>\n<p data-path-to-node=\"17,5,0\"><b data-path-to-node=\"17,5,0\" data-index-in-node=\"0\">Durabilidade:<\/b> Resistente \u00e0 \u00e1gua e a rasgos, adequado para uso de 1 a 5 dias.<\/p>\n<\/li>\n<\/ul>\n<h2 data-path-to-node=\"18\">Casos de uso<\/h2>\n<ul data-path-to-node=\"19\">\n<li>\n<p data-path-to-node=\"19,0,0\"><b data-path-to-node=\"19,0,0\" data-index-in-node=\"0\">Festivais de M\u00fasica:<\/b> Designs vibrantes que combinam com a identidade visual do festival.<\/p>\n<\/li>\n<li>\n<p data-path-to-node=\"19,1,0\"><b data-path-to-node=\"19,1,0\" data-index-in-node=\"0\">Acesso VIP:<\/b> Destaque os convidados VIP com um visual sofisticado e colorido em compara\u00e7\u00e3o com as pulseiras padr\u00e3o.<\/p>\n<\/li>\n<li>\n<p data-path-to-node=\"19,2,0\"><b data-path-to-node=\"19,2,0\" data-index-in-node=\"0\">Patroc\u00ednios:<\/b> Exiba os logotipos de v\u00e1rios patrocinadores de forma clara, em suas cores corporativas oficiais.<\/p>\n<\/li>\n<li>\n<p data-path-to-node=\"19,3,0\"><b data-path-to-node=\"19,3,0\" data-index-in-node=\"0\">Campanhas de marketing:<\/b> Utilize c\u00f3digos QR e recursos visuais de alto impacto para impulsionar o engajamento.<\/p>\n<\/li>\n<\/ul>","protected":false},"excerpt":{"rendered":"<ul>\n<li>\n<p data-path-to-node=\"11,0,0\"><b data-path-to-node=\"11,0,0\" data-index-in-node=\"0\">Criatividade ilimitada:<\/b> A impress\u00e3o em cores CMYK permite a utiliza\u00e7\u00e3o de fotos, gradientes e logotipos complexos de patrocinadores.<\/p>\n<\/li>\n<li>\n<p data-path-to-node=\"11,1,0\"><b data-path-to-node=\"11,1,0\" data-index-in-node=\"0\">Design de ponta a ponta:<\/b> Maximize o impacto da marca com uma arte que cubra toda a extens\u00e3o da pulseira.<\/p>\n<\/li>\n<li>\n<p data-path-to-node=\"11,2,0\"><b data-path-to-node=\"11,2,0\" data-index-in-node=\"0\">Alta defini\u00e7\u00e3o:<\/b> Qualidade de impress\u00e3o n\u00edtida e fotorrealista, indispon\u00edvel com a serigrafia padr\u00e3o.<\/p>\n<\/li>\n<li>\n<p data-path-to-node=\"11,3,0\"><b data-path-to-node=\"11,3,0\" data-index-in-node=\"0\">Seguro e dur\u00e1vel:<\/b> Apresenta numera\u00e7\u00e3o sequencial e o aut\u00eantico DuPont\u2122 Tyvek\u00ae resistente a rasgos.<\/p>\n<\/li>\n<\/ul>","protected":false},"featured_media":6110,"comment_status":"closed","ping_status":"closed","template":"","meta":[],"product_brand":[],"product_cat":[41],"product_tag":[],"class_list":{"0":"post-6109","1":"product","2":"type-product","3":"status-publish","4":"has-post-thumbnail","6":"product_cat-tyvek","8":"first","9":"instock","10":"shipping-taxable","11":"purchasable","12":"product-type-simple"},"_links":{"self":[{"href":"https:\/\/displayproducts.eu\/pt\/wp-json\/wp\/v2\/product\/6109","targetHints":{"allow":["GET"]}}],"collection":[{"href":"https:\/\/displayproducts.eu\/pt\/wp-json\/wp\/v2\/product"}],"about":[{"href":"https:\/\/displayproducts.eu\/pt\/wp-json\/wp\/v2\/types\/product"}],"replies":[{"embeddable":true,"href":"https:\/\/displayproducts.eu\/pt\/wp-json\/wp\/v2\/comments?post=6109"}],"wp:featuredmedia":[{"embeddable":true,"href":"https:\/\/displayproducts.eu\/pt\/wp-json\/wp\/v2\/media\/6110"}],"wp:attachment":[{"href":"https:\/\/displayproducts.eu\/pt\/wp-json\/wp\/v2\/media?parent=6109"}],"wp:term":[{"taxonomy":"product_brand","embeddable":true,"href":"https:\/\/displayproducts.eu\/pt\/wp-json\/wp\/v2\/product_brand?post=6109"},{"taxonomy":"product_cat","embeddable":true,"href":"https:\/\/displayproducts.eu\/pt\/wp-json\/wp\/v2\/product_cat?post=6109"},{"taxonomy":"product_tag","embeddable":true,"href":"https:\/\/displayproducts.eu\/pt\/wp-json\/wp\/v2\/product_tag?post=6109"}],"curies":[{"name":"wp","href":"https:\/\/api.w.org\/{rel}","templated":true}]}}