{"id":6103,"date":"2025-12-17T16:17:31","date_gmt":"2025-12-17T13:17:31","guid":{"rendered":"https:\/\/wristbandfactory.eu\/?post_type=product&#038;p=6103"},"modified":"2026-04-01T21:52:34","modified_gmt":"2026-04-01T18:52:34","slug":"custom-tyvek-running-bibs-race-numbers","status":"publish","type":"product","link":"https:\/\/displayproducts.eu\/pt\/p\/custom-tyvek-running-bibs-race-numbers\/","title":{"rendered":"Dorsais de corrida personalizados"},"content":{"rendered":"<p data-path-to-node=\"10\">Equipe seus atletas com equipamentos profissionais. <b>Coletes de corrida personalizados em Tyvek<\/b>. Quer esteja organizando uma maratona na cidade, uma corrida beneficente ou um dia de atletismo escolar, a qualidade do n\u00famero de corrida reflete a qualidade do evento.<\/p>\n<p data-path-to-node=\"11\">N\u00f3s usamos <b>Material Tyvek\u00ae<\/b>, que \u00e9 o padr\u00e3o da ind\u00fastria para n\u00fameros de competi\u00e7\u00e3o. Tem a apar\u00eancia e a impress\u00e3o de papel, mas possui a durabilidade do pl\u00e1stico. \u00c9 praticamente imposs\u00edvel de rasgar com as m\u00e3os, n\u00e3o se desintegra na chuva ou no suor e permanece leve (especialmente o nosso recomendado). <b>43 g\/m\u00b2<\/b> op\u00e7\u00e3o) para que os concorrentes mal sintam isso.<\/p>\n<h2 data-path-to-node=\"12\">Principais caracter\u00edsticas<\/h2>\n<ul data-path-to-node=\"13\">\n<li>\n<p data-path-to-node=\"13,0,0\"><b>Durabilidade indestrut\u00edvel:<\/b> O Tyvek resiste aos rigores de corridas de longa dist\u00e2ncia, corridas na lama e mau tempo sem rasgar ou desbotar.<\/p>\n<\/li>\n<li>\n<p data-path-to-node=\"13,1,0\"><b>Impress\u00e3o de dados vari\u00e1veis:<\/b> Podemos imprimir numera\u00e7\u00e3o sequencial, c\u00f3digos de barras, c\u00f3digos QR e nomes individuais dos participantes diretamente nos n\u00fameros de peito.<\/p>\n<\/li>\n<li>\n<p data-path-to-node=\"13,2,0\"><b>Visibilidade do Patrocinador:<\/b> A grande \u00e1rea da superf\u00edcie oferece um espa\u00e7o privilegiado para os logotipos dos patrocinadores, garantindo que eles sejam vistos em todas as fotos do evento.<\/p>\n<\/li>\n<li>\n<p data-path-to-node=\"13,3,0\"><b>Fixa\u00e7\u00e3o segura:<\/b> Projetado para ser facilmente fixado na roupa (alfinetes de seguran\u00e7a geralmente vendidos separadamente ou em conjunto).<\/p>\n<\/li>\n<\/ul>\n<h2 data-path-to-node=\"14\">Especifica\u00e7\u00f5es<\/h2>\n<ul data-path-to-node=\"15\">\n<li>\n<p data-path-to-node=\"15,0,0\"><b>Material:<\/b> Tyvek\u00ae (papel sint\u00e9tico).<\/p>\n<\/li>\n<li>\n<p data-path-to-node=\"15,1,0\"><b>Grossura:<\/b> 43 g\/m\u00b2 (Leve e Macio), 55 g\/m\u00b2, 75 g\/m\u00b2 (R\u00edgido).<\/p>\n<\/li>\n<li>\n<p data-path-to-node=\"15,2,0\"><b>Tamanhos padr\u00e3o:<\/b><\/p>\n<ul data-path-to-node=\"15,2,1\">\n<li>\n<p data-path-to-node=\"15,2,1,0,0\">21 x 22 cm (Grande)<\/p>\n<\/li>\n<li>\n<p data-path-to-node=\"15,2,1,1,0\">21 x 15 cm (padr\u00e3o A5)<\/p>\n<\/li>\n<li>\n<p data-path-to-node=\"15,2,1,2,0\">20 x 20 cm \/ 18 x 18 cm (Quadrado)<\/p>\n<\/li>\n<li>\n<p data-path-to-node=\"15,2,1,3,0\">21 x 11 cm \/ 10 x 11 cm (Pequeno)<\/p>\n<\/li>\n<\/ul>\n<\/li>\n<li>\n<p data-path-to-node=\"15,3,0\"><b>Imprimir:<\/b> Impress\u00e3o digital em cores (CMYK).<\/p>\n<\/li>\n<li>\n<p data-path-to-node=\"15,4,0\"><b>Consertando:<\/b> 4 furos nos cantos (opcional).<\/p>\n<\/li>\n<li>\n<p data-path-to-node=\"15,5,0\"><b>Quantidade m\u00ednima de encomenda:<\/b> 100 unidades.<\/p>\n<\/li>\n<\/ul>\n<h2 data-path-to-node=\"16\">Casos de uso<\/h2>\n<ul data-path-to-node=\"17\">\n<li>\n<p data-path-to-node=\"17,0,0\"><b>Maratonas e Triatlos:<\/b> Identifica\u00e7\u00e3o essencial para eventos competitivos cronometrados.<\/p>\n<\/li>\n<li>\n<p data-path-to-node=\"17,1,0\"><b>Caminhadas beneficentes:<\/b> Oportunidade de divulga\u00e7\u00e3o para patrocinadores e causas.<\/p>\n<\/li>\n<li>\n<p data-path-to-node=\"17,2,0\"><b>Esqui e ciclismo:<\/b> N\u00fameros dur\u00e1veis que resistem ao vento e \u00e0 umidade.<\/p>\n<\/li>\n<li>\n<p data-path-to-node=\"17,3,0\"><b>Audi\u00e7\u00f5es:<\/b> Usados como n\u00fameros de identifica\u00e7\u00e3o para audi\u00e7\u00f5es de dan\u00e7a ou de elenco.<\/p>\n<\/li>\n<\/ul>","protected":false},"excerpt":{"rendered":"<ul>\n<li>\n<p data-path-to-node=\"9,0,0\"><b>Material:<\/b> Genu\u00edno <b>Tyvek\u00ae<\/b> \u2013 Resistente a rasgos, imperme\u00e1vel e respir\u00e1vel.<\/p>\n<\/li>\n<li>\n<p data-path-to-node=\"9,1,0\"><b>Op\u00e7\u00f5es de peso:<\/b> Dispon\u00edvel em gramaturas de 43 g\/m\u00b2 (recomendado para tecidos leves), 55 g\/m\u00b2 ou 75 g\/m\u00b2.<\/p>\n<\/li>\n<li>\n<p data-path-to-node=\"9,2,0\"><b>Personaliza\u00e7\u00e3o:<\/b> Impress\u00e3o digital a cores para logotipos, n\u00fameros e dados de patrocinadores.<\/p>\n<\/li>\n<li>\n<p data-path-to-node=\"9,3,0\"><b>Tamanhos:<\/b> Ampla variedade de tamanhos padr\u00e3o (ex.: A5, A4, 21x22cm) para se adequar a qualquer tipo de evento.<\/p>\n<\/li>\n<\/ul>","protected":false},"featured_media":6132,"comment_status":"closed","ping_status":"closed","template":"","meta":[],"product_brand":[],"product_cat":[68,118],"product_tag":[],"class_list":{"0":"post-6103","1":"product","2":"type-product","3":"status-publish","4":"has-post-thumbnail","6":"product_cat-event-supplies","7":"product_cat-sports-fitness","9":"first","10":"instock","11":"shipping-taxable","12":"purchasable","13":"product-type-simple"},"_links":{"self":[{"href":"https:\/\/displayproducts.eu\/pt\/wp-json\/wp\/v2\/product\/6103","targetHints":{"allow":["GET"]}}],"collection":[{"href":"https:\/\/displayproducts.eu\/pt\/wp-json\/wp\/v2\/product"}],"about":[{"href":"https:\/\/displayproducts.eu\/pt\/wp-json\/wp\/v2\/types\/product"}],"replies":[{"embeddable":true,"href":"https:\/\/displayproducts.eu\/pt\/wp-json\/wp\/v2\/comments?post=6103"}],"wp:featuredmedia":[{"embeddable":true,"href":"https:\/\/displayproducts.eu\/pt\/wp-json\/wp\/v2\/media\/6132"}],"wp:attachment":[{"href":"https:\/\/displayproducts.eu\/pt\/wp-json\/wp\/v2\/media?parent=6103"}],"wp:term":[{"taxonomy":"product_brand","embeddable":true,"href":"https:\/\/displayproducts.eu\/pt\/wp-json\/wp\/v2\/product_brand?post=6103"},{"taxonomy":"product_cat","embeddable":true,"href":"https:\/\/displayproducts.eu\/pt\/wp-json\/wp\/v2\/product_cat?post=6103"},{"taxonomy":"product_tag","embeddable":true,"href":"https:\/\/displayproducts.eu\/pt\/wp-json\/wp\/v2\/product_tag?post=6103"}],"curies":[{"name":"wp","href":"https:\/\/api.w.org\/{rel}","templated":true}]}}