{"id":6096,"date":"2025-12-17T16:05:07","date_gmt":"2025-12-17T13:05:07","guid":{"rendered":"https:\/\/wristbandfactory.eu\/?post_type=product&#038;p=6096"},"modified":"2026-04-01T21:52:34","modified_gmt":"2026-04-01T18:52:34","slug":"custom-full-print-boxer-shorts-sublimation","status":"publish","type":"product","link":"https:\/\/displayproducts.eu\/pt\/p\/custom-full-print-boxer-shorts-sublimation\/","title":{"rendered":"Boxers personalizados (Impress\u00e3o total)"},"content":{"rendered":"<p data-path-to-node=\"11\">Transforme um item essencial do dia a dia em uma declara\u00e7\u00e3o de estilo ousada com nossos produtos. <b>Cuecas boxer personalizadas com estampa total<\/b>. Seja para uma equipe esportiva que busca um uniforme completo (incluindo a camada base), uma banda que vende produtos exclusivos ou uma empresa que cria um presente divertido e memor\u00e1vel, essas cuecas oferecem uma liberdade criativa incompar\u00e1vel.<\/p>\n<p data-path-to-node=\"12\">Ao contr\u00e1rio das pe\u00e7as \u00edntimas estampadas convencionais, onde o logotipo \u00e9 aplicado por termotransfer\u00eancia em uma pe\u00e7a j\u00e1 pronta, n\u00f3s fabricamos estas pe\u00e7as do zero. Imprimimos seu design em rolos de tecido Lycra de alta qualidade antes do corte e da costura. Isso significa que seu design \u2014 seja um padr\u00e3o de logotipo repetido, uma fotografia ou uma cor espec\u00edfica da marca \u2014 cobre toda a pe\u00e7a. <b>100% do produto<\/b>, incluindo o c\u00f3s.<\/p>\n<h2 data-path-to-node=\"13\">Principais caracter\u00edsticas<\/h2>\n<ul data-path-to-node=\"14\">\n<li>\n<p data-path-to-node=\"14,0,0\"><b>Constru\u00e7\u00e3o em Lycra Premium:<\/b> Feito de material liso <b>Lycra 130g\/m\u00b2<\/b>, O tecido \u00e9 macio ao toque, respir\u00e1vel e mant\u00e9m a sua forma.<\/p>\n<\/li>\n<li>\n<p data-path-to-node=\"14,1,0\"><b>Sublima\u00e7\u00e3o v\u00edvida:<\/b> Utilizamos tecnologia avan\u00e7ada. <b>Impress\u00e3o em 1400 dpi<\/b> tecnologia. A tinta \u00e9 infundida nas fibras do tecido, garantindo que o desenho nunca rache, descasque ou desbote, mesmo ap\u00f3s v\u00e1rias lavagens.<\/p>\n<\/li>\n<li>\n<p data-path-to-node=\"14,2,0\"><b>Desempenho t\u00e9cnico:<\/b> O tecido \u00e9 resistente \u00e0 \u00e1gua e mant\u00e9m uma <b>Certificado de retardamento de fogo M1\/B1<\/b>, tornando-o seguro e dur\u00e1vel.<\/p>\n<\/li>\n<li>\n<p data-path-to-node=\"14,3,0\"><b>Personaliza\u00e7\u00e3o:<\/b> Perfeito para nomes personalizados. Voc\u00ea pode encomendar um lote onde cada par de cal\u00e7as tenha um nome diferente impresso no c\u00f3s ou na perna.<\/p>\n<\/li>\n<\/ul>\n<h2 data-path-to-node=\"15\">Especifica\u00e7\u00f5es<\/h2>\n<ul data-path-to-node=\"16\">\n<li>\n<p data-path-to-node=\"16,0,0\"><b>Material:<\/b> Lycra 130g\/m\u00b2 (mistura de poli\u00e9ster\/elastano).<\/p>\n<\/li>\n<li>\n<p data-path-to-node=\"16,1,0\"><b>T\u00e9cnica de impress\u00e3o:<\/b> Sublima\u00e7\u00e3o total de tinta (CMYK).<\/p>\n<\/li>\n<li>\n<p data-path-to-node=\"16,2,0\"><b>Resolu\u00e7\u00e3o:<\/b> 1400 dpi (Qualidade fotogr\u00e1fica).<\/p>\n<\/li>\n<li>\n<p data-path-to-node=\"16,3,0\"><b>Seguran\u00e7a:<\/b> Retardante de chamas classe M1\/B1.<\/p>\n<\/li>\n<li>\n<p data-path-to-node=\"16,4,0\"><b>Estilos:<\/b> Cuecas boxer masculinas, calcinhas\/shorts femininos.<\/p>\n<\/li>\n<li>\n<p data-path-to-node=\"16,5,0\"><b>Tamanhos:<\/b> XS \u2013 XXL.<\/p>\n<\/li>\n<li>\n<p data-path-to-node=\"16,6,0\"><b>Quantidade m\u00ednima de encomenda:<\/b> 50 unidades.<\/p>\n<\/li>\n<\/ul>\n<h2 data-path-to-node=\"17\">Casos de uso<\/h2>\n<ul data-path-to-node=\"18\">\n<li>\n<p data-path-to-node=\"18,0,0\"><b>Equipes esportivas:<\/b> Camadas de base uniformes para times de futebol americano, basquete ou r\u00fagbi.<\/p>\n<\/li>\n<li>\n<p data-path-to-node=\"18,1,0\"><b>Mercadoria:<\/b> Produtos divertidos e com alta margem de lucro para bandas, festivais e influenciadores.<\/p>\n<\/li>\n<li>\n<p data-path-to-node=\"18,2,0\"><b>Festas de despedida de solteiro(a):<\/b> Presentes personalizados e divertidos com fotos ou piadas internas.<\/p>\n<\/li>\n<li>\n<p data-path-to-node=\"18,3,0\"><b>Brindes corporativos:<\/b> Um presente divertido e inesperado que certamente chama a aten\u00e7\u00e3o.<\/p>\n<\/li>\n<\/ul>","protected":false},"excerpt":{"rendered":"<ul>\n<li>\n<p data-path-to-node=\"10,0,0\"><b>Estampa total:<\/b> 100% superf\u00edcie personaliz\u00e1vel (incluindo o c\u00f3s) por sublima\u00e7\u00e3o.<\/p>\n<\/li>\n<li>\n<p data-path-to-node=\"10,1,0\"><b>Material:<\/b> Tecido Lycra macio de 130 g\/m\u00b2 (resistente \u00e0 \u00e1gua e retardante de chamas M1\/B1).<\/p>\n<\/li>\n<li>\n<p data-path-to-node=\"10,2,0\"><b>Qualidade de impress\u00e3o:<\/b> Alta defini\u00e7\u00e3o <b>1400 dpi<\/b> Para fotos e logotipos n\u00edtidos.<\/p>\n<\/li>\n<li>\n<p data-path-to-node=\"10,3,0\"><b>Estilos:<\/b> Cortes dispon\u00edveis para homens e mulheres.<\/p>\n<\/li>\n<\/ul>","protected":false},"featured_media":6097,"comment_status":"closed","ping_status":"closed","template":"","meta":[],"product_brand":[],"product_cat":[118,45],"product_tag":[],"class_list":{"0":"post-6096","1":"product","2":"type-product","3":"status-publish","4":"has-post-thumbnail","6":"product_cat-sports-fitness","7":"product_cat-other","9":"first","10":"instock","11":"shipping-taxable","12":"product-type-simple"},"_links":{"self":[{"href":"https:\/\/displayproducts.eu\/pt\/wp-json\/wp\/v2\/product\/6096","targetHints":{"allow":["GET"]}}],"collection":[{"href":"https:\/\/displayproducts.eu\/pt\/wp-json\/wp\/v2\/product"}],"about":[{"href":"https:\/\/displayproducts.eu\/pt\/wp-json\/wp\/v2\/types\/product"}],"replies":[{"embeddable":true,"href":"https:\/\/displayproducts.eu\/pt\/wp-json\/wp\/v2\/comments?post=6096"}],"wp:featuredmedia":[{"embeddable":true,"href":"https:\/\/displayproducts.eu\/pt\/wp-json\/wp\/v2\/media\/6097"}],"wp:attachment":[{"href":"https:\/\/displayproducts.eu\/pt\/wp-json\/wp\/v2\/media?parent=6096"}],"wp:term":[{"taxonomy":"product_brand","embeddable":true,"href":"https:\/\/displayproducts.eu\/pt\/wp-json\/wp\/v2\/product_brand?post=6096"},{"taxonomy":"product_cat","embeddable":true,"href":"https:\/\/displayproducts.eu\/pt\/wp-json\/wp\/v2\/product_cat?post=6096"},{"taxonomy":"product_tag","embeddable":true,"href":"https:\/\/displayproducts.eu\/pt\/wp-json\/wp\/v2\/product_tag?post=6096"}],"curies":[{"name":"wp","href":"https:\/\/api.w.org\/{rel}","templated":true}]}}