{"id":6091,"date":"2025-12-17T15:53:41","date_gmt":"2025-12-17T12:53:41","guid":{"rendered":"https:\/\/wristbandfactory.eu\/?post_type=product&#038;p=6091"},"modified":"2026-04-01T21:52:34","modified_gmt":"2026-04-01T18:52:34","slug":"custom-embroidered-hotel-bathrobes-dual-layer","status":"publish","type":"product","link":"https:\/\/displayproducts.eu\/pt\/p\/custom-embroidered-hotel-bathrobes-dual-layer\/","title":{"rendered":"Roup\u00f5es de banho com logotipo"},"content":{"rendered":"<p data-path-to-node=\"11\">Aprimore a experi\u00eancia dos seus h\u00f3spedes com nossos <b>Roup\u00f5es de banho de hotel bordados personalizados<\/b>. Concebidos para estabelecimentos que exigem luxo e durabilidade, estes roup\u00f5es oferecem o equil\u00edbrio perfeito entre conforto para a pele e resist\u00eancia operacional.<\/p>\n<p data-path-to-node=\"12\">Ao contr\u00e1rio dos roup\u00f5es de tecido atoalhado comuns, que podem ficar \u00e1speros ou perder a forma com o tempo, nossa tecnologia de dupla camada garante uma sensa\u00e7\u00e3o premium por anos. Um excelente exemplo dessa qualidade \u00e9 nossa colabora\u00e7\u00e3o com a <b>Panorama de Kalevi<\/b> complexo residencial. Eles escolheram esses roup\u00f5es como brindes de boas-vindas exclusivos para os novos propriet\u00e1rios dos apartamentos, aproveitando o alto valor percebido do roup\u00e3o para deixar uma impress\u00e3o positiva duradoura.<\/p>\n<h2 data-path-to-node=\"13\">Principais caracter\u00edsticas<\/h2>\n<ul data-path-to-node=\"14\">\n<li>\n<p data-path-to-node=\"14,0,0\"><b>Tecnologia de dupla camada:<\/b><\/p>\n<ul data-path-to-node=\"14,0,1\">\n<li>\n<p data-path-to-node=\"14,0,1,0,0\"><b>Camada interna (algod\u00e3o 100%):<\/b> A pe\u00e7a fica em contato direto com a pele, proporcionando excelente absor\u00e7\u00e3o de umidade e respirabilidade ap\u00f3s o banho ou sauna.<\/p>\n<\/li>\n<li>\n<p data-path-to-node=\"14,0,1,1,0\"><b>Camada externa (poli\u00e9ster 100%):<\/b> Proporciona um acabamento aveludado e elegante que resiste a rugas, encolhimento e desfiamento.<\/p>\n<\/li>\n<\/ul>\n<\/li>\n<li>\n<p data-path-to-node=\"14,1,0\"><b>Design elegante:<\/b> Apresenta um corte moderno com op\u00e7\u00e3o de paleta de cores grafite\/branco (como visto no projeto Kalevi Panorama), punhos largos, bolsos fundos e um cinto resistente na cintura.<\/p>\n<\/li>\n<li>\n<p data-path-to-node=\"14,2,0\"><b>Identidade Visual Superior:<\/b> Recomendamos <b>Bordado<\/b> Para fins de branding. Um logotipo bordado cria um efeito em relevo que transmite qualidade e resiste melhor \u00e0 lavagem em altas temperaturas do que qualquer impress\u00e3o.<\/p>\n<\/li>\n<li>\n<p data-path-to-node=\"14,3,0\"><b>Luxo com bom custo-benef\u00edcio:<\/b> A durabilidade do tecido externo de poli\u00e9ster significa que esses roup\u00f5es precisam ser substitu\u00eddos com menos frequ\u00eancia do que as alternativas de algod\u00e3o 100%, oferecendo um melhor retorno sobre o investimento para os hot\u00e9is.<\/p>\n<\/li>\n<\/ul>\n<h2 data-path-to-node=\"15\">Especifica\u00e7\u00f5es<\/h2>\n<ul data-path-to-node=\"16\">\n<li>\n<p data-path-to-node=\"16,0,0\"><b>Material:<\/b> Composi\u00e7\u00e3o de dupla camada (Interna: 100% Algod\u00e3o \/ Externa: 100% Poli\u00e9ster).<\/p>\n<\/li>\n<li>\n<p data-path-to-node=\"16,1,0\"><b>Peso:<\/b> Aproximadamente 300-350 g\/m\u00b2 (Leve, por\u00e9m quente).<\/p>\n<\/li>\n<li>\n<p data-path-to-node=\"16,2,0\"><b>Estilo:<\/b> Gola quimono ou gola xale.<\/p>\n<\/li>\n<li>\n<p data-path-to-node=\"16,3,0\"><b>Cores:<\/b> Branco cl\u00e1ssico, cinza grafite, azul marinho ou personalizado.<\/p>\n<\/li>\n<li>\n<p data-path-to-node=\"16,4,0\"><b>Marca:<\/b> Bordado \u00e0 m\u00e1quina (peito, costas ou manga).<\/p>\n<\/li>\n<li>\n<p data-path-to-node=\"16,5,0\"><b>Tamanhos:<\/b> Tamanhos P\/M, G\/GG, XGG (Unissex).<\/p>\n<\/li>\n<li>\n<p data-path-to-node=\"16,6,0\"><b>Cuidados:<\/b> Pode ser lavado em ambiente industrial (at\u00e9 60\u00b0C).<\/p>\n<\/li>\n<\/ul>\n<h2 data-path-to-node=\"17\">Casos de uso<\/h2>\n<ul data-path-to-node=\"18\">\n<li>\n<p data-path-to-node=\"18,0,0\"><b>Hot\u00e9is e Spas:<\/b> Comodidades dispon\u00edveis nos quartos das su\u00edtes e nos centros de spa.<\/p>\n<\/li>\n<li>\n<p data-path-to-node=\"18,1,0\"><b>Desenvolvimento imobili\u00e1rio:<\/b> Um presente de luxo para novos propriet\u00e1rios de im\u00f3veis.<\/p>\n<\/li>\n<li>\n<p data-path-to-node=\"18,2,0\"><b>Brindes VIP corporativos:<\/b> Um presente sofisticado que oferece verdadeira utilidade e conforto.<\/p>\n<\/li>\n<li>\n<p data-path-to-node=\"18,3,0\"><b>Centros de bem-estar:<\/b> Roup\u00f5es personalizados para os h\u00f3spedes usarem durante os tratamentos.<\/p>\n<\/li>\n<\/ul>","protected":false},"excerpt":{"rendered":"<ul data-path-to-node=\"10\">\n<li>\n<p data-path-to-node=\"10,0,0\"><b>Tecido Inteligente:<\/b> Constru\u00e7\u00e3o de dupla camada com interior em algod\u00e3o 100% para absor\u00e7\u00e3o e exterior em poli\u00e9ster 100% para maior durabilidade.<\/p>\n<\/li>\n<li>\n<p data-path-to-node=\"10,1,0\"><b>Resistente a rugas:<\/b> A camada externa permanece lisa e elegante mesmo ap\u00f3s lavagens industriais frequentes.<\/p>\n<\/li>\n<li>\n<p data-path-to-node=\"10,2,0\"><b>Identidade visual premium:<\/b> O bordado do logotipo em alta defini\u00e7\u00e3o no peito ou nas costas adiciona um toque de luxo.<\/p>\n<\/li>\n<li>\n<p data-path-to-node=\"10,3,0\"><b>Vers\u00e1til:<\/b> Ideal para hot\u00e9is, spas e presentes imobili\u00e1rios de luxo (ex.: Kalevi Panorama).<\/p>\n<\/li>\n<\/ul>","protected":false},"featured_media":6092,"comment_status":"closed","ping_status":"closed","template":"","meta":[],"product_brand":[],"product_cat":[132],"product_tag":[],"class_list":{"0":"post-6091","1":"product","2":"type-product","3":"status-publish","4":"has-post-thumbnail","6":"product_cat-hotel-spa-amenities","8":"first","9":"instock","10":"shipping-taxable","11":"purchasable","12":"product-type-simple"},"_links":{"self":[{"href":"https:\/\/displayproducts.eu\/pt\/wp-json\/wp\/v2\/product\/6091","targetHints":{"allow":["GET"]}}],"collection":[{"href":"https:\/\/displayproducts.eu\/pt\/wp-json\/wp\/v2\/product"}],"about":[{"href":"https:\/\/displayproducts.eu\/pt\/wp-json\/wp\/v2\/types\/product"}],"replies":[{"embeddable":true,"href":"https:\/\/displayproducts.eu\/pt\/wp-json\/wp\/v2\/comments?post=6091"}],"wp:featuredmedia":[{"embeddable":true,"href":"https:\/\/displayproducts.eu\/pt\/wp-json\/wp\/v2\/media\/6092"}],"wp:attachment":[{"href":"https:\/\/displayproducts.eu\/pt\/wp-json\/wp\/v2\/media?parent=6091"}],"wp:term":[{"taxonomy":"product_brand","embeddable":true,"href":"https:\/\/displayproducts.eu\/pt\/wp-json\/wp\/v2\/product_brand?post=6091"},{"taxonomy":"product_cat","embeddable":true,"href":"https:\/\/displayproducts.eu\/pt\/wp-json\/wp\/v2\/product_cat?post=6091"},{"taxonomy":"product_tag","embeddable":true,"href":"https:\/\/displayproducts.eu\/pt\/wp-json\/wp\/v2\/product_tag?post=6091"}],"curies":[{"name":"wp","href":"https:\/\/api.w.org\/{rel}","templated":true}]}}