{"id":6084,"date":"2025-12-17T15:39:44","date_gmt":"2025-12-17T12:39:44","guid":{"rendered":"https:\/\/wristbandfactory.eu\/?post_type=product&#038;p=6084"},"modified":"2026-04-01T21:52:34","modified_gmt":"2026-04-01T18:52:34","slug":"custom-stretch-table-covers-with-logo-spandex","status":"publish","type":"product","link":"https:\/\/displayproducts.eu\/pt\/p\/custom-stretch-table-covers-with-logo-spandex\/","title":{"rendered":"Toalhas de mesa el\u00e1sticas com logotipo"},"content":{"rendered":"<p data-path-to-node=\"11\">Transforme qualquer mesa dobr\u00e1vel comum em uma esta\u00e7\u00e3o de branding profissional com o nosso produto. <b>Capas de mesa el\u00e1sticas personalizadas<\/b>. Projetadas para feiras comerciais, exposi\u00e7\u00f5es e eventos corporativos, essas capas oferecem um visual elegante e moderno que eleva instantaneamente a apar\u00eancia do seu estande.<\/p>\n<p data-path-to-node=\"12\">Conforme demonstrado em nosso projeto para <b>Eesti Kennelliit (Uni\u00e3o de Canis da Est\u00f4nia)<\/b>, Uma toalha de mesa com a marca bem vis\u00edvel \u00e9 essencial para garantir a visibilidade em locais lotados. Eles precisavam de uma solu\u00e7\u00e3o dur\u00e1vel que se destacasse em diversas exposi\u00e7\u00f5es e eventos caninos. Entregamos uma toalha que n\u00e3o s\u00f3 exibia o logotipo da empresa com destaque, como tamb\u00e9m resistia ao desgaste de viagens e montagens frequentes.<\/p>\n<h2 data-path-to-node=\"13\">Principais caracter\u00edsticas<\/h2>\n<ul data-path-to-node=\"14\">\n<li>\n<p data-path-to-node=\"14,0,0\"><b>Tecnologia antirrugas:<\/b> A combina\u00e7\u00e3o de <b>Poli\u00e9ster e elastano<\/b> Garante que o tecido fique bem esticado sobre a mesa, eliminando vincos e dobras sem a necessidade de passar a ferro.<\/p>\n<\/li>\n<li>\n<p data-path-to-node=\"14,1,0\"><b>Branding vibrante:<\/b> Oferecemos duas op\u00e7\u00f5es de impress\u00e3o:<\/p>\n<ul data-path-to-node=\"14,1,1\">\n<li>\n<p data-path-to-node=\"14,1,1,0,0\"><i>Estampa total:<\/i> Cubra toda a superf\u00edcie com as cores, padr\u00f5es e imagens da sua marca.<\/p>\n<\/li>\n<li>\n<p data-path-to-node=\"14,1,1,1,0\"><i>Posicionamento do logotipo:<\/i> Um visual limpo e profissional com seu logotipo centralizado na frente e\/ou nas laterais.<\/p>\n<\/li>\n<\/ul>\n<\/li>\n<li>\n<p data-path-to-node=\"14,2,0\"><b>Ajuste seguro:<\/b> A capa possui bolsos el\u00e1sticos refor\u00e7ados que deslizam sob os p\u00e9s da mesa. Isso mant\u00e9m a toalha de mesa firmemente no lugar, mesmo em \u00e1reas externas ou de grande circula\u00e7\u00e3o.<\/p>\n<\/li>\n<li>\n<p data-path-to-node=\"14,3,0\"><b>Pr\u00e1tico e dur\u00e1vel:<\/b> O tecido pode ser lavado na m\u00e1quina e \u00e9 resistente ao desbotamento, garantindo que esteja sempre com apar\u00eancia de novo em qualquer ocasi\u00e3o.<\/p>\n<\/li>\n<\/ul>\n<h2 data-path-to-node=\"15\">Especifica\u00e7\u00f5es<\/h2>\n<ul data-path-to-node=\"16\">\n<li>\n<p data-path-to-node=\"16,0,0\"><b>Material:<\/b> 90% Poli\u00e9ster \/ 10% Elastano (El\u00e1stico).<\/p>\n<\/li>\n<li>\n<p data-path-to-node=\"16,1,0\"><b>Peso do tecido:<\/b> Gramatura aproximada de 200-240 g\/m\u00b2 (opaco e dur\u00e1vel).<\/p>\n<\/li>\n<li>\n<p data-path-to-node=\"16,2,0\"><b>Tamanhos padr\u00e3o:<\/b><\/p>\n<ul data-path-to-node=\"16,2,1\">\n<li>\n<p data-path-to-node=\"16,2,1,0,0\">4 p\u00e9s (120 cm)<\/p>\n<\/li>\n<li>\n<p data-path-to-node=\"16,2,1,1,0\">6 p\u00e9s (180 cm) \u2013 <i>Mais populares<\/i><\/p>\n<\/li>\n<li>\n<p data-path-to-node=\"16,2,1,2,0\">8 p\u00e9s (240 cm)<\/p>\n<\/li>\n<\/ul>\n<\/li>\n<li>\n<p data-path-to-node=\"16,3,0\"><b>T\u00e9cnica de impress\u00e3o:<\/b> Sublima\u00e7\u00e3o de tinta (CMYK).<\/p>\n<\/li>\n<li>\n<p data-path-to-node=\"16,4,0\"><b>Acabamento:<\/b> Bainhas nas bordas, bolsos para os p\u00e9s refor\u00e7ados (tecido Oxford).<\/p>\n<\/li>\n<li>\n<p data-path-to-node=\"16,5,0\"><b>Cuidados:<\/b> Lavar \u00e0 m\u00e1quina com \u00e1gua fria, secar em temperatura baixa.<\/p>\n<\/li>\n<\/ul>\n<h2 data-path-to-node=\"17\">Casos de uso<\/h2>\n<ul data-path-to-node=\"18\">\n<li>\n<p data-path-to-node=\"18,0,0\"><b>Feiras e exposi\u00e7\u00f5es comerciais:<\/b> Crie uma apar\u00eancia uniforme para as mesas do seu estande.<\/p>\n<\/li>\n<li>\n<p data-path-to-node=\"18,1,0\"><b>Balc\u00f5es de inscri\u00e7\u00e3o:<\/b> Mesas de boas-vindas profissionais em confer\u00eancias.<\/p>\n<\/li>\n<li>\n<p data-path-to-node=\"18,2,0\"><b>Demonstra\u00e7\u00f5es de produtos:<\/b> Uma superf\u00edcie limpa e com a marca para exibir produtos (como no exemplo da Kennellii).<\/p>\n<\/li>\n<li>\n<p data-path-to-node=\"18,3,0\"><b>Mesas de DJ e de \u00e1udio:<\/b> Esconde cabos e equipamentos desorganizados embaixo da mesa.<\/p>\n<\/li>\n<\/ul>","protected":false},"excerpt":{"rendered":"<ul>\n<li>\n<p data-path-to-node=\"10,0,0\"><b>Material:<\/b> Mistura de poli\u00e9ster e elastano de alta qualidade para um ajuste perfeito e sem rugas.<\/p>\n<\/li>\n<li>\n<p data-path-to-node=\"10,1,0\"><b>Impress\u00e3o:<\/b> Sublima\u00e7\u00e3o digital em toda a superf\u00edcie (cores ilimitadas) ou sem impress\u00e3o aplica\u00e7\u00e3o de logotipo.<\/p>\n<\/li>\n<li>\n<p data-path-to-node=\"10,2,0\"><b>Durabilidade:<\/b> Tecido lav\u00e1vel, reutiliz\u00e1vel e que n\u00e3o precisa ser passado a ferro.<\/p>\n<\/li>\n<li>\n<p data-path-to-node=\"10,3,0\"><b>Ajustar:<\/b> Projetado para se ajustar a mesas de eventos padr\u00e3o (retangulares ou redondas) com encaixes para os p\u00e9s refor\u00e7ados.<\/p>\n<\/li>\n<\/ul>","protected":false},"featured_media":6085,"comment_status":"closed","ping_status":"closed","template":"","meta":[],"product_brand":[],"product_cat":[45],"product_tag":[],"class_list":{"0":"post-6084","1":"product","2":"type-product","3":"status-publish","4":"has-post-thumbnail","6":"product_cat-other","8":"first","9":"instock","10":"shipping-taxable","11":"purchasable","12":"product-type-simple"},"_links":{"self":[{"href":"https:\/\/displayproducts.eu\/pt\/wp-json\/wp\/v2\/product\/6084","targetHints":{"allow":["GET"]}}],"collection":[{"href":"https:\/\/displayproducts.eu\/pt\/wp-json\/wp\/v2\/product"}],"about":[{"href":"https:\/\/displayproducts.eu\/pt\/wp-json\/wp\/v2\/types\/product"}],"replies":[{"embeddable":true,"href":"https:\/\/displayproducts.eu\/pt\/wp-json\/wp\/v2\/comments?post=6084"}],"wp:featuredmedia":[{"embeddable":true,"href":"https:\/\/displayproducts.eu\/pt\/wp-json\/wp\/v2\/media\/6085"}],"wp:attachment":[{"href":"https:\/\/displayproducts.eu\/pt\/wp-json\/wp\/v2\/media?parent=6084"}],"wp:term":[{"taxonomy":"product_brand","embeddable":true,"href":"https:\/\/displayproducts.eu\/pt\/wp-json\/wp\/v2\/product_brand?post=6084"},{"taxonomy":"product_cat","embeddable":true,"href":"https:\/\/displayproducts.eu\/pt\/wp-json\/wp\/v2\/product_cat?post=6084"},{"taxonomy":"product_tag","embeddable":true,"href":"https:\/\/displayproducts.eu\/pt\/wp-json\/wp\/v2\/product_tag?post=6084"}],"curies":[{"name":"wp","href":"https:\/\/api.w.org\/{rel}","templated":true}]}}