{"id":6080,"date":"2025-12-17T15:25:31","date_gmt":"2025-12-17T12:25:31","guid":{"rendered":"https:\/\/wristbandfactory.eu\/?post_type=product&#038;p=6080"},"modified":"2026-04-01T21:52:34","modified_gmt":"2026-04-01T18:52:34","slug":"custom-metal-enamel-lapel-pins-badges","status":"publish","type":"product","link":"https:\/\/displayproducts.eu\/pt\/p\/custom-metal-enamel-lapel-pins-badges\/","title":{"rendered":"Pins esmaltados com logotipo"},"content":{"rendered":"<p data-path-to-node=\"11\">Numa era em que a identidade da marca \u00e9 crucial, <b>Broches de lapela de metal personalizados<\/b> Oferecemos uma forma sofisticada de diferenciar sua empresa. Muito mais do que sem impress\u00e3o acess\u00f3rios, esses emblemas servem como s\u00edmbolos de prest\u00edgio, solidariedade e pertencimento.<\/p>\n<p data-path-to-node=\"12\">Combinamos o artesanato tradicional com as necessidades modernas de branding. Um excelente exemplo disso \u00e9 o nosso trabalho para <b>FREEN<\/b>, onde criamos pinos de lat\u00e3o de 20 mm com <b>Esmalte duro de imita\u00e7\u00e3o<\/b>. O revestimento brilhante de n\u00edquel contrasta lindamente com as cores profundas do esmalte e uma textura arenosa sutil, transformando um logotipo corporativo em uma joia.<\/p>\n<p data-path-to-node=\"13\">No entanto, pinos de metal tamb\u00e9m s\u00e3o ferramentas funcionais. Para o <b>49\u00ba Rally de Saaremaa<\/b>, produzimos pins estilosos que tamb\u00e9m serviam como <b>passes de entrada vest\u00edveis<\/b>, provando que credenciais de seguran\u00e7a podem ser elegantes. Seja para um presente corporativo sofisticado, um brinde funcional para eventos ou um s\u00edmbolo de apoio (como o nosso <b>Broches com as bandeiras da Est\u00f4nia e da Ucr\u00e2nia<\/b>), entregamos precis\u00e3o e qualidade.<\/p>\n<h2 data-path-to-node=\"14\">Principais caracter\u00edsticas<\/h2>\n<ul data-path-to-node=\"15\">\n<li>\n<p data-path-to-node=\"15,0,0\"><b>Imita\u00e7\u00e3o de esmalte duro (Epola):<\/b> Proporciona uma superf\u00edcie lisa e plana, onde as linhas met\u00e1licas ficam niveladas com o esmalte colorido. Isso confere um acabamento sofisticado, semelhante ao de uma joia (como usado no projeto FREEN).<\/p>\n<\/li>\n<li>\n<p data-path-to-node=\"15,1,0\"><b>Excel\u00eancia em Materiais:<\/b> Fabricado com material dur\u00e1vel. <b>Lat\u00e3o ou ferro<\/b>, garantindo que o broche seja robusto e dure por muitos anos.<\/p>\n<\/li>\n<li>\n<p data-path-to-node=\"15,2,0\"><b>Op\u00e7\u00f5es de revestimento:<\/b> Escolha entre dourado brilhante, prateado (n\u00edquel), n\u00edquel preto, bronze antigo e muito mais para combinar com as diretrizes da sua marca.<\/p>\n<\/li>\n<li>\n<p data-path-to-node=\"15,3,0\"><b>Fixa\u00e7\u00e3o segura:<\/b> Padr\u00e3o <b>Embreagem de borboleta<\/b> Garante que o alfinete permane\u00e7a no lugar em lapelas de ternos, mochilas ou uniformes. Tamb\u00e9m est\u00e3o dispon\u00edveis fechos magn\u00e9ticos ou alfinetes de seguran\u00e7a.<\/p>\n<\/li>\n<\/ul>\n<h2 data-path-to-node=\"16\">Especifica\u00e7\u00f5es<\/h2>\n<ul data-path-to-node=\"17\">\n<li>\n<p data-path-to-node=\"17,0,0\"><b>Material:<\/b> Liga de lat\u00e3o, cobre, ferro ou zinco.<\/p>\n<\/li>\n<li>\n<p data-path-to-node=\"17,1,0\"><b>T\u00e9cnica:<\/b> Cunhagem com esmalte duro, esmalte macio ou impress\u00e3o offset.<\/p>\n<\/li>\n<li>\n<p data-path-to-node=\"17,2,0\"><b>Tamanhos padr\u00e3o:<\/b> 15 mm \u2013 50 mm (Formatos personalizados dispon\u00edveis).<\/p>\n<\/li>\n<li>\n<p data-path-to-node=\"17,3,0\"><b>Grossura:<\/b> Normalmente entre 1,2 mm e 2,0 mm.<\/p>\n<\/li>\n<li>\n<p data-path-to-node=\"17,4,0\"><b>Revestimento:<\/b> Ouro, n\u00edquel, n\u00edquel preto, bronze, etc.<\/p>\n<\/li>\n<li>\n<p data-path-to-node=\"17,5,0\"><b>Apoio:<\/b> Fecho borboleta (padr\u00e3o), fecho de borracha, pino de seguran\u00e7a, \u00edm\u00e3.<\/p>\n<\/li>\n<li>\n<p data-path-to-node=\"17,6,0\"><b>Quantidade m\u00ednima de encomenda:<\/b> 50 unidades.<\/p>\n<\/li>\n<\/ul>\n<h2 data-path-to-node=\"18\">Casos de uso<\/h2>\n<ul data-path-to-node=\"19\">\n<li>\n<p data-path-to-node=\"19,0,0\"><b>Identidade corporativa:<\/b> D\u00ea um toque de eleg\u00e2ncia ao uniforme da sua equipe com pins de logotipo discretos e sofisticados.<\/p>\n<\/li>\n<li>\n<p data-path-to-node=\"19,1,0\"><b>Acesso ao evento:<\/b> Substitua os bilhetes de papel por pins colecion\u00e1veis (por exemplo, passes VIP ou distintivos do Rally).<\/p>\n<\/li>\n<li>\n<p data-path-to-node=\"19,2,0\"><b>Responsabilidade Social Corporativa e Solidariedade:<\/b> Demonstre apoio a causas globais (por exemplo, com pins da bandeira americana) para demonstrar responsabilidade social.<\/p>\n<\/li>\n<li>\n<p data-path-to-node=\"19,3,0\"><b>Mercadoria:<\/b> Um produto de varejo com alta margem de lucro para bandas, artistas e lojas de souvenirs.<\/p>\n<\/li>\n<\/ul>","protected":false},"excerpt":{"rendered":"<ul>\n<li>\n<p data-path-to-node=\"10,0,0\"><b>Acabamento Premium:<\/b> Dispon\u00edvel em esmalte duro (imita\u00e7\u00e3o), esmalte macio ou impress\u00e3o offset.<\/p>\n<\/li>\n<li>\n<p data-path-to-node=\"10,1,0\"><b>Material:<\/b> Lat\u00e3o ou liga de zinco de alta qualidade com diversos revestimentos (n\u00edquel, ouro, preto).<\/p>\n<\/li>\n<li>\n<p data-path-to-node=\"10,2,0\"><b>Vers\u00e1til:<\/b> Utilize como joias corporativas, passes de entrada para eventos ou s\u00edmbolos de institui\u00e7\u00f5es de caridade.<\/p>\n<\/li>\n<li>\n<p data-path-to-node=\"10,3,0\"><b>Personaliza\u00e7\u00e3o:<\/b> Formas, tamanhos e texturas totalmente personaliz\u00e1veis (ex.: fundo jateado).<\/p>\n<\/li>\n<\/ul>","protected":false},"featured_media":6081,"comment_status":"closed","ping_status":"closed","template":"","meta":[],"product_brand":[],"product_cat":[121,122,45],"product_tag":[],"class_list":{"0":"post-6080","1":"product","2":"type-product","3":"status-publish","4":"has-post-thumbnail","6":"product_cat-promotional-merchandise","7":"product_cat-promotional-accessories","8":"product_cat-other","10":"first","11":"instock","12":"shipping-taxable","13":"purchasable","14":"product-type-simple"},"_links":{"self":[{"href":"https:\/\/displayproducts.eu\/pt\/wp-json\/wp\/v2\/product\/6080","targetHints":{"allow":["GET"]}}],"collection":[{"href":"https:\/\/displayproducts.eu\/pt\/wp-json\/wp\/v2\/product"}],"about":[{"href":"https:\/\/displayproducts.eu\/pt\/wp-json\/wp\/v2\/types\/product"}],"replies":[{"embeddable":true,"href":"https:\/\/displayproducts.eu\/pt\/wp-json\/wp\/v2\/comments?post=6080"}],"wp:featuredmedia":[{"embeddable":true,"href":"https:\/\/displayproducts.eu\/pt\/wp-json\/wp\/v2\/media\/6081"}],"wp:attachment":[{"href":"https:\/\/displayproducts.eu\/pt\/wp-json\/wp\/v2\/media?parent=6080"}],"wp:term":[{"taxonomy":"product_brand","embeddable":true,"href":"https:\/\/displayproducts.eu\/pt\/wp-json\/wp\/v2\/product_brand?post=6080"},{"taxonomy":"product_cat","embeddable":true,"href":"https:\/\/displayproducts.eu\/pt\/wp-json\/wp\/v2\/product_cat?post=6080"},{"taxonomy":"product_tag","embeddable":true,"href":"https:\/\/displayproducts.eu\/pt\/wp-json\/wp\/v2\/product_tag?post=6080"}],"curies":[{"name":"wp","href":"https:\/\/api.w.org\/{rel}","templated":true}]}}