{"id":6077,"date":"2025-12-17T15:18:17","date_gmt":"2025-12-17T12:18:17","guid":{"rendered":"https:\/\/wristbandfactory.eu\/?post_type=product&#038;p=6077"},"modified":"2026-04-01T21:52:03","modified_gmt":"2026-04-01T18:52:03","slug":"custom-high-visibility-reflective-shopping-bags","status":"publish","type":"product","link":"https:\/\/displayproducts.eu\/pt\/p\/custom-high-visibility-reflective-shopping-bags\/","title":{"rendered":"Sacos de compras refletores com logotipo"},"content":{"rendered":"<p data-path-to-node=\"11\">Combine praticidade com seguran\u00e7a rodovi\u00e1ria essencial usando nosso <b>Sacos de compras refletores com logotipo<\/b>. Nos meses escuros do outono e inverno, a visibilidade \u00e9 crucial. Esta bolsa inovadora transforma um item promocional comum em um acess\u00f3rio que pode salvar vidas, refletindo os far\u00f3is dos carros de todos os \u00e2ngulos para garantir que o usu\u00e1rio seja visto.<\/p>\n<p data-path-to-node=\"12\">Perfeita para escolas, campanhas de seguran\u00e7a no tr\u00e2nsito e iniciativas corporativas de seguran\u00e7a, esta sacola oferece uma grande \u00e1rea para a sua logomarca, al\u00e9m de proporcionar um excelente custo-benef\u00edcio para quem a recebe. Ao contr\u00e1rio de pequenos refletores que podem ser escondidos, uma sacola totalmente refletiva \u00e9 imposs\u00edvel de passar despercebida.<\/p>\n<h2 data-path-to-node=\"13\">Principais caracter\u00edsticas<\/h2>\n<ul data-path-to-node=\"14\">\n<li>\n<p data-path-to-node=\"14,0,1\"><span data-path-to-node=\"14,0,1,0\"><b><span class=\"citation-84\">Refletividade de 360\u00b0:<\/span><\/b><span class=\"citation-84\"> A bolsa \u00e9 confeccionada inteiramente em tecido refletivo de alta\/baixa visibilidade, transformando-a em um sinalizador de seguran\u00e7a.<\/span><\/span><span data-path-to-node=\"14,0,1,2\">.<\/span><\/p>\n<\/li>\n<li>\n<p data-path-to-node=\"14,1,1\"><span data-path-to-node=\"14,1,1,0\"><b><span class=\"citation-83\">Constru\u00e7\u00e3o robusta:<\/span><\/b><span class=\"citation-83\"> Fabricada em poli\u00e9ster resistente com fundo estruturado (8 cm), permitindo acomodar com seguran\u00e7a compras, livros ou materiais para eventos.<\/span><\/span><span data-path-to-node=\"14,1,1,2\">.<\/span><\/p>\n<\/li>\n<li>\n<p data-path-to-node=\"14,2,1\"><span data-path-to-node=\"14,2,1,0\"><b><span class=\"citation-82\">Em conformidade com as normas de seguran\u00e7a:<\/span><\/b><span class=\"citation-82\"> Fabricado segundo elevados padr\u00f5es de qualidade, passando por testes rigorosos para <\/span><b><span class=\"citation-82\">Ftalatos<\/span><\/b><span class=\"citation-82\"> e <\/span><b><span class=\"citation-82\">Liderar<\/span><\/b><span class=\"citation-82\">, garantindo que o material seja at\u00f3xico e seguro para todas as idades.<\/span><\/span><span data-path-to-node=\"14,2,1,2\">.<\/span><\/p>\n<\/li>\n<li>\n<p data-path-to-node=\"14,3,0\"><b>Identidade Visual Personalizada:<\/b> Seu logotipo \u00e9 impresso diretamente na superf\u00edcie refletora, garantindo que sua marca seja associada \u00e0 seguran\u00e7a e ao cuidado.<\/p>\n<\/li>\n<\/ul>\n<h2 data-path-to-node=\"15\">Especifica\u00e7\u00f5es<\/h2>\n<ul data-path-to-node=\"16\">\n<li>\n<p data-path-to-node=\"16,0,1\"><span data-path-to-node=\"16,0,1,0\"><b><span class=\"citation-81\">Dimens\u00f5es:<\/span><\/b><span class=\"citation-81\"> 38 cm (L) x 42 cm (A) x 8 cm (P)<\/span><\/span><span data-path-to-node=\"16,0,1,2\">.<\/span><\/p>\n<\/li>\n<li>\n<p data-path-to-node=\"16,1,1\"><span data-path-to-node=\"16,1,1,0\"><b><span class=\"citation-80\">Material:<\/span><\/b><span class=\"citation-80\"> Poli\u00e9ster com revestimento refletor<\/span><\/span><span data-path-to-node=\"16,1,1,2\">.<\/span><\/p>\n<\/li>\n<li>\n<p data-path-to-node=\"16,2,1\"><span data-path-to-node=\"16,2,1,0\"><b><span class=\"citation-79\">Estilo:<\/span><\/b><span class=\"citation-79\"> Sacola de compras com al\u00e7as<\/span><\/span><span data-path-to-node=\"16,2,1,2\">.<\/span><\/p>\n<\/li>\n<li>\n<p data-path-to-node=\"16,3,0\"><span data-path-to-node=\"16,3,0,0\"><b>Peso:<\/b> Aproximadamente. <\/span><span data-path-to-node=\"16,3,0,2\"><span class=\"citation-78\">0,250 kg por unidade<\/span><\/span><span data-path-to-node=\"16,3,0,4\">.<\/span><\/p>\n<\/li>\n<li>\n<p data-path-to-node=\"16,4,1\"><span data-path-to-node=\"16,4,1,0\"><b><span class=\"citation-77\">Embalagem:<\/span><\/b><span class=\"citation-77\"> A granel (100 unidades\/caixa)<\/span><\/span><span data-path-to-node=\"16,4,1,2\">.<\/span><\/p>\n<\/li>\n<li>\n<p data-path-to-node=\"16,4,1\"><span data-path-to-node=\"16,5,1,0\"><b><span class=\"citation-76\">Conformidade:<\/span><\/b><span class=\"citation-76\"> Aprovado nos testes de ftalatos, chumbo e A20 para padr\u00f5es de n\u00e3o-tecidos\/PP.<\/span><\/span><\/p>\n<\/li>\n<\/ul>\n<h2 data-path-to-node=\"17\">Casos de uso<\/h2>\n<ul data-path-to-node=\"18\">\n<li>\n<p data-path-to-node=\"18,0,0\"><b>Campanhas de Seguran\u00e7a no Tr\u00e2nsito:<\/b> Item ideal para distribui\u00e7\u00e3o a pedestres e ciclistas durante os meses de pouca luz.<\/p>\n<\/li>\n<li>\n<p data-path-to-node=\"18,1,0\"><b>Grupos escolares e juvenis:<\/b> Mochilas seguras para alunos que voltam para casa a p\u00e9 \u00e0 tarde.<\/p>\n<\/li>\n<li>\n<p data-path-to-node=\"18,2,0\"><b>Brindes do evento:<\/b> Uma bolsa de confer\u00eancia de alta qualidade que os participantes reutilizar\u00e3o devido aos seus recursos de seguran\u00e7a.<\/p>\n<\/li>\n<\/ul>","protected":false},"excerpt":{"rendered":"<ul>\n<li data-path-to-node=\"10,0,0\"><b>Alta visibilidade:<\/b> Toda a superf\u00edcie da bolsa \u00e9 feita de material refletor, garantindo m\u00e1xima seguran\u00e7a em condi\u00e7\u00f5es de pouca luz.<\/li>\n<li>\n<p data-path-to-node=\"10,0,0\"><span style=\"font-family: -apple-system, BlinkMacSystemFont, 'Segoe UI', Roboto, 'Helvetica Neue', Arial, 'Noto Sans', sans-serif, 'Apple Color Emoji', 'Segoe UI Emoji', 'Segoe UI Symbol', 'Noto Color Emoji';\" data-path-to-node=\"10,1,1,0\"><b><span class=\"citation-87\">Material dur\u00e1vel:<\/span><\/b><span class=\"citation-87\"> Fabricado em poli\u00e9ster resistente com revestimento refletor.<\/span><\/span><span style=\"font-family: -apple-system, BlinkMacSystemFont, 'Segoe UI', Roboto, 'Helvetica Neue', Arial, 'Noto Sans', sans-serif, 'Apple Color Emoji', 'Segoe UI Emoji', 'Segoe UI Symbol', 'Noto Color Emoji';\" data-path-to-node=\"10,1,1,2\">.<\/span><\/p>\n<\/li>\n<li>\n<p data-path-to-node=\"10,2,1\"><span data-path-to-node=\"10,2,1,0\"><b><span class=\"citation-86\">Seguran\u00e7a certificada:<\/span><\/b><span class=\"citation-86\"> Testado quanto \u00e0 conformidade com os padr\u00f5es de ftalatos e chumbo, tornando-o seguro para uso di\u00e1rio.<\/span><\/span><span data-path-to-node=\"10,2,1,2\">.<\/span><\/p>\n<\/li>\n<li>\n<p data-path-to-node=\"10,3,1\"><span data-path-to-node=\"10,3,1,0\"><b><span class=\"citation-85\">Tamanho pr\u00e1tico:<\/span><\/b><span class=\"citation-85\"> Sacola de tamanho m\u00e9dio (38 x 42 x 8 cm) com al\u00e7as confort\u00e1veis.<\/span><\/span><span data-path-to-node=\"10,3,1,2\">.<\/span><\/p>\n<\/li>\n<\/ul>","protected":false},"featured_media":6329,"comment_status":"closed","ping_status":"closed","template":"","meta":[],"product_brand":[],"product_cat":[131],"product_tag":[],"class_list":{"0":"post-6077","1":"product","2":"type-product","3":"status-publish","4":"has-post-thumbnail","6":"product_cat-custom-bags-totes","8":"first","9":"instock","10":"shipping-taxable","11":"purchasable","12":"product-type-simple"},"_links":{"self":[{"href":"https:\/\/displayproducts.eu\/pt\/wp-json\/wp\/v2\/product\/6077","targetHints":{"allow":["GET"]}}],"collection":[{"href":"https:\/\/displayproducts.eu\/pt\/wp-json\/wp\/v2\/product"}],"about":[{"href":"https:\/\/displayproducts.eu\/pt\/wp-json\/wp\/v2\/types\/product"}],"replies":[{"embeddable":true,"href":"https:\/\/displayproducts.eu\/pt\/wp-json\/wp\/v2\/comments?post=6077"}],"wp:featuredmedia":[{"embeddable":true,"href":"https:\/\/displayproducts.eu\/pt\/wp-json\/wp\/v2\/media\/6329"}],"wp:attachment":[{"href":"https:\/\/displayproducts.eu\/pt\/wp-json\/wp\/v2\/media?parent=6077"}],"wp:term":[{"taxonomy":"product_brand","embeddable":true,"href":"https:\/\/displayproducts.eu\/pt\/wp-json\/wp\/v2\/product_brand?post=6077"},{"taxonomy":"product_cat","embeddable":true,"href":"https:\/\/displayproducts.eu\/pt\/wp-json\/wp\/v2\/product_cat?post=6077"},{"taxonomy":"product_tag","embeddable":true,"href":"https:\/\/displayproducts.eu\/pt\/wp-json\/wp\/v2\/product_tag?post=6077"}],"curies":[{"name":"wp","href":"https:\/\/api.w.org\/{rel}","templated":true}]}}