{"id":6073,"date":"2025-12-17T15:08:59","date_gmt":"2025-12-17T12:08:59","guid":{"rendered":"https:\/\/wristbandfactory.eu\/?post_type=product&#038;p=6073"},"modified":"2026-04-01T21:52:03","modified_gmt":"2026-04-01T18:52:03","slug":"custom-charity-bracelets-with-printed-backing-cards","status":"publish","type":"product","link":"https:\/\/displayproducts.eu\/pt\/p\/custom-charity-bracelets-with-printed-backing-cards\/","title":{"rendered":"Pulseiras de caridade personalizadas"},"content":{"rendered":"<p data-path-to-node=\"8\">Transforme um acess\u00f3rio sem impress\u00e3o em um movimento poderoso com nossas Pulseiras Solid\u00e1rias Personalizadas. Projetadas especificamente para ONGs e campanhas sociais, essas pulseiras v\u00e3o al\u00e9m de itens promocionais comuns, tornando-se um gesto de agradecimento para doadores e volunt\u00e1rios. A combina\u00e7\u00e3o de um cord\u00e3o confort\u00e1vel e um ponto focal com formato personalizado faz desta pulseira um item de alto valor percebido para qualquer causa nobre.<\/p>\n<p data-path-to-node=\"9\">O conjunto inclui um cart\u00e3o de apoio impresso profissionalmente, transformando a pulseira em uma ferramenta de comunica\u00e7\u00e3o completa. Essa abordagem &quot;pronta para venda&quot; garante que sua mensagem seja transmitida com clareza, seja em eventos, por mala direta ou em pontos de venda.<\/p>\n<h2 data-path-to-node=\"10\">Principais caracter\u00edsticas<\/h2>\n<ul data-path-to-node=\"11\">\n<li>\n<p data-path-to-node=\"11,0,0\"><b data-path-to-node=\"11,0,0\" data-index-in-node=\"0\">Est\u00e9tica Premium:<\/b> Diferentemente das pulseiras tempor\u00e1rias de festivais, estas pulseiras utilizam materiais macios ao toque e detalhes met\u00e1licos, conferindo-lhes um aspecto semelhante ao de joias.<\/p>\n<\/li>\n<li>\n<p data-path-to-node=\"11,1,1\"><span data-path-to-node=\"11,1,1,0\"><b data-path-to-node=\"11,1,1,0\" data-index-in-node=\"0\"><span class=\"citation-11394\">Lumin\u00e1rias pendentes de acr\u00edlico feitas sob medida:<\/span><\/b><span class=\"citation-11394\"> Utilizamos corte a laser de precis\u00e3o para criar pingentes que combinam com a identidade da sua campanha, desde gotas de sangue at\u00e9 logotipos corporativos.<\/span><\/span><span data-path-to-node=\"11,1,1,2\">.<\/span><\/p>\n<\/li>\n<li>\n<p data-path-to-node=\"11,2,0\"><b data-path-to-node=\"11,2,0\" data-index-in-node=\"0\">Plataforma de mensagens vers\u00e1til:<\/b> O cart\u00e3o de suporte de grande formato (75 \u00d7 160 mm) \u00e9 impresso em ambos os lados em cores CMYK, perfeito para conte\u00fado educacional.<\/p>\n<\/li>\n<li>\n<p data-path-to-node=\"11,3,0\"><b data-path-to-node=\"11,3,0\" data-index-in-node=\"0\">Ajustabilidade universal:<\/b> Um sistema de n\u00f3 deslizante garante um ajuste perfeito para todos os tipos de usu\u00e1rios, desde crian\u00e7as at\u00e9 adultos.<\/p>\n<\/li>\n<\/ul>\n<h2 data-path-to-node=\"12\">Especifica\u00e7\u00f5es<\/h2>\n<ul data-path-to-node=\"13\">\n<li>\n<p data-path-to-node=\"13,0,1\"><span data-path-to-node=\"13,0,1,0\"><b data-path-to-node=\"13,0,1,0\" data-index-in-node=\"0\"><span class=\"citation-11393\">Material da pulseira:<\/span><\/b><span class=\"citation-11393\"> Cord\u00e3o macio de nylon\/algod\u00e3o com contas prateadas.<\/span><\/span><span data-path-to-node=\"13,0,1,2\">.<\/span><\/p>\n<\/li>\n<li>\n<p data-path-to-node=\"13,1,0\"><b data-path-to-node=\"13,1,0\" data-index-in-node=\"0\">Material do pingente:<\/b> Acr\u00edlico colorido em formatos personalizados.<\/p>\n<\/li>\n<li>\n<p data-path-to-node=\"13,2,0\"><b data-path-to-node=\"13,2,0\" data-index-in-node=\"0\">Dimens\u00f5es do cart\u00e3o:<\/b> 75 mm \u00d7 160 mm (totalmente personaliz\u00e1vel).<\/p>\n<\/li>\n<li>\n<p data-path-to-node=\"13,3,0\"><b data-path-to-node=\"13,3,0\" data-index-in-node=\"0\">Impress\u00e3o de cart\u00f5es:<\/b> Impress\u00e3o a cores (CMYK) em ambos os lados.<\/p>\n<\/li>\n<li>\n<p data-path-to-node=\"13,4,0\"><b data-path-to-node=\"13,4,0\" data-index-in-node=\"0\">Quantidade m\u00ednima de encomenda (MOQ):<\/b> 500 unidades.<\/p>\n<\/li>\n<\/ul>\n<h2 data-path-to-node=\"14\">Casos de uso<\/h2>\n<ul data-path-to-node=\"15\">\n<li>\n<p data-path-to-node=\"15,0,0\"><b data-path-to-node=\"15,0,0\" data-index-in-node=\"0\">Conscientiza\u00e7\u00e3o sobre sa\u00fade:<\/b> Ideal para centros de doa\u00e7\u00e3o de sangue, funda\u00e7\u00f5es de pesquisa sobre o c\u00e2ncer e iniciativas de sa\u00fade mental.<\/p>\n<\/li>\n<li>\n<p data-path-to-node=\"15,1,0\"><b data-path-to-node=\"15,1,0\" data-index-in-node=\"0\">Produtos para arrecada\u00e7\u00e3o de fundos:<\/b> Um item dur\u00e1vel e atraente para institui\u00e7\u00f5es de caridade venderem como uma ferramenta de arrecada\u00e7\u00e3o de fundos com alta margem de lucro.<\/p>\n<\/li>\n<li>\n<p data-path-to-node=\"15,2,0\"><b data-path-to-node=\"15,2,0\" data-index-in-node=\"0\">Responsabilidade Social Corporativa:<\/b> Presentes significativos para funcion\u00e1rios que participam de projetos de servi\u00e7o comunit\u00e1rio ou de impacto social.<\/p>\n<\/li>\n<li>\n<p data-path-to-node=\"15,3,1\"><span data-path-to-node=\"15,3,1,0\"><b data-path-to-node=\"15,3,1,0\" data-index-in-node=\"0\"><span class=\"citation-11392\">Lembran\u00e7as memor\u00e1veis de eventos:<\/span><\/b><span class=\"citation-11392\"> Lembran\u00e7as sustent\u00e1veis para jantares de gala, corridas beneficentes ou c\u00fapulas de defesa de causas.<\/span><\/span><span data-path-to-node=\"15,3,1,2\">.<\/span><\/p>\n<\/li>\n<\/ul>","protected":false},"excerpt":{"rendered":"<ul>\n<li>\n<p data-path-to-node=\"7,0,0\"><b data-path-to-node=\"7,0,0\" data-index-in-node=\"0\">Apresenta\u00e7\u00e3o pronta para venda no varejo:<\/b> Cada pulseira vem pr\u00e9-montada em um cart\u00e3o de suporte colorido de 75 \u00d7 160 mm, oferecendo amplo espa\u00e7o para contar a hist\u00f3ria da campanha ou para inserir c\u00f3digos QR.<\/p>\n<\/li>\n<li>\n<p data-path-to-node=\"7,1,1\"><span data-path-to-node=\"7,1,1,0\"><b data-path-to-node=\"7,1,1,0\" data-index-in-node=\"0\"><span class=\"citation-11395\">Pingentes totalmente personaliz\u00e1veis:<\/span><\/b><span class=\"citation-11395\"> Apresenta um pingente de acr\u00edlico cortado a laser, dispon\u00edvel em qualquer formato ou cor, como fitas de pesco\u00e7o de conscientiza\u00e7\u00e3o ou logotipos.<\/span><\/span><span data-path-to-node=\"7,1,1,2\">.<\/span><\/p>\n<\/li>\n<li>\n<p data-path-to-node=\"7,2,0\"><b data-path-to-node=\"7,2,0\" data-index-in-node=\"0\">Acabamento de qualidade para joias:<\/b> Confeccionado com cord\u00e3o macio de nylon ou algod\u00e3o e delicadas contas prateadas, projetado para uso di\u00e1rio prolongado.<\/p>\n<\/li>\n<li>\n<p data-path-to-node=\"7,3,0\"><b data-path-to-node=\"7,3,0\" data-index-in-node=\"0\">Ferramenta B2B de alto impacto:<\/b> Ideal para organiza\u00e7\u00f5es de sa\u00fade, ONGs e iniciativas de responsabilidade social corporativa, com pedido m\u00ednimo de 500 unidades.<\/p>\n<\/li>\n<\/ul>","protected":false},"featured_media":6074,"comment_status":"closed","ping_status":"closed","template":"","meta":[],"product_brand":[],"product_cat":[122,45],"product_tag":[],"class_list":{"0":"post-6073","1":"product","2":"type-product","3":"status-publish","4":"has-post-thumbnail","6":"product_cat-promotional-accessories","7":"product_cat-other","9":"first","10":"instock","11":"shipping-taxable","12":"purchasable","13":"product-type-simple"},"_links":{"self":[{"href":"https:\/\/displayproducts.eu\/pt\/wp-json\/wp\/v2\/product\/6073","targetHints":{"allow":["GET"]}}],"collection":[{"href":"https:\/\/displayproducts.eu\/pt\/wp-json\/wp\/v2\/product"}],"about":[{"href":"https:\/\/displayproducts.eu\/pt\/wp-json\/wp\/v2\/types\/product"}],"replies":[{"embeddable":true,"href":"https:\/\/displayproducts.eu\/pt\/wp-json\/wp\/v2\/comments?post=6073"}],"wp:featuredmedia":[{"embeddable":true,"href":"https:\/\/displayproducts.eu\/pt\/wp-json\/wp\/v2\/media\/6074"}],"wp:attachment":[{"href":"https:\/\/displayproducts.eu\/pt\/wp-json\/wp\/v2\/media?parent=6073"}],"wp:term":[{"taxonomy":"product_brand","embeddable":true,"href":"https:\/\/displayproducts.eu\/pt\/wp-json\/wp\/v2\/product_brand?post=6073"},{"taxonomy":"product_cat","embeddable":true,"href":"https:\/\/displayproducts.eu\/pt\/wp-json\/wp\/v2\/product_cat?post=6073"},{"taxonomy":"product_tag","embeddable":true,"href":"https:\/\/displayproducts.eu\/pt\/wp-json\/wp\/v2\/product_tag?post=6073"}],"curies":[{"name":"wp","href":"https:\/\/api.w.org\/{rel}","templated":true}]}}