{"id":6058,"date":"2025-12-17T14:37:45","date_gmt":"2025-12-17T11:37:45","guid":{"rendered":"https:\/\/wristbandfactory.eu\/?post_type=product&#038;p=6058"},"modified":"2026-04-01T21:52:35","modified_gmt":"2026-04-01T18:52:35","slug":"custom-hotel-slippers-with-logo-premium-standard","status":"publish","type":"product","link":"https:\/\/displayproducts.eu\/pt\/p\/custom-hotel-slippers-with-logo-premium-standard\/","title":{"rendered":"Chinelos de hotel com logotipo"},"content":{"rendered":"<p data-path-to-node=\"12\">Proporcione conforto e sofistica\u00e7\u00e3o imediatos aos seus convidados com o nosso produto. <b>Chinelo personalizado para hotel<\/b>. Quer voc\u00ea administre um resort de luxo, um spa boutique ou sem impress\u00e3omente queira oferecer conforto personalizado em um escrit\u00f3rio corporativo, os chinelos personalizados s\u00e3o o gesto de boas-vindas perfeito.<\/p>\n<p data-path-to-node=\"13\">Oferecemos um servi\u00e7o de fabrica\u00e7\u00e3o flex\u00edvel que se adapta a todos os or\u00e7amentos. Escolha <b>Modelos Premium<\/b> (Veludo, Coral Fleece) para uma experi\u00eancia luxuosa e reutiliz\u00e1vel que os h\u00f3spedes v\u00e3o querer levar para casa, ou selecione <b>Modelos padr\u00e3o\/econ\u00f4micos<\/b> (Poli\u00e9ster atoalhado, n\u00e3o tecido) para necessidades de alto volume e baixo custo.<\/p>\n<p data-path-to-node=\"14\">Com a confian\u00e7a de marcas l\u00edderes do setor hoteleiro da Est\u00f4nia, como <b>VSPA, AQVA SPA, GOSPA, Vihula Manor e Hotel Antonius<\/b>, Nossos chinelos combinam durabilidade com uma marca elegante.<\/p>\n<h2 data-path-to-node=\"15\">Principais caracter\u00edsticas<\/h2>\n<ul data-path-to-node=\"16\">\n<li>\n<p data-path-to-node=\"16,0,0\"><b>Variedade de materiais:<\/b><\/p>\n<ul data-path-to-node=\"16,0,1\">\n<li>\n<p data-path-to-node=\"16,0,1,0,0\"><i>Luxo:<\/i> Veludo macio, l\u00e3 coral felpuda ou tecido texturizado tipo waffle.<\/p>\n<\/li>\n<li>\n<p data-path-to-node=\"16,0,1,1,0\"><i>Padr\u00e3o:<\/i> Tecido atoalhado cl\u00e1ssico (mistura de poli\u00e9ster e algod\u00e3o).<\/p>\n<\/li>\n<li>\n<p data-path-to-node=\"16,0,1,2,0\"><i>Or\u00e7amento:<\/i> Op\u00e7\u00f5es em tecido n\u00e3o tecido ou espuma para uso de curto prazo.<\/p>\n<\/li>\n<\/ul>\n<\/li>\n<li>\n<p data-path-to-node=\"16,1,0\"><b>Personaliza\u00e7\u00e3o completa:<\/b> Oferecemos personaliza\u00e7\u00e3o 100%. Combine a cor do chinelo com a identidade da sua marca e escolha entre <b>Bordado<\/b> (para um visual 3D premium) ou <b>Impress\u00e3o por transfer\u00eancia<\/b> (para logotipos detalhados).<\/p>\n<\/li>\n<li>\n<p data-path-to-node=\"16,2,0\"><b>Seguran\u00e7a e durabilidade:<\/b> Todos os modelos possuem solados resistentes com excelente ader\u00eancia, tornando-os seguros para pisos de azulejo em banheiros, \u00e1reas de spa e parquet.<\/p>\n<\/li>\n<li>\n<p data-path-to-node=\"16,3,0\"><b>Direto da f\u00e1brica:<\/b> A produ\u00e7\u00e3o personalizada come\u00e7a em <b>5.000 pares<\/b>, garantindo o melhor pre\u00e7o por unidade e controle total sobre os detalhes do projeto.<\/p>\n<\/li>\n<\/ul>\n<h2 data-path-to-node=\"17\">Especifica\u00e7\u00f5es<\/h2>\n<ul data-path-to-node=\"18\">\n<li>\n<p data-path-to-node=\"18,0,0\"><b>Materiais:<\/b> Veludo, Coral Fleece, Waffle, Felpa, N\u00e3o tecido.<\/p>\n<\/li>\n<li>\n<p data-path-to-node=\"18,1,0\"><b>\u00danico:<\/b> EVA (antiderrapante) com espessura vari\u00e1vel (3 mm \u2013 6 mm).<\/p>\n<\/li>\n<li>\n<p data-path-to-node=\"18,2,0\"><b>Tamanho:<\/b> Tamanho adulto universal (aprox. 28-29 cm). Tamanhos personalizados dispon\u00edveis.<\/p>\n<\/li>\n<li>\n<p data-path-to-node=\"18,3,0\"><b>Marca:<\/b> Bordado ou impress\u00e3o por serigrafia\/transfer\u00eancia.<\/p>\n<\/li>\n<li>\n<p data-path-to-node=\"18,4,0\"><b>Cores:<\/b> Correspond\u00eancia personalizada de cores Pantone dispon\u00edvel para o tecido.<\/p>\n<\/li>\n<li>\n<p data-path-to-node=\"18,5,0\"><b>Quantidade m\u00ednima de encomenda:<\/b> 5000 pares (Produ\u00e7\u00e3o totalmente personalizada).<\/p>\n<\/li>\n<\/ul>\n<h2 data-path-to-node=\"19\">Casos de uso<\/h2>\n<ul data-path-to-node=\"20\">\n<li>\n<p data-path-to-node=\"20,0,0\"><b>Hot\u00e9is e Resorts:<\/b> Comodidades no quarto que melhoram a avalia\u00e7\u00e3o do h\u00f3spede.<\/p>\n<\/li>\n<li>\n<p data-path-to-node=\"20,1,0\"><b>Spas e Centros de Bem-Estar:<\/b> Cal\u00e7ado antiderrapante essencial para \u00e1reas molhadas.<\/p>\n<\/li>\n<li>\n<p data-path-to-node=\"20,2,0\"><b>Brindes corporativos:<\/b> Pantufas de veludo premium para escrit\u00f3rios dom\u00e9sticos ou kits de viagem.<\/p>\n<\/li>\n<li>\n<p data-path-to-node=\"20,3,0\"><b>Medicina e Beleza:<\/b> Op\u00e7\u00f5es higi\u00eanicas e descart\u00e1veis para cl\u00ednicas.<\/p>\n<\/li>\n<\/ul>","protected":false},"excerpt":{"rendered":"<ul>\n<li>\n<p data-path-to-node=\"11,0,0\"><b>Gama de Qualidade:<\/b> Dispon\u00edvel em veludo premium, fleece coral, tecido waffle ou tecido atoalhado\/espuma econ\u00f4mico.<\/p>\n<\/li>\n<li>\n<p data-path-to-node=\"11,1,0\"><b>Personaliza\u00e7\u00e3o:<\/b> Bordados de alta qualidade para um toque de luxo ou serigrafia para uma divulga\u00e7\u00e3o de marca com \u00f3timo custo-benef\u00edcio.<\/p>\n<\/li>\n<li>\n<p data-path-to-node=\"11,2,0\"><b>Seguran\u00e7a em primeiro lugar:<\/b> Solas antiderrapantes dur\u00e1veis, adequadas para pisos molhados de spas e quartos de hotel.<\/p>\n<\/li>\n<li>\n<p data-path-to-node=\"11,3,0\"><b>Qualidade comprovada:<\/b> Utilizado por estabelecimentos de renome como VSPA, GOSPA e AQVA Spa.<\/p>\n<\/li>\n<\/ul>","protected":false},"featured_media":6059,"comment_status":"closed","ping_status":"closed","template":"","meta":[],"product_brand":[],"product_cat":[132],"product_tag":[],"class_list":{"0":"post-6058","1":"product","2":"type-product","3":"status-publish","4":"has-post-thumbnail","6":"product_cat-hotel-spa-amenities","8":"first","9":"instock","10":"shipping-taxable","11":"purchasable","12":"product-type-simple"},"_links":{"self":[{"href":"https:\/\/displayproducts.eu\/pt\/wp-json\/wp\/v2\/product\/6058","targetHints":{"allow":["GET"]}}],"collection":[{"href":"https:\/\/displayproducts.eu\/pt\/wp-json\/wp\/v2\/product"}],"about":[{"href":"https:\/\/displayproducts.eu\/pt\/wp-json\/wp\/v2\/types\/product"}],"replies":[{"embeddable":true,"href":"https:\/\/displayproducts.eu\/pt\/wp-json\/wp\/v2\/comments?post=6058"}],"wp:featuredmedia":[{"embeddable":true,"href":"https:\/\/displayproducts.eu\/pt\/wp-json\/wp\/v2\/media\/6059"}],"wp:attachment":[{"href":"https:\/\/displayproducts.eu\/pt\/wp-json\/wp\/v2\/media?parent=6058"}],"wp:term":[{"taxonomy":"product_brand","embeddable":true,"href":"https:\/\/displayproducts.eu\/pt\/wp-json\/wp\/v2\/product_brand?post=6058"},{"taxonomy":"product_cat","embeddable":true,"href":"https:\/\/displayproducts.eu\/pt\/wp-json\/wp\/v2\/product_cat?post=6058"},{"taxonomy":"product_tag","embeddable":true,"href":"https:\/\/displayproducts.eu\/pt\/wp-json\/wp\/v2\/product_tag?post=6058"}],"curies":[{"name":"wp","href":"https:\/\/api.w.org\/{rel}","templated":true}]}}