{"id":6048,"date":"2025-12-17T14:08:31","date_gmt":"2025-12-17T11:08:31","guid":{"rendered":"https:\/\/wristbandfactory.eu\/?post_type=product&#038;p=6048"},"modified":"2026-04-01T21:52:03","modified_gmt":"2026-04-01T18:52:03","slug":"custom-embroidered-captain-hats-with-logo","status":"publish","type":"product","link":"https:\/\/displayproducts.eu\/pt\/p\/custom-embroidered-captain-hats-with-logo\/","title":{"rendered":"Bon\u00e9s de capit\u00e3o com logotipo (Brindes promocionais)"},"content":{"rendered":"<p data-path-to-node=\"12\">D\u00ea destaque \u00e0 sua marca ou aos seus produtos promocionais para eventos com a nossa alta qualidade. <b>Chap\u00e9us de capit\u00e3o personalizados<\/b>. Inspirados nos cl\u00e1ssicos chap\u00e9us de oficiais da marinha, estes chap\u00e9us oferecem um visual atemporal e distinto que chama a aten\u00e7\u00e3o imediatamente. Seja para uma empresa mar\u00edtima, uma festa corporativa tem\u00e1tica ou uma cole\u00e7\u00e3o para uma loja de souvenirs, estes chap\u00e9us proporcionam uma tela perfeita para o seu logotipo.<\/p>\n<p data-path-to-node=\"13\">Como demonstrado em nossa colabora\u00e7\u00e3o com <b>Tallink Silja Line<\/b>, Somos especializados na cria\u00e7\u00e3o de chap\u00e9us de alta qualidade para venda no varejo, que servem como lembran\u00e7as preciosas em vez de itens descart\u00e1veis. A combina\u00e7\u00e3o de constru\u00e7\u00e3o robusta e acabamento detalhado garante que sua marca seja associada \u00e0 qualidade e \u00e0 tradi\u00e7\u00e3o mar\u00edtima.<\/p>\n<h2 data-path-to-node=\"14\">Principais caracter\u00edsticas<\/h2>\n<ul data-path-to-node=\"15\">\n<li>\n<p data-path-to-node=\"15,0,0\"><b>Constru\u00e7\u00e3o Premium:<\/b> Feito com 100% algod\u00e3o TP4T, garantindo que o chap\u00e9u seja respir\u00e1vel e confort\u00e1vel de usar mesmo em eventos quentes de ver\u00e3o ou festas em ambientes fechados.<\/p>\n<\/li>\n<li>\n<p data-path-to-node=\"15,1,0\"><b>Detalhes aut\u00eanticos:<\/b> Apresenta um esquema de cores cl\u00e1ssico em azul marinho e branco, com detalhes em bordado n\u00e1utico dourado e um cord\u00e3o decorativo tran\u00e7ado \u00e0 m\u00e3o na viseira, para um visual aut\u00eantico de capit\u00e3o.<\/p>\n<\/li>\n<li>\n<p data-path-to-node=\"15,2,0\"><b>Estrutura Refor\u00e7ada:<\/b> O forro interno e a aba refor\u00e7ada mant\u00eam o formato ic\u00f4nico do chap\u00e9u, garantindo durabilidade e uma apar\u00eancia profissional.<\/p>\n<\/li>\n<li>\n<p data-path-to-node=\"15,3,0\"><b>Personaliza\u00e7\u00e3o completa:<\/b> Oferecemos diversas op\u00e7\u00f5es de personaliza\u00e7\u00e3o, incluindo bordados ou impress\u00f5es de alta qualidade no painel frontal (por exemplo, o texto &quot;Capit\u00e3o&quot; ou o logotipo da sua empresa), combina\u00e7\u00f5es de cores personalizadas e etiquetas tecidas.<\/p>\n<\/li>\n<\/ul>\n<h2 data-path-to-node=\"16\">Especifica\u00e7\u00f5es<\/h2>\n<ul data-path-to-node=\"17\">\n<li>\n<p data-path-to-node=\"17,0,0\"><b>Material:<\/b> 100% Tecido de algod\u00e3o com elementos de forro em poli\u00e9ster.<\/p>\n<\/li>\n<li>\n<p data-path-to-node=\"17,1,0\"><b>Peso:<\/b> Aproximadamente 76g (Leve e confort\u00e1vel).<\/p>\n<\/li>\n<li>\n<p data-path-to-node=\"17,2,0\"><b>Tamanho padr\u00e3o:<\/b> 54 cm (Tamanho \u00fanico adulto\/juvenil) \u2013 Tamanhos personalizados dispon\u00edveis mediante solicita\u00e7\u00e3o.<\/p>\n<\/li>\n<li>\n<p data-path-to-node=\"17,3,0\"><b>Cores:<\/b> Cl\u00e1ssico Azul Marinho\/Branco (correspond\u00eancia Pantone personalizada dispon\u00edvel para pedidos em grande quantidade).<\/p>\n<\/li>\n<li>\n<p data-path-to-node=\"17,4,0\"><b>M\u00e9todo de Branding:<\/b> Bordado (recomendado para um toque premium) ou impress\u00e3o por transfer\u00eancia.<\/p>\n<\/li>\n<li>\n<p data-path-to-node=\"17,5,0\"><b>Cuidados:<\/b> Lavar \u00e0 m\u00e3o com \u00e1gua fria e detergente neutro.<\/p>\n<\/li>\n<\/ul>\n<h2 data-path-to-node=\"18\">Casos de uso<\/h2>\n<ul data-path-to-node=\"19\">\n<li>\n<p data-path-to-node=\"19,0,0\"><b>Viagens e linhas de ferry:<\/b> Ideal como produto exclusivo para lojas a bordo (Duty-Free).<\/p>\n<\/li>\n<li>\n<p data-path-to-node=\"19,1,0\"><b>Eventos corporativos:<\/b> Dias tem\u00e1ticos de ver\u00e3o, lan\u00e7amentos de produtos ou eventos de integra\u00e7\u00e3o de equipes.<\/p>\n<\/li>\n<li>\n<p data-path-to-node=\"19,2,0\"><b>Festivais e festas:<\/b> Acess\u00f3rio muito procurado para festivais mar\u00edtimos ou festas \u00e0 fantasia.<\/p>\n<\/li>\n<li>\n<p data-path-to-node=\"19,3,0\"><b>Brindes promocionais:<\/b> Um presente \u00fanico e vest\u00edvel para parceiros VIP do setor de log\u00edstica ou transporte.<\/p>\n<\/li>\n<\/ul>","protected":false},"excerpt":{"rendered":"<ul>\n<li>\n<p data-path-to-node=\"11,0,0\"><b>Material:<\/b> Algod\u00e3o 100% para respirabilidade e conforto.<\/p>\n<\/li>\n<li>\n<p data-path-to-node=\"11,1,0\"><b>Projeto:<\/b> Estilo cl\u00e1ssico em azul marinho e branco com bordados dourados e cord\u00f5es tran\u00e7ados.<\/p>\n<\/li>\n<li>\n<p data-path-to-node=\"11,2,0\"><b>Personaliza\u00e7\u00e3o:<\/b> Totalmente personaliz\u00e1vel com o seu logotipo no painel frontal.<\/p>\n<\/li>\n<li>\n<p data-path-to-node=\"11,3,0\"><b>Aplicativo:<\/b> Ideal para eventos mar\u00edtimos, linhas de ferry e lojas de souvenirs.<\/p>\n<\/li>\n<\/ul>","protected":false},"featured_media":6049,"comment_status":"closed","ping_status":"closed","template":"","meta":[],"product_brand":[],"product_cat":[130],"product_tag":[],"class_list":{"0":"post-6048","1":"product","2":"type-product","3":"status-publish","4":"has-post-thumbnail","6":"product_cat-custom-headwear","8":"first","9":"instock","10":"downloadable","11":"shipping-taxable","12":"purchasable","13":"product-type-simple"},"_links":{"self":[{"href":"https:\/\/displayproducts.eu\/pt\/wp-json\/wp\/v2\/product\/6048","targetHints":{"allow":["GET"]}}],"collection":[{"href":"https:\/\/displayproducts.eu\/pt\/wp-json\/wp\/v2\/product"}],"about":[{"href":"https:\/\/displayproducts.eu\/pt\/wp-json\/wp\/v2\/types\/product"}],"replies":[{"embeddable":true,"href":"https:\/\/displayproducts.eu\/pt\/wp-json\/wp\/v2\/comments?post=6048"}],"wp:featuredmedia":[{"embeddable":true,"href":"https:\/\/displayproducts.eu\/pt\/wp-json\/wp\/v2\/media\/6049"}],"wp:attachment":[{"href":"https:\/\/displayproducts.eu\/pt\/wp-json\/wp\/v2\/media?parent=6048"}],"wp:term":[{"taxonomy":"product_brand","embeddable":true,"href":"https:\/\/displayproducts.eu\/pt\/wp-json\/wp\/v2\/product_brand?post=6048"},{"taxonomy":"product_cat","embeddable":true,"href":"https:\/\/displayproducts.eu\/pt\/wp-json\/wp\/v2\/product_cat?post=6048"},{"taxonomy":"product_tag","embeddable":true,"href":"https:\/\/displayproducts.eu\/pt\/wp-json\/wp\/v2\/product_tag?post=6048"}],"curies":[{"name":"wp","href":"https:\/\/api.w.org\/{rel}","templated":true}]}}