{"id":5995,"date":"2025-12-16T16:28:57","date_gmt":"2025-12-16T13:28:57","guid":{"rendered":"https:\/\/wristbandfactory.eu\/?post_type=product&#038;p=5995"},"modified":"2026-04-01T21:52:03","modified_gmt":"2026-04-01T18:52:03","slug":"custom-printed-microfiber-cleaning-cloths-screens-glasses","status":"publish","type":"product","link":"https:\/\/displayproducts.eu\/pt\/p\/custom-printed-microfiber-cleaning-cloths-screens-glasses\/","title":{"rendered":"Panos de microfibra com logotipo"},"content":{"rendered":"<p data-path-to-node=\"9\">Garanta que sua marca seja vista sempre que um cliente limpar os \u00f3culos ou a tela do smartphone. <b>Panos de limpeza de microfibra personalizados<\/b> S\u00e3o um item promocional extremamente pr\u00e1tico, leve e econ\u00f4mico. Ao contr\u00e1rio dos len\u00e7os de papel, esses panos dur\u00e1veis podem ser usados repetidamente, proporcionando exposi\u00e7\u00e3o da marca a longo prazo.<\/p>\n<p data-path-to-node=\"10\">Oferecemos uma gama vers\u00e1til de materiais e tamanhos para atender ao seu or\u00e7amento e objetivos de sustentabilidade, desde brindes econ\u00f4micos at\u00e9 panos de limpeza grossos e de alta qualidade fabricados na Europa.<\/p>\n<h2 data-path-to-node=\"11\">Op\u00e7\u00f5es de materiais e ecol\u00f3gicas<\/h2>\n<p data-path-to-node=\"12\">Escolha a gramatura do tecido que melhor atenda \u00e0s suas necessidades:<\/p>\n<ul data-path-to-node=\"13\">\n<li>\n<p data-path-to-node=\"13,0,0\"><b>Microfibra padr\u00e3o (170 g\/m\u00b2):<\/b> Leve e com \u00f3timo custo-benef\u00edcio. Ideal para campanhas de mala direta em larga escala e distribui\u00e7\u00e3o em feiras comerciais.<\/p>\n<\/li>\n<li>\n<p data-path-to-node=\"13,1,0\"><b>Microfibra Premium (200 g\/m\u00b2):<\/b> Mais espesso, macio e dur\u00e1vel. Transmite uma sensa\u00e7\u00e3o de maior subst\u00e2ncia ao toque \u2013 perfeito para brindes corporativos de alta qualidade.<\/p>\n<\/li>\n<li>\n<p data-path-to-node=\"13,2,0\"><b>rPET ecol\u00f3gico (170 g\/m\u00b2\/200 g\/m\u00b2):<\/b> Feito a partir de garrafas de pl\u00e1stico recicladas. Uma op\u00e7\u00e3o sustent\u00e1vel que oferece o mesmo desempenho que a microfibra padr\u00e3o, mas reduz o impacto ambiental.<\/p>\n<\/li>\n<\/ul>\n<h2 data-path-to-node=\"14\">T\u00e9cnicas de Branding<\/h2>\n<ul data-path-to-node=\"15\">\n<li>\n<p data-path-to-node=\"15,0,0\"><b>Sublima\u00e7\u00e3o em cores plenas:<\/b> Imprimimos sua foto, logotipo ou estampa em alta defini\u00e7\u00e3o em toda a superf\u00edcie do tecido (de ponta a ponta).<\/p>\n<\/li>\n<li>\n<p data-path-to-node=\"15,1,0\"><b>Marca em baixo relevo:<\/b> Seu logotipo \u00e9 transferido para o tecido por meio de termotransfer\u00eancia, criando uma textura sutil e permanente, sem o uso de tinta. Um visual sofisticado para tecidos de 200 g\/m\u00b2 e rPET.<\/p>\n<\/li>\n<\/ul>\n<h2 data-path-to-node=\"16\">Tamanhos dispon\u00edveis<\/h2>\n<p data-path-to-node=\"17\">Oferecemos uma variedade de tamanhos padr\u00e3o para atender a diferentes dispositivos:<\/p>\n<ul data-path-to-node=\"18\">\n<li>\n<p data-path-to-node=\"18,0,0\"><b>Tamanho de bolso:<\/b> 12\u00d712 cm (Ideal para \u00f3culos)<\/p>\n<\/li>\n<li>\n<p data-path-to-node=\"18,1,0\"><b>Padr\u00e3o:<\/b> 15\u00d715 cm \/ 17\u00d712 cm (Ideal para celulares)<\/p>\n<\/li>\n<li>\n<p data-path-to-node=\"18,2,0\"><b>Grande:<\/b> 17\u00d715 cm \/ 17\u00d718 cm (Ideal para tablets e laptops)<\/p>\n<\/li>\n<\/ul>\n<h2 data-path-to-node=\"19\">Especifica\u00e7\u00f5es<\/h2>\n<ul data-path-to-node=\"20\">\n<li>\n<p data-path-to-node=\"20,0,0\"><b>Quantidade m\u00ednima de encomenda (MOQ):<\/b><\/p>\n<ul data-path-to-node=\"20,0,1\">\n<li>\n<p data-path-to-node=\"20,0,1,0,0\">Importa\u00e7\u00e3o padr\u00e3o: <b>250 pe\u00e7as<\/b><\/p>\n<\/li>\n<li>\n<p data-path-to-node=\"20,0,1,1,0\">Fabricado na UE: <b>100 unidades<\/b><\/p>\n<\/li>\n<\/ul>\n<\/li>\n<li>\n<p data-path-to-node=\"20,1,0\"><b>Embalagem:<\/b> Embalagem a granel ou em sacos pl\u00e1sticos individuais (opcional).<\/p>\n<\/li>\n<li>\n<p data-path-to-node=\"20,2,0\"><b>Origem:<\/b> Op\u00e7\u00f5es de importa\u00e7\u00e3o asi\u00e1tica (melhor pre\u00e7o) ou produ\u00e7\u00e3o europeia (entrega mais r\u00e1pida).<\/p>\n<\/li>\n<li>\n<p data-path-to-node=\"20,3,0\"><b>Usar:<\/b> Limpeza sem fiapos e n\u00e3o abrasiva para superf\u00edcies \u00f3pticas delicadas.<\/p>\n<\/li>\n<\/ul>\n<h2 data-path-to-node=\"21\">Casos de uso<\/h2>\n<ul data-path-to-node=\"22\">\n<li>\n<p data-path-to-node=\"22,0,0\"><b>Empresas de Tecnologia e TI:<\/b> Acess\u00f3rio essencial para laptops e monitores.<\/p>\n<\/li>\n<li>\n<p data-path-to-node=\"22,1,0\"><b>\u00d3ticas e \u00d3culos:<\/b> O brinde cl\u00e1ssico da marca que acompanha cada par de \u00f3culos.<\/p>\n<\/li>\n<li>\n<p data-path-to-node=\"22,2,0\"><b>Campanhas de mala direta:<\/b> Extremamente leves e planas, o que as torna baratas para envio postal internacional.<\/p>\n<\/li>\n<li>\n<p data-path-to-node=\"22,3,0\"><b>Sacolas de brindes do evento:<\/b> Um item \u00fatil que os participantes n\u00e3o jogar\u00e3o fora.<\/p>\n<\/li>\n<\/ul>\n<p data-path-to-node=\"23\">","protected":false},"excerpt":{"rendered":"<ul>\n<li>\n<p data-path-to-node=\"8,0,0\"><b>Limpeza Crystal Clear:<\/b> Ideal para smartphones, tablets, laptops e \u00f3culos.<\/p>\n<\/li>\n<li>\n<p data-path-to-node=\"8,1,0\"><b>Escolha de materiais:<\/b> Gramatura padr\u00e3o de 170 g\/m\u00b2\/200 g\/m\u00b2 ou ecol\u00f3gica. <b>rPET<\/b> (Garrafas recicladas).<\/p>\n<\/li>\n<li>\n<p data-path-to-node=\"8,2,0\"><b>Op\u00e7\u00f5es de impress\u00e3o:<\/b> Vibrante <b>Cores completas<\/b> sublima\u00e7\u00e3o ou sutileza <b>Relevo<\/b> marca.<\/p>\n<\/li>\n<li>\n<p data-path-to-node=\"8,3,0\"><b>Produ\u00e7\u00e3o europeia:<\/b> Op\u00e7\u00f5es de entrega r\u00e1pida dispon\u00edveis com quantidades m\u00ednimas baixas (a partir de 100 unidades).<\/p>\n<\/li>\n<\/ul>","protected":false},"featured_media":6333,"comment_status":"closed","ping_status":"closed","template":"","meta":[],"product_brand":[],"product_cat":[128],"product_tag":[],"class_list":{"0":"post-5995","1":"product","2":"type-product","3":"status-publish","4":"has-post-thumbnail","6":"product_cat-mobile-tech-accessories","8":"first","9":"instock","10":"shipping-taxable","11":"purchasable","12":"product-type-simple"},"_links":{"self":[{"href":"https:\/\/displayproducts.eu\/pt\/wp-json\/wp\/v2\/product\/5995","targetHints":{"allow":["GET"]}}],"collection":[{"href":"https:\/\/displayproducts.eu\/pt\/wp-json\/wp\/v2\/product"}],"about":[{"href":"https:\/\/displayproducts.eu\/pt\/wp-json\/wp\/v2\/types\/product"}],"replies":[{"embeddable":true,"href":"https:\/\/displayproducts.eu\/pt\/wp-json\/wp\/v2\/comments?post=5995"}],"wp:featuredmedia":[{"embeddable":true,"href":"https:\/\/displayproducts.eu\/pt\/wp-json\/wp\/v2\/media\/6333"}],"wp:attachment":[{"href":"https:\/\/displayproducts.eu\/pt\/wp-json\/wp\/v2\/media?parent=5995"}],"wp:term":[{"taxonomy":"product_brand","embeddable":true,"href":"https:\/\/displayproducts.eu\/pt\/wp-json\/wp\/v2\/product_brand?post=5995"},{"taxonomy":"product_cat","embeddable":true,"href":"https:\/\/displayproducts.eu\/pt\/wp-json\/wp\/v2\/product_cat?post=5995"},{"taxonomy":"product_tag","embeddable":true,"href":"https:\/\/displayproducts.eu\/pt\/wp-json\/wp\/v2\/product_tag?post=5995"}],"curies":[{"name":"wp","href":"https:\/\/api.w.org\/{rel}","templated":true}]}}