{"id":5985,"date":"2025-12-16T16:19:40","date_gmt":"2025-12-16T13:19:40","guid":{"rendered":"https:\/\/wristbandfactory.eu\/?post_type=product&#038;p=5985"},"modified":"2026-04-01T21:52:35","modified_gmt":"2026-04-01T18:52:35","slug":"custom-knitted-socks-with-logo-cotton-bamboo-merino-sports","status":"publish","type":"product","link":"https:\/\/displayproducts.eu\/pt\/p\/custom-knitted-socks-with-logo-cotton-bamboo-merino-sports\/","title":{"rendered":"Meias tricotadas com logotipo"},"content":{"rendered":"<p data-path-to-node=\"10\">Transforme um item essencial do dia a dia no produto mais popular da sua marca. <b>Meias de tric\u00f4 personalizadas<\/b> N\u00e3o s\u00e3o apenas impressas; s\u00e3o criadas do zero usando a tecnologia de tecelagem Jacquard. Isso significa que seu logotipo e design s\u00e3o tricotados diretamente no tecido usando at\u00e9 5 cores de fio diferentes, garantindo que o design nunca descasque ou desbote.<\/p>\n<p data-path-to-node=\"11\">Seja para brindes corporativos profissionais, equipamentos esportivos de alto desempenho ou produtos ecologicamente corretos, nossa capacidade de produ\u00e7\u00e3o atende a todas as necessidades com quantidades m\u00ednimas reduzidas.<\/p>\n<h2 data-path-to-node=\"12\">Op\u00e7\u00f5es de materiais<\/h2>\n<p data-path-to-node=\"13\">Oferecemos diferentes misturas de materiais para atender \u00e0s suas necessidades espec\u00edficas:<\/p>\n<ul data-path-to-node=\"14\">\n<li>\n<p data-path-to-node=\"14,0,0\"><b>Mistura cl\u00e1ssica de algod\u00e3o:<\/b> O padr\u00e3o da ind\u00fastria em conforto e durabilidade. Ideal para uso di\u00e1rio e brindes.<\/p>\n<ul data-path-to-node=\"14,0,1\">\n<li>\n<p data-path-to-node=\"14,0,1,0,0\"><i>Composi\u00e7\u00e3o:<\/i> Misturas de algod\u00e3o 68%, poli\u00e9ster 29%, elastano 3% (padr\u00e3o) ou algod\u00e3o 80% para produ\u00e7\u00e3o na UE.<\/p>\n<\/li>\n<\/ul>\n<\/li>\n<li>\n<p data-path-to-node=\"14,1,0\"><b>Bambu Premium:<\/b> Uma op\u00e7\u00e3o sustent\u00e1vel e mais suave, naturalmente hipoalerg\u00eanica.<\/p>\n<ul data-path-to-node=\"14,1,1\">\n<li>\n<p data-path-to-node=\"14,1,1,0,0\"><i>Composi\u00e7\u00e3o:<\/i> 65% bambu, 25% algod\u00e3o, 8% poli\u00e9ster, 2% elastano.<\/p>\n<\/li>\n<\/ul>\n<\/li>\n<li>\n<p data-path-to-node=\"14,2,0\"><b>L\u00e3 Merino (Inverno e Caminhadas):<\/b> Macio, respir\u00e1vel e com propriedades absorventes de odores. Perfeito para marcas de produtos para atividades ao ar livre e presentes de inverno.<\/p>\n<ul data-path-to-node=\"14,2,1\">\n<li>\n<p data-path-to-node=\"14,2,1,0,0\"><i>Composi\u00e7\u00e3o:<\/i> 43% L\u00e3 Merino, 25% poliamida, 29% acr\u00edlico, 3% elastano.<\/p>\n<\/li>\n<\/ul>\n<\/li>\n<li>\n<p data-path-to-node=\"14,3,0\"><b>Mistura Esportiva de Alto Desempenho:<\/b> Misturas de alta durabilidade projetadas para corrida e futebol.<\/p>\n<ul data-path-to-node=\"14,3,1\">\n<li>\n<p data-path-to-node=\"14,3,1,0,0\"><i>Composi\u00e7\u00e3o:<\/i> Mistura de poliamida\/algod\u00e3o\/elastano com ventila\u00e7\u00e3o em tela.<\/p>\n<\/li>\n<\/ul>\n<\/li>\n<\/ul>\n<h2 data-path-to-node=\"15\">Estilos e cortes dispon\u00edveis<\/h2>\n<p data-path-to-node=\"16\">Voc\u00ea pode aplicar seu design a qualquer um dos seguintes cortes:<\/p>\n<ul data-path-to-node=\"17\">\n<li>\n<p data-path-to-node=\"17,0,0\"><b>Meias de cano m\u00e9dio:<\/b> O cl\u00e1ssico comprimento at\u00e9 a metade da panturrilha. Dispon\u00edvel em todos os materiais.<\/p>\n<\/li>\n<li>\n<p data-path-to-node=\"17,1,0\"><b>Meias de cano curto e invis\u00edveis:<\/b> Cortes discretos e modernos, perfeitos para o ver\u00e3o ou para usar com t\u00eanis.<\/p>\n<\/li>\n<li>\n<p data-path-to-node=\"17,2,0\"><b>Meias esportivas e de t\u00eanis:<\/b> Caracter\u00edsticas <b>Suporte de arco de 360\u00b0<\/b> e solas acolchoadas opcionais (meio tecido atoalhado) para absor\u00e7\u00e3o de impacto.<\/p>\n<\/li>\n<li>\n<p data-path-to-node=\"17,3,0\"><b>Meias de corrida:<\/b> Tric\u00f4 avan\u00e7ado com malha respir\u00e1vel na parte superior frontal e tric\u00f4 piqu\u00e9 na perna.<\/p>\n<\/li>\n<li>\n<p data-path-to-node=\"17,4,0\"><b>Meias de futebol:<\/b> Cal\u00e7as com comprimento acima da panturrilha e pain\u00e9is de malha na panturrilha e na parte superior da sola.<\/p>\n<\/li>\n<li>\n<p data-path-to-node=\"17,5,0\"><b>Ioga e Antiderrapante:<\/b> Apresenta solado com revestimento antiderrapante de silicone no seu padr\u00e3o personalizado. Dispon\u00edvel em modelos com ou sem biqueira.<\/p>\n<\/li>\n<\/ul>\n<h2 data-path-to-node=\"18\">Especifica\u00e7\u00f5es<\/h2>\n<ul data-path-to-node=\"19\">\n<li>\n<p data-path-to-node=\"19,0,0\"><b>Tecnologia de Tric\u00f4:<\/b> Jacquard (desenho tecido no pr\u00f3prio tecido).<\/p>\n<\/li>\n<li>\n<p data-path-to-node=\"19,1,0\"><b>Cores:<\/b> At\u00e9 5 cores por desenho.<\/p>\n<\/li>\n<li>\n<p data-path-to-node=\"19,2,0\"><b>Quantidade m\u00ednima de encomenda (MOQ):<\/b> Come\u00e7a em <b>25 pares<\/b> para modelos esportivos selecionados e <b>50 pares<\/b> para projetos padr\u00e3o.<\/p>\n<\/li>\n<li>\n<p data-path-to-node=\"19,3,0\"><b>Tamanhos:<\/b> Dispon\u00edvel em tamanho \u00fanico ou em faixas de tamanho espec\u00edficas.<\/p>\n<\/li>\n<li>\n<p data-path-to-node=\"19,4,0\"><b>Embalagem:<\/b> Etiquetas de papel personalizadas e coloridas (opcional). <i>Observa\u00e7\u00e3o: Para v\u00e1rios tamanhos com o mesmo design de etiqueta, s\u00e3o utilizadas etiquetas adesivas com os tamanhos para reduzir custos.<\/i><\/p>\n<\/li>\n<li>\n<p data-path-to-node=\"19,5,0\"><b>Nota de design:<\/b> As meias esquerda e direita podem ter designs diferentes (custo adicional aplic\u00e1vel). Logotipos na parte externa de cada perna s\u00e3o considerados designs separados devido \u00e0 orienta\u00e7\u00e3o.<\/p>\n<\/li>\n<\/ul>\n<h2 data-path-to-node=\"20\">Casos de uso<\/h2>\n<ul data-path-to-node=\"21\">\n<li>\n<p data-path-to-node=\"21,0,0\"><b>Brindes corporativos:<\/b> Presentes de escrit\u00f3rio divertidos e pr\u00e1ticos que os funcion\u00e1rios realmente usam.<\/p>\n<\/li>\n<li>\n<p data-path-to-node=\"21,1,0\"><b>Equipes esportivas:<\/b> Meias personalizadas para futebol, basquete e corrida com as cores do time.<\/p>\n<\/li>\n<li>\n<p data-path-to-node=\"21,2,0\"><b>Varejo e mercadorias:<\/b> Artigos de revenda de alta qualidade para bandas, influenciadores e marcas de roupa.<\/p>\n<\/li>\n<li>\n<p data-path-to-node=\"21,3,0\"><b>Est\u00fadios de Bem-Estar:<\/b> Meias antiderrapantes de marca para aulas de ioga e pilates.<\/p>\n<\/li>\n<\/ul>\n<p data-path-to-node=\"22\">","protected":false},"excerpt":{"rendered":"<ul>\n<li>\n<p data-path-to-node=\"9,0,0\"><b>Tric\u00f4 Jacquard:<\/b> Seu design \u00e9 tecido diretamente no tecido (at\u00e9 5 cores) para maior durabilidade e um visual sofisticado.<\/p>\n<\/li>\n<li>\n<p data-path-to-node=\"9,1,0\"><b>Escolha do material:<\/b> Dispon\u00edvel em algod\u00e3o padr\u00e3o, bambu ecol\u00f3gico ou l\u00e3 merino quente.<\/p>\n<\/li>\n<li>\n<p data-path-to-node=\"9,2,0\"><b>Estilos vers\u00e1teis:<\/b> Op\u00e7\u00f5es de cano m\u00e9dio, cano curto, cano invis\u00edvel, esportivo (com suporte para o arco do p\u00e9) e antiderrapante para ioga.<\/p>\n<\/li>\n<li>\n<p data-path-to-node=\"9,3,0\"><b>Etiquetas personalizadas:<\/b> Etiquetas ou adesivos de papel coloridos opcionais para embalagens prontas para venda no varejo.<\/p>\n<\/li>\n<\/ul>","protected":false},"featured_media":6670,"comment_status":"closed","ping_status":"closed","template":"","meta":[],"product_brand":[],"product_cat":[129],"product_tag":[],"class_list":{"0":"post-5985","1":"product","2":"type-product","3":"status-publish","4":"has-post-thumbnail","6":"product_cat-leisure-lifestyle","8":"first","9":"instock","10":"shipping-taxable","11":"product-type-simple"},"_links":{"self":[{"href":"https:\/\/displayproducts.eu\/pt\/wp-json\/wp\/v2\/product\/5985","targetHints":{"allow":["GET"]}}],"collection":[{"href":"https:\/\/displayproducts.eu\/pt\/wp-json\/wp\/v2\/product"}],"about":[{"href":"https:\/\/displayproducts.eu\/pt\/wp-json\/wp\/v2\/types\/product"}],"replies":[{"embeddable":true,"href":"https:\/\/displayproducts.eu\/pt\/wp-json\/wp\/v2\/comments?post=5985"}],"wp:featuredmedia":[{"embeddable":true,"href":"https:\/\/displayproducts.eu\/pt\/wp-json\/wp\/v2\/media\/6670"}],"wp:attachment":[{"href":"https:\/\/displayproducts.eu\/pt\/wp-json\/wp\/v2\/media?parent=5985"}],"wp:term":[{"taxonomy":"product_brand","embeddable":true,"href":"https:\/\/displayproducts.eu\/pt\/wp-json\/wp\/v2\/product_brand?post=5985"},{"taxonomy":"product_cat","embeddable":true,"href":"https:\/\/displayproducts.eu\/pt\/wp-json\/wp\/v2\/product_cat?post=5985"},{"taxonomy":"product_tag","embeddable":true,"href":"https:\/\/displayproducts.eu\/pt\/wp-json\/wp\/v2\/product_tag?post=5985"}],"curies":[{"name":"wp","href":"https:\/\/api.w.org\/{rel}","templated":true}]}}