{"id":5963,"date":"2025-12-16T15:28:54","date_gmt":"2025-12-16T12:28:54","guid":{"rendered":"https:\/\/wristbandfactory.eu\/?post_type=product&#038;p=5963"},"modified":"2026-04-01T21:52:35","modified_gmt":"2026-04-01T18:52:35","slug":"custom-printed-bucket-hats-polyester-reversible-corduroy","status":"publish","type":"product","link":"https:\/\/displayproducts.eu\/pt\/p\/custom-printed-bucket-hats-polyester-reversible-corduroy\/","title":{"rendered":"Chap\u00e9us bucket personalizados"},"content":{"rendered":"<p data-path-to-node=\"11\"><b>Acess\u00f3rios de cabe\u00e7a ic\u00f4nicos para m\u00e1xima exposi\u00e7\u00e3o da marca.<\/b> Nosso <b>Chap\u00e9us de balde personalizados com estampa<\/b> S\u00e3o o acess\u00f3rio perfeito para festivais, eventos ao ar livre e cole\u00e7\u00f5es de produtos corporativos neste ver\u00e3o. Seja para um brinde econ\u00f4mico ou um item de alta qualidade para revenda, nossa linha atende a todas as necessidades com estampas vibrantes em cores e op\u00e7\u00f5es de tecido premium.<\/p>\n<p data-path-to-node=\"12\"><b>Modelos e estilos dispon\u00edveis<\/b><\/p>\n<ul data-path-to-node=\"13\">\n<li>\n<p data-path-to-node=\"13,0,0\"><b>Padr\u00e3o em cores (poli\u00e9ster)<\/b><\/p>\n<ul data-path-to-node=\"13,0,1\">\n<li>\n<p data-path-to-node=\"13,0,1,0,0\"><b>Leve:<\/b> Poli\u00e9ster de 150 g\/m\u00b2. Perfeito para dias quentes de ver\u00e3o e promo\u00e7\u00f5es em massa.<\/p>\n<\/li>\n<li>\n<p data-path-to-node=\"13,0,1,1,0\"><b>Peso pesado:<\/b>\u00a0Poli\u00e9ster de 260 g\/m\u00b2. Uma sensa\u00e7\u00e3o mais robusta e estruturada para uma percep\u00e7\u00e3o de maior valor.<\/p>\n<\/li>\n<li>\n<p data-path-to-node=\"13,0,1,2,0\"><b>Detalhes:<\/b> Estampa na parte externa e na aba interna. Faixa de transpira\u00e7\u00e3o preta inclusa.<\/p>\n<\/li>\n<\/ul>\n<\/li>\n<li>\n<p data-path-to-node=\"13,1,0\"><b>Bon\u00e9s revers\u00edveis \u201c2 em 1\u201d<\/b><\/p>\n<ul data-path-to-node=\"13,1,1\">\n<li>\n<p data-path-to-node=\"13,1,1,0,0\"><b>(150 g\/m\u00b2) e (260 g\/m\u00b2):<\/b> Duplique o impacto da sua marca! Estes bon\u00e9s s\u00e3o totalmente revers\u00edveis, permitindo dois designs completamente diferentes na parte interna e externa. Basta virar o bon\u00e9 do avesso para revelar um novo visual.<\/p>\n<\/li>\n<\/ul>\n<\/li>\n<li>\n<p data-path-to-node=\"13,2,0\"><b>Textura Premium (Veludo Cotel\u00ea)<\/b><\/p>\n<ul data-path-to-node=\"13,2,1\">\n<li>\n<p data-path-to-node=\"13,2,1,0,0\"><b>Veludo Cotel\u00ea Cl\u00e1ssico:<\/b> Tecido de 210 g\/m\u00b2 com textura canelada distinta. Perfil m\u00e9dio.<\/p>\n<\/li>\n<li>\n<p data-path-to-node=\"13,2,1,1,0\"><b>Veludo cotel\u00ea de algod\u00e3o:<\/b> Mistura de algod\u00e3o de 200 g\/m\u00b2 para um toque mais macio e natural.<\/p>\n<\/li>\n<li>\n<p data-path-to-node=\"13,2,1,2,0\"><b>Estilo:<\/b> Visual com inspira\u00e7\u00e3o retr\u00f4, perfeito para marcas de vanguarda e streetwear.<\/p>\n<\/li>\n<\/ul>\n<\/li>\n<li>\n<p data-path-to-node=\"13,3,0\"><b>Op\u00e7\u00f5es Especiais<\/b><\/p>\n<ul data-path-to-node=\"13,3,1\">\n<li>\n<p data-path-to-node=\"13,3,1,0,0\"><b>Aba larga:<\/b> Poli\u00e9ster de 200 g\/m\u00b2 com aba alongada para maior prote\u00e7\u00e3o solar.<\/p>\n<\/li>\n<li>\n<p data-path-to-node=\"13,3,1,1,0\"><b>Op\u00e7\u00e3o bordada:<\/b> Poli\u00e9ster de 170 g\/m\u00b2 especialmente desenvolvido para bordados ou impress\u00e3o localizada.<\/p>\n<\/li>\n<\/ul>\n<\/li>\n<\/ul>\n<p data-path-to-node=\"14\"><b>Especifica\u00e7\u00f5es e Dimens\u00f5es<\/b><\/p>\n<ul data-path-to-node=\"15\">\n<li>\n<p data-path-to-node=\"15,0,0\"><b>Impress\u00e3o:<\/b> Sublima\u00e7\u00e3o CMYK em toda a superf\u00edcie (modelos de poli\u00e9ster). Permite designs fotorrealistas e padr\u00f5es que cobrem toda a superf\u00edcie.<\/p>\n<\/li>\n<li>\n<p data-path-to-node=\"15,1,0\"><b>Tamanhos:<\/b><\/p>\n<ul data-path-to-node=\"15,1,1\">\n<li>\n<p data-path-to-node=\"15,1,1,0,0\"><b>Crian\u00e7as:<\/b> 55 cm<\/p>\n<\/li>\n<li>\n<p data-path-to-node=\"15,1,1,1,0\"><b>Adulto padr\u00e3o:<\/b> 58 cm (Serve para a maioria das mulheres e homens)<\/p>\n<\/li>\n<li>\n<p data-path-to-node=\"15,1,1,2,0\"><b>Adulto Grande:<\/b> 60 cm (Corte folgado)<\/p>\n<\/li>\n<\/ul>\n<\/li>\n<li>\n<p data-path-to-node=\"15,2,0\"><b>Ventila\u00e7\u00e3o:<\/b> Ilh\u00f3s costurados na mesma cor (nos modelos padr\u00e3o de poli\u00e9ster) garantem a respirabilidade durante eventos em clima quente.<\/p>\n<\/li>\n<li>\n<p data-path-to-node=\"15,3,0\"><b>Largura da aba:<\/b> Op\u00e7\u00f5es padr\u00e3o de 5,5 cm ou 7,5 cm (dependendo do modelo).<\/p>\n<\/li>\n<\/ul>\n<p data-path-to-node=\"16\"><b>Casos de uso<\/b><\/p>\n<ul data-path-to-node=\"17\">\n<li>\n<p data-path-to-node=\"17,0,0\"><b>Festivais e Concertos:<\/b> Produtos de alta visibilidade que os f\u00e3s adoram usar.<\/p>\n<\/li>\n<li>\n<p data-path-to-node=\"17,1,0\"><b>Equipes esportivas:<\/b> Visual \u00fanico para torcedores e s\u00f3cios do clube.<\/p>\n<\/li>\n<li>\n<p data-path-to-node=\"17,2,0\"><b>Eventos estudantis:<\/b> Dias de orienta\u00e7\u00e3o e produtos oficiais da universidade.<\/p>\n<\/li>\n<\/ul>","protected":false},"excerpt":{"rendered":"<ul>\n<li>\n<p data-path-to-node=\"9,0,0\"><b>Ampla sele\u00e7\u00e3o:<\/b> Escolha entre poli\u00e9ster leve (150 g\/m\u00b2) ou pesado (260 g\/m\u00b2), modelos revers\u00edveis ou o moderno veludo cotel\u00ea.<\/p>\n<\/li>\n<li>\n<p data-path-to-node=\"9,1,0\"><b>Personaliza\u00e7\u00e3o completa:<\/b> Impress\u00e3o por sublima\u00e7\u00e3o CMYK de ponta a ponta para cores e padr\u00f5es ilimitados.<\/p>\n<\/li>\n<li>\n<p data-path-to-node=\"9,2,0\"><b>Ajuste perfeito:<\/b> Dispon\u00edvel nos tamanhos Infantil (55cm), Adulto (58cm) e Grande (60cm).<\/p>\n<\/li>\n<li>\n<p data-path-to-node=\"9,3,0\"><b>Vers\u00e1til:<\/b> Ideal para festivais de ver\u00e3o, artigos esportivos e marcas de streetwear.<\/p>\n<\/li>\n<\/ul>","protected":false},"featured_media":6365,"comment_status":"closed","ping_status":"closed","template":"","meta":[],"product_brand":[],"product_cat":[130],"product_tag":[],"class_list":{"0":"post-5963","1":"product","2":"type-product","3":"status-publish","4":"has-post-thumbnail","6":"product_cat-custom-headwear","8":"first","9":"instock","10":"shipping-taxable","11":"purchasable","12":"product-type-simple"},"_links":{"self":[{"href":"https:\/\/displayproducts.eu\/pt\/wp-json\/wp\/v2\/product\/5963","targetHints":{"allow":["GET"]}}],"collection":[{"href":"https:\/\/displayproducts.eu\/pt\/wp-json\/wp\/v2\/product"}],"about":[{"href":"https:\/\/displayproducts.eu\/pt\/wp-json\/wp\/v2\/types\/product"}],"replies":[{"embeddable":true,"href":"https:\/\/displayproducts.eu\/pt\/wp-json\/wp\/v2\/comments?post=5963"}],"wp:featuredmedia":[{"embeddable":true,"href":"https:\/\/displayproducts.eu\/pt\/wp-json\/wp\/v2\/media\/6365"}],"wp:attachment":[{"href":"https:\/\/displayproducts.eu\/pt\/wp-json\/wp\/v2\/media?parent=5963"}],"wp:term":[{"taxonomy":"product_brand","embeddable":true,"href":"https:\/\/displayproducts.eu\/pt\/wp-json\/wp\/v2\/product_brand?post=5963"},{"taxonomy":"product_cat","embeddable":true,"href":"https:\/\/displayproducts.eu\/pt\/wp-json\/wp\/v2\/product_cat?post=5963"},{"taxonomy":"product_tag","embeddable":true,"href":"https:\/\/displayproducts.eu\/pt\/wp-json\/wp\/v2\/product_tag?post=5963"}],"curies":[{"name":"wp","href":"https:\/\/api.w.org\/{rel}","templated":true}]}}