{"id":5959,"date":"2025-12-16T15:21:56","date_gmt":"2025-12-16T12:21:56","guid":{"rendered":"https:\/\/wristbandfactory.eu\/?post_type=product&#038;p=5959"},"modified":"2026-04-01T21:52:03","modified_gmt":"2026-04-01T18:52:03","slug":"custom-printed-balaclavas-ski-masks-polyester-fleece-thermal","status":"publish","type":"product","link":"https:\/\/displayproducts.eu\/pt\/p\/custom-printed-balaclavas-ski-masks-polyester-fleece-thermal\/","title":{"rendered":"Balaclavas personalizadas"},"content":{"rendered":"<p data-path-to-node=\"11\"><b>Identidade visual definitiva para climas frios<\/b> Equipe sua equipe ou seus torcedores com nossos produtos. <b>Balaclavas personalizadas com estampa<\/b>, Projetadas para oferecer o m\u00e1ximo de aquecimento e visibilidade, estas m\u00e1scaras de esqui s\u00e3o ideais para esta\u00e7\u00f5es de esqui, equipes de constru\u00e7\u00e3o no inverno ou eventos promocionais ao ar livre. Elas oferecem uma grande \u00e1rea de impress\u00e3o para destacar sua marca, al\u00e9m de proporcionar prote\u00e7\u00e3o essencial contra as intemp\u00e9ries.<\/p>\n<p data-path-to-node=\"12\"><b>Modelos e especifica\u00e7\u00f5es dispon\u00edveis<\/b><\/p>\n<ul data-path-to-node=\"13\">\n<li>\n<p data-path-to-node=\"13,0,0\"><b>\u00a0Desempenho leve (camada \u00fanica)<\/b><\/p>\n<ul data-path-to-node=\"13,0,1\">\n<li>\n<p data-path-to-node=\"13,0,1,0,0\"><b>Material:<\/b> Poli\u00e9ster 100% (180-190 g\/m\u00b2).<\/p>\n<\/li>\n<li>\n<p data-path-to-node=\"13,0,1,1,0\"><b>Projeto:<\/b> Impress\u00e3o por sublima\u00e7\u00e3o a cores em toda a superf\u00edcie.<\/p>\n<\/li>\n<li>\n<p data-path-to-node=\"13,0,1,2,0\"><b>Melhor para:<\/b> Esportes ativos, uso de capacete sob a cabe\u00e7a e condi\u00e7\u00f5es clim\u00e1ticas invernais mais amenas.<\/p>\n<\/li>\n<li>\n<p data-path-to-node=\"13,0,1,3,0\"><b>Tamanho:<\/b> Aproximadamente 45x26cm (48g).<\/p>\n<\/li>\n<\/ul>\n<\/li>\n<li>\n<p data-path-to-node=\"13,1,0\"><b>Aquecimento de inverno (dupla camada)<\/b><\/p>\n<ul data-path-to-node=\"13,1,1\">\n<li>\n<p data-path-to-node=\"13,1,1,0,0\"><b>Material:<\/b> Exterior em poli\u00e9ster estampado (130 g\/m\u00b2) + forro em fleece polar preto (160 g\/m\u00b2).<\/p>\n<\/li>\n<li>\n<p data-path-to-node=\"13,1,1,1,0\"><b>Projeto:<\/b> Estampa externa colorida com interior macio e t\u00e9rmico.<\/p>\n<\/li>\n<li>\n<p data-path-to-node=\"13,1,1,2,0\"><b>Melhor para:<\/b> Esqui, snowboard e longa exposi\u00e7\u00e3o ao frio.<\/p>\n<\/li>\n<li>\n<p data-path-to-node=\"13,1,1,3,0\"><b>Tamanho:<\/b> Aproximadamente 40x29cm (65-70g).<\/p>\n<\/li>\n<\/ul>\n<\/li>\n<li>\n<p data-path-to-node=\"13,2,0\"><b>\u00a0Casaco t\u00e9rmico cl\u00e1ssico (fleece liso)<\/b><\/p>\n<ul data-path-to-node=\"13,2,1\">\n<li>\n<p data-path-to-node=\"13,2,1,0,0\"><b>Material:<\/b> 100% Polar Fleece (220 g\/m\u00b2).<\/p>\n<\/li>\n<li>\n<p data-path-to-node=\"13,2,1,1,0\"><b>Projeto:<\/b> Dispon\u00edvel em cores de tecido padr\u00e3o com <b>Bordado de logotipo<\/b>.<\/p>\n<\/li>\n<li>\n<p data-path-to-node=\"13,2,1,2,0\"><b>Melhor para:<\/b> Roupas de trabalho resistentes e de alta qualidade.<\/p>\n<\/li>\n<li>\n<p data-path-to-node=\"13,2,1,3,0\"><b>Tamanho:<\/b> Aproximadamente 38x30cm (100g).<\/p>\n<\/li>\n<\/ul>\n<\/li>\n<\/ul>","protected":false},"excerpt":{"rendered":"<ul>\n<li>\n<p data-path-to-node=\"9,0,0\"><b>Tr\u00eas varia\u00e7\u00f5es:<\/b> Poli\u00e9ster de camada \u00fanica (leve), poli\u00e9ster com forro de l\u00e3 polar (quente) ou l\u00e3 polar s\u00f3lida (t\u00e9rmica).<\/p>\n<\/li>\n<li>\n<p data-path-to-node=\"9,1,0\"><b>Personaliza\u00e7\u00e3o completa:<\/b> Impress\u00e3o por sublima\u00e7\u00e3o de ponta a ponta para gr\u00e1ficos complexos ou bordado em tecido de l\u00e3 liso.<\/p>\n<\/li>\n<li>\n<p data-path-to-node=\"9,2,0\"><b>Prote\u00e7\u00e3o no inverno:<\/b> Protege o rosto e o pesco\u00e7o contra o vento e o frio; ideal para esportes de inverno e trabalho ao ar livre.<\/p>\n<\/li>\n<li>\n<p data-path-to-node=\"9,3,0\"><b>Ajuste universal:<\/b> O design de tamanho \u00fanico (aprox. 40x29cm \/ 45x26cm) garante versatilidade.<\/p>\n<\/li>\n<\/ul>","protected":false},"featured_media":6370,"comment_status":"closed","ping_status":"closed","template":"","meta":[],"product_brand":[],"product_cat":[123,118],"product_tag":[],"class_list":{"0":"post-5959","1":"product","2":"type-product","3":"status-publish","4":"has-post-thumbnail","6":"product_cat-fan-cheering-items","7":"product_cat-sports-fitness","9":"first","10":"instock","11":"shipping-taxable","12":"purchasable","13":"product-type-simple"},"_links":{"self":[{"href":"https:\/\/displayproducts.eu\/pt\/wp-json\/wp\/v2\/product\/5959","targetHints":{"allow":["GET"]}}],"collection":[{"href":"https:\/\/displayproducts.eu\/pt\/wp-json\/wp\/v2\/product"}],"about":[{"href":"https:\/\/displayproducts.eu\/pt\/wp-json\/wp\/v2\/types\/product"}],"replies":[{"embeddable":true,"href":"https:\/\/displayproducts.eu\/pt\/wp-json\/wp\/v2\/comments?post=5959"}],"wp:featuredmedia":[{"embeddable":true,"href":"https:\/\/displayproducts.eu\/pt\/wp-json\/wp\/v2\/media\/6370"}],"wp:attachment":[{"href":"https:\/\/displayproducts.eu\/pt\/wp-json\/wp\/v2\/media?parent=5959"}],"wp:term":[{"taxonomy":"product_brand","embeddable":true,"href":"https:\/\/displayproducts.eu\/pt\/wp-json\/wp\/v2\/product_brand?post=5959"},{"taxonomy":"product_cat","embeddable":true,"href":"https:\/\/displayproducts.eu\/pt\/wp-json\/wp\/v2\/product_cat?post=5959"},{"taxonomy":"product_tag","embeddable":true,"href":"https:\/\/displayproducts.eu\/pt\/wp-json\/wp\/v2\/product_tag?post=5959"}],"curies":[{"name":"wp","href":"https:\/\/api.w.org\/{rel}","templated":true}]}}