{"id":5935,"date":"2025-12-16T13:44:25","date_gmt":"2025-12-16T10:44:25","guid":{"rendered":"https:\/\/wristbandfactory.eu\/?post_type=product&#038;p=5935"},"modified":"2026-04-01T21:52:03","modified_gmt":"2026-04-01T18:52:03","slug":"soft-pvc-nfc-keychains-custom-shape-full-color","status":"publish","type":"product","link":"https:\/\/displayproducts.eu\/pt\/p\/soft-pvc-nfc-keychains-custom-shape-full-color\/","title":{"rendered":"Chaveiros NFC de PVC macio \u2013 Formato personalizado"},"content":{"rendered":"<p data-path-to-node=\"17\">Transforme um brinde promocional cl\u00e1ssico em uma poderosa ferramenta de marketing digital. Nossos chaveiros NFC personalizados em PVC macio combinam o apelo t\u00e1til de um chaveiro de borracha dur\u00e1vel e com formato personalizado com a avan\u00e7ada tecnologia sem contato. Ideais para campanhas de marketing modernas, esses chaveiros permitem que os usu\u00e1rios aproximem seus smartphones para acessar instantaneamente seu site, aplicativo ou programa de fidelidade.<\/p>\n<p data-path-to-node=\"18\"><b>Formato e design totalmente personalizados<\/b> N\u00e3o se contente com formas geom\u00e9tricas padr\u00e3o. Moldamos estes chaveiros em <b>seu logotipo espec\u00edfico ou formato do produto<\/b> (at\u00e9 5\u00d75 cm). Produzido em PVC macio de alta qualidade, o material \u00e9 dur\u00e1vel, flex\u00edvel e suave ao toque. Seu design \u00e9 reproduzido em cores vibrantes em ambos os lados, garantindo m\u00e1xima visibilidade da marca de todos os \u00e2ngulos.<\/p>\n<p data-path-to-node=\"19\"><b>Integra\u00e7\u00e3o NFC inteligente<\/b> Oculto dentro das camadas de PVC est\u00e1 um chip NFC program\u00e1vel com uma antena de 2,5 x 2,5 cm. Isso permite uma experi\u00eancia &quot;Aproxime e Use&quot; sem a necessidade de baterias ou carregamento.<\/p>\n<ul data-path-to-node=\"20\">\n<li>\n<p data-path-to-node=\"20,0,0\"><b>Marketing:<\/b> Direcione tr\u00e1fego para sua p\u00e1gina de destino ou redes sociais.<\/p>\n<\/li>\n<li>\n<p data-path-to-node=\"20,1,0\"><b>Eventos:<\/b> Utilize para check-ins digitais ou inscri\u00e7\u00f5es em concursos.<\/p>\n<\/li>\n<li>\n<p data-path-to-node=\"20,2,0\"><b>Lealdade:<\/b> Ative a leitura instant\u00e2nea de programas de recompensas para clientes.<\/p>\n<\/li>\n<\/ul>\n<p data-path-to-node=\"21\"><b>Op\u00e7\u00f5es de embalagem<\/b><\/p>\n<ul data-path-to-node=\"22\">\n<li>\n<p data-path-to-node=\"22,0,0\"><b>Padr\u00e3o:<\/b> Embalados individualmente em papel de seda protetor para evitar que grudem.<\/p>\n<\/li>\n<li>\n<p data-path-to-node=\"22,1,0\"><b>Pronto para venda no varejo:<\/b> Cart\u00e3o opcional de papel colorido frente e verso com saco pl\u00e1stico para uma experi\u00eancia de unboxing premium.<\/p>\n<\/li>\n<\/ul>\n<p data-path-to-node=\"23\"><b>Principais caracter\u00edsticas:<\/b><\/p>\n<ul data-path-to-node=\"24\">\n<li>\n<p data-path-to-node=\"24,0,0\"><b>Material:<\/b> PVC flex\u00edvel livre de ftalatos.<\/p>\n<\/li>\n<li>\n<p data-path-to-node=\"24,1,0\"><b>Tecnologia:<\/b> Chip NFC integrado (compat\u00edvel com a maioria dos smartphones modernos).<\/p>\n<\/li>\n<li>\n<p data-path-to-node=\"24,2,0\"><b>Personaliza\u00e7\u00e3o:<\/b> Formato externo personalizado 100%.<\/p>\n<\/li>\n<li>\n<p data-path-to-node=\"24,3,0\"><b>Durabilidade:<\/b> Superf\u00edcie imperme\u00e1vel e resistente a riscos.<\/p>\n<\/li>\n<li>\n<p data-path-to-node=\"24,4,0\"><b>Atacado:<\/b> Embalagem a granel para facilitar a distribui\u00e7\u00e3o.<\/p>\n<\/li>\n<\/ul>","protected":false},"excerpt":{"rendered":"<ul data-path-to-node=\"13\">\n<li>\n<p data-path-to-node=\"13,0,0\"><b>Material:<\/b> Borracha de PVC macia e flex\u00edvel em formato personalizado (m\u00e1ximo 5\u00d75 cm).<\/p>\n<\/li>\n<li>\n<p data-path-to-node=\"13,1,0\"><b>Tecnologia:<\/b> Chip NFC integrado (antena de 2,5\u00d72,5 cm) para intera\u00e7\u00e3o digital.<\/p>\n<\/li>\n<li>\n<p data-path-to-node=\"13,2,0\"><b>Projeto:<\/b> Impress\u00e3o a cores em ambos os lados (mesmo desenho).<\/p>\n<\/li>\n<li>\n<p data-path-to-node=\"13,3,0\"><b>Caso de uso:<\/b> Lan\u00e7amentos de aplicativos, programas de fidelidade e links para redes sociais.<\/p>\n<\/li>\n<\/ul>","protected":false},"featured_media":6380,"comment_status":"closed","ping_status":"closed","template":"","meta":[],"product_brand":[],"product_cat":[94],"product_tag":[],"class_list":{"0":"post-5935","1":"product","2":"type-product","3":"status-publish","4":"has-post-thumbnail","6":"product_cat-keychains","8":"first","9":"instock","10":"shipping-taxable","11":"purchasable","12":"product-type-simple"},"_links":{"self":[{"href":"https:\/\/displayproducts.eu\/pt\/wp-json\/wp\/v2\/product\/5935","targetHints":{"allow":["GET"]}}],"collection":[{"href":"https:\/\/displayproducts.eu\/pt\/wp-json\/wp\/v2\/product"}],"about":[{"href":"https:\/\/displayproducts.eu\/pt\/wp-json\/wp\/v2\/types\/product"}],"replies":[{"embeddable":true,"href":"https:\/\/displayproducts.eu\/pt\/wp-json\/wp\/v2\/comments?post=5935"}],"wp:featuredmedia":[{"embeddable":true,"href":"https:\/\/displayproducts.eu\/pt\/wp-json\/wp\/v2\/media\/6380"}],"wp:attachment":[{"href":"https:\/\/displayproducts.eu\/pt\/wp-json\/wp\/v2\/media?parent=5935"}],"wp:term":[{"taxonomy":"product_brand","embeddable":true,"href":"https:\/\/displayproducts.eu\/pt\/wp-json\/wp\/v2\/product_brand?post=5935"},{"taxonomy":"product_cat","embeddable":true,"href":"https:\/\/displayproducts.eu\/pt\/wp-json\/wp\/v2\/product_cat?post=5935"},{"taxonomy":"product_tag","embeddable":true,"href":"https:\/\/displayproducts.eu\/pt\/wp-json\/wp\/v2\/product_tag?post=5935"}],"curies":[{"name":"wp","href":"https:\/\/api.w.org\/{rel}","templated":true}]}}