{"id":5824,"date":"2025-12-11T12:42:06","date_gmt":"2025-12-11T09:42:06","guid":{"rendered":"https:\/\/wristbandfactory.eu\/?post_type=product&#038;p=5824"},"modified":"2026-04-01T21:52:35","modified_gmt":"2026-04-01T18:52:35","slug":"embossed-silicone-wristbands-raised-3d-effect","status":"publish","type":"product","link":"https:\/\/displayproducts.eu\/pt\/p\/embossed-silicone-wristbands-raised-3d-effect\/","title":{"rendered":"Pulseiras de silicone \u2013 Alto relevo \/ 3D"},"content":{"rendered":"<p data-path-to-node=\"10\"><b>Destaque-se com um acabamento 3D<\/b><\/p>\n<p data-path-to-node=\"11\"><b>Pulseiras de silicone em relevo<\/b> Oferecemos uma vers\u00e3o exclusiva da cl\u00e1ssica alian\u00e7a beneficente. Em vez de gravar o texto para dentro, usamos um molde personalizado para elevar o seu design da superf\u00edcie da alian\u00e7a. Isso cria um efeito impressionante. <b>Efeito de relevo 3D<\/b> que seja ao mesmo tempo visualmente distinto e t\u00e1til.<\/p>\n<p data-path-to-node=\"12\"><b>Como \u00e9 feito<\/b> Fabricamos essas pulseiras usando um processo de moldagem especializado, no qual o silicone \u00e9 prensado em um formato que cria letras em relevo. Como o logotipo \u00e9 feito do mesmo material de silicone que a pr\u00f3pria pulseira, ele \u00e9 <b>fisicamente permanente<\/b> e n\u00e3o pode rachar, descascar ou desbotar.<\/p>\n<p data-path-to-node=\"13\"><b>Estilo de design<\/b> As faixas em relevo s\u00e3o normalmente produzidas em uma \u00fanica cor (monocrom\u00e1ticas), onde o texto em relevo cria um sutil efeito de sombra. Isso resulta em um <b>Visual limpo, moderno e discreto<\/b> \u00c9 uma op\u00e7\u00e3o popular para eventos corporativos, inscri\u00e7\u00f5es em academias e ativa\u00e7\u00f5es de marcas premium.<\/p>\n<p data-path-to-node=\"14\"><b>Personaliza\u00e7\u00e3o<\/b><\/p>\n<ul data-path-to-node=\"15\">\n<li>\n<p data-path-to-node=\"15,0,0\"><b>Cor:<\/b> A correspond\u00eancia da faixa com qualquer refer\u00eancia Pantone (PMS) \u00e9 adequada.<\/p>\n<\/li>\n<li>\n<p data-path-to-node=\"15,1,0\"><b>Texto:<\/b> Mais adequado para fontes em negrito e logotipos sem impress\u00e3o (detalhes finos s\u00e3o mais dif\u00edceis de real\u00e7ar).<\/p>\n<\/li>\n<\/ul>\n<p data-path-to-node=\"16\"><b>Principais caracter\u00edsticas:<\/b><\/p>\n<ul data-path-to-node=\"17\">\n<li>\n<p data-path-to-node=\"17,0,0\"><b>Estilo:<\/b> Em relevo (3D elevado).<\/p>\n<\/li>\n<li>\n<p data-path-to-node=\"17,1,0\"><b>Material:<\/b> Silicone de grau m\u00e9dico 100%.<\/p>\n<\/li>\n<li>\n<p data-path-to-node=\"17,2,0\"><b>Durabilidade:<\/b> Extremo (Sem tinta que possa desbotar).<\/p>\n<\/li>\n<li>\n<p data-path-to-node=\"17,3,0\"><b>Efeito:<\/b> Identidade visual sofisticada e discreta.<\/p>\n<\/li>\n<\/ul>","protected":false},"excerpt":{"rendered":"<ul>\n<li>\n<p data-path-to-node=\"8,0,0\"><b>Efeito 3D em relevo:<\/b> Seu logotipo e texto se destacam fisicamente na superf\u00edcie da pulseira.<\/p>\n<\/li>\n<li>\n<p data-path-to-node=\"8,1,0\"><b>Experi\u00eancia t\u00e1til:<\/b> Oferece uma textura \u00fanica e &quot;irregular&quot; que os usu\u00e1rios podem sentir.<\/p>\n<\/li>\n<li>\n<p data-path-to-node=\"8,2,0\"><b>Identidade visual permanente:<\/b> O desenho \u00e9 moldado na pulseira, por isso nunca desbotar\u00e1 nem se desgastar\u00e1.<\/p>\n<\/li>\n<li>\n<p data-path-to-node=\"8,3,0\"><b>Sutil e sofisticado:<\/b> Ideal para marcas que desejam um visual sofisticado e monocrom\u00e1tico sem tinta.<\/p>\n<\/li>\n<\/ul>","protected":false},"featured_media":5825,"comment_status":"closed","ping_status":"closed","template":"","meta":[],"product_brand":[],"product_cat":[49],"product_tag":[],"class_list":{"0":"post-5824","1":"product","2":"type-product","3":"status-publish","4":"has-post-thumbnail","6":"product_cat-silicone","8":"first","9":"instock","10":"shipping-taxable","11":"purchasable","12":"product-type-simple"},"_links":{"self":[{"href":"https:\/\/displayproducts.eu\/pt\/wp-json\/wp\/v2\/product\/5824","targetHints":{"allow":["GET"]}}],"collection":[{"href":"https:\/\/displayproducts.eu\/pt\/wp-json\/wp\/v2\/product"}],"about":[{"href":"https:\/\/displayproducts.eu\/pt\/wp-json\/wp\/v2\/types\/product"}],"replies":[{"embeddable":true,"href":"https:\/\/displayproducts.eu\/pt\/wp-json\/wp\/v2\/comments?post=5824"}],"wp:featuredmedia":[{"embeddable":true,"href":"https:\/\/displayproducts.eu\/pt\/wp-json\/wp\/v2\/media\/5825"}],"wp:attachment":[{"href":"https:\/\/displayproducts.eu\/pt\/wp-json\/wp\/v2\/media?parent=5824"}],"wp:term":[{"taxonomy":"product_brand","embeddable":true,"href":"https:\/\/displayproducts.eu\/pt\/wp-json\/wp\/v2\/product_brand?post=5824"},{"taxonomy":"product_cat","embeddable":true,"href":"https:\/\/displayproducts.eu\/pt\/wp-json\/wp\/v2\/product_cat?post=5824"},{"taxonomy":"product_tag","embeddable":true,"href":"https:\/\/displayproducts.eu\/pt\/wp-json\/wp\/v2\/product_tag?post=5824"}],"curies":[{"name":"wp","href":"https:\/\/api.w.org\/{rel}","templated":true}]}}