{"id":5822,"date":"2025-12-11T12:39:16","date_gmt":"2025-12-11T09:39:16","guid":{"rendered":"https:\/\/wristbandfactory.eu\/?post_type=product&#038;p=5822"},"modified":"2026-04-01T21:52:35","modified_gmt":"2026-04-01T18:52:35","slug":"debossed-silicone-wristbands-colour-filled-engraved","status":"publish","type":"product","link":"https:\/\/displayproducts.eu\/pt\/p\/debossed-silicone-wristbands-colour-filled-engraved\/","title":{"rendered":"Pulseiras de silicone \u2013 Baixo relevo \/ Com cor"},"content":{"rendered":"<p data-path-to-node=\"10\"><b>O padr\u00e3o da ind\u00fastria em termos de longevidade.<\/b><\/p>\n<p data-path-to-node=\"11\"><b>Pulseiras com relevo e preenchimento de cor<\/b> S\u00e3o a escolha ideal para marcas e organiza\u00e7\u00f5es que precisam de pulseiras dur\u00e1veis. Ao contr\u00e1rio das pulseiras impressas padr\u00e3o, onde a tinta fica na superf\u00edcie, estas pulseiras passam por um processo de fabrica\u00e7\u00e3o em duas etapas para garantir que sua mensagem dure tanto quanto a pr\u00f3pria pulseira.<\/p>\n<p data-path-to-node=\"12\"><b>Como \u00e9 feito<\/b><\/p>\n<ol start=\"1\" data-path-to-node=\"13\">\n<li>\n<p data-path-to-node=\"13,0,0\"><b>Grava\u00e7\u00e3o (Relevo):<\/b> Criamos um molde personalizado para gravar seu logotipo e texto em profundidade na pulseira de silicone.<\/p>\n<\/li>\n<li>\n<p data-path-to-node=\"13,1,0\"><b>Preenchimento com cor:<\/b> As \u00e1reas rebaixadas s\u00e3o ent\u00e3o preenchidas manualmente com uma tinta de silicone especial e dur\u00e1vel, em uma cor contrastante.<\/p>\n<\/li>\n<\/ol>\n<p data-path-to-node=\"14\"><b>Por que escolher o acabamento em baixo relevo?<\/b> Como o desenho est\u00e1 embutido abaixo da superf\u00edcie, ele fica fisicamente protegido contra atrito e desgaste. Isso o torna a \u00fanica op\u00e7\u00e3o vi\u00e1vel para <b>campanhas de conscientiza\u00e7\u00e3o de longo prazo, itens que demonstram esp\u00edrito escolar e arrecada\u00e7\u00e3o de fundos.<\/b> onde a pulseira \u00e9 usada diariamente durante meses ou at\u00e9 anos.<\/p>\n<p data-path-to-node=\"15\"><b>Personaliza\u00e7\u00e3o<\/b> Podemos combinar a pulseira de silicone com qualquer cor. <b>Pantone (PMS)<\/b> D\u00ea cor e preencha o texto gravado com qualquer tom Pantone contrastante para combinar perfeitamente com a identidade da sua marca.<\/p>\n<p data-path-to-node=\"16\"><b>Principais caracter\u00edsticas:<\/b><\/p>\n<ul data-path-to-node=\"17\">\n<li>\n<p data-path-to-node=\"17,0,0\"><b>Estilo:<\/b> Relevo baixo (em baixo relevo) e preenchido com tinta.<\/p>\n<\/li>\n<li>\n<p data-path-to-node=\"17,1,0\"><b>Material:<\/b> Silicone de grau m\u00e9dico 100%.<\/p>\n<\/li>\n<li>\n<p data-path-to-node=\"17,2,0\"><b>Durabilidade:<\/b> Extremo (Design \u00e0 prova de desgaste).<\/p>\n<\/li>\n<li>\n<p data-path-to-node=\"17,3,0\"><b>Tamanhos:<\/b> Adulto (202 mm) e Juvenil (180 mm).<\/p>\n<\/li>\n<\/ul>","protected":false},"excerpt":{"rendered":"<ul>\n<li>\n<p data-path-to-node=\"8,0,0\"><b>Durabilidade m\u00e1xima:<\/b> Seu logotipo \u00e9 gravado em baixo relevo no silicone, tornando imposs\u00edvel que se apague com o atrito.<\/p>\n<\/li>\n<li>\n<p data-path-to-node=\"8,1,0\"><b>Preenchido com cor:<\/b> O texto gravado \u00e9 preenchido com tinta de silicone contrastante, proporcionando um visual vibrante e de grande impacto.<\/p>\n<\/li>\n<li>\n<p data-path-to-node=\"8,2,0\"><b>Sensa\u00e7\u00e3o Premium:<\/b> Oferece um acabamento t\u00e1til em 3D, frequentemente associado a campanhas de caridade de alta qualidade (por exemplo, Livestrong).<\/p>\n<\/li>\n<li>\n<p data-path-to-node=\"8,3,0\"><b>Identidade visual permanente:<\/b> Ideal para uso prolongado (meses ou anos) sem desbotar.<\/p>\n<\/li>\n<\/ul>","protected":false},"featured_media":5823,"comment_status":"closed","ping_status":"closed","template":"","meta":[],"product_brand":[],"product_cat":[49],"product_tag":[],"class_list":{"0":"post-5822","1":"product","2":"type-product","3":"status-publish","4":"has-post-thumbnail","6":"product_cat-silicone","8":"first","9":"instock","10":"shipping-taxable","11":"purchasable","12":"product-type-simple"},"_links":{"self":[{"href":"https:\/\/displayproducts.eu\/pt\/wp-json\/wp\/v2\/product\/5822","targetHints":{"allow":["GET"]}}],"collection":[{"href":"https:\/\/displayproducts.eu\/pt\/wp-json\/wp\/v2\/product"}],"about":[{"href":"https:\/\/displayproducts.eu\/pt\/wp-json\/wp\/v2\/types\/product"}],"replies":[{"embeddable":true,"href":"https:\/\/displayproducts.eu\/pt\/wp-json\/wp\/v2\/comments?post=5822"}],"wp:featuredmedia":[{"embeddable":true,"href":"https:\/\/displayproducts.eu\/pt\/wp-json\/wp\/v2\/media\/5823"}],"wp:attachment":[{"href":"https:\/\/displayproducts.eu\/pt\/wp-json\/wp\/v2\/media?parent=5822"}],"wp:term":[{"taxonomy":"product_brand","embeddable":true,"href":"https:\/\/displayproducts.eu\/pt\/wp-json\/wp\/v2\/product_brand?post=5822"},{"taxonomy":"product_cat","embeddable":true,"href":"https:\/\/displayproducts.eu\/pt\/wp-json\/wp\/v2\/product_cat?post=5822"},{"taxonomy":"product_tag","embeddable":true,"href":"https:\/\/displayproducts.eu\/pt\/wp-json\/wp\/v2\/product_tag?post=5822"}],"curies":[{"name":"wp","href":"https:\/\/api.w.org\/{rel}","templated":true}]}}