{"id":5820,"date":"2025-12-11T12:35:46","date_gmt":"2025-12-11T09:35:46","guid":{"rendered":"https:\/\/wristbandfactory.eu\/?post_type=product&#038;p=5820"},"modified":"2026-04-01T21:52:03","modified_gmt":"2026-04-01T18:52:03","slug":"printed-silicone-wristbands-custom-screen-print","status":"publish","type":"product","link":"https:\/\/displayproducts.eu\/pt\/p\/printed-silicone-wristbands-custom-screen-print\/","title":{"rendered":"Pulseiras de silicone \u2013 Impressas"},"content":{"rendered":"<p data-path-to-node=\"12\"><b>A escolha cl\u00e1ssica para branding promocional.<\/b><\/p>\n<p data-path-to-node=\"13\"><b>Pulseiras de silicone estampadas<\/b> S\u00e3o a op\u00e7\u00e3o mais popular para campanhas de marketing, feiras comerciais e eventos onde visibilidade e or\u00e7amento s\u00e3o prioridades essenciais. Ao contr\u00e1rio das alian\u00e7as gravadas, estas exibem o seu design. <b>serigrafado diretamente na superf\u00edcie lisa<\/b> do silicone, oferecendo um acabamento n\u00edtido e limpo que chama a aten\u00e7\u00e3o.<\/p>\n<p data-path-to-node=\"14\"><b>Op\u00e7\u00f5es de cores ilimitadas<\/b> Oferecemos total flexibilidade de personaliza\u00e7\u00e3o. Voc\u00ea pode escolher qualquer uma. <b>Cor Pantone (PMS)<\/b> Para a pr\u00f3pria pulseira de silicone, selecione uma cor de tinta contrastante para o seu logotipo e texto. Isso garante a conformidade do modelo 100% com a sua identidade corporativa.<\/p>\n<p data-path-to-node=\"15\"><b>Material e conforto<\/b> Feito de <b>Silicone 100% de alta qualidade e sem l\u00e1tex<\/b>, Essas pulseiras s\u00e3o \u00e0 prova d&#039;\u00e1gua, resistentes ao calor e confort\u00e1veis o suficiente para serem usadas o dia todo. S\u00e3o dur\u00e1veis o bastante para eventos de v\u00e1rios dias, mas foram projetadas principalmente como brindes promocionais com \u00f3timo custo-benef\u00edcio.<\/p>\n<p data-path-to-node=\"16\"><i>Nota: Para uso di\u00e1rio prolongado (meses\/anos), recomendamos nossas pulseiras com relevo, pois a impress\u00e3o na superf\u00edcie pode se desgastar com o atrito intenso.<\/i><\/p>\n<p data-path-to-node=\"17\"><b>Principais caracter\u00edsticas:<\/b><\/p>\n<ul data-path-to-node=\"18\">\n<li>\n<p data-path-to-node=\"18,0,0\"><b>M\u00e9todo:<\/b> Impress\u00e3o serigr\u00e1fica de alta precis\u00e3o.<\/p>\n<\/li>\n<li>\n<p data-path-to-node=\"18,1,0\"><b>Material:<\/b> 100% Silicone macio (n\u00e3o t\u00f3xico).<\/p>\n<\/li>\n<li>\n<p data-path-to-node=\"18,2,0\"><b>Tamanho:<\/b> Tamanhos padr\u00e3o adulto (202x12x2mm) e juvenil (180x12x2mm).<\/p>\n<\/li>\n<li>\n<p data-path-to-node=\"18,3,0\"><b>Caso de uso:<\/b> Sorteios, campanhas de conscientiza\u00e7\u00e3o, festivais.<\/p>\n<\/li>\n<\/ul>","protected":false},"excerpt":{"rendered":"<ul data-path-to-node=\"10\">\n<li>\n<p data-path-to-node=\"10,0,0\"><b>Alta visibilidade:<\/b> A impress\u00e3o serigr\u00e1fica n\u00edtida faz com que seu logotipo se destaque claramente na superf\u00edcie.<\/p>\n<\/li>\n<li>\n<p data-path-to-node=\"10,1,0\"><b>Correspond\u00eancia Pantone:<\/b> Combinamos tanto a pulseira de silicone quanto a cor da tinta com as diretrizes da sua marca.<\/p>\n<\/li>\n<li>\n<p data-path-to-node=\"10,2,0\"><b>Custo-benef\u00edcio:<\/b> A op\u00e7\u00e3o mais econ\u00f4mica para promo\u00e7\u00f5es e brindes em larga escala.<\/p>\n<\/li>\n<li>\n<p data-path-to-node=\"10,3,0\"><b>Entrega r\u00e1pida:<\/b> Tempos de produ\u00e7\u00e3o mais r\u00e1pidos em compara\u00e7\u00e3o com moldes em baixo-relevo ou em alto-relevo.<\/p>\n<\/li>\n<\/ul>","protected":false},"featured_media":5821,"comment_status":"closed","ping_status":"closed","template":"","meta":[],"product_brand":[],"product_cat":[49],"product_tag":[],"class_list":{"0":"post-5820","1":"product","2":"type-product","3":"status-publish","4":"has-post-thumbnail","6":"product_cat-silicone","8":"first","9":"instock","10":"shipping-taxable","11":"purchasable","12":"product-type-simple"},"_links":{"self":[{"href":"https:\/\/displayproducts.eu\/pt\/wp-json\/wp\/v2\/product\/5820","targetHints":{"allow":["GET"]}}],"collection":[{"href":"https:\/\/displayproducts.eu\/pt\/wp-json\/wp\/v2\/product"}],"about":[{"href":"https:\/\/displayproducts.eu\/pt\/wp-json\/wp\/v2\/types\/product"}],"replies":[{"embeddable":true,"href":"https:\/\/displayproducts.eu\/pt\/wp-json\/wp\/v2\/comments?post=5820"}],"wp:featuredmedia":[{"embeddable":true,"href":"https:\/\/displayproducts.eu\/pt\/wp-json\/wp\/v2\/media\/5821"}],"wp:attachment":[{"href":"https:\/\/displayproducts.eu\/pt\/wp-json\/wp\/v2\/media?parent=5820"}],"wp:term":[{"taxonomy":"product_brand","embeddable":true,"href":"https:\/\/displayproducts.eu\/pt\/wp-json\/wp\/v2\/product_brand?post=5820"},{"taxonomy":"product_cat","embeddable":true,"href":"https:\/\/displayproducts.eu\/pt\/wp-json\/wp\/v2\/product_cat?post=5820"},{"taxonomy":"product_tag","embeddable":true,"href":"https:\/\/displayproducts.eu\/pt\/wp-json\/wp\/v2\/product_tag?post=5820"}],"curies":[{"name":"wp","href":"https:\/\/api.w.org\/{rel}","templated":true}]}}