{"id":5819,"date":"2025-12-11T12:22:13","date_gmt":"2025-12-11T09:22:13","guid":{"rendered":"https:\/\/wristbandfactory.eu\/?post_type=product&#038;p=5819"},"modified":"2026-04-01T21:52:35","modified_gmt":"2026-04-01T18:52:35","slug":"linen-fabric-wristbands-custom-woven-printed","status":"publish","type":"product","link":"https:\/\/displayproducts.eu\/pt\/p\/linen-fabric-wristbands-custom-woven-printed\/","title":{"rendered":"Pulseiras de tecido (Linho) \u2013 Com logotipo"},"content":{"rendered":"<p data-path-to-node=\"10\"><b>Eleg\u00e2ncia aliada \u00e0 sustentabilidade<\/b><\/p>\n<p data-path-to-node=\"11\">Para eventos que exigem sofistica\u00e7\u00e3o sem comprometer os valores ecol\u00f3gicos, <b>Pulseiras de tecido de linho<\/b> S\u00e3o a escolha ideal. Feito com as fibras da planta do linho, o linho \u00e9 um dos tecidos mais antigos e sustent\u00e1veis do mundo, valorizado por sua resist\u00eancia, capacidade de absor\u00e7\u00e3o e frescor.<\/p>\n<p data-path-to-node=\"12\"><b>Um visual \u00fanico e texturizado.<\/b> O linho destaca-se pela sua trama natural, ligeiramente irregular, e pelo acabamento mate. Esta textura &quot;perfeitamente imperfeita&quot; confere \u00e0 pulseira um car\u00e1cter aut\u00eantico e org\u00e2nico que os materiais sint\u00e9ticos n\u00e3o conseguem imitar. \u00c9 a escolha preferida para <b>Casamentos luxuosos, festivais exclusivos e retiros corporativos de alto padr\u00e3o.<\/b>.<\/p>\n<p data-path-to-node=\"13\"><b>Identidade visual e design<\/b> Para complementar a textura natural do tecido, recomendamos:<\/p>\n<ul data-path-to-node=\"14\">\n<li>\n<p data-path-to-node=\"14,0,0\"><b>Impress\u00e3o em serigrafia:<\/b> Use estampas escuras e de uma \u00fanica cor (como azul-marinho, preto ou verde-floresta) para um contraste marcante com o fundo natural de linho branco ou tingido.<\/p>\n<\/li>\n<li>\n<p data-path-to-node=\"14,1,0\"><b>Tecido (Bordado):<\/b> Uma trama sutil e tonal cria um efeito de marca discreto e elegante.<\/p>\n<\/li>\n<\/ul>\n<p data-path-to-node=\"15\"><b>Seguro e ecol\u00f3gico<\/b> Combine com o nosso <b>Trava ecol\u00f3gica de bambu<\/b> para manter um perfil 100% livre de pl\u00e1stico. Para controle de acesso seguro, os deslizadores padr\u00e3o de alta seguran\u00e7a tamb\u00e9m s\u00e3o compat\u00edveis.<\/p>\n<p data-path-to-node=\"16\"><b>Principais caracter\u00edsticas:<\/b><\/p>\n<ul data-path-to-node=\"17\">\n<li>\n<p data-path-to-node=\"17,0,0\"><b>Material:<\/b> 100% Linho Natural (Linho).<\/p>\n<\/li>\n<li>\n<p data-path-to-node=\"17,1,0\"><b>Sentir:<\/b> Frio ao toque, fica mais macio com o uso.<\/p>\n<\/li>\n<li>\n<p data-path-to-node=\"17,2,0\"><b>Classifica\u00e7\u00e3o ecol\u00f3gica:<\/b> Baixo consumo de \u00e1gua, biodegrad\u00e1vel.<\/p>\n<\/li>\n<li>\n<p data-path-to-node=\"17,3,0\"><b>Durabilidade:<\/b> Mais resistente que o algod\u00e3o, altamente resistente a rasgos.<\/p>\n<\/li>\n<\/ul>","protected":false},"excerpt":{"rendered":"<ul>\n<li>\n<p data-path-to-node=\"8,0,0\"><b>Fibra natural premium:<\/b> Fabricado com fibras de linho de alta qualidade, oferecendo um visual sofisticado e fosco.<\/p>\n<\/li>\n<li>\n<p data-path-to-node=\"8,1,0\"><b>Conforto respir\u00e1vel:<\/b> Sua excepcional permeabilidade ao ar a torna a op\u00e7\u00e3o mais fresca para eventos de ver\u00e3o.<\/p>\n<\/li>\n<li>\n<p data-path-to-node=\"8,2,0\"><b>Textura \u00fanica:<\/b> Apresenta a textura cl\u00e1ssica &quot;irregular&quot; do linho genu\u00edno, que proporciona uma sensa\u00e7\u00e3o org\u00e2nica e sofisticada.<\/p>\n<\/li>\n<li>\n<p data-path-to-node=\"8,3,0\"><b>100% Sustent\u00e1vel:<\/b> Totalmente biodegrad\u00e1vel e cultivado com o m\u00ednimo de \u00e1gua.<\/p>\n<\/li>\n<\/ul>","protected":false},"featured_media":5826,"comment_status":"closed","ping_status":"closed","template":"","meta":[],"product_brand":[],"product_cat":[133,47],"product_tag":[],"class_list":{"0":"post-5819","1":"product","2":"type-product","3":"status-publish","4":"has-post-thumbnail","6":"product_cat-eco-friendly-wristbands","7":"product_cat-fabric-wristbands","9":"first","10":"instock","11":"shipping-taxable","12":"purchasable","13":"product-type-simple"},"_links":{"self":[{"href":"https:\/\/displayproducts.eu\/pt\/wp-json\/wp\/v2\/product\/5819","targetHints":{"allow":["GET"]}}],"collection":[{"href":"https:\/\/displayproducts.eu\/pt\/wp-json\/wp\/v2\/product"}],"about":[{"href":"https:\/\/displayproducts.eu\/pt\/wp-json\/wp\/v2\/types\/product"}],"replies":[{"embeddable":true,"href":"https:\/\/displayproducts.eu\/pt\/wp-json\/wp\/v2\/comments?post=5819"}],"wp:featuredmedia":[{"embeddable":true,"href":"https:\/\/displayproducts.eu\/pt\/wp-json\/wp\/v2\/media\/5826"}],"wp:attachment":[{"href":"https:\/\/displayproducts.eu\/pt\/wp-json\/wp\/v2\/media?parent=5819"}],"wp:term":[{"taxonomy":"product_brand","embeddable":true,"href":"https:\/\/displayproducts.eu\/pt\/wp-json\/wp\/v2\/product_brand?post=5819"},{"taxonomy":"product_cat","embeddable":true,"href":"https:\/\/displayproducts.eu\/pt\/wp-json\/wp\/v2\/product_cat?post=5819"},{"taxonomy":"product_tag","embeddable":true,"href":"https:\/\/displayproducts.eu\/pt\/wp-json\/wp\/v2\/product_tag?post=5819"}],"curies":[{"name":"wp","href":"https:\/\/api.w.org\/{rel}","templated":true}]}}