{"id":5818,"date":"2025-12-11T12:18:31","date_gmt":"2025-12-11T09:18:31","guid":{"rendered":"https:\/\/wristbandfactory.eu\/?post_type=product&#038;p=5818"},"modified":"2026-04-01T21:52:35","modified_gmt":"2026-04-01T18:52:35","slug":"hemp-fabric-wristbands-custom-woven-printed","status":"publish","type":"product","link":"https:\/\/displayproducts.eu\/pt\/p\/hemp-fabric-wristbands-custom-woven-printed\/","title":{"rendered":"Pulseiras de tecido (C\u00e2nhamo) \u2013 Com logotipo"},"content":{"rendered":"<p data-path-to-node=\"11\"><b>A escolha natural mais forte<\/b><\/p>\n<p data-path-to-node=\"12\">Fa\u00e7a uma declara\u00e7\u00e3o ousada com <b>Pulseiras de tecido de c\u00e2nhamo<\/b>, A op\u00e7\u00e3o mais dur\u00e1vel da nossa linha ecol\u00f3gica. As fibras de c\u00e2nhamo s\u00e3o reconhecidas pela sua resist\u00eancia \u00e0 tra\u00e7\u00e3o, tornando estas pulseiras perfeitas para festivais ao ar livre, eventos de aventura ou uso prolongado, onde o desgaste \u00e9 uma preocupa\u00e7\u00e3o.<\/p>\n<p data-path-to-node=\"13\"><b>Apar\u00eancia &quot;terrosa&quot; distinta<\/b> Ao contr\u00e1rio do acabamento liso do rPET ou da maciez do bambu, o c\u00e2nhamo oferece uma <b>textura estruturada e granular<\/b>. Isso confere \u00e0 pulseira um toque premium &quot;artesanal&quot; que comunica instantaneamente sustentabilidade e autenticidade aos seus convidados.<\/p>\n<p data-path-to-node=\"14\"><b>Recomenda\u00e7\u00f5es de Branding<\/b> Devido \u00e0 textura mais grossa das fibras de c\u00e2nhamo:<\/p>\n<ul data-path-to-node=\"15\">\n<li>\n<p data-path-to-node=\"15,0,0\"><b>Impress\u00e3o em serigrafia:<\/b> Recomendamos estampas ousadas em uma \u00fanica cor (como preto ou verde escuro), que contrastam lindamente com o fundo bege\/castanho natural da fibra.<\/p>\n<\/li>\n<li>\n<p data-path-to-node=\"15,1,0\"><b>Tecido (Bordado):<\/b> Textos e logotipos sem impress\u00e3o podem ser tecidos diretamente na faixa para um acabamento permanente.<\/p>\n<\/li>\n<\/ul>\n<p data-path-to-node=\"16\"><b>Ferragens ecol\u00f3gicas<\/b> Complete o look com o nosso <b>Trava ecol\u00f3gica de bambu<\/b> ou um reutiliz\u00e1vel <b>Conta de madeira<\/b>. Trilhos deslizantes de pl\u00e1stico padr\u00e3o de seguran\u00e7a tamb\u00e9m est\u00e3o dispon\u00edveis caso seja necess\u00e1rio um controle de acesso rigoroso.<\/p>\n<p data-path-to-node=\"17\"><b>Principais caracter\u00edsticas:<\/b><\/p>\n<ul data-path-to-node=\"18\">\n<li>\n<p data-path-to-node=\"18,0,0\"><b>Material:<\/b> Fibra de c\u00e2nhamo natural 100%.<\/p>\n<\/li>\n<li>\n<p data-path-to-node=\"18,1,0\"><b>Textura:<\/b> \u00c1spero, natural e t\u00e1til.<\/p>\n<\/li>\n<li>\n<p data-path-to-node=\"18,2,0\"><b>Durabilidade:<\/b> Alta resist\u00eancia ao estiramento e \u00e0 \u00e1gua.<\/p>\n<\/li>\n<li>\n<p data-path-to-node=\"18,3,0\"><b>Classifica\u00e7\u00e3o ecol\u00f3gica:<\/b> Ciclo de crescimento com emiss\u00f5es negativas de carbono, biodegrad\u00e1vel.<\/p>\n<\/li>\n<\/ul>","protected":false},"excerpt":{"rendered":"<ul data-path-to-node=\"9\">\n<li>\n<p data-path-to-node=\"9,0,0\"><b>Ultrarresistente:<\/b> O c\u00e2nhamo \u00e9 uma das fibras naturais mais resistentes, ideal para eventos de longa dura\u00e7\u00e3o ou que exigem esfor\u00e7o f\u00edsico intenso.<\/p>\n<\/li>\n<li>\n<p data-path-to-node=\"9,1,0\"><b>Est\u00e9tica r\u00fastica:<\/b> Oferece uma apar\u00eancia texturizada e terrosa distinta que se destaca dos materiais sint\u00e9ticos lisos.<\/p>\n<\/li>\n<li>\n<p data-path-to-node=\"9,2,0\"><b>100% Sustent\u00e1vel:<\/b> Cultivado sem pesticidas e totalmente biodegrad\u00e1vel.<\/p>\n<\/li>\n<li>\n<p data-path-to-node=\"9,3,0\"><b>Identidade Visual Personalizada:<\/b> Ideal para impress\u00e3o serigr\u00e1fica em cores vibrantes ou para designs sem impress\u00e3o em tecido.<\/p>\n<\/li>\n<\/ul>","protected":false},"featured_media":5827,"comment_status":"closed","ping_status":"closed","template":"","meta":[],"product_brand":[],"product_cat":[133,47],"product_tag":[],"class_list":{"0":"post-5818","1":"product","2":"type-product","3":"status-publish","4":"has-post-thumbnail","6":"product_cat-eco-friendly-wristbands","7":"product_cat-fabric-wristbands","9":"first","10":"instock","11":"shipping-taxable","12":"purchasable","13":"product-type-simple"},"_links":{"self":[{"href":"https:\/\/displayproducts.eu\/pt\/wp-json\/wp\/v2\/product\/5818","targetHints":{"allow":["GET"]}}],"collection":[{"href":"https:\/\/displayproducts.eu\/pt\/wp-json\/wp\/v2\/product"}],"about":[{"href":"https:\/\/displayproducts.eu\/pt\/wp-json\/wp\/v2\/types\/product"}],"replies":[{"embeddable":true,"href":"https:\/\/displayproducts.eu\/pt\/wp-json\/wp\/v2\/comments?post=5818"}],"wp:featuredmedia":[{"embeddable":true,"href":"https:\/\/displayproducts.eu\/pt\/wp-json\/wp\/v2\/media\/5827"}],"wp:attachment":[{"href":"https:\/\/displayproducts.eu\/pt\/wp-json\/wp\/v2\/media?parent=5818"}],"wp:term":[{"taxonomy":"product_brand","embeddable":true,"href":"https:\/\/displayproducts.eu\/pt\/wp-json\/wp\/v2\/product_brand?post=5818"},{"taxonomy":"product_cat","embeddable":true,"href":"https:\/\/displayproducts.eu\/pt\/wp-json\/wp\/v2\/product_cat?post=5818"},{"taxonomy":"product_tag","embeddable":true,"href":"https:\/\/displayproducts.eu\/pt\/wp-json\/wp\/v2\/product_tag?post=5818"}],"curies":[{"name":"wp","href":"https:\/\/api.w.org\/{rel}","templated":true}]}}