{"id":5816,"date":"2025-12-11T12:14:13","date_gmt":"2025-12-11T09:14:13","guid":{"rendered":"https:\/\/wristbandfactory.eu\/?post_type=product&#038;p=5816"},"modified":"2026-04-01T21:52:35","modified_gmt":"2026-04-01T18:52:35","slug":"bamboo-fabric-wristbands-custom-woven-printed","status":"publish","type":"product","link":"https:\/\/displayproducts.eu\/pt\/p\/bamboo-fabric-wristbands-custom-woven-printed\/","title":{"rendered":"Pulseiras de tecido (Bambu) \u2013 Com logotipo"},"content":{"rendered":"<p data-path-to-node=\"10\"><b>A op\u00e7\u00e3o mais suave para eventos sustent\u00e1veis.<\/b><\/p>\n<p data-path-to-node=\"11\">Ofere\u00e7a aos seus convidados VIP e participantes ecologicamente conscientes o m\u00e1ximo em conforto com o nosso <b>Pulseiras de tecido de bambu<\/b>. Feitas a partir de um dos recursos renov\u00e1veis de crescimento mais r\u00e1pido do mundo, essas pulseiras combinam sustentabilidade com uma textura premium e macia como seda, que proporciona uma sensa\u00e7\u00e3o superior \u00e0s alternativas sint\u00e9ticas.<\/p>\n<p data-path-to-node=\"12\"><b>Por que escolher o bambu?<\/b> A fibra de bambu \u00e9 naturalmente <b>Antibacteriano, hipoalerg\u00eanico e com capacidade de absor\u00e7\u00e3o de umidade.<\/b>. Isso a torna a escolha ideal para festivais de v\u00e1rios dias em climas quentes ou para pessoas com pele sens\u00edvel. Ao contr\u00e1rio do pl\u00e1stico, ela respira naturalmente e \u00e9 totalmente biodegrad\u00e1vel ao final de seu ciclo de vida.<\/p>\n<p data-path-to-node=\"13\"><b>Identidade visual e personaliza\u00e7\u00e3o<\/b> Devido \u00e0 textura fosca natural do bambu, recomendamos:<\/p>\n<ul data-path-to-node=\"14\">\n<li>\n<p data-path-to-node=\"14,0,0\"><b>Tecido (Bordado):<\/b> A incorpora\u00e7\u00e3o direta do seu logotipo no tecido (at\u00e9 8 cores) cria um visual cl\u00e1ssico e sofisticado.<\/p>\n<\/li>\n<li>\n<p data-path-to-node=\"14,1,0\"><b>Impress\u00e3o em serigrafia:<\/b> Ideal para designs que exigem texto n\u00edtido ou cores espec\u00edficas na superf\u00edcie.<\/p>\n<\/li>\n<\/ul>\n<p data-path-to-node=\"15\"><b>Seguro e ecol\u00f3gico<\/b> Maximize suas credenciais ecol\u00f3gicas combinando essas pulseiras com as nossas. <b>Trava ecol\u00f3gica de bambu<\/b> (50% menos pl\u00e1stico). Tamb\u00e9m oferecemos deslizadores padr\u00e3o de alta seguran\u00e7a e contas de madeira reutiliz\u00e1veis.<\/p>\n<p data-path-to-node=\"16\"><b>Principais caracter\u00edsticas:<\/b><\/p>\n<ul data-path-to-node=\"17\">\n<li>\n<p data-path-to-node=\"17,0,0\"><b>Material:<\/b> Fibra de bambu 100%.<\/p>\n<\/li>\n<li>\n<p data-path-to-node=\"17,1,0\"><b>Sentir:<\/b> Luxuoso, macio e com toque acetinado.<\/p>\n<\/li>\n<li>\n<p data-path-to-node=\"17,2,0\"><b>Classifica\u00e7\u00e3o ecol\u00f3gica:<\/b> Altamente renov\u00e1vel e biodegrad\u00e1vel.<\/p>\n<\/li>\n<li>\n<p data-path-to-node=\"17,3,0\"><b>Uso:<\/b> Ideal para acesso VIP, c\u00fapulas ecol\u00f3gicas e retiros de luxo.<\/p>\n<\/li>\n<\/ul>","protected":false},"excerpt":{"rendered":"<ul>\n<li>\n<p data-path-to-node=\"8,0,0\"><b>Material Premium:<\/b> Fabricado com fibra de bambu biodegrad\u00e1vel 100% de r\u00e1pido crescimento.<\/p>\n<\/li>\n<li>\n<p data-path-to-node=\"8,1,0\"><b>Conforto sedoso:<\/b> A op\u00e7\u00e3o de pulseira mais macia dispon\u00edvel; naturalmente antibacteriana e hipoalerg\u00eanica.<\/p>\n<\/li>\n<li>\n<p data-path-to-node=\"8,2,0\"><b>Identidade Visual Personalizada:<\/b> Dispon\u00edvel em tecido (bordado) ou serigrafia (correspond\u00eancia com a cor Pantone).<\/p>\n<\/li>\n<li>\n<p data-path-to-node=\"8,3,0\"><b>Sustent\u00e1vel:<\/b> Um recurso renov\u00e1vel que n\u00e3o requer nenhum pesticida para crescer.<\/p>\n<\/li>\n<\/ul>","protected":false},"featured_media":5828,"comment_status":"closed","ping_status":"closed","template":"","meta":[],"product_brand":[],"product_cat":[133,47],"product_tag":[],"class_list":{"0":"post-5816","1":"product","2":"type-product","3":"status-publish","4":"has-post-thumbnail","6":"product_cat-eco-friendly-wristbands","7":"product_cat-fabric-wristbands","9":"first","10":"instock","11":"shipping-taxable","12":"purchasable","13":"product-type-simple"},"_links":{"self":[{"href":"https:\/\/displayproducts.eu\/pt\/wp-json\/wp\/v2\/product\/5816","targetHints":{"allow":["GET"]}}],"collection":[{"href":"https:\/\/displayproducts.eu\/pt\/wp-json\/wp\/v2\/product"}],"about":[{"href":"https:\/\/displayproducts.eu\/pt\/wp-json\/wp\/v2\/types\/product"}],"replies":[{"embeddable":true,"href":"https:\/\/displayproducts.eu\/pt\/wp-json\/wp\/v2\/comments?post=5816"}],"wp:featuredmedia":[{"embeddable":true,"href":"https:\/\/displayproducts.eu\/pt\/wp-json\/wp\/v2\/media\/5828"}],"wp:attachment":[{"href":"https:\/\/displayproducts.eu\/pt\/wp-json\/wp\/v2\/media?parent=5816"}],"wp:term":[{"taxonomy":"product_brand","embeddable":true,"href":"https:\/\/displayproducts.eu\/pt\/wp-json\/wp\/v2\/product_brand?post=5816"},{"taxonomy":"product_cat","embeddable":true,"href":"https:\/\/displayproducts.eu\/pt\/wp-json\/wp\/v2\/product_cat?post=5816"},{"taxonomy":"product_tag","embeddable":true,"href":"https:\/\/displayproducts.eu\/pt\/wp-json\/wp\/v2\/product_tag?post=5816"}],"curies":[{"name":"wp","href":"https:\/\/api.w.org\/{rel}","templated":true}]}}