{"id":5814,"date":"2025-12-11T12:06:41","date_gmt":"2025-12-11T09:06:41","guid":{"rendered":"https:\/\/wristbandfactory.eu\/?post_type=product&#038;p=5814"},"modified":"2026-04-01T21:52:35","modified_gmt":"2026-04-01T18:52:35","slug":"organic-cotton-wristbands-custom-woven-printed","status":"publish","type":"product","link":"https:\/\/displayproducts.eu\/pt\/p\/organic-cotton-wristbands-custom-woven-printed\/","title":{"rendered":"Pulseiras de tecido (Algod\u00e3o) \u2013 Com logotipo"},"content":{"rendered":"<p data-path-to-node=\"11\"><b>A escolha natural para eventos sustent\u00e1veis<\/b><\/p>\n<p data-path-to-node=\"12\">Aprimore as credenciais ecol\u00f3gicas da sua marca com nossos produtos. <b>Pulseiras de algod\u00e3o org\u00e2nico<\/b>. Ao contr\u00e1rio dos materiais sint\u00e9ticos, estas pulseiras s\u00e3o feitas de fibras naturais 100% poli\u00e9ster (TP4T), oferecendo um visual fosco e r\u00fastico, al\u00e9m de um toque excepcionalmente macio na pele. S\u00e3o a solu\u00e7\u00e3o perfeita para festivais de v\u00e1rios dias, eventos VIP e marcas que desejam projetar uma imagem livre de pl\u00e1stico.<\/p>\n<p data-path-to-node=\"13\"><b>Conforto e durabilidade em perfeita harmonia.<\/b> O algod\u00e3o \u00e9 naturalmente respir\u00e1vel e hipoalerg\u00eanico, tornando-se a op\u00e7\u00e3o mais confort\u00e1vel para uso prolongado. N\u00e3o causa irrita\u00e7\u00e3o ou transpira\u00e7\u00e3o, garantindo uma experi\u00eancia premium para seus h\u00f3spedes.<\/p>\n<p data-path-to-node=\"14\"><b>Op\u00e7\u00f5es de marca<\/b> Devido \u00e0 textura natural da fibra, recomendamos dois m\u00e9todos distintos de personaliza\u00e7\u00e3o:<\/p>\n<ul data-path-to-node=\"15\">\n<li>\n<p data-path-to-node=\"15,0,0\"><b>Tecido (Bordado):<\/b> Seu logotipo \u00e9 bordado diretamente no tecido usando at\u00e9 8 cores de linha. Isso cria um acabamento dur\u00e1vel e de alta qualidade que n\u00e3o desbota.<\/p>\n<\/li>\n<li>\n<p data-path-to-node=\"15,1,0\"><b>Impress\u00e3o em serigrafia:<\/b> Ideal para combinar cores Pantone espec\u00edficas na superf\u00edcie da pulseira.<\/p>\n<\/li>\n<\/ul>\n<p data-path-to-node=\"16\"><b>Hardware seguro e sustent\u00e1vel<\/b> Combine essas faixas naturais com nossos <b>Trava ecol\u00f3gica de bambu<\/b> (Composto de bambu 50%) para criar uma solu\u00e7\u00e3o de pulseira totalmente ecol\u00f3gica. Disponibilizamos tamb\u00e9m fechos deslizantes padr\u00e3o de alta seguran\u00e7a e contas de madeira reutiliz\u00e1veis.<\/p>\n<p data-path-to-node=\"17\"><b>Principais caracter\u00edsticas:<\/b><\/p>\n<ul data-path-to-node=\"18\">\n<li>\n<p data-path-to-node=\"18,0,0\"><b>Material:<\/b> 100% Algod\u00e3o Org\u00e2nico.<\/p>\n<\/li>\n<li>\n<p data-path-to-node=\"18,1,0\"><b>Classifica\u00e7\u00e3o ecol\u00f3gica:<\/b> Biodegrad\u00e1vel e renov\u00e1vel.<\/p>\n<\/li>\n<li>\n<p data-path-to-node=\"18,2,0\"><b>Textura:<\/b> Acabamento suave e fosco (sem brilho).<\/p>\n<\/li>\n<li>\n<p data-path-to-node=\"18,3,0\"><b>Dimens\u00f5es:<\/b> Dimens\u00f5es padr\u00e3o: 340 mm x 15 mm.<\/p>\n<\/li>\n<\/ul>","protected":false},"excerpt":{"rendered":"<ul>\n<li>\n<p data-path-to-node=\"9,0,0\"><b>Material natural:<\/b> Fabricado com fibras de algod\u00e3o org\u00e2nico biodegrad\u00e1veis 100%.<\/p>\n<\/li>\n<li>\n<p data-path-to-node=\"9,1,0\"><b>Conforto Premium:<\/b> Macio, respir\u00e1vel e hipoalerg\u00eanico (ideal para peles sens\u00edveis).<\/p>\n<\/li>\n<li>\n<p data-path-to-node=\"9,2,0\"><b>Identidade Visual Personalizada:<\/b> Escolha entre bordado de alta qualidade (tecido) ou serigrafia.<\/p>\n<\/li>\n<li>\n<p data-path-to-node=\"9,3,0\"><b>Sem pl\u00e1stico:<\/b> Uma op\u00e7\u00e3o totalmente sustent\u00e1vel, compat\u00edvel com as fechaduras ecol\u00f3gicas de bambu.<\/p>\n<\/li>\n<\/ul>","protected":false},"featured_media":5829,"comment_status":"closed","ping_status":"closed","template":"","meta":[],"product_brand":[],"product_cat":[133,47],"product_tag":[],"class_list":{"0":"post-5814","1":"product","2":"type-product","3":"status-publish","4":"has-post-thumbnail","6":"product_cat-eco-friendly-wristbands","7":"product_cat-fabric-wristbands","9":"first","10":"instock","11":"shipping-taxable","12":"purchasable","13":"product-type-simple"},"_links":{"self":[{"href":"https:\/\/displayproducts.eu\/pt\/wp-json\/wp\/v2\/product\/5814","targetHints":{"allow":["GET"]}}],"collection":[{"href":"https:\/\/displayproducts.eu\/pt\/wp-json\/wp\/v2\/product"}],"about":[{"href":"https:\/\/displayproducts.eu\/pt\/wp-json\/wp\/v2\/types\/product"}],"replies":[{"embeddable":true,"href":"https:\/\/displayproducts.eu\/pt\/wp-json\/wp\/v2\/comments?post=5814"}],"wp:featuredmedia":[{"embeddable":true,"href":"https:\/\/displayproducts.eu\/pt\/wp-json\/wp\/v2\/media\/5829"}],"wp:attachment":[{"href":"https:\/\/displayproducts.eu\/pt\/wp-json\/wp\/v2\/media?parent=5814"}],"wp:term":[{"taxonomy":"product_brand","embeddable":true,"href":"https:\/\/displayproducts.eu\/pt\/wp-json\/wp\/v2\/product_brand?post=5814"},{"taxonomy":"product_cat","embeddable":true,"href":"https:\/\/displayproducts.eu\/pt\/wp-json\/wp\/v2\/product_cat?post=5814"},{"taxonomy":"product_tag","embeddable":true,"href":"https:\/\/displayproducts.eu\/pt\/wp-json\/wp\/v2\/product_tag?post=5814"}],"curies":[{"name":"wp","href":"https:\/\/api.w.org\/{rel}","templated":true}]}}