{"id":5810,"date":"2025-12-11T11:26:33","date_gmt":"2025-12-11T08:26:33","guid":{"rendered":"https:\/\/wristbandfactory.eu\/?post_type=product&#038;p=5810"},"modified":"2026-04-01T21:52:03","modified_gmt":"2026-04-01T18:52:03","slug":"recycled-fabric-wristbands-rpet-full-colour-printed","status":"publish","type":"product","link":"https:\/\/displayproducts.eu\/pt\/p\/recycled-fabric-wristbands-rpet-full-colour-printed\/","title":{"rendered":"Pulseiras de tecido (rPET) \u2013 Com logotipo \/ Impresso"},"content":{"rendered":"<p data-path-to-node=\"10\"><b>Identidade visual sustent\u00e1vel sem concess\u00f5es<\/b><\/p>\n<p data-path-to-node=\"11\">Opte por uma alternativa mais ecol\u00f3gica com a nossa <b>Pulseiras de tecido reciclado (rPET)<\/b>. Concebidas para festivais, confer\u00eancias e eventos corporativos, estas pulseiras combinam uma marca de alto impacto com a responsabilidade ambiental.<\/p>\n<p data-path-to-node=\"12\"><b>Do lixo \u00e0 pulseira<\/b> Diferentemente do poli\u00e9ster padr\u00e3o, nossas pulseiras de rPET s\u00e3o fabricadas com fios produzidos a partir de garrafas pl\u00e1sticas recicladas p\u00f3s-consumo certificadas. Esse processo reduz significativamente o desperd\u00edcio de pl\u00e1stico e as emiss\u00f5es de carbono, mantendo a durabilidade e o toque macio e acetinado de um tecido premium.<\/p>\n<p data-path-to-node=\"13\"><b>Personaliza\u00e7\u00e3o de Alta Defini\u00e7\u00e3o<\/b> O acabamento liso do material rPET \u00e9 projetado para <b>impress\u00e3o por sublima\u00e7\u00e3o de tinta<\/b>. Isso permite que detalhes fotorrealistas, gradientes e logotipos complexos de patrocinadores sejam impressos de ponta a ponta em ambos os lados da pulseira.<\/p>\n<p data-path-to-node=\"14\"><b>Mecanismos de travamento para todas as necessidades<\/b> Personalize o seu n\u00edvel de seguran\u00e7a com a nossa vasta gama de fechos:<\/p>\n<ul data-path-to-node=\"15\">\n<li>\n<p data-path-to-node=\"15,0,0\"><b>Portas deslizantes de alta seguran\u00e7a:<\/b> Trilhos de travamento pr\u00e9-instalados (com dentes ou unidirecionais) para controle de acesso rigoroso.<\/p>\n<\/li>\n<li>\n<p data-path-to-node=\"15,1,0\"><b>Fechos ecol\u00f3gicos de bambu:<\/b> Uma op\u00e7\u00e3o com menos pl\u00e1stico, modelo 50%, para combinar com a faixa de pre\u00e7o sustent\u00e1vel.<\/p>\n<\/li>\n<li>\n<p data-path-to-node=\"15,2,0\"><b>Interruptores reutiliz\u00e1veis:<\/b> Contas ajust\u00e1veis para crach\u00e1s de funcion\u00e1rios ou brindes promocionais.<\/p>\n<\/li>\n<\/ul>\n<p data-path-to-node=\"16\"><b>Principais caracter\u00edsticas:<\/b><\/p>\n<ul data-path-to-node=\"17\">\n<li>\n<p data-path-to-node=\"17,0,0\"><b>Material:<\/b> 100% Polietileno Tereftalato Reciclado (rPET).<\/p>\n<\/li>\n<li>\n<p data-path-to-node=\"17,1,0\"><b>M\u00e9todo de impress\u00e3o:<\/b> Sublima\u00e7\u00e3o CMYK em cores plenas (frente e verso).<\/p>\n<\/li>\n<li>\n<p data-path-to-node=\"17,2,0\"><b>Tamanho:<\/b> Dimens\u00f5es padr\u00e3o: 340 mm x 15 mm (tamanhos personalizados dispon\u00edveis).<\/p>\n<\/li>\n<li>\n<p data-path-to-node=\"17,3,0\"><b>Embalagem:<\/b> Embalagem a granel em sacos pl\u00e1sticos com 50 unidades para facilitar a distribui\u00e7\u00e3o.<\/p>\n<\/li>\n<\/ul>","protected":false},"excerpt":{"rendered":"<ul>\n<li>\n<p data-path-to-node=\"8,0,0\"><b>Ecol\u00f3gico:<\/b> Fabricado a partir de garrafas de pl\u00e1stico PET recicladas (rPET) 100%.<\/p>\n<\/li>\n<li>\n<p data-path-to-node=\"8,1,0\"><b>Estampa vibrante:<\/b> Sublima\u00e7\u00e3o a cores de ponta a ponta para designs complexos.<\/p>\n<\/li>\n<li>\n<p data-path-to-node=\"8,2,0\"><b>Seguro e flex\u00edvel:<\/b> Op\u00e7\u00e3o entre cadeados de seguran\u00e7a descart\u00e1veis ou contas reutiliz\u00e1veis.<\/p>\n<\/li>\n<li>\n<p data-path-to-node=\"8,3,0\"><b>Produ\u00e7\u00e3o r\u00e1pida:<\/b> Embalado em grandes quantidades e pronto para prazos urgentes de eventos.<\/p>\n<\/li>\n<\/ul>","protected":false},"featured_media":5830,"comment_status":"closed","ping_status":"closed","template":"","meta":[],"product_brand":[],"product_cat":[133,47],"product_tag":[],"class_list":{"0":"post-5810","1":"product","2":"type-product","3":"status-publish","4":"has-post-thumbnail","6":"product_cat-eco-friendly-wristbands","7":"product_cat-fabric-wristbands","9":"first","10":"instock","11":"shipping-taxable","12":"purchasable","13":"product-type-simple"},"_links":{"self":[{"href":"https:\/\/displayproducts.eu\/pt\/wp-json\/wp\/v2\/product\/5810","targetHints":{"allow":["GET"]}}],"collection":[{"href":"https:\/\/displayproducts.eu\/pt\/wp-json\/wp\/v2\/product"}],"about":[{"href":"https:\/\/displayproducts.eu\/pt\/wp-json\/wp\/v2\/types\/product"}],"replies":[{"embeddable":true,"href":"https:\/\/displayproducts.eu\/pt\/wp-json\/wp\/v2\/comments?post=5810"}],"wp:featuredmedia":[{"embeddable":true,"href":"https:\/\/displayproducts.eu\/pt\/wp-json\/wp\/v2\/media\/5830"}],"wp:attachment":[{"href":"https:\/\/displayproducts.eu\/pt\/wp-json\/wp\/v2\/media?parent=5810"}],"wp:term":[{"taxonomy":"product_brand","embeddable":true,"href":"https:\/\/displayproducts.eu\/pt\/wp-json\/wp\/v2\/product_brand?post=5810"},{"taxonomy":"product_cat","embeddable":true,"href":"https:\/\/displayproducts.eu\/pt\/wp-json\/wp\/v2\/product_cat?post=5810"},{"taxonomy":"product_tag","embeddable":true,"href":"https:\/\/displayproducts.eu\/pt\/wp-json\/wp\/v2\/product_tag?post=5810"}],"curies":[{"name":"wp","href":"https:\/\/api.w.org\/{rel}","templated":true}]}}