{"id":5780,"date":"2025-12-10T15:24:17","date_gmt":"2025-12-10T12:24:17","guid":{"rendered":"https:\/\/wristbandfactory.eu\/?post_type=product&#038;p=5780"},"modified":"2026-04-01T21:52:35","modified_gmt":"2026-04-01T18:52:35","slug":"custom-neoprene-lanyards-ultra-soft-cushioned","status":"publish","type":"product","link":"https:\/\/displayproducts.eu\/pt\/p\/custom-neoprene-lanyards-ultra-soft-cushioned\/","title":{"rendered":"Fitas de pesco\u00e7o de pesco\u00e7o em neoprene"},"content":{"rendered":"<p data-path-to-node=\"11\">Experimente o conforto superior com nossos produtos. <b>Cord\u00f5es de neoprene personalizados<\/b>. Se seus funcion\u00e1rios ou participantes reclamarem de al\u00e7as finas que irritam o pesco\u00e7o, esta \u00e9 a atualiza\u00e7\u00e3o premium que voc\u00ea precisa.<\/p>\n<p data-path-to-node=\"12\"><b>Constru\u00eddo como um fato de mergulho<\/b> Fabricados em neoprene de alta qualidade, estes cord\u00f5es s\u00e3o macios, flex\u00edveis e resistentes ao suor. O material possui uma espessura natural (n\u00facleo semelhante a uma esponja) que funciona como um amortecedor, tornando-o a escolha ideal para instrutores de academia, guias de aventura ao ar livre e funcion\u00e1rios de manuten\u00e7\u00e3o que carregam chaves pesadas.<\/p>\n<p data-path-to-node=\"13\"><b>Esportivo e profissional<\/b> O visual \u00e9 inegavelmente esportivo, por\u00e9m profissional. As bordas s\u00e3o finalizadas com costuras da mesma cor ou em contraste, conferindo ao cord\u00e3o uma apar\u00eancia sofisticada e elegante. Seja qual for a sua escolha, um padr\u00e3o arrojado ou um logotipo corporativo discreto, o resultado \u00e9 sempre impactante.<\/p>\n<p data-path-to-node=\"14\"><b>Principais caracter\u00edsticas:<\/b><\/p>\n<ul data-path-to-node=\"15\">\n<li>\n<p data-path-to-node=\"15,0,0\"><b>Material:<\/b> Neoprene macio com revestimento em tecido.<\/p>\n<\/li>\n<li>\n<p data-path-to-node=\"15,1,0\"><b>Constru\u00e7\u00e3o:<\/b> Em formato tubular ou plano, com bordas costuradas.<\/p>\n<\/li>\n<li>\n<p data-path-to-node=\"15,2,0\"><b>Anexos:<\/b> Ganchos de metal refor\u00e7ados, an\u00e9is em O e fivelas remov\u00edveis.<\/p>\n<\/li>\n<li>\n<p data-path-to-node=\"15,3,0\"><b>Seguran\u00e7a:<\/b> Fivelas de seguran\u00e7a de pl\u00e1stico dispon\u00edveis.<\/p>\n<\/li>\n<\/ul>","protected":false},"excerpt":{"rendered":"<ul>\n<li>\n<p data-path-to-node=\"9,0,0\"><b>Conforto absoluto:<\/b> Feito de neoprene esponjoso (material de roupa de mergulho) que proporciona uma sensa\u00e7\u00e3o de amortecimento, prevenindo irrita\u00e7\u00f5es no pesco\u00e7o mesmo com cargas pesadas.<\/p>\n<\/li>\n<li>\n<p data-path-to-node=\"9,1,0\"><b>Acabamento dur\u00e1vel:<\/b> Possui bordas costuradas refor\u00e7adas (overlock) para evitar que desfiem e prolongar a vida \u00fatil do produto.<\/p>\n<\/li>\n<li>\n<p data-path-to-node=\"9,2,0\"><b>Resistente:<\/b> Seu perfil robusto a torna ideal para transportar conjuntos de chaves pesados, ferramentas ou grandes dispositivos eletr\u00f4nicos sem machucar a pele.<\/p>\n<\/li>\n<li>\n<p data-path-to-node=\"9,3,0\"><b>Branding vibrante:<\/b> Dispon\u00edvel com impress\u00e3o serigr\u00e1fica n\u00edtida ou sublima\u00e7\u00e3o em cores para estampas como a de leopardo.<\/p>\n<\/li>\n<\/ul>","protected":false},"featured_media":5797,"comment_status":"closed","ping_status":"closed","template":"","meta":[],"product_brand":[],"product_cat":[104,108,118],"product_tag":[],"class_list":{"0":"post-5780","1":"product","2":"type-product","3":"status-publish","4":"has-post-thumbnail","6":"product_cat-custom-printed-lanyards","7":"product_cat-multifunctional-lanyards","8":"product_cat-sports-fitness","10":"first","11":"instock","12":"shipping-taxable","13":"purchasable","14":"product-type-simple"},"_links":{"self":[{"href":"https:\/\/displayproducts.eu\/pt\/wp-json\/wp\/v2\/product\/5780","targetHints":{"allow":["GET"]}}],"collection":[{"href":"https:\/\/displayproducts.eu\/pt\/wp-json\/wp\/v2\/product"}],"about":[{"href":"https:\/\/displayproducts.eu\/pt\/wp-json\/wp\/v2\/types\/product"}],"replies":[{"embeddable":true,"href":"https:\/\/displayproducts.eu\/pt\/wp-json\/wp\/v2\/comments?post=5780"}],"wp:featuredmedia":[{"embeddable":true,"href":"https:\/\/displayproducts.eu\/pt\/wp-json\/wp\/v2\/media\/5797"}],"wp:attachment":[{"href":"https:\/\/displayproducts.eu\/pt\/wp-json\/wp\/v2\/media?parent=5780"}],"wp:term":[{"taxonomy":"product_brand","embeddable":true,"href":"https:\/\/displayproducts.eu\/pt\/wp-json\/wp\/v2\/product_brand?post=5780"},{"taxonomy":"product_cat","embeddable":true,"href":"https:\/\/displayproducts.eu\/pt\/wp-json\/wp\/v2\/product_cat?post=5780"},{"taxonomy":"product_tag","embeddable":true,"href":"https:\/\/displayproducts.eu\/pt\/wp-json\/wp\/v2\/product_tag?post=5780"}],"curies":[{"name":"wp","href":"https:\/\/api.w.org\/{rel}","templated":true}]}}