{"id":5772,"date":"2025-12-10T15:15:03","date_gmt":"2025-12-10T12:15:03","guid":{"rendered":"https:\/\/wristbandfactory.eu\/?post_type=product&#038;p=5772"},"modified":"2026-04-01T21:52:35","modified_gmt":"2026-04-01T18:52:35","slug":"custom-printed-suspenders-branded-y-back-braces","status":"publish","type":"product","link":"https:\/\/displayproducts.eu\/pt\/p\/custom-printed-suspenders-branded-y-back-braces\/","title":{"rendered":"Suspens\u00f3rios personalizados \u2013 Forma em Y"},"content":{"rendered":"<p data-path-to-node=\"12\">Adicione um toque de classe ao uniforme corporativo ou \u00e0 linha de produtos da sua empresa com nossos produtos. <b>Suspens\u00f3rios personalizados com estampa<\/b>. Seja para uma equipe de bar moderna, um time de constru\u00e7\u00e3o ou uma marca de moda, esses suspens\u00f3rios oferecem uma alternativa funcional e elegante aos cintos.<\/p>\n<p data-path-to-node=\"13\"><b>Feito para o trabalho e para o lazer.<\/b> Nossos suspens\u00f3rios s\u00e3o confeccionados com fita el\u00e1stica de alta qualidade que mant\u00e9m sua elasticidade ao longo do tempo. Os acess\u00f3rios met\u00e1licos s\u00e3o robustos o suficiente para uso em uniformes de trabalho industriais, mas tamb\u00e9m elegantes o bastante para eventos formais.<\/p>\n<p data-path-to-node=\"14\"><b>Op\u00e7\u00f5es de personaliza\u00e7\u00e3o da marca:<\/b><\/p>\n<ol start=\"1\" data-path-to-node=\"15\">\n<li>\n<p data-path-to-node=\"15,0,0\"><b>El\u00e1stico tran\u00e7ado:<\/b> O logotipo \u00e9 tricotado diretamente no tecido para um visual texturizado e de alta qualidade (por exemplo, padr\u00f5es listrados).<\/p>\n<\/li>\n<li>\n<p data-path-to-node=\"15,1,0\"><b>Grava\u00e7\u00e3o em couro:<\/b> Um logotipo discreto e sofisticado gravado na parte traseira de couro.<\/p>\n<\/li>\n<\/ol>\n<p data-path-to-node=\"16\"><b>Casos de uso recomendados:<\/b><\/p>\n<ul data-path-to-node=\"17\">\n<li>\n<p data-path-to-node=\"17,0,0\"><b>Uniformes para o setor hoteleiro:<\/b> Gar\u00e7ons e bartenders.<\/p>\n<\/li>\n<li>\n<p data-path-to-node=\"17,1,0\"><b>Constru\u00e7\u00e3o e Com\u00e9rcio:<\/b> Suporte para cinto de ferramentas de alta visibilidade ou para trabalhos pesados.<\/p>\n<\/li>\n<li>\n<p data-path-to-node=\"17,2,0\"><b>Brindes corporativos:<\/b> Um acess\u00f3rio exclusivo para atividades de integra\u00e7\u00e3o de equipes ou eventos de golfe.<\/p>\n<\/li>\n<\/ul>\n<p data-path-to-node=\"18\"><b>Principais caracter\u00edsticas:<\/b><\/p>\n<ul data-path-to-node=\"19\">\n<li>\n<p data-path-to-node=\"19,0,0\"><b>Material:<\/b> Poli\u00e9ster el\u00e1stico de alta densidade.<\/p>\n<\/li>\n<li>\n<p data-path-to-node=\"19,1,0\"><b>Estilo das costas:<\/b> Formato em Y com detalhe em couro.<\/p>\n<\/li>\n<li>\n<p data-path-to-node=\"19,2,0\"><b>Clipes:<\/b> 3 ou 4 clipes de metal (acabamento em n\u00edquel ou preto).<\/p>\n<\/li>\n<li>\n<p data-path-to-node=\"19,3,0\"><b>Largura:<\/b> Tamanhos padr\u00e3o: 25 mm, 35 mm ou 50 mm.<\/p>\n<\/li>\n<\/ul>","protected":false},"excerpt":{"rendered":"<ul>\n<li>\n<p data-path-to-node=\"10,0,0\"><b>Design cl\u00e1ssico:<\/b> Constru\u00e7\u00e3o tradicional em Y ou X nas costas com refor\u00e7o transversal em couro premium para maior durabilidade e estilo.<\/p>\n<\/li>\n<li>\n<p data-path-to-node=\"10,1,0\"><b>Ader\u00eancia firme:<\/b> Equipado com presilhas de metal refor\u00e7adas que prendem as cal\u00e7as com seguran\u00e7a sem danificar o tecido.<\/p>\n<\/li>\n<li>\n<p data-path-to-node=\"10,2,0\"><b>Totalmente ajust\u00e1vel:<\/b> Possui reguladores deslizantes de metal para garantir um encaixe confort\u00e1vel para qualquer altura.<\/p>\n<\/li>\n<li>\n<p data-path-to-node=\"10,3,0\"><b>Identidade Visual Personalizada:<\/b> Seu logotipo pode ser tecido na fita el\u00e1stica (Jacquard) ou gravado em relevo na etiqueta de couro das costas.<\/p>\n<\/li>\n<\/ul>","protected":false},"featured_media":5808,"comment_status":"closed","ping_status":"closed","template":"","meta":[],"product_brand":[],"product_cat":[127],"product_tag":[],"class_list":{"0":"post-5772","1":"product","2":"type-product","3":"status-publish","4":"has-post-thumbnail","6":"product_cat-custom-straps-belts","8":"first","9":"instock","10":"shipping-taxable","11":"product-type-simple"},"_links":{"self":[{"href":"https:\/\/displayproducts.eu\/pt\/wp-json\/wp\/v2\/product\/5772","targetHints":{"allow":["GET"]}}],"collection":[{"href":"https:\/\/displayproducts.eu\/pt\/wp-json\/wp\/v2\/product"}],"about":[{"href":"https:\/\/displayproducts.eu\/pt\/wp-json\/wp\/v2\/types\/product"}],"replies":[{"embeddable":true,"href":"https:\/\/displayproducts.eu\/pt\/wp-json\/wp\/v2\/comments?post=5772"}],"wp:featuredmedia":[{"embeddable":true,"href":"https:\/\/displayproducts.eu\/pt\/wp-json\/wp\/v2\/media\/5808"}],"wp:attachment":[{"href":"https:\/\/displayproducts.eu\/pt\/wp-json\/wp\/v2\/media?parent=5772"}],"wp:term":[{"taxonomy":"product_brand","embeddable":true,"href":"https:\/\/displayproducts.eu\/pt\/wp-json\/wp\/v2\/product_brand?post=5772"},{"taxonomy":"product_cat","embeddable":true,"href":"https:\/\/displayproducts.eu\/pt\/wp-json\/wp\/v2\/product_cat?post=5772"},{"taxonomy":"product_tag","embeddable":true,"href":"https:\/\/displayproducts.eu\/pt\/wp-json\/wp\/v2\/product_tag?post=5772"}],"curies":[{"name":"wp","href":"https:\/\/api.w.org\/{rel}","templated":true}]}}